{"id":10786,"date":"2023-02-24T11:35:35","date_gmt":"2023-02-24T11:35:35","guid":{"rendered":"https:\/\/www.samiad.com\/multi-activity-award-nominated\/"},"modified":"2026-01-26T15:30:52","modified_gmt":"2026-01-26T15:30:52","slug":"fur-mehrere-aktivitaten-nominiert","status":"publish","type":"page","link":"https:\/\/www.samiad.com\/de\/fur-mehrere-aktivitaten-nominiert\/","title":{"rendered":"Multiaktivit\u00e4t"},"content":{"rendered":"<div class=\"wpb-content-wrapper\"><p>[vc_row][vc_column]\n\t\t\t<!-- START MultiActivityde REVOLUTION SLIDER 6.6.18 --><p class=\"rs-p-wp-fix\"><\/p>\n\t\t\t<rs-module-wrap id=\"rev_slider_348_1_wrapper\" data-source=\"gallery\" style=\"visibility:hidden;background:transparent;padding:0;margin:0px auto;margin-top:0;margin-bottom:0;\">\n\t\t\t\t<rs-module id=\"rev_slider_348_1\" style=\"\" data-version=\"6.6.18\">\n\t\t\t\t\t<rs-slides style=\"overflow: hidden; position: absolute;\">\n\t\t\t\t\t\t<rs-slide style=\"position: absolute;\" data-key=\"rs-930\" data-title=\"Slide\" data-in=\"o:0;\" data-out=\"a:false;\">\n\t\t\t\t\t\t\t<img decoding=\"async\" src=\"\/\/www.samiad.com\/wp-content\/plugins\/revslider\/public\/assets\/assets\/dummy.png\" alt=\"\" title=\"multi-highropes\" width=\"1920\" height=\"1000\" class=\"rev-slidebg tp-rs-img rs-lazyload\" data-lazyload=\"\/\/samiad.com\/wp-content\/uploads\/2023\/03\/multi-highropes.jpg\" data-no-retina>\n<!--\n\t\t\t\t\t\t\t--><rs-layer\n\t\t\t\t\t\t\t\tid=\"slider-348-slide-930-layer-0\" \n\t\t\t\t\t\t\t\tdata-type=\"text\"\n\t\t\t\t\t\t\t\tdata-rsp_ch=\"on\"\n\t\t\t\t\t\t\t\tdata-xy=\"x:c;xo:-385px,-385px,-385px,65px;y:m;yo:292px,292px,292px,167px;\"\n\t\t\t\t\t\t\t\tdata-text=\"w:normal;s:70,70,70,65;l:70,70,70,65;\"\n\t\t\t\t\t\t\t\tdata-dim=\"w:592px,592px,592px,519px;\"\n\t\t\t\t\t\t\t\tdata-frame_0=\"x:0,0,0,0px;y:0,0,0,0px;o:1;\"\n\t\t\t\t\t\t\t\tdata-frame_0_chars=\"d:5;x:0,0,0,0px;y:0,0,0,0px;o:0;rX:-90deg;oZ:-50;\"\n\t\t\t\t\t\t\t\tdata-frame_1=\"x:0,0,0,0px;y:0,0,0,0px;sp:1750;\"\n\t\t\t\t\t\t\t\tdata-frame_1_chars=\"e:power4.inOut;d:10;x:0,0,0,0px;y:0,0,0,0px;oZ:-50;\"\n\t\t\t\t\t\t\t\tdata-frame_999=\"o:0;st:w;sR:150;\"\n\t\t\t\t\t\t\t\tstyle=\"z-index:7;font-family:'Playfair Display';text-transform:uppercase;\"\n\t\t\t\t\t\t\t>Mehrere Aktivit\u00e4ten \n\t\t\t\t\t\t\t<\/rs-layer><!--\n\n\t\t\t\t\t\t\t--><rs-layer\n\t\t\t\t\t\t\t\tid=\"slider-348-slide-930-layer-1\" \n\t\t\t\t\t\t\t\tdata-type=\"shape\"\n\t\t\t\t\t\t\t\tdata-rsp_ch=\"on\"\n\t\t\t\t\t\t\t\tdata-xy=\"x:c;xo:-101px,-101px,-101px,-24px;y:m;yo:-2px,-2px,-2px,0;\"\n\t\t\t\t\t\t\t\tdata-text=\"w:normal;s:20,20,20,4;l:0,0,0,6;\"\n\t\t\t\t\t\t\t\tdata-dim=\"w:2880px,2880px,2880px,720px;h:1500px,1500px,1500px,757px;\"\n\t\t\t\t\t\t\t\tdata-frame_999=\"o:0;st:w;\"\n\t\t\t\t\t\t\t\tstyle=\"z-index:6;background-color:rgba(0,0,0,0.36);\"\n\t\t\t\t\t\t\t> \n\t\t\t\t\t\t\t<\/rs-layer><!--\n\n\t\t\t\t\t\t\t--><rs-layer\n\t\t\t\t\t\t\t\tid=\"slider-348-slide-930-layer-2\" \n\t\t\t\t\t\t\t\tdata-type=\"text\"\n\t\t\t\t\t\t\t\tdata-rsp_ch=\"on\"\n\t\t\t\t\t\t\t\tdata-xy=\"xo:284px,284px,284px,70px;yo:848px,848px,848px,211px;\"\n\t\t\t\t\t\t\t\tdata-text=\"w:normal;s:20,20,20,4;l:25,25,25,6;fw:300;\"\n\t\t\t\t\t\t\t\tdata-dim=\"w:284px,284px,284px,70px;\"\n\t\t\t\t\t\t\t\tdata-frame_999=\"o:0;st:w;\"\n\t\t\t\t\t\t\t\tstyle=\"z-index:9;font-family:'Poppins';font-style:italic;\"\n\t\t\t\t\t\t\t>EINSCHLIESSLICH ENGLISCH \n\t\t\t\t\t\t\t<\/rs-layer><!--\n\n\t\t\t\t\t\t\t--><rs-layer\n\t\t\t\t\t\t\t\tid=\"slider-348-slide-930-layer-3\" \n\t\t\t\t\t\t\t\tdata-type=\"shape\"\n\t\t\t\t\t\t\t\tdata-rsp_ch=\"on\"\n\t\t\t\t\t\t\t\tdata-xy=\"xo:251px,251px,251px,23px;yo:677px,677px,677px,433px;\"\n\t\t\t\t\t\t\t\tdata-text=\"w:normal;s:20,20,20,4;l:0,0,0,6;\"\n\t\t\t\t\t\t\t\tdata-dim=\"w:1px;h:245px,245px,245px,217px;\"\n\t\t\t\t\t\t\t\tdata-frame_0=\"y:-50,-50,-50,-11;\"\n\t\t\t\t\t\t\t\tdata-frame_1=\"sp:1000;\"\n\t\t\t\t\t\t\t\tdata-frame_999=\"o:0;st:w;sR:4000;\"\n\t\t\t\t\t\t\t\tstyle=\"z-index:8;background-color:#ffffff;\"\n\t\t\t\t\t\t\t> \n\t\t\t\t\t\t\t<\/rs-layer><!--\n-->\t\t\t\t\t\t<\/rs-slide>\n\t\t\t\t\t<\/rs-slides>\n\t\t\t\t<\/rs-module>\n\t\t\t\t<script>\n\t\t\t\t\tsetREVStartSize({c: 'rev_slider_348_1',rl:[1240,1240,1240,480],el:[1000,1000,1000,720],gw:[1920,1920,1920,480],gh:[1000,1000,1000,720],type:'standard',justify:'',layout:'fullwidth',mh:\"0\"});if (window.RS_MODULES!==undefined && window.RS_MODULES.modules!==undefined && window.RS_MODULES.modules[\"revslider3481\"]!==undefined) {window.RS_MODULES.modules[\"revslider3481\"].once = false;window.revapi348 = undefined;if (window.RS_MODULES.checkMinimal!==undefined) window.RS_MODULES.checkMinimal()}\n\t\t\t\t<\/script>\n\t\t\t<\/rs-module-wrap>\n\t\t\t<!-- END REVOLUTION SLIDER -->\n[\/vc_column][\/vc_row][vc_row gap=&#8220;35&#8243; css=&#8220;.vc_custom_1677503075899{padding-top: 50px !important;}&#8220; el_id=&#8220;Multiaktivit\u00e4t&#8220;][vc_column width=&#8220;1\/2&#8243;][vc_column_text]<\/p>\n<h2>Standort<\/h2>\n<p>&#8211; Trent College<br \/>\n&#8211; Wells Cathedral School<br \/>\n&#8211; The Oratory School<br \/>\n&#8211; Box Hill School<\/p>\n<h2>Termine<\/h2>\n<p>09. Juli \u2013 27. August 2023<\/p>\n<h2>Alter<\/h2>\n<p>7 \u2013 18 Jahre[\/vc_column_text][\/vc_column][vc_column width=&#8220;1\/2&#8243;][vc_column_text]<\/p>\n<h2>\u00dcberblick<\/h2>\n<p>Unser urspr\u00fcngliches und beliebtestes Programm f\u00fcr Kinder und Jugendliche, das eine breite Palette an Aktivit\u00e4ten bietet, darunter Sport, Kunst und Handwerk, Outdoor-Abenteueraktivit\u00e4ten und mehr. Das Programm wurde entwickelt, um Sch\u00fclern eine unterhaltsame und sichere Umgebung zu bieten, in der sie neue F\u00e4higkeiten erlernen, neue Freunde finden und ein unvergessliches Sommererlebnis haben k\u00f6nnen. <\/p>\n<p>Neben all den unterhaltsamen Aktivit\u00e4ten nehmen die Sch\u00fcler an unseren speziell entwickelten Englischprogrammen teil, die dazu dienen, das Selbstvertrauen aufzubauen, die Sch\u00fcler in Gruppenarbeiten einzubeziehen und ihre Englischkenntnisse zu verbessern.<\/p>\n<h2>Highlights<\/h2>\n<p>[\/vc_column_text][vc_row_inner][vc_column_inner width=&#8220;1\/2&#8243;][vc_column_text]<\/p>\n<ul>\n<li>Unterkunft im Wohnheim<\/li>\n<li>Vollpension<\/li>\n<li>15 Stunden Englischunterricht pro Woche<\/li>\n<li>Vollst\u00e4ndiger Aktivit\u00e4tenplan<\/li>\n<\/ul>\n<p>[\/vc_column_text][\/vc_column_inner][vc_column_inner width=&#8220;1\/2&#8243;][vc_column_text]<\/p>\n<ul>\n<li>24-Stunden-Betreuung<\/li>\n<li>Zwei Ausfl\u00fcge pro Woche<\/li>\n<li>Ein Ausflug mit \u00dcbernachtung!<\/li>\n<li>Betreuungsverh\u00e4ltnis von 1:6<\/li>\n<\/ul>\n<p>[\/vc_column_text][\/vc_column_inner][\/vc_row_inner][\/vc_column][\/vc_row][vc_row css=&#8220;.vc_custom_1677508408073{padding-top: 50px !important;padding-bottom: 50px !important;}&#8220;][vc_column][vc_btn title=&#8220;Jetzt buchen&#8220; style=&#8220;custom&#8220; custom_background=&#8220;#ad986e&#8220; custom_text=&#8220;#ffffff&#8220; shape=&#8220;square&#8220; align=&#8220;center&#8220; el_id=&#8220;button-main&#8220;][\/vc_column][\/vc_row][vc_row full_width=&#8220;stretch_row&#8220; css=&#8220;.vc_custom_1677239814472{padding-top: 100px !important;padding-bottom: 100px !important;background-color: #eae3ee !important;}&#8220; el_id=&#8220;Farbblock&#8220;][vc_column][vc_row_inner content_placement=&#8220;middle&#8220; gap=&#8220;35&#8243;][vc_column_inner width=&#8220;1\/4&#8243;][vc_single_image image=&#8220;495&#8243; img_size=&#8220;full&#8220; alignment=&#8220;center&#8220; css_animation=&#8220;slideInUp&#8220;][\/vc_column_inner][vc_column_inner width=&#8220;1\/4&#8243; css=&#8220;.vc_custom_1677239832236{padding-top: 50px !important;}&#8220;][vc_single_image image=&#8220;494&#8243; img_size=&#8220;full&#8220; alignment=&#8220;center&#8220; css_animation=&#8220;slideInDown&#8220; css=&#8220;.vc_custom_1678183493796{padding-top: 30px !important;}&#8220;][\/vc_column_inner][vc_column_inner width=&#8220;1\/2&#8243;][vc_column_text css_animation=&#8220;slideInRight&#8220; css=&#8220;.vc_custom_1678182381702{padding-top: 100px !important;}&#8220;]<\/p>\n<h2>DIE PERFEKTE BALANCE<\/h2>\n<p style=\"font-weight: 400;\">Ein Multiaktivit\u00e4tsprogramm bietet den Teilnehmern eine Vielzahl von Aktivit\u00e4ten, um sicherzustellen, dass sie eine unterhaltsame und erf\u00fcllende Erfahrung machen.<\/p>\n<p style=\"font-weight: 400;\">Zwischen dem Klassenzimmer, den Sportpl\u00e4tzen und den Gemeinschaftsr\u00e4umen finden unsere Sch\u00fcler neue Freunde aus aller Welt. Die Sch\u00fcler werden entsprechend ihrem Alter und ihrem K\u00f6nnen eingeteilt, wobei ein starker Fokus auf die Mischung der Nationalit\u00e4ten gelegt wird. <\/p>\n<p>[\/vc_column_text][\/vc_column_inner][\/vc_row_inner][\/vc_column][\/vc_row][vc_row gap=&#8220;35&#8243; css=&#8220;.vc_custom_1677503087496{border-bottom-width: 50px !important;padding-top: 50px !important;}&#8220; el_id=&#8220;Blockbereich&#8220;][vc_column width=&#8220;1\/2&#8243;][vc_column_text css=&#8220;.vc_custom_1763470737802{padding-top: 30px !important;padding-right: 30px !important;padding-bottom: 30px !important;padding-left: 30px !important;background-color: #ffffff !important;}&#8220; el_class=&#8220;white-box&#8220;]<\/p>\n<h2>Englischunterricht<\/h2>\n<p>Tauchen Sie ein in den Unterricht, der von einem Team aus erfahrenen und begeisterten TEFL-qualifizierten Englischlehrern geleitet wird.<\/p>\n<p>&nbsp;<\/p>\n<p><a href=\"#\">Mehr entdecken<\/a>[\/vc_column_text][vc_single_image image=&#8220;492&#8243; img_size=&#8220;full&#8220; el_id=&#8220;white-box-image&#8220;][\/vc_column][vc_column width=&#8220;1\/2&#8243;][vc_single_image image=&#8220;313&#8243; img_size=&#8220;full&#8220; alignment=&#8220;right&#8220; el_id=&#8220;white-box-image-right&#8220;][vc_column_text css=&#8220;.vc_custom_1678182484476{padding-top: 30px !important;padding-right: 30px !important;padding-bottom: 30px !important;padding-left: 30px !important;background-color: #ffffff !important;}&#8220; el_class=&#8220;white-box-right&#8220;]<\/p>\n<h2>F\u00fcr alle Altersgruppen<\/h2>\n<p>Nehmen Sie an \u00fcber 50 verschiedenen Aktivit\u00e4ten f\u00fcr Ihre Altersgruppe teil. Genie\u00dfen Sie am Nachmittag alles von Sport bis Klettern, von Schwimmen bis zu Nerf-Kriegen. Entspannen Sie sich dann am Abend und nehmen Sie an Karaoke teil, l\u00f6sen Sie den Fall in unserem Krimispiel oder stellen Sie sich einer noch gr\u00f6\u00dferen Herausforderung und versuchen Sie, einen unserer Escape Rooms zu bew\u00e4ltigen.  <\/p>\n<p>&nbsp;<\/p>\n<p>Programm ansehen[\/vc_column_text][\/vc_column][\/vc_row][vc_row full_width=&#8220;stretch_row&#8220; css=&#8220;.vc_custom_1677509492784{padding-top: 100px !important;padding-bottom: 100px !important;background-color: #e6e1d6 !important;}&#8220;][vc_column][vc_row_inner content_placement=&#8220;middle&#8220; gap=&#8220;35&#8243;][vc_column_inner width=&#8220;2\/3&#8243;][vc_single_image image=&#8220;384&#8243; img_size=&#8220;full&#8220; alignment=&#8220;center&#8220; css_animation=&#8220;slideInLeft&#8220;][\/vc_column_inner][vc_column_inner width=&#8220;1\/3&#8243; css=&#8220;.vc_custom_1677239832236{padding-top: 50px !important;}&#8220;][vc_column_text]<\/p>\n<h2>SEHEN SIE DIE SEHENSW\u00dcRDIGKEITEN<\/h2>\n<p style=\"font-weight: 400;\">Samiad ist vor allem f\u00fcr die exklusiven Ausfl\u00fcge bekannt, die wir im Rahmen unserer Programme anbieten. Wir haben die Ausfl\u00fcge sorgf\u00e4ltig ausgew\u00e4hlt, um eine Mischung aus Geschichte, Kultur und Unterhaltung zu bieten. <\/p>\n<p style=\"font-weight: 400;\">Machen Sie eine Bootstour durch Cambridge, erkunden Sie die ber\u00fchmtesten Londoner Sehensw\u00fcrdigkeiten und genie\u00dfen Sie unsere spektakul\u00e4re \u00dcbernachtung in einem mittelalterlichen Schloss.<\/p>\n<p style=\"font-weight: 400;\">Gehen Sie mit Erinnerungen nach Hause, von denen Sie es kaum erwarten k\u00f6nnen, zu erz\u00e4hlen.<\/p>\n<p><a href=\"#\">Mehr entdecken<\/a>[\/vc_column_text][\/vc_column_inner][\/vc_row_inner][\/vc_column][\/vc_row][vc_row full_width=&#8220;stretch_row&#8220; gap=&#8220;35&#8243; css=&#8220;.vc_custom_1678269198217{padding-top: 50px !important;padding-bottom: 50px !important;background-color: #ebebeb !important;}&#8220;][vc_column el_id=&#8220;no-padding&#8220;][vc_column_text css=&#8220;.vc_custom_1678269135934{padding-top: 30px !important;padding-bottom: 30px !important;}&#8220;]<\/p>\n<h2 style=\"text-align: center;\">Standorte<\/h2>\n<p>[\/vc_column_text][vc_row_inner gap=&#8220;35&#8243;][vc_column_inner width=&#8220;1\/3&#8243; css=&#8220;.vc_custom_1678269183727{background-color: #ffffff !important;}&#8220;][vc_single_image image=&#8220;315&#8243; img_size=&#8220;full&#8220; alignment=&#8220;center&#8220;][vc_column_text css=&#8220;.vc_custom_1677770621927{padding-top: 20px !important;padding-right: 20px !important;padding-bottom: 20px !important;padding-left: 20px !important;}&#8220;]<\/p>\n<p style=\"text-align: center;\">SURREY<\/p>\n<h2 style=\"text-align: center;\">TRENT COLLEGE<\/h2>\n<p style=\"text-align: center;\">Ich bin ein Textblock. Klicken Sie auf die Schaltfl\u00e4che \u201eBearbeiten\u201c, um diesen Text zu \u00e4ndern. Lorem ipsum dolor sit amet, consectetur adipiscing elit. Ut elit tellus, luctus nec ullamcorper mattis, pulvinar dapibus leo.   <\/p>\n<p style=\"text-align: center;\">Mehr entdecken<\/p>\n<p>[\/vc_column_text][\/vc_column_inner][vc_column_inner width=&#8220;1\/3&#8243; css=&#8220;.vc_custom_1678269192638{background-color: #ffffff !important;}&#8220;][vc_single_image image=&#8220;315&#8243; img_size=&#8220;full&#8220; alignment=&#8220;center&#8220;][vc_column_text css=&#8220;.vc_custom_1677770621927{padding-top: 20px !important;padding-right: 20px !important;padding-bottom: 20px !important;padding-left: 20px !important;}&#8220;]<\/p>\n<p style=\"text-align: center;\">SURREY<\/p>\n<h2 style=\"text-align: center;\">TRENT COLLEGE<\/h2>\n<p style=\"text-align: center;\">Ich bin ein Textblock. Klicken Sie auf die Schaltfl\u00e4che \u201eBearbeiten\u201c, um diesen Text zu \u00e4ndern. Lorem ipsum dolor sit amet, consectetur adipiscing elit. Ut elit tellus, luctus nec ullamcorper mattis, pulvinar dapibus leo.   <\/p>\n<p style=\"text-align: center;\">Mehr entdecken<\/p>\n<p>[\/vc_column_text][\/vc_column_inner][vc_column_inner width=&#8220;1\/3&#8243; css=&#8220;.vc_custom_1678272028467{background-color: #ffffff !important;}&#8220;][vc_single_image image=&#8220;315&#8243; img_size=&#8220;full&#8220; alignment=&#8220;center&#8220; el_id=&#8220;no-padding&#8220;][vc_column_text css=&#8220;.vc_custom_1677770621927{padding-top: 20px !important;padding-right: 20px !important;padding-bottom: 20px !important;padding-left: 20px !important;}&#8220;]<\/p>\n<p style=\"text-align: center;\">SURREY<\/p>\n<h2 style=\"text-align: center;\">TRENT COLLEGE<\/h2>\n<p style=\"text-align: center;\">Ich bin ein Textblock. Klicken Sie auf die Schaltfl\u00e4che \u201eBearbeiten\u201c, um diesen Text zu \u00e4ndern. Lorem ipsum dolor sit amet, consectetur adipiscing elit. Ut elit tellus, luctus nec ullamcorper mattis, pulvinar dapibus leo.   <\/p>\n<p style=\"text-align: center;\">Mehr entdecken<\/p>\n<p>[\/vc_column_text][\/vc_column_inner][\/vc_row_inner][\/vc_column][\/vc_row][vc_row][vc_column]\t\t\t<rs-module-wrap id=\"rev_slider_error_2_wrapper\">\n\t\t\t\t<rs-module id=\"rev_slider_error_2\">\n\t\t\t\t\t<div class=\"rs_error_message_box\">\n\t\t\t\t\t\t<div class=\"rs_error_message_oops\">There is nothing to show here!<\/div>\n\t\t\t\t\t\t<div class=\"rs_error_message_content\">Slider with alias multi-bottom-de not found.<\/div>\n\t\t\t\t\t<\/div>\n\t\t\t\t<\/rs-module>\n\t\t\t<\/rs-module-wrap>\n\t\t\t<script>\n\t\t\t\tvar rs_eslider = document.getElementById(\"rev_slider_error_2\");\n\t\t\t\trs_eslider.style.display = \"none\";\n\t\t\t\tconsole.log(\"Slider with alias multi-bottom-de not found.\");\n\t\t\t<\/script>\n[\/vc_column][\/vc_row]<\/p>\n<\/div>","protected":false},"excerpt":{"rendered":"<p>Unser f\u00fcr Auszeichnungen nominiertes Englisch plus Multiaktivit\u00e4tsprogramm. Dieser Kurs kombiniert hochwertigen Englischunterricht mit einer breiten Palette an sportlichen und gesellschaftlichen Aktivit\u00e4ten! Von Fu\u00dfball \u00fcber Krimispiele bis hin zu Kunst und Handwerk, Schwimmen und sogar Klettern.  <\/p>\n","protected":false},"author":1,"featured_media":5412,"parent":0,"menu_order":0,"comment_status":"closed","ping_status":"closed","template":"","meta":{"_acf_changed":false,"neve_meta_sidebar":"","neve_meta_container":"","neve_meta_enable_content_width":"off","neve_meta_content_width":100,"neve_meta_title_alignment":"","neve_meta_author_avatar":"","neve_post_elements_order":"","neve_meta_disable_header":"","neve_meta_disable_footer":"","neve_meta_disable_title":"","neve_meta_reading_time":"","footnotes":""},"class_list":["post-10786","page","type-page","status-publish","has-post-thumbnail","hentry"],"acf":[],"_links":{"self":[{"href":"https:\/\/www.samiad.com\/de\/wp-json\/wp\/v2\/pages\/10786","targetHints":{"allow":["GET"]}}],"collection":[{"href":"https:\/\/www.samiad.com\/de\/wp-json\/wp\/v2\/pages"}],"about":[{"href":"https:\/\/www.samiad.com\/de\/wp-json\/wp\/v2\/types\/page"}],"author":[{"embeddable":true,"href":"https:\/\/www.samiad.com\/de\/wp-json\/wp\/v2\/users\/1"}],"replies":[{"embeddable":true,"href":"https:\/\/www.samiad.com\/de\/wp-json\/wp\/v2\/comments?post=10786"}],"version-history":[{"count":0,"href":"https:\/\/www.samiad.com\/de\/wp-json\/wp\/v2\/pages\/10786\/revisions"}],"wp:featuredmedia":[{"embeddable":true,"href":"https:\/\/www.samiad.com\/de\/wp-json\/wp\/v2\/media\/5412"}],"wp:attachment":[{"href":"https:\/\/www.samiad.com\/de\/wp-json\/wp\/v2\/media?parent=10786"}],"curies":[{"name":"wp","href":"https:\/\/api.w.org\/{rel}","templated":true}]}}