{"id":10816,"date":"2023-03-15T12:28:20","date_gmt":"2023-03-15T12:28:20","guid":{"rendered":"https:\/\/www.samiad.com\/privacy-policy-2\/"},"modified":"2026-01-26T15:52:07","modified_gmt":"2026-01-26T15:52:07","slug":"datenschutzerklarung","status":"publish","type":"page","link":"https:\/\/www.samiad.com\/de\/datenschutzerklarung\/","title":{"rendered":"Datenschutzerkl\u00e4rung"},"content":{"rendered":"<div class=\"wpb-content-wrapper\"><p>[vc_row][vc_column][vc_column_text]<\/p>\n<h1>Datenschutzerkl\u00e4rung<\/h1>\n<p>www.samiad.com ist eine Website, die von Samiad limited betrieben wird. Wir sind in Gro\u00dfbritannien unter der Firmennummer 08718466 registriert. Unsere Gesch\u00e4ftsadresse ist Samiad Ltd, 403\/4b, JQ Modern, 120 Vyse St, Hockley, Birmingham B18 6NF  <\/p>\n<p>Diese Datenschutzerkl\u00e4rung bezieht sich auf die Website von Samiad Ltd und darauf, wie wir Informationen von Nutzern sammeln, zusammen mit einer Erl\u00e4uterung, wie wir die DSGVO (Datenschutz-Grundverordnung), das DPA (Datenschutzgesetz) und die PECR (Vorschriften f\u00fcr Datenschutz und elektronische Kommunikation) einhalten werden.<\/p>\n<p>Die Informationen, die Sie uns zur Verf\u00fcgung stellen, werden verwendet, um auf Anfragen zu antworten, die \u00fcber die Website eingehen. Wir nehmen Ihren Datenschutz sehr ernst und wenn Sie uns w\u00e4hrend Ihres Besuchs auf unserer Website Informationen zur Verf\u00fcgung stellen, werden wir Ihre pers\u00f6nlichen Daten (Name, E-Mail-Adresse, Postanschrift usw.) ohne Ihre Zustimmung nicht an Dritte zu Marketingzwecken verkaufen, austauschen oder weitergeben. <\/p>\n<p>Sollten Sie nicht mehr w\u00fcnschen, dass Ihre pers\u00f6nlichen Daten in unserer Datenbank gespeichert sind, haben Sie das Recht, uns zu bitten, diese Informationen zu entfernen, indem Sie uns unter der unten angegebenen Adresse kontaktieren.<\/p>\n<p>Nutzung unserer Website<br \/>\nAlle herunterladbaren Dateien und andere Medien, die auf unserer Website zur Verf\u00fcgung gestellt werden, nutzen Sie auf eigenes Risiko. Wir werden alle Anstrengungen unternehmen, um sicherzustellen, dass diese Dateien sicher und virenfrei sind; es liegt jedoch in Ihrer Verantwortung, eigene Vorsichtsma\u00dfnahmen mit Antivirensoftware zu treffen. <\/p>\n<p>Links zu externen Websites sind manchmal auf unseren Webseiten enthalten. Wir \u00fcberpr\u00fcfen diese Links, um sicherzustellen, dass sie sicher sind; Nutzern wird jedoch geraten, beim Klicken auf externe Links Vorsicht walten zu lassen. <\/p>\n<p>Wir \u00fcbernehmen keine Verantwortung f\u00fcr Verluste oder Sch\u00e4den, die Ihnen bei der Nutzung oder aufgrund der Informationen auf dieser Website entstehen.<\/p>\n<p>Wir behalten uns das Recht vor, jeden Aspekt dieser Website oder der angebotenen Dienste zu \u00e4ndern.<\/p>\n<p>Welche Informationen sammeln wir?<br \/>\n1. Anfrageformular<br \/>\nDie auf den Anfrageformularen unserer Website gesammelten Informationen werden verwendet, um Ihre Anfrage zu beantworten und weitere Informationen bereitzustellen, die zur Erf\u00fcllung und Nachverfolgung Ihrer Anfrage erforderlich sind.<\/p>\n<p>Sie haben jederzeit die M\u00f6glichkeit, den Empfang zuk\u00fcnftiger E-Mails abzulehnen, wenn Sie eine Mitteilung von uns erhalten, und Sie k\u00f6nnen jederzeit die Entfernung Ihrer Daten aus unserer Newsletter-Datenbank beantragen, indem Sie uns unter der unten angegebenen Adresse eine E-Mail senden.<\/p>\n<p>2. Kunden von Samiad ltd<br \/>\nWenn wir Ihre Kontaktdaten w\u00e4hrend eines Verkaufs oder einer Verkaufsverhandlung erhalten haben, werden Sie ebenfalls in unsere Datenbank aufgenommen, um regelm\u00e4\u00dfige Nachrichten und Updates von uns zu erhalten, die \u00e4hnliche Dienstleistungen wie die bereits erbrachten abdecken.<\/p>\n<p>In jedem E-Mail-Newsletter, den wir versenden, k\u00f6nnen Sie den Empfang zuk\u00fcnftiger E-Mail-Newsletter von uns abbestellen, indem Sie einfach auf den Abmelde-Button am Ende der E-Mail klicken.<\/p>\n<p>Sie k\u00f6nnen jederzeit die Entfernung Ihrer Informationen oder deren Berichtigung beantragen, falls sie ungenau oder unvollst\u00e4ndig sind, indem Sie uns unter der unten angegebenen Adresse eine E-Mail senden.<\/p>\n<p>3. Erforderliche Dokumente bei der Bewerbung<br \/>\nAls Bildungsanbieter sind wir verpflichtet, die Passdaten jedes Sch\u00fclers zu \u00fcberpr\u00fcfen und eine Kopie jedes Passes aufzubewahren. Alle pers\u00f6nlichen Informationen und Fotokopien werden in unserer Unternehmensdatenbank gespeichert, die nur f\u00fcr Vollzeitmitarbeiter von Samiad zug\u00e4nglich ist. Alle Passinformationen und Fotokopien werden innerhalb von zwei Monaten nach Ihrem Kursabreisedatum aus dieser Datenbank entfernt.  <\/p>\n<p>Cookies und wie wir sie verwenden<br \/>\nWir verwenden auf unserer Website keine Cookies und werden keine Cookies auf Ihrem Computer platzieren, wenn Sie auf unsere Website zugreifen.<br \/>\nEs gibt jedoch eine Ausnahme, wenn Cookies f\u00fcr die Bereitstellung eines Online-Dienstes wie E-Commerce unerl\u00e4sslich sind; weitere Informationen finden Sie hier: https:\/\/ico.org.uk\/for-organisations\/guide-to-pecr\/cookies-and-similar-technologies\/<\/p>\n<p>Wir verwenden Google Analytics, um die Nutzeraktivit\u00e4t zu analysieren und Erkenntnisse zu gewinnen, die uns helfen, unsere Website zu verbessern. Sie k\u00f6nnen mehr dar\u00fcber erfahren, wie Google Daten verwendet, indem Sie deren Webseite unter www.google.com\/policies\/privacy\/partners\/ oder einer anderen URL besuchen, die Google von Zeit zu Zeit bereitstellen kann. <\/p>\n<p>Sie k\u00f6nnen Ma\u00dfnahmen ergreifen, um Cookies zu blockieren, indem Sie die Sicherheitseinstellungen in Ihrem Webbrowser verwenden.<\/p>\n<p>Datensicherheit<br \/>\nWir erf\u00fcllen die Anforderungen der DSGVO bez\u00fcglich der Verwaltung, Verarbeitung und Sicherheit Ihrer pers\u00f6nlichen Daten. Wir haben eine Pr\u00fcfung aller auf unseren Servern gespeicherten pers\u00f6nlichen Daten und deren Verarbeitung im Auftrag unserer Kunden durchgef\u00fchrt. <\/p>\n<p>Wir werden Daten nicht an Dritte weitergeben, es sei denn, Sie fordern dies an.<\/p>\n<p>Die Informationen, die Sie uns zur Verf\u00fcgung stellen, werden auf unseren eigenen sicheren Servern oder auf Servern gespeichert, die von einem Drittanbieter betrieben werden (siehe Datenverarbeitung durch Lieferanten unten).<\/p>\n<p>Unser Server-Rack ist in einer speziellen Einrichtung untergebracht, die die notwendige physische Umgebung bietet, um sicherzustellen, dass Ihre Website 24 Stunden am Tag, 7 Tage die Woche verf\u00fcgbar ist. Die Einrichtung bietet ma\u00dfgeschneiderte Brandunterdr\u00fcckungssysteme, Sicherheitsma\u00dfnahmen und eine Notstromversorgung, um die Kontinuit\u00e4t zu gew\u00e4hrleisten. Die Sicherheit wird durch eine transparente Firewall auf Unternehmensebene gew\u00e4hrleistet.  <\/p>\n<p>Von uns gespeicherte Daten werden so verwaltet, dass das Risiko von Verlust oder Diebstahl minimiert wird.<\/p>\n<p>Datenverarbeitung durch Lieferanten<br \/>\nWir nutzen eine Vielzahl von Lieferanten, um zus\u00e4tzliche Unterst\u00fctzung f\u00fcr den Gesch\u00e4ftsbetrieb und Dienstleistungen f\u00fcr Kunden bereitzustellen. E-Mail-Systeme, Buchhaltung und Asset-Speicherung sind einige der von uns genutzten Drittanbieter-Supportplattformen. Wir werden sicherstellen, dass diese Lieferanten und alle zuk\u00fcnftigen Lieferanten die DSGVO einhalten. Wenn Sie Fragen zu unserer Datenverarbeitung haben, kontaktieren Sie uns bitte f\u00fcr weitere Informationen.  <\/p>\n<p>Urheberrecht<br \/>\nDie auf dieser Website enthaltenen Informationen sind Eigentum von Samiad ltd und Sie d\u00fcrfen keine dieser Inhalte f\u00fcr Ihre eigene kommerzielle Nutzung verwenden.[\/vc_column_text][\/vc_column][\/vc_row]<\/p>\n<\/div>","protected":false},"excerpt":{"rendered":"<p>[vc_row][vc_column][vc_column_text] Datenschutzerkl\u00e4rung www.samiad.com ist eine Website, die von Samiad limited betrieben wird. Wir sind in Gro\u00dfbritannien unter der Firmennummer 08718466 registriert. Unsere Gesch\u00e4ftsadresse ist Samiad Ltd, 403\/4b, JQ Modern, 120 Vyse St, Hockley, Birmingham B18 6NF Diese Datenschutzerkl\u00e4rung bezieht sich auf die Website von Samiad Ltd und darauf, wie wir Informationen von Nutzern sammeln, zusammen&hellip;&nbsp;<a href=\"https:\/\/www.samiad.com\/de\/datenschutzerklarung\/\" rel=\"bookmark\">Weiterlesen &raquo;<span class=\"screen-reader-text\">Datenschutzerkl\u00e4rung<\/span><\/a><\/p>\n","protected":false},"author":1,"featured_media":0,"parent":0,"menu_order":0,"comment_status":"closed","ping_status":"closed","template":"","meta":{"_acf_changed":false,"neve_meta_sidebar":"","neve_meta_container":"","neve_meta_enable_content_width":"off","neve_meta_content_width":100,"neve_meta_title_alignment":"","neve_meta_author_avatar":"","neve_post_elements_order":"","neve_meta_disable_header":"","neve_meta_disable_footer":"","neve_meta_disable_title":"","neve_meta_reading_time":"","footnotes":""},"class_list":["post-10816","page","type-page","status-publish","hentry"],"acf":[],"_links":{"self":[{"href":"https:\/\/www.samiad.com\/de\/wp-json\/wp\/v2\/pages\/10816","targetHints":{"allow":["GET"]}}],"collection":[{"href":"https:\/\/www.samiad.com\/de\/wp-json\/wp\/v2\/pages"}],"about":[{"href":"https:\/\/www.samiad.com\/de\/wp-json\/wp\/v2\/types\/page"}],"author":[{"embeddable":true,"href":"https:\/\/www.samiad.com\/de\/wp-json\/wp\/v2\/users\/1"}],"replies":[{"embeddable":true,"href":"https:\/\/www.samiad.com\/de\/wp-json\/wp\/v2\/comments?post=10816"}],"version-history":[{"count":0,"href":"https:\/\/www.samiad.com\/de\/wp-json\/wp\/v2\/pages\/10816\/revisions"}],"wp:attachment":[{"href":"https:\/\/www.samiad.com\/de\/wp-json\/wp\/v2\/media?parent=10816"}],"curies":[{"name":"wp","href":"https:\/\/api.w.org\/{rel}","templated":true}]}}