{"id":10859,"date":"2023-03-28T15:33:46","date_gmt":"2023-03-28T15:33:46","guid":{"rendered":"https:\/\/www.samiad.com\/faqs\/"},"modified":"2026-02-13T10:28:04","modified_gmt":"2026-02-13T10:28:04","slug":"faqs","status":"publish","type":"page","link":"https:\/\/www.samiad.com\/de\/faqs\/","title":{"rendered":"FAQ&#8217;s"},"content":{"rendered":"<div class=\"wpb-content-wrapper\"><p>[vc_row][vc_column]\n\t\t\t<!-- START faq REVOLUTION SLIDER 6.6.18 --><p class=\"rs-p-wp-fix\"><\/p>\n\t\t\t<rs-module-wrap id=\"rev_slider_44_1_wrapper\" data-source=\"gallery\" style=\"visibility:hidden;background:transparent;padding:0;margin:0px auto;margin-top:0;margin-bottom:0;\">\n\t\t\t\t<rs-module id=\"rev_slider_44_1\" style=\"\" data-version=\"6.6.18\">\n\t\t\t\t\t<rs-slides style=\"overflow: hidden; position: absolute;\">\n\t\t\t\t\t\t<rs-slide style=\"position: absolute;\" data-key=\"rs-139\" data-title=\"Slide\" data-anim=\"e:slidingoverlay;ms:2000;\" data-in=\"o:1;x:-100%;\" data-out=\"a:false;\">\n\t\t\t\t\t\t\t<img decoding=\"async\" src=\"\/\/www.samiad.com\/wp-content\/plugins\/revslider\/public\/assets\/assets\/dummy.png\" alt=\"\" title=\"banners_0005_16\" width=\"1920\" height=\"1000\" class=\"rev-slidebg tp-rs-img rs-lazyload\" data-lazyload=\"\/\/samiad.com\/wp-content\/uploads\/2023\/03\/banners_0005_16.jpg\" data-no-retina>\n<!--\n\t\t\t\t\t\t\t--><rs-layer\n\t\t\t\t\t\t\t\tid=\"slider-44-slide-139-layer-1\" \n\t\t\t\t\t\t\t\tdata-type=\"shape\"\n\t\t\t\t\t\t\t\tdata-rsp_ch=\"on\"\n\t\t\t\t\t\t\t\tdata-xy=\"x:c;y:m;\"\n\t\t\t\t\t\t\t\tdata-text=\"w:normal;s:20,20,20,4;l:0,0,0,6;\"\n\t\t\t\t\t\t\t\tdata-dim=\"w:2880px,2880px,2880px,720px;h:1500px,1500px,1500px,757px;\"\n\t\t\t\t\t\t\t\tdata-frame_999=\"o:0;st:w;\"\n\t\t\t\t\t\t\t\tstyle=\"z-index:6;background-color:rgba(0,0,0,0.36);\"\n\t\t\t\t\t\t\t> \n\t\t\t\t\t\t\t<\/rs-layer><!--\n\n\t\t\t\t\t\t\t--><h1\n\t\t\t\t\t\t\t\tid=\"slider-44-slide-139-layer-2\" \n\t\t\t\t\t\t\t\tclass=\"rs-layer\"\n\t\t\t\t\t\t\t\tdata-type=\"text\"\n\t\t\t\t\t\t\t\tdata-rsp_ch=\"on\"\n\t\t\t\t\t\t\t\tdata-xy=\"x:c;xo:-577px,-577px,-577px,65px;y:m;yo:321px,321px,321px,167px;\"\n\t\t\t\t\t\t\t\tdata-text=\"w:normal;s:70,70,70,65;l:70,70,70,65;\"\n\t\t\t\t\t\t\t\tdata-dim=\"w:auto,auto,auto,519px;\"\n\t\t\t\t\t\t\t\tdata-frame_0=\"x:0,0,0,0px;y:0,0,0,0px;o:1;\"\n\t\t\t\t\t\t\t\tdata-frame_0_chars=\"d:5;x:0,0,0,0px;y:0,0,0,0px;o:0;rX:-90deg;oZ:-50;\"\n\t\t\t\t\t\t\t\tdata-frame_1=\"x:0,0,0,0px;y:0,0,0,0px;sp:1750;\"\n\t\t\t\t\t\t\t\tdata-frame_1_chars=\"e:power4.inOut;d:10;x:0,0,0,0px;y:0,0,0,0px;oZ:-50;\"\n\t\t\t\t\t\t\t\tdata-frame_999=\"o:0;st:w;sR:150;\"\n\t\t\t\t\t\t\t\tstyle=\"z-index:7;font-family:'Playfair Display';text-transform:uppercase;\"\n\t\t\t\t\t\t\t>FAQ'S \n\t\t\t\t\t\t\t<\/h1><!--\n\n\t\t\t\t\t\t\t--><rs-layer\n\t\t\t\t\t\t\t\tid=\"slider-44-slide-139-layer-3\" \n\t\t\t\t\t\t\t\tdata-type=\"shape\"\n\t\t\t\t\t\t\t\tdata-rsp_ch=\"on\"\n\t\t\t\t\t\t\t\tdata-xy=\"xo:251px,251px,251px,23px;yo:677px,677px,677px,433px;\"\n\t\t\t\t\t\t\t\tdata-text=\"w:normal;s:20,20,20,4;l:0,0,0,6;\"\n\t\t\t\t\t\t\t\tdata-dim=\"w:1px;h:245px,245px,245px,217px;\"\n\t\t\t\t\t\t\t\tdata-frame_0=\"y:-50,-50,-50,-11;\"\n\t\t\t\t\t\t\t\tdata-frame_1=\"sp:1000;\"\n\t\t\t\t\t\t\t\tdata-frame_999=\"o:0;st:w;sR:4000;\"\n\t\t\t\t\t\t\t\tstyle=\"z-index:8;background-color:#ffffff;\"\n\t\t\t\t\t\t\t> \n\t\t\t\t\t\t\t<\/rs-layer><!--\n-->\t\t\t\t\t\t<\/rs-slide>\n\t\t\t\t\t\t<rs-slide style=\"position: absolute;\" data-key=\"rs-134\" data-title=\"Slide\" data-anim=\"e:slidingoverlay;ms:2000;\" data-in=\"o:1;x:100%;\" data-out=\"a:false;\">\n\t\t\t\t\t\t\t<img decoding=\"async\" src=\"\/\/www.samiad.com\/wp-content\/plugins\/revslider\/public\/assets\/assets\/dummy.png\" alt=\"\" title=\"banners_0003_029\" width=\"1920\" height=\"1000\" class=\"rev-slidebg tp-rs-img rs-lazyload\" data-lazyload=\"\/\/samiad.com\/wp-content\/uploads\/2023\/03\/banners_0003_029.jpg\" data-no-retina>\n<!--\n\t\t\t\t\t\t\t--><rs-layer\n\t\t\t\t\t\t\t\tid=\"slider-44-slide-134-layer-0\" \n\t\t\t\t\t\t\t\tdata-type=\"text\"\n\t\t\t\t\t\t\t\tdata-rsp_ch=\"on\"\n\t\t\t\t\t\t\t\tdata-xy=\"x:c;xo:-577px,-577px,-577px,65px;y:m;yo:321px,321px,321px,167px;\"\n\t\t\t\t\t\t\t\tdata-text=\"w:normal;s:70,70,70,65;l:70,70,70,65;\"\n\t\t\t\t\t\t\t\tdata-dim=\"w:auto,auto,auto,519px;\"\n\t\t\t\t\t\t\t\tdata-frame_0=\"x:0,0,0,0px;y:0,0,0,0px;o:1;\"\n\t\t\t\t\t\t\t\tdata-frame_0_chars=\"d:5;x:0,0,0,0px;y:0,0,0,0px;o:0;rX:-90deg;oZ:-50;\"\n\t\t\t\t\t\t\t\tdata-frame_1=\"x:0,0,0,0px;y:0,0,0,0px;sp:1750;\"\n\t\t\t\t\t\t\t\tdata-frame_1_chars=\"e:power4.inOut;d:10;x:0,0,0,0px;y:0,0,0,0px;oZ:-50;\"\n\t\t\t\t\t\t\t\tdata-frame_999=\"o:0;st:w;sR:150;\"\n\t\t\t\t\t\t\t\tstyle=\"z-index:7;font-family:'Playfair Display';text-transform:uppercase;\"\n\t\t\t\t\t\t\t>FAQ'S \n\t\t\t\t\t\t\t<\/rs-layer><!--\n\n\t\t\t\t\t\t\t--><rs-layer\n\t\t\t\t\t\t\t\tid=\"slider-44-slide-134-layer-1\" \n\t\t\t\t\t\t\t\tdata-type=\"shape\"\n\t\t\t\t\t\t\t\tdata-rsp_ch=\"on\"\n\t\t\t\t\t\t\t\tdata-xy=\"x:c;y:m;\"\n\t\t\t\t\t\t\t\tdata-text=\"w:normal;s:20,20,20,4;l:0,0,0,6;\"\n\t\t\t\t\t\t\t\tdata-dim=\"w:2880px,2880px,2880px,720px;h:1500px,1500px,1500px,757px;\"\n\t\t\t\t\t\t\t\tdata-frame_999=\"o:0;st:w;\"\n\t\t\t\t\t\t\t\tstyle=\"z-index:6;background-color:rgba(0,0,0,0.36);\"\n\t\t\t\t\t\t\t> \n\t\t\t\t\t\t\t<\/rs-layer><!--\n\n\t\t\t\t\t\t\t--><rs-layer\n\t\t\t\t\t\t\t\tid=\"slider-44-slide-134-layer-3\" \n\t\t\t\t\t\t\t\tdata-type=\"shape\"\n\t\t\t\t\t\t\t\tdata-rsp_ch=\"on\"\n\t\t\t\t\t\t\t\tdata-xy=\"xo:251px,251px,251px,23px;yo:677px,677px,677px,433px;\"\n\t\t\t\t\t\t\t\tdata-text=\"w:normal;s:20,20,20,4;l:0,0,0,6;\"\n\t\t\t\t\t\t\t\tdata-dim=\"w:1px;h:245px,245px,245px,217px;\"\n\t\t\t\t\t\t\t\tdata-frame_0=\"y:-50,-50,-50,-11;\"\n\t\t\t\t\t\t\t\tdata-frame_1=\"sp:1000;\"\n\t\t\t\t\t\t\t\tdata-frame_999=\"o:0;st:w;sR:4000;\"\n\t\t\t\t\t\t\t\tstyle=\"z-index:8;background-color:#ffffff;\"\n\t\t\t\t\t\t\t> \n\t\t\t\t\t\t\t<\/rs-layer><!--\n-->\t\t\t\t\t\t<\/rs-slide>\n\t\t\t\t\t\t<rs-slide style=\"position: absolute;\" data-key=\"rs-138\" data-title=\"Slide\" data-anim=\"e:slidingoverlay;ms:2000;\" data-in=\"o:1;x:-100%;\" data-out=\"a:false;\">\n\t\t\t\t\t\t\t<img decoding=\"async\" src=\"\/\/www.samiad.com\/wp-content\/plugins\/revslider\/public\/assets\/assets\/dummy.png\" alt=\"\" title=\"banners_0002_038\" width=\"1920\" height=\"1000\" class=\"rev-slidebg tp-rs-img rs-lazyload\" data-lazyload=\"\/\/samiad.com\/wp-content\/uploads\/2023\/03\/banners_0002_038.jpg\" data-no-retina>\n<!--\n\t\t\t\t\t\t\t--><rs-layer\n\t\t\t\t\t\t\t\tid=\"slider-44-slide-138-layer-1\" \n\t\t\t\t\t\t\t\tdata-type=\"shape\"\n\t\t\t\t\t\t\t\tdata-rsp_ch=\"on\"\n\t\t\t\t\t\t\t\tdata-xy=\"x:c;y:m;\"\n\t\t\t\t\t\t\t\tdata-text=\"w:normal;s:20,20,20,4;l:0,0,0,6;\"\n\t\t\t\t\t\t\t\tdata-dim=\"w:2880px,2880px,2880px,720px;h:1500px,1500px,1500px,757px;\"\n\t\t\t\t\t\t\t\tdata-frame_999=\"o:0;st:w;\"\n\t\t\t\t\t\t\t\tstyle=\"z-index:6;background-color:rgba(0,0,0,0.36);\"\n\t\t\t\t\t\t\t> \n\t\t\t\t\t\t\t<\/rs-layer><!--\n\n\t\t\t\t\t\t\t--><rs-layer\n\t\t\t\t\t\t\t\tid=\"slider-44-slide-138-layer-2\" \n\t\t\t\t\t\t\t\tdata-type=\"text\"\n\t\t\t\t\t\t\t\tdata-rsp_ch=\"on\"\n\t\t\t\t\t\t\t\tdata-xy=\"x:c;xo:-577px,-577px,-577px,65px;y:m;yo:321px,321px,321px,167px;\"\n\t\t\t\t\t\t\t\tdata-text=\"w:normal;s:70,70,70,65;l:70,70,70,65;\"\n\t\t\t\t\t\t\t\tdata-dim=\"w:auto,auto,auto,519px;\"\n\t\t\t\t\t\t\t\tdata-frame_0=\"x:0,0,0,0px;y:0,0,0,0px;o:1;\"\n\t\t\t\t\t\t\t\tdata-frame_0_chars=\"d:5;x:0,0,0,0px;y:0,0,0,0px;o:0;rX:-90deg;oZ:-50;\"\n\t\t\t\t\t\t\t\tdata-frame_1=\"x:0,0,0,0px;y:0,0,0,0px;sp:1750;\"\n\t\t\t\t\t\t\t\tdata-frame_1_chars=\"e:power4.inOut;d:10;x:0,0,0,0px;y:0,0,0,0px;oZ:-50;\"\n\t\t\t\t\t\t\t\tdata-frame_999=\"o:0;st:w;sR:150;\"\n\t\t\t\t\t\t\t\tstyle=\"z-index:7;font-family:'Playfair Display';text-transform:uppercase;\"\n\t\t\t\t\t\t\t>FAQ'S \n\t\t\t\t\t\t\t<\/rs-layer><!--\n\n\t\t\t\t\t\t\t--><rs-layer\n\t\t\t\t\t\t\t\tid=\"slider-44-slide-138-layer-3\" \n\t\t\t\t\t\t\t\tdata-type=\"shape\"\n\t\t\t\t\t\t\t\tdata-rsp_ch=\"on\"\n\t\t\t\t\t\t\t\tdata-xy=\"xo:251px,251px,251px,23px;yo:677px,677px,677px,433px;\"\n\t\t\t\t\t\t\t\tdata-text=\"w:normal;s:20,20,20,4;l:0,0,0,6;\"\n\t\t\t\t\t\t\t\tdata-dim=\"w:1px;h:245px,245px,245px,217px;\"\n\t\t\t\t\t\t\t\tdata-frame_0=\"y:-50,-50,-50,-11;\"\n\t\t\t\t\t\t\t\tdata-frame_1=\"sp:1000;\"\n\t\t\t\t\t\t\t\tdata-frame_999=\"o:0;st:w;sR:4000;\"\n\t\t\t\t\t\t\t\tstyle=\"z-index:8;background-color:#ffffff;\"\n\t\t\t\t\t\t\t> \n\t\t\t\t\t\t\t<\/rs-layer><!--\n-->\t\t\t\t\t\t<\/rs-slide>\n\t\t\t\t\t<\/rs-slides>\n\t\t\t\t<\/rs-module>\n\t\t\t\t<script>\n\t\t\t\t\tsetREVStartSize({c: 'rev_slider_44_1',rl:[1240,1240,1240,480],el:[1000,1000,1000,720],gw:[1920,1920,1920,480],gh:[1000,1000,1000,720],type:'standard',justify:'',layout:'fullwidth',mh:\"0\"});if (window.RS_MODULES!==undefined && window.RS_MODULES.modules!==undefined && window.RS_MODULES.modules[\"revslider441\"]!==undefined) {window.RS_MODULES.modules[\"revslider441\"].once = false;window.revapi44 = undefined;if (window.RS_MODULES.checkMinimal!==undefined) window.RS_MODULES.checkMinimal()}\n\t\t\t\t<\/script>\n\t\t\t<\/rs-module-wrap>\n\t\t\t<!-- END REVOLUTION SLIDER -->\n[\/vc_column][\/vc_row][vc_row css=&#8220;.vc_custom_1680018154110{padding-top: 35px !important;}&#8220;][vc_column][vc_tta_accordion style=&#8220;flat&#8220; shape=&#8220;square&#8220; c_position=&#8220;right&#8220; active_section=&#8220;1&#8243; no_fill=&#8220;true&#8220; el_id=&#8220;accordian&#8220;][vc_tta_section title=&#8220;Wie kann ich mein Kind f\u00fcr die samiad Summer School anmelden?&#8220; tab_id=&#8220;1680017572387-d671ca63-36b0&#8243;][vc_column_text]Um sich online anzumelden, klicken Sie bitte <a href=\"https:\/\/www.samiad.com\/de\/jetzt-anfragen\/\" target=\"_blank\" rel=\"noopener\">hier<\/a> und f\u00fcllen Sie das Formular so detailliert wie m\u00f6glich aus. Wir ben\u00f6tigen au\u00dferdem eine Kopie des Reisepasses Ihres Kindes, und wenn Sie das Formular online ausgef\u00fcllt haben, werden wir Sie auch bitten, unser Einverst\u00e4ndniserkl\u00e4rung zu unterzeichnen. (Dies ist in unserem Papierantragsformular enthalten). Sobald wir Ihr Anmeldeformular erhalten haben, best\u00e4tigen wir, dass wir einen Platz f\u00fcr Ihr Kind reserviert haben, indem wir ein Best\u00e4tigungsschreiben senden. Dieses Schreiben best\u00e4tigt den Kurs, den Campus und die von Ihnen gew\u00e4hlten Daten sowie die Zahlungsdetails und eine eindeutige Referenznummer. Bitte verwenden Sie bei Zahlungen die angegebene Referenznummer, damit wir die Zahlungen erfolgreich zuordnen k\u00f6nnen.[\/vc_column_text][\/vc_tta_section][vc_tta_section title=&#8220;Wie bezahle ich den Kurs?&#8220; tab_id=&#8220;1680083304880-cb8d0371-ce3d&#8220;][vc_column_text]Sobald Sie sich online f\u00fcr eine unserer Summer Schools angemeldet oder uns unser Anmeldeformular per E-Mail zugesandt haben, werden wir Sie kontaktieren, um Ihre Reservierung zu best\u00e4tigen und die Zahlung anzufordern.<\/p>\n<p>Wir akzeptieren Bank\u00fcberweisungen; die Details finden Sie am Ende des Annahmeschreibens, das wir Ihnen per E-Mail zusenden.<\/p>\n<p>Wir haben auch ein Online-Zahlungssystem, wenn Sie mit Karte bezahlen m\u00f6chten. Folgen Sie diesem Link und f\u00fchren Sie die notwendigen Schritte aus. <\/p>\n<p>Bitte geben Sie unbedingt die Referenznummer auf dem Schreiben an, damit wir die Zahlung f\u00fcr Ihr Kind erfolgreich verfolgen k\u00f6nnen.[\/vc_column_text][\/vc_tta_section][vc_tta_section title=&#8220;Mein Kind ben\u00f6tigt ein Visum f\u00fcr den Besuch in Gro\u00dfbritannien, kann samiad dabei helfen?&#8220; tab_id=&#8220;1680083308227-ac71a9ab-6479&#8243;][vc_column_text]Ja, jedes Jahr reisen Studenten aus der ganzen Welt nach Samiad, auch von au\u00dferhalb der EU. Sobald wir Ihre Geb\u00fchren erhalten haben, senden wir Ihnen die erforderlichen Dokumente f\u00fcr die Beantragung des Visums zusammen mit einer Schritt-f\u00fcr-Schritt-Anleitung zur Beantragung.[\/vc_column_text][\/vc_tta_section][vc_tta_section title=&#8220;Hat samiad irgendwelche Informationen zum Lesen vor der Ankunft?&#8220; tab_id=&#8220;1680083562379-bcee1a8f-27e4&#8243;][vc_column_text]Wir haben einen umfassenden Leitfaden vor der Ankunft, den Sie vor Ihrer Ankunft lesen sollten. Dieser beschreibt genau, was Sie mitbringen sollten, aber auch, was Sie vom Vereinigten K\u00f6nigreich und der Samiad Summer School erwarten k\u00f6nnen. Er enth\u00e4lt auch wichtige Informationen und Kontaktdaten f\u00fcr wichtige Personen auf dem von Ihnen gew\u00e4hlten Campus. Dieser wird Ihnen per E-Mail zugesandt, sobald die Zahlung eingegangen ist.[\/vc_column_text][\/vc_tta_section][vc_tta_section title=&#8220;Ben\u00f6tigt mein Kind Taschengeld?&#8220; tab_id=&#8220;1680083610851-5920b1fa-62cc&#8220;][vc_column_text]Ja, es ist ratsam, Taschengeld f\u00fcr Souvenirs, S\u00fc\u00dfigkeiten, Getr\u00e4nke und Geschenke mitzubringen. Wir empfehlen ungef\u00e4hr 50 \u00a3 pro Woche. Wir k\u00f6nnen Wertsachen wie Reisep\u00e4sse, Reisedokumente und Taschengeld im Schultresor aufbewahren, wir empfehlen jedoch, dass Ihr Kind so wenig Wertsachen wie m\u00f6glich mitbringt.[\/vc_column_text][\/vc_tta_section][vc_tta_section title=&#8220;Kann ich ein bestimmtes Schlafzimmer anfordern oder mit jemandem zusammen sein, den ich kenne?&#8220; tab_id=&#8220;1680083729218-9c4c4387-48b3&#8243;][vc_column_text]Ja, nat\u00fcrlich, wenn Ihr Kind jemanden kennt oder mit jemandem zusammen reist, k\u00f6nnen wir Zimmerw\u00fcnsche ber\u00fccksichtigen, solange sie das gleiche Geschlecht haben. Wir haben jedoch eine Alterseinteilung in unseren Internatsunterk\u00fcnften, wenn Sie also m\u00f6chten, dass Ihr Kind mit jemandem zusammen ist, der viel \u00e4lter oder j\u00fcnger ist als Ihr Sohn oder Ihre Tochter, ist dies m\u00f6glicherweise nicht immer m\u00f6glich.[\/vc_column_text][\/vc_tta_section][vc_tta_section title=&#8220;Was muss mein Kind mitbringen?&#8220; tab_id=&#8220;1680083868797-d83c02ef-c7f8&#8243;][vc_column_text]Die meisten Dinge werden Ihnen von Samiad w\u00e4hrend Ihres Aufenthalts zur Verf\u00fcgung gestellt, aber hier sind ein paar wichtige Dinge, die Sie mitbringen m\u00fcssen:<\/p>\n<ul>\n<li>Dokumente, die erforderlich sind, um Ihren Visastatus nachzuweisen, falls erforderlich<\/li>\n<li>Kleidung, geeignet f\u00fcr Outdoor-Aktivit\u00e4ten, sowie eine Mischung aus Kleidung f\u00fcr warmes und kaltes Wetter, da uns das Wetter in Gro\u00dfbritannien manchmal \u00fcberraschen kann.<\/li>\n<li>Ein kleiner Betrag an Taschengeld, um Erinnerungsst\u00fccke von Ausfl\u00fcgen usw. zu kaufen.<\/li>\n<li>Versicherungsinformationen<\/li>\n<li>Toilettenartikel einschlie\u00dflich eines Handtuchs<\/li>\n<li>Spezifische medizinische Behandlungen oder Anforderungen<\/li>\n<li>Geeignete Schuhe f\u00fcr sportliche Aktivit\u00e4ten und Ausfl\u00fcge<\/li>\n<li>Ein europ\u00e4ischer Adapter zum Aufladen von Mobiltelefonen usw.<\/li>\n<li>Badebekleidung<\/li>\n<li>Eine vollst\u00e4ndige Liste ist im Leitfaden vor der Ankunft enthalten, der Ihnen zugesandt wird, sobald wir Ihre Anzahlung erhalten haben.<\/li>\n<\/ul>\n<p>[\/vc_column_text][\/vc_tta_section][vc_tta_section title=&#8220;Wird eine Versicherung ben\u00f6tigt?&#8220; tab_id=&#8220;1680084156162-72056954-c302&#8243;][vc_column_text]Ja, alle Sch\u00fcler, die die Samiad Summer School besuchen, m\u00fcssen eine Reiseversicherung haben, um m\u00f6gliche Ereignisse wie medizinische Kosten, Verlust von Gep\u00e4ck, stornierte oder versp\u00e4tete Fl\u00fcge abzudecken.[\/vc_column_text][\/vc_tta_section][vc_tta_section title=&#8220;Wird jemand von samiad unser Kind am Flughafen abholen?&#8220; tab_id=&#8220;1680084254534-a8bd8191-aa01&#8243;][vc_column_text]Ja, ein Mitglied des Samiad-Teams wird jeden Sch\u00fcler abholen, der einen Flughafentransfer arrangiert hat. In den meisten F\u00e4llen wissen Sie im Voraus, wer diese Person sein wird. Bitte \u00fcberpr\u00fcfen Sie die Fluglinienbestimmungen f\u00fcr diejenigen, die als unbegleitete Minderj\u00e4hrige reisen m\u00f6chten, da diese manchmal die Kontaktinformationen der Person ben\u00f6tigen, die sie bei der Ankunft abholt. Dies kann arrangiert werden, da wir oft einzelne Sch\u00fcler sowie gro\u00dfe und kleine Gruppen haben, die zusammen reisen.[\/vc_column_text][\/vc_tta_section][vc_tta_section title=&#8220;Wann sollen wir am Anreisetag in der Schule ankommen?&#8220; tab_id=&#8220;1680084607187-85582c53-7c96&#8243;][vc_column_text]Alle Sch\u00fcler kommen am Sonntagnachmittag an, aber die Zeiten k\u00f6nnen um einige Stunden variieren. Es sind 24 Stunden am Tag Leute auf dem Campus und den ganzen Sonntag \u00fcber finden Aktivit\u00e4ten statt. Sie k\u00f6nnen am Sonntagmorgen anreisen, aber Sie k\u00f6nnen m\u00f6glicherweise erst um 15:00 Uhr in Ihr Zimmer einchecken.[\/vc_column_text][\/vc_tta_section][vc_tta_section title=&#8220;Was passiert, wenn sich unser Flug versp\u00e4tet?&#8220; tab_id=&#8220;1680084674944-16183ac1-0dc9&#8243;][vc_column_text]Geringf\u00fcgige Versp\u00e4tungen von weniger als einer Stunde erfordern keine zus\u00e4tzliche Transportorganisation, und das urspr\u00fcngliche Personal wartet, um die Sch\u00fcler abzuholen. Wenn die Versp\u00e4tung l\u00e4nger als eine Stunde dauert, k\u00f6nnen neue Transfervereinbarungen getroffen werden, diese k\u00f6nnen jedoch zus\u00e4tzliche Kosten verursachen.[\/vc_column_text][\/vc_tta_section][vc_tta_section title=&#8220;Wie gro\u00df sind die Klassen?&#8220; tab_id=&#8220;1680084689326-a95917a4-1feb&#8220;][vc_column_text]<span style=\"font-weight: 400;\">Die maximale Klassengr\u00f6\u00dfe f\u00fcr Englischkurse betr\u00e4gt 15 Sch\u00fcler, gelegentlich kommen jedoch Gruppen zusammen, wenn dies f\u00fcr Gruppen\u00fcbungen erforderlich ist. Bitte folgen Sie <a href=\"https:\/\/samiad.com\/english-lessons\/\" target=\"_blank\" rel=\"noopener\">diesem Link<\/a> zu unserer speziellen Seite f\u00fcr Englischkurse. <\/span>[\/vc_column_text][\/vc_tta_section][vc_tta_section title=&#8220;Wie sind die Schlafm\u00f6glichkeiten?&#8220; tab_id=&#8220;1680085237613-de350d8c-c390&#8243;][vc_column_text]Alle Kinder schlafen in qualitativ hochwertigen, zugelassenen Internatsunterk\u00fcnften in Einzel-, Zweibett- oder Vierbettzimmern. Jungen und M\u00e4dchen sind getrennt, und die Kinder werden in Gruppen \u00e4hnlichen Alters eingeteilt. Wenn Geschwister oder Freunde ein Zimmer teilen m\u00f6chten, kontaktieren Sie uns bitte vor der Ankunft, und dies kann arrangiert werden.[\/vc_column_text][\/vc_tta_section][vc_tta_section title=&#8220;Wen kann ich kontaktieren, wenn Sie Fragen haben, w\u00e4hrend Ihr Kind in der Schule ist?&#8220; tab_id=&#8220;1680085826579-ef7f64d8-a037&#8243;][vc_column_text]Sie k\u00f6nnen den Campusmanager oder den stellvertretenden Manager jederzeit \u00fcber die Telefonnummern in den Briefen kontaktieren, die Sie w\u00e4hrend des Bewerbungsprozesses erhalten haben.<\/p>\n<p>Alternativ k\u00f6nnen Sie sich an die Hauptverwaltung von Samiad wenden, und wir werden jemanden vom Campus veranlassen, Sie direkt zur\u00fcckzurufen.[\/vc_column_text][\/vc_tta_section][vc_tta_section title=&#8220;Ist der Campus sicher?&#8220; tab_id=&#8220;1680085715808-2f9708bf-7cdb&#8220;][vc_column_text]Alle unsere Campusse profitieren von Sicherheitspersonal vor Ort. Wir haben eine Mischung aus CCTV und Sicherheitspatrouillen. Dar\u00fcber hinaus hat Samiad ein branchenf\u00fchrendes Verh\u00e4ltnis von Personal zu Sch\u00fclern von 1:6 \u00fcber Nacht.[\/vc_column_text][\/vc_tta_section][vc_tta_section title=&#8220;Was ist, wenn mein Kind spezielle Ern\u00e4hrungsbed\u00fcrfnisse hat?&#8220; tab_id=&#8220;1680085686744-485bd5bc-fb90&#8243;][vc_column_text]Wir k\u00f6nnen die meisten Ern\u00e4hrungsbed\u00fcrfnisse ber\u00fccksichtigen, und die Catering-Teams haben umfangreiche Erfahrung im Umgang mit Anfragen. Bitte geben Sie so viele Details wie m\u00f6glich auf dem Anmeldeformular an.[\/vc_column_text][vc_column_text][\/vc_column_text][\/vc_tta_section][vc_tta_section title=&#8220;Was passiert am Abreisetag?&#8220; tab_id=&#8220;1680085957324-aeb1b495-b430&#8243;][vc_column_text]Am Morgen des Abreisetages werden die Sch\u00fcler gebeten, aus ihren Zimmern auszuchecken. Wenn sie einen Flug am Nachmittag oder Abend haben, k\u00f6nnen sie ihr Gep\u00e4ck in einem sicheren Raum lassen und an den t\u00e4glichen Aktivit\u00e4ten teilnehmen. Sch\u00fcler, die einen Flughafentransfer arrangiert haben, werden von einem Mitglied des Samiad-Teams begleitet. Wir helfen dann jedem Sch\u00fcler beim Einchecken, bevor wir ihn sicher in die Abflughalle bringen. F\u00fcr diejenigen, die als unbegleitete Minderj\u00e4hrige reisen, stellen wir sicher, dass sie an ein Mitglied des Fluglinienpersonals \u00fcbergeben werden und dass das Flugzeug abhebt, bevor wir abreisen.[\/vc_column_text][\/vc_tta_section][\/vc_tta_accordion][\/vc_column][\/vc_row]<\/p>\n<\/div>","protected":false},"excerpt":{"rendered":"<p>[vc_row][vc_column][\/vc_column][\/vc_row][vc_row css=&#8220;.vc_custom_1680018154110{padding-top: 35px !important;}&#8220;][vc_column][vc_tta_accordion style=&#8220;flat&#8220; shape=&#8220;square&#8220; c_position=&#8220;right&#8220; active_section=&#8220;1&#8243; no_fill=&#8220;true&#8220; el_id=&#8220;accordian&#8220;][vc_tta_section title=&#8220;Wie kann ich mein Kind f\u00fcr die samiad Summer School anmelden?&#8220; tab_id=&#8220;1680017572387-d671ca63-36b0&#8243;][vc_column_text]Um sich online anzumelden, klicken Sie bitte hier und f\u00fcllen Sie das Formular so detailliert wie m\u00f6glich aus. Wir ben\u00f6tigen au\u00dferdem eine Kopie des Reisepasses Ihres Kindes, und wenn Sie das Formular online ausgef\u00fcllt&hellip;&nbsp;<a href=\"https:\/\/www.samiad.com\/de\/faqs\/\" rel=\"bookmark\">Weiterlesen &raquo;<span class=\"screen-reader-text\">FAQ&#8217;s<\/span><\/a><\/p>\n","protected":false},"author":1,"featured_media":0,"parent":0,"menu_order":0,"comment_status":"closed","ping_status":"closed","template":"","meta":{"_acf_changed":false,"neve_meta_sidebar":"","neve_meta_container":"","neve_meta_enable_content_width":"off","neve_meta_content_width":100,"neve_meta_title_alignment":"","neve_meta_author_avatar":"","neve_post_elements_order":"","neve_meta_disable_header":"","neve_meta_disable_footer":"","neve_meta_disable_title":"","neve_meta_reading_time":"","footnotes":""},"class_list":["post-10859","page","type-page","status-publish","hentry"],"acf":[],"_links":{"self":[{"href":"https:\/\/www.samiad.com\/de\/wp-json\/wp\/v2\/pages\/10859","targetHints":{"allow":["GET"]}}],"collection":[{"href":"https:\/\/www.samiad.com\/de\/wp-json\/wp\/v2\/pages"}],"about":[{"href":"https:\/\/www.samiad.com\/de\/wp-json\/wp\/v2\/types\/page"}],"author":[{"embeddable":true,"href":"https:\/\/www.samiad.com\/de\/wp-json\/wp\/v2\/users\/1"}],"replies":[{"embeddable":true,"href":"https:\/\/www.samiad.com\/de\/wp-json\/wp\/v2\/comments?post=10859"}],"version-history":[{"count":0,"href":"https:\/\/www.samiad.com\/de\/wp-json\/wp\/v2\/pages\/10859\/revisions"}],"wp:attachment":[{"href":"https:\/\/www.samiad.com\/de\/wp-json\/wp\/v2\/media?parent=10859"}],"curies":[{"name":"wp","href":"https:\/\/api.w.org\/{rel}","templated":true}]}}