{"id":10952,"date":"2023-03-29T11:01:00","date_gmt":"2023-03-29T11:01:00","guid":{"rendered":"https:\/\/www.samiad.com\/terms-and-conditions\/"},"modified":"2026-01-27T10:44:28","modified_gmt":"2026-01-27T10:44:28","slug":"allgemeine-geschaftsbedingungen","status":"publish","type":"page","link":"https:\/\/www.samiad.com\/de\/allgemeine-geschaftsbedingungen\/","title":{"rendered":"Allgemeine Gesch\u00e4ftsbedingungen"},"content":{"rendered":"<div class=\"wpb-content-wrapper\"><p>[vc_row css=&#8220;.vc_custom_1680087657818{padding-top: 35px !important;}&#8220;][vc_column][vc_column_text]<\/p>\n<h1><b><span data-contrast=\"auto\">Allgemeine Gesch\u00e4ftsbedingungen <\/span><\/b><\/h1>\n<p><span data-contrast=\"auto\">Um sich einen Platz in einem Kurs zu sichern, muss ein Anmeldeformular ausgef\u00fcllt und an Samiad Ltd oder einen anerkannten Vertreter\/Partner gesendet werden. Nach Eingang des Anmeldeformulars erhalten Sie ein Angebotsschreiben, das Ihnen einen verf\u00fcgbaren Platz best\u00e4tigt und die Zahlungsanweisungen einschlie\u00dflich der Allgemeinen Gesch\u00e4ftsbedingungen hervorhebt. <\/span><span data-ccp-props=\"{\"201341983\":0,\"335559739\":160,\"335559740\":259}\"> <\/span><\/p>\n<p><span data-contrast=\"auto\">Die Pl\u00e4tze werden in der Reihenfolge des Eingangs vergeben. Um sich einen Platz zu sichern, ist eine Anzahlung von 50 % erforderlich. <\/span><span data-ccp-props=\"{\"201341983\":0,\"335559739\":160,\"335559740\":259}\"> <\/span><\/p>\n<p><span data-contrast=\"auto\">Alle Geb\u00fchren sind in britischen Pfund (GBP \u00a3) zu entrichten und m\u00fcssen mindestens 8 Wochen vor Kursbeginn vollst\u00e4ndig eingegangen sein.<\/span><span data-ccp-props=\"{\"201341983\":0,\"335559739\":160,\"335559740\":259}\"> <\/span><\/p>\n<p><span data-contrast=\"auto\">Geb\u00fchren sind nicht auf andere Studenten \u00fcbertragbar.<\/span><span data-ccp-props=\"{\"201341983\":0,\"335559739\":160,\"335559740\":259}\"> <\/span><\/p>\n<p><span data-contrast=\"auto\">Samiad Ltd beh\u00e4lt sich das Recht vor, einen Kurs abzusagen oder zu \u00e4ndern.<\/span><span data-ccp-props=\"{\"201341983\":0,\"335559739\":160,\"335559740\":259}\"> <\/span><\/p>\n<p><b><span data-contrast=\"auto\">Stornierungs- und R\u00fcckerstattungsrichtlinien<\/span><\/b><br \/>\n<span data-contrast=\"auto\">Alle Stornierungen m\u00fcssen schriftlich an Samiad Ltd. erfolgen. R\u00fcckerstattungen k\u00f6nnen nach Eingang der schriftlichen Stornierung gew\u00e4hrt werden. Die R\u00fcckerstattungskriterien basieren auf der Frist vor Kursbeginn, wie folgt:  <\/span><span data-ccp-props=\"{\"201341983\":0,\"335559739\":160,\"335559740\":259}\"> <\/span><\/p>\n<table data-tablestyle=\"MsoTableGrid\" data-tablelook=\"1184\" aria-rowcount=\"6\">\n<tbody>\n<tr aria-rowindex=\"1\">\n<td data-celllook=\"4369\"><b><span data-contrast=\"auto\">K\u00fcndigungsfrist vor Anreisedatum<\/span><\/b><span data-ccp-props=\"{\"201341983\":0,\"335559740\":259}\"> <\/span><\/td>\n<td data-celllook=\"4369\"><b><span data-contrast=\"auto\">Stornogeb\u00fchr<\/span><\/b><span data-ccp-props=\"{\"201341983\":0,\"335559740\":259}\"> <\/span><\/td>\n<\/tr>\n<tr aria-rowindex=\"2\">\n<td data-celllook=\"4369\"><span data-contrast=\"auto\">61+ Tage<\/span><span data-ccp-props=\"{\"201341983\":0,\"335559740\":259}\"> <\/span><\/td>\n<td data-celllook=\"4369\"><span data-contrast=\"auto\">150 \u00a3<\/span><span data-ccp-props=\"{\"201341983\":0,\"335559740\":259}\"> <\/span><\/td>\n<\/tr>\n<tr aria-rowindex=\"3\">\n<td data-celllook=\"4369\"><span data-contrast=\"auto\">31 bis 60 Tage<\/span><span data-ccp-props=\"{\"201341983\":0,\"335559740\":259}\"> <\/span><\/td>\n<td data-celllook=\"4369\"><span data-contrast=\"auto\">400 \u00a3<\/span><span data-ccp-props=\"{\"201341983\":0,\"335559740\":259}\"> <\/span><\/td>\n<\/tr>\n<tr aria-rowindex=\"4\">\n<td data-celllook=\"4369\"><span data-contrast=\"auto\">15 bis 30 Tage<\/span><span data-ccp-props=\"{\"201341983\":0,\"335559740\":259}\"> <\/span><\/td>\n<td data-celllook=\"4369\"><span data-contrast=\"auto\">50 % der Kurskosten<\/span><span data-ccp-props=\"{\"201341983\":0,\"335559740\":259}\"> <\/span><\/td>\n<\/tr>\n<tr aria-rowindex=\"5\">\n<td data-celllook=\"4369\"><span data-contrast=\"auto\">0 bis 14 Tage<\/span><span data-ccp-props=\"{\"201341983\":0,\"335559740\":259}\"> <\/span><\/td>\n<td data-celllook=\"4369\"><span data-contrast=\"auto\">100 % der Kurskosten<\/span><span data-ccp-props=\"{\"201341983\":0,\"335559740\":259}\"> <\/span><\/td>\n<\/tr>\n<tr aria-rowindex=\"6\">\n<td data-celllook=\"4369\"><span data-contrast=\"auto\">Nach dem Anreisedatum<\/span><span data-ccp-props=\"{\"201341983\":0,\"335559740\":259}\"> <\/span><\/td>\n<td data-celllook=\"4369\"><span data-contrast=\"auto\">100 % der Kurskosten<\/span><span data-ccp-props=\"{\"201341983\":0,\"335559740\":259}\"> <\/span><\/td>\n<\/tr>\n<\/tbody>\n<\/table>\n<p><span data-contrast=\"auto\">Die oben genannten R\u00fcckerstattungskriterien beziehen sich nur auf Sommerinternatsprogramme. F\u00fcr andere Programme im Laufe des Jahres k\u00f6nnen alternative Stornierungsgeb\u00fchren gelten.  <\/span><\/p>\n<p><span data-contrast=\"auto\">Alle R\u00fcckerstattungen werden direkt auf das Konto gezahlt, von dem die Zahlung geleistet wurde. R\u00fcckerstattungen erfolgen innerhalb von 28 Tagen nach Eingang der schriftlichen Stornierung des Kurses.<\/span><span data-ccp-props=\"{\"201341983\":0,\"335559739\":160,\"335559740\":259}\"> <\/span><\/p>\n<p><span data-contrast=\"auto\">Im Falle einer Visumablehnung erfolgt eine R\u00fcckerstattung, wenn die Stornierung zusammen mit einer Visumablehnung mindestens 2 Wochen vor Kursbeginn schriftlich eingeht. Es erfolgt keine R\u00fcckerstattung, wenn die Stornierung weniger als 2 Wochen vor Kursbeginn erfolgt oder wenn eine Visumablehnung darauf beruht, dass der Student die erforderlichen Kriterien f\u00fcr die gew\u00e4hlte Visumkategorie nicht erf\u00fcllt. Alle R\u00fcckerstattungen, die auf einer Visumablehnung beruhen, werden um eine Anmeldegeb\u00fchr von 150 \u00a3 reduziert.  <\/span><span data-ccp-props=\"{\"201341983\":0,\"335559739\":160,\"335559740\":259}\"> <\/span><\/p>\n<p><b><span data-contrast=\"auto\">Visa<\/span><\/b><br \/>\n<span data-contrast=\"auto\">Es liegt in Ihrer Verantwortung, die Visabestimmungen f\u00fcr die Einreise nach Gro\u00dfbritannien zu \u00fcberpr\u00fcfen und gegebenenfalls ein entsprechendes Visum f\u00fcr Ihren Studienaufenthalt zu beantragen. Informationen zu Visa finden Sie auf der Website des britischen Innenministeriums:  <\/span><a href=\"http:\/\/www.ukba.homeoffice.gov.uk\/\" target=\"_blank\" rel=\"noopener\"><span data-contrast=\"none\">www.ukba.homeoffice.gov.uk<\/span><\/a><span data-contrast=\"auto\"> <\/span><span data-ccp-props=\"{\"201341983\":0,\"335559739\":160,\"335559740\":259}\"> <\/span><\/p>\n<p><span data-contrast=\"auto\">Erforderliche Begleitdokumente von Samiad werden erst ausgestellt, nachdem die Zahlung vollst\u00e4ndig erfolgt ist und alle anderen erforderlichen Unterlagen eingegangen sind.<\/span><span data-ccp-props=\"{\"201341983\":0,\"335559739\":160,\"335559740\":259}\"> <\/span><\/p>\n<p><span data-contrast=\"auto\">Wenn Sie Ihr Visum nicht 2 Wochen vor Kursbeginn erhalten haben, m\u00fcssen Sie uns dies mitteilen, damit wir mit Ihnen zusammenarbeiten k\u00f6nnen, um die erforderlichen Vorkehrungen zu treffen.<\/span><span data-ccp-props=\"{\"201341983\":0,\"335559739\":160,\"335559740\":259}\"> <\/span><\/p>\n<p><span data-contrast=\"auto\">Wenn ein Student ohne das korrekte Visum in einem unserer Zentren ankommt, sind wir gesetzlich verpflichtet, daf\u00fcr zu sorgen, dass er so schnell wie m\u00f6glich abreist.<\/span><span data-ccp-props=\"{\"201341983\":0,\"335559739\":160,\"335559740\":259}\"> <\/span><\/p>\n<p><span data-contrast=\"auto\">Alle Entscheidungen \u00fcber Visumantr\u00e4ge, die vom britischen Innenministerium getroffen werden, sind endg\u00fcltig.<\/span><br \/>\n<span data-ccp-props=\"{\"201341983\":0,\"335559739\":160,\"335559740\":259}\"> <\/span><\/p>\n<p><b><span data-contrast=\"auto\">Kursregeln<\/span><\/b><br \/>\n<span data-contrast=\"auto\">Die Samiad Summer School hofft, dass alle Teilnehmer einen rundum angenehmen Aufenthalt in Gro\u00dfbritannien haben. Um sicherzustellen, dass alle Teilnehmer eine gute Erfahrung mit uns machen, wurden Kursregeln aufgestellt, um die Sicherheit aller Teilnehmer w\u00e4hrend des Aufenthalts zu gew\u00e4hrleisten: <\/span><span data-ccp-props=\"{\"201341983\":0,\"335559739\":160,\"335559740\":259}\"> <\/span><\/p>\n<ul>\n<li data-leveltext=\"\uf0b7\" data-font=\"Symbol\" data-listid=\"1\" data-list-defn-props=\"{\"335552541\":1,\"335559684\":-2,\"335559685\":720,\"335559991\":360,\"469769226\":\"Symbol\",\"469769242\":[8226],\"469777803\":\"left\",\"469777804\":\"\uf0b7\",\"469777815\":\"hybridMultilevel\"}\" aria-setsize=\"-1\" data-aria-posinset=\"1\" data-aria-level=\"1\"><span data-contrast=\"auto\">Von den Sch\u00fclern wird erwartet, dass sie an allen Mahlzeiten, Kursen und organisierten Aktivit\u00e4ten und Ausfl\u00fcgen teilnehmen.<\/span><span data-ccp-props=\"{\"201341983\":0,\"335559739\":160,\"335559740\":259}\"> <\/span><\/li>\n<li data-leveltext=\"\uf0b7\" data-font=\"Symbol\" data-listid=\"1\" data-list-defn-props=\"{\"335552541\":1,\"335559684\":-2,\"335559685\":720,\"335559991\":360,\"469769226\":\"Symbol\",\"469769242\":[8226],\"469777803\":\"left\",\"469777804\":\"\uf0b7\",\"469777815\":\"hybridMultilevel\"}\" aria-setsize=\"-1\" data-aria-posinset=\"2\" data-aria-level=\"1\"><span data-contrast=\"auto\">Die Sch\u00fcler sind daf\u00fcr verantwortlich, ihre Zimmer sauber zu halten und ihre Betten selbst zu machen.<\/span><span data-ccp-props=\"{\"201341983\":0,\"335559739\":160,\"335559740\":259}\"> <\/span><\/li>\n<\/ul>\n<ul>\n<li data-leveltext=\"\uf0b7\" data-font=\"Symbol\" data-listid=\"1\" data-list-defn-props=\"{\"335552541\":1,\"335559684\":-2,\"335559685\":720,\"335559991\":360,\"469769226\":\"Symbol\",\"469769242\":[8226],\"469777803\":\"left\",\"469777804\":\"\uf0b7\",\"469777815\":\"hybridMultilevel\"}\" aria-setsize=\"-1\" data-aria-posinset=\"1\" data-aria-level=\"1\"><span data-contrast=\"auto\">Alle Sch\u00e4den an Eigentum, Ausr\u00fcstung und Zimmern werden dem Sch\u00fcler in Rechnung gestellt.<\/span><span data-ccp-props=\"{\"201341983\":0,\"335559739\":160,\"335559740\":259}\"> <\/span><\/li>\n<li data-leveltext=\"\uf0b7\" data-font=\"Symbol\" data-listid=\"1\" data-list-defn-props=\"{\"335552541\":1,\"335559684\":-2,\"335559685\":720,\"335559991\":360,\"469769226\":\"Symbol\",\"469769242\":[8226],\"469777803\":\"left\",\"469777804\":\"\uf0b7\",\"469777815\":\"hybridMultilevel\"}\" aria-setsize=\"-1\" data-aria-posinset=\"2\" data-aria-level=\"1\"><span data-contrast=\"auto\">Mutwillige oder vors\u00e4tzliche Besch\u00e4digung von Schuleigentum, \u00f6ffentlichem Eigentum oder dem Eigentum anderer Sch\u00fcler kann zum Ausschluss vom Kurs f\u00fchren.<\/span><span data-ccp-props=\"{\"201341983\":0,\"335559739\":160,\"335559740\":259}\"> <\/span><\/li>\n<li data-leveltext=\"\uf0b7\" data-font=\"Symbol\" data-listid=\"1\" data-list-defn-props=\"{\"335552541\":1,\"335559684\":-2,\"335559685\":720,\"335559991\":360,\"469769226\":\"Symbol\",\"469769242\":[8226],\"469777803\":\"left\",\"469777804\":\"\uf0b7\",\"469777815\":\"hybridMultilevel\"}\" aria-setsize=\"-1\" data-aria-posinset=\"3\" data-aria-level=\"1\"><span data-contrast=\"auto\">Der Konsum oder Besitz von Alkohol durch Sch\u00fcler jeden Alters ist nicht gestattet.<\/span><span data-ccp-props=\"{\"201341983\":0,\"335559739\":160,\"335559740\":259}\"> <\/span><\/li>\n<li data-leveltext=\"\uf0b7\" data-font=\"Symbol\" data-listid=\"1\" data-list-defn-props=\"{\"335552541\":1,\"335559684\":-2,\"335559685\":720,\"335559991\":360,\"469769226\":\"Symbol\",\"469769242\":[8226],\"469777803\":\"left\",\"469777804\":\"\uf0b7\",\"469777815\":\"hybridMultilevel\"}\" aria-setsize=\"-1\" data-aria-posinset=\"4\" data-aria-level=\"1\"><span data-contrast=\"auto\">Drogenkonsum oder Drogenbesitz f\u00fchrt zum sofortigen Ausschluss vom Kurs.<\/span><span data-ccp-props=\"{\"201341983\":0,\"335559739\":160,\"335559740\":259}\"> <\/span><\/li>\n<li data-leveltext=\"\uf0b7\" data-font=\"Symbol\" data-listid=\"1\" data-list-defn-props=\"{\"335552541\":1,\"335559684\":-2,\"335559685\":720,\"335559991\":360,\"469769226\":\"Symbol\",\"469769242\":[8226],\"469777803\":\"left\",\"469777804\":\"\uf0b7\",\"469777815\":\"hybridMultilevel\"}\" aria-setsize=\"-1\" data-aria-posinset=\"5\" data-aria-level=\"1\"><span data-contrast=\"auto\">Das Rauchen ist in keinem der Schulgeb\u00e4ude oder auf dem Schulgel\u00e4nde gestattet.<\/span><span data-ccp-props=\"{\"201341983\":0,\"335559739\":160,\"335559740\":259}\"> <\/span><\/li>\n<\/ul>\n<ul>\n<li data-leveltext=\"\uf0b7\" data-font=\"Symbol\" data-listid=\"1\" data-list-defn-props=\"{\"335552541\":1,\"335559684\":-2,\"335559685\":720,\"335559991\":360,\"469769226\":\"Symbol\",\"469769242\":[8226],\"469777803\":\"left\",\"469777804\":\"\uf0b7\",\"469777815\":\"hybridMultilevel\"}\" aria-setsize=\"-1\" data-aria-posinset=\"1\" data-aria-level=\"1\"><span data-contrast=\"auto\">Rassistisches oder einsch\u00fcchterndes Verhalten gegen\u00fcber einem anderen Sch\u00fcler oder einem Mitarbeiter f\u00fchrt zum Ausschluss vom Kurs.<\/span><span data-ccp-props=\"{\"201341983\":0,\"335559739\":160,\"335559740\":259}\"> <\/span><\/li>\n<li data-leveltext=\"\uf0b7\" data-font=\"Symbol\" data-listid=\"1\" data-list-defn-props=\"{\"335552541\":1,\"335559684\":-2,\"335559685\":720,\"335559991\":360,\"469769226\":\"Symbol\",\"469769242\":[8226],\"469777803\":\"left\",\"469777804\":\"\uf0b7\",\"469777815\":\"hybridMultilevel\"}\" aria-setsize=\"-1\" data-aria-posinset=\"2\" data-aria-level=\"1\"><span data-contrast=\"auto\">In den Wohnh\u00e4usern d\u00fcrfen sich M\u00e4dchen und Jungen nur in den daf\u00fcr vorgesehenen Aufenthaltsbereichen aufhalten.<\/span><span data-ccp-props=\"{\"201341983\":0,\"335559739\":160,\"335559740\":259}\"> <\/span><\/li>\n<li data-leveltext=\"\uf0b7\" data-font=\"Symbol\" data-listid=\"1\" data-list-defn-props=\"{\"335552541\":1,\"335559684\":-2,\"335559685\":720,\"335559991\":360,\"469769226\":\"Symbol\",\"469769242\":[8226],\"469777803\":\"left\",\"469777804\":\"\uf0b7\",\"469777815\":\"hybridMultilevel\"}\" aria-setsize=\"-1\" data-aria-posinset=\"3\" data-aria-level=\"1\"><span data-contrast=\"auto\">Jeder Sch\u00fcler, der sein Haus nach dem Ausschalten des Lichts verl\u00e4sst, kann vom Kurs ausgeschlossen werden.<\/span><span data-ccp-props=\"{\"201341983\":0,\"335559739\":160,\"335559740\":259}\"> <\/span><\/li>\n<li data-leveltext=\"\uf0b7\" data-font=\"Symbol\" data-listid=\"1\" data-list-defn-props=\"{\"335552541\":1,\"335559684\":-2,\"335559685\":720,\"335559991\":360,\"469769226\":\"Symbol\",\"469769242\":[8226],\"469777803\":\"left\",\"469777804\":\"\uf0b7\",\"469777815\":\"hybridMultilevel\"}\" aria-setsize=\"-1\" data-aria-posinset=\"4\" data-aria-level=\"1\"><span data-contrast=\"auto\">Pers\u00f6nliche Mobiltelefone m\u00fcssen w\u00e4hrend aller Unterrichtsstunden und geplanten Aktivit\u00e4ten ausgeschaltet sein.<\/span><br \/>\n<span data-ccp-props=\"{\"201341983\":0,\"335559739\":160,\"335559740\":259}\"> <\/span><\/li>\n<\/ul>\n<p><b><span data-contrast=\"auto\">Werbematerialien<\/span><\/b><br \/>\n<span data-contrast=\"auto\">Gelegentlich wird auf Samiad-Kursen ein professioneller Fotograf Werbefotos und -videos f\u00fcr die Vermarktung zuk\u00fcnftiger Kurse machen. Eltern k\u00f6nnen der Werbefotografie ihrer Kinder widersprechen, indem sie das entsprechende K\u00e4stchen auf dem Anmeldeformular ankreuzen. <\/span><br \/>\n<span data-ccp-props=\"{\"201341983\":0,\"335559739\":160,\"335559740\":259}\"> <\/span><\/p>\n<p><b><span data-contrast=\"auto\">Reisevorbereitungen<\/span><\/b><br \/>\n<span data-contrast=\"auto\">Sie m\u00fcssen die Reisedetails so fr\u00fch wie m\u00f6glich einreichen. Wenn die Reisedetails nicht mindestens 1 Woche vor der Ankunft mitgeteilt werden, k\u00f6nnen wir nicht garantieren, dass der Sch\u00fcler vom Samiad-Personal vom Flughafen abgeholt wird. Wir behalten uns das Recht vor, eine Bearbeitungsgeb\u00fchr f\u00fcr die versp\u00e4tete Einreichung von Reisedetails zu erheben.  <\/span><span data-ccp-props=\"{\"201341983\":0,\"335559739\":160,\"335559740\":259}\"> <\/span><\/p>\n<p><span data-contrast=\"auto\">Flughafentransfers sind verf\u00fcgbar, bitte \u00fcberpr\u00fcfen Sie unsere Website f\u00fcr die neuesten Preise. Eine Transferbest\u00e4tigung wird nach Erhalt Ihrer Reisedetails und der entsprechenden Zahlung gesendet. <\/span><span data-ccp-props=\"{\"201341983\":0,\"335559739\":160,\"335559740\":259}\"> <\/span><\/p>\n<p><span data-contrast=\"auto\">Einige Fluggesellschaften erlauben Kindern unter 16 Jahren nicht, ohne Begleitung eines Erwachsenen zu reisen. Sie m\u00fcssen die aktuellen Richtlinien \u00fcberpr\u00fcfen, bevor Sie Fl\u00fcge buchen. <\/span><span data-ccp-props=\"{\"201341983\":0,\"335559739\":160,\"335559740\":259}\"> <\/span><\/p>\n<p><span data-contrast=\"auto\">Wenn Sie Ihre Reise selbst organisieren und direkt im Zentrum ankommen, teilen Sie uns bitte Ihre voraussichtliche Ankunftszeit mit. Bei der Ankunft m\u00fcssen die Sch\u00fcler ihre Reisep\u00e4sse, Flugtickets, ihr Taschengeld (oder Reiseschecks) und alle Medikamente im Kursb\u00fcro abgeben. <\/span><span data-ccp-props=\"{\"201341983\":0,\"335559739\":160,\"335559740\":259}\"> <\/span><\/p>\n<p><span data-contrast=\"auto\">Wenn ein Sch\u00fcler vor dem Ende des Studienzeitraums abreist und einen Abreisetransfer ben\u00f6tigt, organisieren wir den Transfer zum Abreiseort des Sch\u00fclers gegen eine zus\u00e4tzliche Geb\u00fchr.<\/span><span data-ccp-props=\"{\"201341983\":0,\"335559739\":160,\"335559740\":259}\"> <\/span><\/p>\n<p><span data-contrast=\"auto\">Sollte sich die Abreise eines Sch\u00fclers am Ende des Studienzeitraums aufgrund von Umst\u00e4nden verz\u00f6gern, die au\u00dferhalb der Kontrolle des Sch\u00fclers liegen, bietet Samiad weiterhin Vollpension und Betreuung an, bis die Abreise von den Eltern oder Erziehungsberechtigten des Sch\u00fclers arrangiert werden kann. F\u00fcr jede zus\u00e4tzliche Nacht berechnet Samiad zus\u00e4tzlich zu den Transfergeb\u00fchren 100 \u00a3. <\/span><span data-ccp-props=\"{\"201341983\":0,\"335559739\":160,\"335559740\":259}\"> <\/span><\/p>\n<p><b><span data-contrast=\"auto\">Versicherung<\/span><\/b><br \/>\n<span data-contrast=\"auto\">Alle Sch\u00fcler m\u00fcssen vor ihrer Ankunft in der Samiad Summer School versichert sein, um m\u00f6gliche Ereignisse wie medizinische Kosten, Verlust von Gep\u00e4ck, stornierte oder versp\u00e4tete Fl\u00fcge abzudecken.<\/span><span data-ccp-props=\"{\"201341983\":0,\"335559739\":160,\"335559740\":259}\"> <\/span><\/p>\n<p><span data-contrast=\"auto\">Samiad bietet eine Versicherung gegen eine zus\u00e4tzliche Geb\u00fchr von 10 \u00a3 pro Woche an. Details finden Sie hier. <\/span><br \/>\n<span data-ccp-props=\"{\"201341983\":0,\"335559739\":160,\"335559740\":259}\"> <\/span><\/p>\n<p><b><span data-contrast=\"auto\">Medizinisch<\/span><\/b><br \/>\n<span data-contrast=\"auto\">Sie m\u00fcssen uns vor Kursbeginn \u00fcber alle medizinischen oder di\u00e4tetischen Anforderungen informieren, die die F\u00e4higkeit des Sch\u00fclers zur Teilnahme am Kurs beeintr\u00e4chtigen k\u00f6nnten. Jeder Sch\u00fcler, der mit einer schwerwiegenden Erkrankung anreist, die zuvor nicht gemeldet wurde und eine regelm\u00e4\u00dfige Betreuung durch das Personal erfordert, kann ohne R\u00fcckerstattung der Geb\u00fchren nach Hause geschickt werden. <\/span><span data-ccp-props=\"{\"201341983\":0,\"335559739\":160,\"335559740\":259}\"> <\/span><\/p>\n<p><span data-contrast=\"auto\">Die Sch\u00fcler m\u00fcssen alle Medikamente, die sie mitbringen, bei der Ankunft beim Kurspersonal abgeben. Die Medikamente werden unter Aufsicht des Kurspersonals verabreicht. <\/span><span data-ccp-props=\"{\"201341983\":0,\"335559739\":160,\"335559740\":259}\"> <\/span><\/p>\n<p><span data-contrast=\"auto\">Im Falle eines medizinischen Notfalls wird Samiad, wenn die Eltern\/Erziehungsberechtigten des Sch\u00fclers nicht kontaktiert werden k\u00f6nnen, in loco parentis handeln und einen Arzt beauftragen, jede f\u00fcr notwendig erachtete medizinische Behandlung durchzuf\u00fchren sowie die Verabreichung eines An\u00e4sthetikums und eine Operation zu genehmigen.<\/span><br \/>\n<span data-ccp-props=\"{\"201341983\":0,\"335559739\":160,\"335559740\":259}\"> <\/span><\/p>\n<p><b><span data-contrast=\"auto\">Beschwerdeverfahren<\/span><\/b><span data-ccp-props=\"{\"201341983\":0,\"335559739\":160,\"335559740\":259}\"> <\/span><\/p>\n<p><span data-contrast=\"auto\">Alle Beschwerden werden innerhalb von 5 Werktagen nach Eingang der urspr\u00fcnglichen Beschwerde beantwortet.<\/span><span data-ccp-props=\"{\"201341983\":0,\"335559739\":160,\"335559740\":259}\"> <\/span><\/p>\n<p><span data-contrast=\"auto\">Beschwerden werden in folgende Bereiche unterteilt: vor dem Kurs, w\u00e4hrend des Kurses und nach dem Kurs.<\/span><span data-ccp-props=\"{\"201341983\":0,\"335559739\":160,\"335559740\":259}\"> <\/span><\/p>\n<p><span data-contrast=\"auto\">Beschwerden vor und nach dem Kurs sind an Ihren Zulassungsberater f\u00fcr Kunden oder Ihren Account Manager f\u00fcr Agenten und Partner zu richten. Wenn Sie der Meinung sind, dass keine angemessene L\u00f6sung gefunden wurde, wird Ihre Beschwerde an einen Manager innerhalb der Abteilung weitergeleitet. Wenn Sie mit der Antwort immer noch nicht zufrieden sind, wird Ihre Beschwerde an einen Samiad-Direktor weitergeleitet.  <\/span><span data-ccp-props=\"{\"201341983\":0,\"335559739\":160,\"335559740\":259}\"> <\/span><\/p>\n<p><span data-contrast=\"auto\">Beschwerden, die w\u00e4hrend eines Kurses vorgebracht werden, sind an ein Mitglied des Personals oder direkt an den Standortleiter zu richten. Alle Beschwerden werden dann an den Standortleiter weitergeleitet, der nach M\u00f6glichkeit eine zufriedenstellende L\u00f6sung f\u00fcr alle Parteien finden wird. Sollten Sie der Meinung sein, dass Ihre Beschwerde nicht zufriedenstellend behandelt wurde, wird Ihre Beschwerde an einen Samiad-Direktor weitergeleitet.  <\/span><br \/>\n<span data-ccp-props=\"{\"201341983\":0,\"335559739\":160,\"335559740\":259}\"> <\/span><\/p>\n<p><b><span data-contrast=\"auto\">Haftungsausschl\u00fcsse<\/span><\/b><br \/>\n<span data-contrast=\"auto\">Samiad verspricht nicht, dass die Website fehlerfrei und ohne Unterbrechung sein wird.<\/span><span data-ccp-props=\"{\"201341983\":0,\"335559739\":160,\"335559740\":259}\"> <\/span><\/p>\n<p><span data-contrast=\"auto\">Samiad. verspricht nicht, dass die Bilder und Beschreibungen von Produkten und Dienstleistungen auf der Website jederzeit eine exakte Widerspiegelung oder Darstellung der Produkte und Dienstleistungen sind, die von der Samad Summer School angeboten oder dort verf\u00fcgbar sind. Die Website und ihre Inhalte k\u00f6nnen ohne vorherige Ank\u00fcndigung ge\u00e4ndert werden. Samiad lehnt alle Haftungen oder Garantien, ausdr\u00fccklich oder stillschweigend, ab, die auf jeglichen Unterschieden zwischen den Beschreibungen von Produkten und Dienstleistungen auf der Website und den tats\u00e4chlichen Merkmalen der Produkte und Dienstleistungen beruhen, die von der Samiad Summer School angeboten oder dort verf\u00fcgbar sind.    <\/span><span data-ccp-props=\"{\"201341983\":0,\"335559739\":160,\"335559740\":259}\"> <\/span><\/p>\n<p><span data-contrast=\"auto\">Insbesondere die Dienstleistungen und der Betrieb von Sport- und Freizeiteinrichtungen bei Samiad sowie andere Einrichtungen, die im Rahmen unseres Ausflugsprogramms genutzt werden, k\u00f6nnen sich je nach Wetterbedingungen und anderen unvorhergesehenen Umst\u00e4nden \u00e4ndern.<\/span><span data-ccp-props=\"{\"201341983\":0,\"335559739\":160,\"335559740\":259}\"> <\/span><\/p>\n<p><b><span data-contrast=\"auto\">\u00c4nderungen der Allgemeinen Gesch\u00e4ftsbedingungen <\/span><\/b><br \/>\n<span data-contrast=\"auto\">Diese Allgemeinen Gesch\u00e4ftsbedingungen k\u00f6nnen von Zeit zu Zeit ge\u00e4ndert werden. Alle diese \u00c4nderungen werden auf dieser Seite ver\u00f6ffentlicht.  <\/span><span data-ccp-props=\"{\"201341983\":0,\"335559739\":160,\"335559740\":259}\"> <\/span><\/p>\n<p><span data-contrast=\"auto\">Das G\u00fcltigkeitsdatum dieser Allgemeinen Gesch\u00e4ftsbedingungen ist der 22. Februar 2024<\/span><span data-contrast=\"auto\">.<\/span><span data-ccp-props=\"{\"201341983\":0,\"335559739\":160,\"335559740\":259}\"> <\/span><\/p>\n<p><span data-ccp-props=\"{\"201341983\":0,\"335559739\":160,\"335559740\":259}\"> <\/span>[\/vc_column_text][\/vc_column][\/vc_row]<\/p>\n<\/div>","protected":false},"excerpt":{"rendered":"<p>[vc_row css=&#8220;.vc_custom_1680087657818{padding-top: 35px !important;}&#8220;][vc_column][vc_column_text] Allgemeine Gesch\u00e4ftsbedingungen Um sich einen Platz in einem Kurs zu sichern, muss ein Anmeldeformular ausgef\u00fcllt und an Samiad Ltd oder einen anerkannten Vertreter\/Partner gesendet werden. Nach Eingang des Anmeldeformulars erhalten Sie ein Angebotsschreiben, das Ihnen einen verf\u00fcgbaren Platz best\u00e4tigt und die Zahlungsanweisungen einschlie\u00dflich der Allgemeinen Gesch\u00e4ftsbedingungen hervorhebt. Die Pl\u00e4tze werden in&hellip;&nbsp;<a href=\"https:\/\/www.samiad.com\/de\/allgemeine-geschaftsbedingungen\/\" rel=\"bookmark\">Weiterlesen &raquo;<span class=\"screen-reader-text\">Allgemeine Gesch\u00e4ftsbedingungen<\/span><\/a><\/p>\n","protected":false},"author":1,"featured_media":0,"parent":0,"menu_order":0,"comment_status":"closed","ping_status":"closed","template":"","meta":{"_acf_changed":false,"neve_meta_sidebar":"","neve_meta_container":"","neve_meta_enable_content_width":"off","neve_meta_content_width":100,"neve_meta_title_alignment":"","neve_meta_author_avatar":"","neve_post_elements_order":"","neve_meta_disable_header":"","neve_meta_disable_footer":"","neve_meta_disable_title":"","neve_meta_reading_time":"","footnotes":""},"class_list":["post-10952","page","type-page","status-publish","hentry"],"acf":[],"_links":{"self":[{"href":"https:\/\/www.samiad.com\/de\/wp-json\/wp\/v2\/pages\/10952","targetHints":{"allow":["GET"]}}],"collection":[{"href":"https:\/\/www.samiad.com\/de\/wp-json\/wp\/v2\/pages"}],"about":[{"href":"https:\/\/www.samiad.com\/de\/wp-json\/wp\/v2\/types\/page"}],"author":[{"embeddable":true,"href":"https:\/\/www.samiad.com\/de\/wp-json\/wp\/v2\/users\/1"}],"replies":[{"embeddable":true,"href":"https:\/\/www.samiad.com\/de\/wp-json\/wp\/v2\/comments?post=10952"}],"version-history":[{"count":0,"href":"https:\/\/www.samiad.com\/de\/wp-json\/wp\/v2\/pages\/10952\/revisions"}],"wp:attachment":[{"href":"https:\/\/www.samiad.com\/de\/wp-json\/wp\/v2\/media?parent=10952"}],"curies":[{"name":"wp","href":"https:\/\/api.w.org\/{rel}","templated":true}]}}