{"id":11067,"date":"2024-11-20T08:31:31","date_gmt":"2024-11-20T08:31:31","guid":{"rendered":"https:\/\/www.samiad.com\/programmes\/intensive-english\/"},"modified":"2026-04-14T15:57:33","modified_gmt":"2026-04-14T15:57:33","slug":"intensiv-englisch","status":"publish","type":"page","link":"https:\/\/www.samiad.com\/de\/programme\/intensiv-englisch\/","title":{"rendered":"Intensiv-Englisch"},"content":{"rendered":"<div class=\"wpb-content-wrapper\"><p>[vc_row][vc_column]\n\t\t\t<!-- START Intensive english REVOLUTION SLIDER 6.6.18 --><p class=\"rs-p-wp-fix\"><\/p>\n\t\t\t<rs-module-wrap id=\"rev_slider_22_1_wrapper\" data-source=\"gallery\" style=\"visibility:hidden;background:transparent;padding:0;margin:0px auto;margin-top:0;margin-bottom:0;\">\n\t\t\t\t<rs-module id=\"rev_slider_22_1\" style=\"\" data-version=\"6.6.18\">\n\t\t\t\t\t<rs-slides style=\"overflow: hidden; position: absolute;\">\n\t\t\t\t\t\t<rs-slide style=\"position: absolute;\" data-key=\"rs-59\" data-title=\"Slide\" data-in=\"o:0;\" data-out=\"a:false;\">\n\t\t\t\t\t\t\t<img decoding=\"async\" src=\"\/\/www.samiad.com\/wp-content\/plugins\/revslider\/public\/assets\/assets\/dummy.png\" alt=\"Intensive English\" title=\"Englishheader\" width=\"1920\" height=\"1000\" class=\"rev-slidebg tp-rs-img rs-lazyload\" data-lazyload=\"\/\/samiad.com\/wp-content\/uploads\/2023\/03\/Englishheader.jpg\" data-no-retina>\n<!--\n\t\t\t\t\t\t\t--><rs-layer\n\t\t\t\t\t\t\t\tid=\"slider-22-slide-59-layer-0\" \n\t\t\t\t\t\t\t\tdata-type=\"text\"\n\t\t\t\t\t\t\t\tdata-rsp_ch=\"on\"\n\t\t\t\t\t\t\t\tdata-xy=\"x:c;xo:-94px,-94px,-94px,65px;y:m;yo:299px,299px,299px,167px;\"\n\t\t\t\t\t\t\t\tdata-text=\"w:normal;s:70,70,70,65;l:70,70,70,65;\"\n\t\t\t\t\t\t\t\tdata-dim=\"w:1194px,1194px,1194px,519px;\"\n\t\t\t\t\t\t\t\tdata-frame_0=\"x:0,0,0,0px;y:0,0,0,0px;o:1;\"\n\t\t\t\t\t\t\t\tdata-frame_0_chars=\"d:5;x:0,0,0,0px;y:0,0,0,0px;o:0;rX:-90deg;oZ:-50;\"\n\t\t\t\t\t\t\t\tdata-frame_1=\"x:0,0,0,0px;y:0,0,0,0px;sp:1750;\"\n\t\t\t\t\t\t\t\tdata-frame_1_chars=\"e:power4.inOut;d:10;x:0,0,0,0px;y:0,0,0,0px;oZ:-50;\"\n\t\t\t\t\t\t\t\tdata-frame_999=\"o:0;st:w;sR:150;\"\n\t\t\t\t\t\t\t\tstyle=\"z-index:7;font-family:'Playfair Display';\"\n\t\t\t\t\t\t\t>INTENSIVE ENGLISH \n\t\t\t\t\t\t\t<\/rs-layer><!--\n\n\t\t\t\t\t\t\t--><rs-layer\n\t\t\t\t\t\t\t\tid=\"slider-22-slide-59-layer-1\" \n\t\t\t\t\t\t\t\tdata-type=\"shape\"\n\t\t\t\t\t\t\t\tdata-rsp_ch=\"on\"\n\t\t\t\t\t\t\t\tdata-xy=\"x:c;y:m;\"\n\t\t\t\t\t\t\t\tdata-text=\"w:normal;s:20,20,20,4;l:0,0,0,6;\"\n\t\t\t\t\t\t\t\tdata-dim=\"w:2880px,2880px,2880px,720px;h:1500px,1500px,1500px,757px;\"\n\t\t\t\t\t\t\t\tdata-frame_999=\"o:0;st:w;\"\n\t\t\t\t\t\t\t\tstyle=\"z-index:6;background-color:rgba(0,0,0,0.36);\"\n\t\t\t\t\t\t\t> \n\t\t\t\t\t\t\t<\/rs-layer><!--\n\n\t\t\t\t\t\t\t--><rs-layer\n\t\t\t\t\t\t\t\tid=\"slider-22-slide-59-layer-3\" \n\t\t\t\t\t\t\t\tdata-type=\"shape\"\n\t\t\t\t\t\t\t\tdata-rsp_ch=\"on\"\n\t\t\t\t\t\t\t\tdata-xy=\"xo:251px,251px,251px,23px;yo:677px,677px,677px,433px;\"\n\t\t\t\t\t\t\t\tdata-text=\"w:normal;s:20,20,20,4;l:0,0,0,6;\"\n\t\t\t\t\t\t\t\tdata-dim=\"w:1px;h:245px,245px,245px,217px;\"\n\t\t\t\t\t\t\t\tdata-frame_0=\"y:-50,-50,-50,-11;\"\n\t\t\t\t\t\t\t\tdata-frame_1=\"sp:1000;\"\n\t\t\t\t\t\t\t\tdata-frame_999=\"o:0;st:w;sR:4000;\"\n\t\t\t\t\t\t\t\tstyle=\"z-index:8;background-color:#ffffff;\"\n\t\t\t\t\t\t\t> \n\t\t\t\t\t\t\t<\/rs-layer><!--\n-->\t\t\t\t\t\t<\/rs-slide>\n\t\t\t\t\t<\/rs-slides>\n\t\t\t\t<\/rs-module>\n\t\t\t\t<script>\n\t\t\t\t\tsetREVStartSize({c: 'rev_slider_22_1',rl:[1240,1240,1240,480],el:[1000,1000,1000,720],gw:[1920,1920,1920,480],gh:[1000,1000,1000,720],type:'standard',justify:'',layout:'fullwidth',mh:\"0\"});if (window.RS_MODULES!==undefined && window.RS_MODULES.modules!==undefined && window.RS_MODULES.modules[\"revslider221\"]!==undefined) {window.RS_MODULES.modules[\"revslider221\"].once = false;window.revapi22 = undefined;if (window.RS_MODULES.checkMinimal!==undefined) window.RS_MODULES.checkMinimal()}\n\t\t\t\t<\/script>\n\t\t\t<\/rs-module-wrap>\n\t\t\t<!-- END REVOLUTION SLIDER -->\n[\/vc_column][\/vc_row][vc_row gap=&#8220;35&#8243; css=&#8220;.vc_custom_1677503075899{padding-top: 50px !important;}&#8220; el_id=&#8220;Multiaktivit\u00e4t&#8220;][vc_column width=&#8220;1\/2&#8243;][vc_column_text]<\/p>\n<h2>Standort<\/h2>\n<p>&#8211;  <a href=\"https:\/\/www.samiad.com\/de\/box-hill-schule\/\">RGS Surrey Hills<\/a><br \/>\n&#8211;  <a href=\"https:\/\/www.samiad.com\/de\/the-oratory-school\/\">The Oratory School<\/a><br \/>\n &#8211; <a href=\"https:\/\/www.samiad.com\/de\/marlborough-college\/\">Marlborough College<\/a><br \/>\n &#8211; <a href=\"https:\/\/www.samiad.com\/de\/trent-college\/\">Trent College<\/a><br \/>\n &#8211;    <a href=\"https:\/\/www.samiad.com\/de\/bromsgrove-schule\/\">Bromsgrove School<\/a><\/p>\n<h2>Termine<\/h2>\n<p><span style=\"font-weight: 400;\">Dienstag, 30.<\/span><span style=\"font-weight: 400;\">th<\/span><span style=\"font-weight: 400;\"> Juni \u2013 Sonntag, 23. August 2026<br \/>\n<\/span><\/p>\n<h2>Alter<\/h2>\n<p>6 \u2013 17 Jahre[\/vc_column_text][\/vc_column][vc_column width=&#8220;1\/2&#8243;][vc_column_text]<\/p>\n<h1>Samiad Intensivprogramm Englisch<\/h1>\n<h2>\u00dcberblick<\/h2>\n<p>Willkommen zu unserem Intensivprogramm Englisch \u2013 die perfekte Wahl f\u00fcr Studenten, die spezifische Sprachlernziele erreichen und schnelle Fortschritte in ihren Englischkenntnissen erzielen m\u00f6chten! Unser Intensivprogramm Englisch bietet zus\u00e4tzlich zu unserem regul\u00e4ren 15-Stunden-Englischkurs 12 Stunden zus\u00e4tzlichen Englischunterricht pro Woche. Diese zus\u00e4tzlichen Kurse finden in kleinen Gruppen von drei oder weniger Personen statt, was eine personalisierte Lernerfahrung erm\u00f6glicht, die auf die individuellen Bed\u00fcrfnisse jedes Sch\u00fclers zugeschnitten ist.  <\/p>\n<h2>Highlights<\/h2>\n<p>[\/vc_column_text][vc_row_inner][vc_column_inner width=&#8220;1\/2&#8243;][vc_column_text]<\/p>\n<ul>\n<li>Unterkunft im Wohnheim<\/li>\n<li>Vollpension<\/li>\n<li>12 Stunden Intensiv-Englisch in kleinen Gruppen<\/li>\n<li>Vollst\u00e4ndiger Aktivit\u00e4tenplan<\/li>\n<\/ul>\n<p>[\/vc_column_text][\/vc_column_inner][vc_column_inner width=&#8220;1\/2&#8243;][vc_column_text]<\/p>\n<ul>\n<li>24-Stunden-Betreuung<\/li>\n<li>Zwei Ausfl\u00fcge pro Woche<\/li>\n<li>Ein Ausflug mit \u00dcbernachtung!<\/li>\n<li>Betreuungsverh\u00e4ltnis von 1:6<\/li>\n<\/ul>\n<p>[\/vc_column_text][\/vc_column_inner][\/vc_row_inner][\/vc_column][\/vc_row][vc_row css=&#8220;.vc_custom_1677508408073{padding-top: 50px !important;padding-bottom: 50px !important;}&#8220;][vc_column][vc_btn title=&#8220;Enquire Now&#8220; style=&#8220;custom&#8220; custom_background=&#8220;#ad986e&#8220; custom_text=&#8220;#ffffff&#8220; shape=&#8220;square&#8220; align=&#8220;center&#8220; el_id=&#8220;button-main&#8220; link=&#8220;url:https%3A%2F%2Fwww.samiad.com%2Fde%2Fjetzt-anfragen%2F|title:Enquire%20Now|&#8220;][\/vc_column][\/vc_row][vc_row full_width=&#8220;stretch_row&#8220; css=&#8220;.vc_custom_1679927945394{padding-top: 50px !important;padding-bottom: 50px !important;background-color: #eae3ee !important;}&#8220; el_id=&#8220;Farbblock&#8220;][vc_column][vc_row_inner content_placement=&#8220;middle&#8220; gap=&#8220;35&#8243;][vc_column_inner width=&#8220;1\/4&#8243;][vc_single_image image=&#8220;4882&#8243; img_size=&#8220;full&#8220; alignment=&#8220;center&#8220; css_animation=&#8220;slideInUp&#8220;][\/vc_column_inner][vc_column_inner width=&#8220;1\/4&#8243; css=&#8220;.vc_custom_1677239832236{padding-top: 50px !important;}&#8220;][vc_single_image image=&#8220;4887&#8243; img_size=&#8220;full&#8220; alignment=&#8220;center&#8220; css_animation=&#8220;slideInDown&#8220; css=&#8220;.vc_custom_1678716814751{padding-top: 30px !important;}&#8220;][\/vc_column_inner][vc_column_inner width=&#8220;1\/2&#8243;][vc_column_text css_animation=&#8220;slideInRight&#8220; css=&#8220;.vc_custom_1679654293298{padding-top: 100px !important;}&#8220;]<\/p>\n<h2>Maximieren Sie Ihre Zeit!<\/h2>\n<p>Wir verwenden eine Vielzahl von Lehrmethoden und -materialien, um sicherzustellen, dass unsere Lektionen ansprechend und effektiv sind, und wir geben regelm\u00e4\u00dfiges Feedback, um Ihnen zu helfen, Ihre Fortschritte zu verfolgen und motiviert zu bleiben.[\/vc_column_text][\/vc_column_inner][\/vc_row_inner][\/vc_column][\/vc_row][vc_row gap=&#8220;35&#8243; css=&#8220;.vc_custom_1677503087496{border-bottom-width: 50px !important;padding-top: 50px !important;}&#8220; el_id=&#8220;Blockbereich&#8220;][vc_column width=&#8220;1\/2&#8243;][vc_column_text css=&#8220;.vc_custom_1763470179304{padding-top: 30px !important;padding-right: 30px !important;padding-bottom: 30px !important;padding-left: 30px !important;background-color: #ffffff !important;}&#8220; el_class=&#8220;white-box&#8220;]<\/p>\n<h2>Englischunterricht<\/h2>\n<p>Tauchen Sie ein in den Unterricht, der von einem Team aus erfahrenen und begeisterten TEFL-qualifizierten Englischlehrern geleitet wird.<\/p>\n<p>&nbsp;<\/p>\n<p><a href=\"https:\/\/samiad.com\/english-lessons\/\" target=\"_blank\" rel=\"noopener\">Mehr entdecken<\/a>[\/vc_column_text][vc_single_image image=&#8220;4542&#8243; img_size=&#8220;full&#8220; el_id=&#8220;white-box-image&#8220;][\/vc_column][vc_column width=&#8220;1\/2&#8243;][vc_single_image image=&#8220;4892&#8243; img_size=&#8220;full&#8220; alignment=&#8220;right&#8220; el_id=&#8220;white-box-image-right&#8220;][vc_column_text css=&#8220;.vc_custom_1700151194548{padding-top: 30px !important;padding-right: 30px !important;padding-bottom: 30px !important;padding-left: 30px !important;background-color: #ffffff !important;}&#8220; el_class=&#8220;white-box-right&#8220;]<\/p>\n<h2>F\u00fcr alle Altersgruppen<\/h2>\n<p>Machen Sie sich keine Sorgen, dass Sie etwas verpassen, Sie k\u00f6nnen an der Aktivit\u00e4t am sp\u00e4ten Nachmittag und an allen Abendaktivit\u00e4ten teilnehmen, die wir geplant haben.<\/p>\n<p>&nbsp;<\/p>\n<p><a href=\"https:\/\/samiad.com\/wp-content\/uploads\/2023\/11\/Intensive-English-Schedule-2024-3-4.pdf\" target=\"_blank\" rel=\"noopener\">Programm ansehen<\/a>[\/vc_column_text][\/vc_column][\/vc_row][vc_row full_width=&#8220;stretch_row&#8220; css=&#8220;.vc_custom_1677509492784{padding-top: 100px !important;padding-bottom: 100px !important;background-color: #e6e1d6 !important;}&#8220;][vc_column][vc_row_inner content_placement=&#8220;middle&#8220; gap=&#8220;35&#8243;][vc_column_inner width=&#8220;1\/2&#8243;][vc_single_image image=&#8220;4517&#8243; img_size=&#8220;full&#8220; alignment=&#8220;center&#8220; css_animation=&#8220;slideInLeft&#8220;][\/vc_column_inner][vc_column_inner width=&#8220;1\/2&#8243; css=&#8220;.vc_custom_1677239832236{padding-top: 50px !important;}&#8220;][vc_column_text]<\/p>\n<h2>SEHEN SIE DIE SEHENSW\u00dcRDIGKEITEN<\/h2>\n<p>Die <a href=\"https:\/\/www.samiad.com\/de\/\">internationale Sommerschule Samiad in Gro\u00dfbritannien<\/a> ist vor allem f\u00fcr die exklusiven Ausfl\u00fcge bekannt, die wir im Rahmen unserer Programme anbieten. Wir haben die Ausfl\u00fcge sorgf\u00e4ltig ausgew\u00e4hlt, um eine Mischung aus Geschichte, Kultur und Unterhaltung zu bieten. <\/p>\n<p>Machen Sie eine Bootstour durch Cambridge, erkunden Sie die ber\u00fchmtesten Londoner Sehensw\u00fcrdigkeiten und genie\u00dfen Sie unsere spektakul\u00e4re \u00dcbernachtung in einem mittelalterlichen Schloss.<\/p>\n<p>Gehen Sie mit Erinnerungen nach Hause, \u00fcber die Sie es kaum erwarten k\u00f6nnen, zu sprechen.[\/vc_column_text][\/vc_column_inner][\/vc_row_inner][\/vc_column][\/vc_row][vc_row full_width=&#8220;stretch_row&#8220; gap=&#8220;35&#8243; equal_height=&#8220;yes&#8220; css=&#8220;.vc_custom_1678875855583{padding-top: 50px !important;padding-bottom: 50px !important;background-color: #ebebeb !important;}&#8220;][vc_column el_id=&#8220;no-padding&#8220;][vc_column_text css=&#8220;.vc_custom_1678269135934{padding-top: 30px !important;padding-bottom: 30px !important;}&#8220;]<\/p>\n<h2 style=\"text-align: center;\">Standorte<\/h2>\n<p>[\/vc_column_text][vc_row_inner equal_height=&#8220;yes&#8220; gap=&#8220;35&#8243;][vc_column_inner width=&#8220;1\/3&#8243; css=&#8220;.vc_custom_1678875878593{background-color: #ffffff !important;}&#8220;][vc_single_image image=&#8220;5117&#8243; img_size=&#8220;full&#8220; alignment=&#8220;center&#8220;][vc_column_text css=&#8220;.vc_custom_1770910642625{padding-top: 20px !important;padding-right: 20px !important;padding-bottom: 20px !important;padding-left: 20px !important;}&#8220;]<\/p>\n<p style=\"text-align: center;\">SURREY<\/p>\n<h2 style=\"text-align: center;\">RGS SURREY<br \/>\nHILLS<\/h2>\n<p style=\"text-align: center;\">5. Juli \u2013 23. August<\/p>\n<p style=\"text-align: center;\"><strong>4.100 \u00a3 f\u00fcr 14 N\u00e4chte<\/strong><\/p>\n<p style=\"text-align: center;\"><a href=\"https:\/\/samiad.com\/enquire-now\/\" target=\"_blank\" rel=\"noopener\">Jetzt anfragen<\/a><\/p>\n<p style=\"text-align: center;\"><a href=\"https:\/\/samiad.com\/box-hill-school\/\" target=\"_blank\" rel=\"noopener\">Mehr entdecken<\/a><\/p>\n<p>[\/vc_column_text][\/vc_column_inner][vc_column_inner width=&#8220;1\/3&#8243; css=&#8220;.vc_custom_1678269183727{background-color: #ffffff !important;}&#8220;][vc_single_image image=&#8220;5132&#8243; img_size=&#8220;full&#8220; alignment=&#8220;center&#8220;][vc_column_text css=&#8220;.vc_custom_1760521227625{padding-top: 20px !important;padding-right: 20px !important;padding-bottom: 20px !important;padding-left: 20px !important;}&#8220;]<\/p>\n<p style=\"text-align: center;\">NOTTINGHAM<\/p>\n<h2 style=\"text-align: center;\">TRENT<br \/>\nCOLLEGE<\/h2>\n<p style=\"text-align: center;\">5. Juli \u2013 23. August<\/p>\n<p style=\"text-align: center;\"><strong>3.850 \u00a3 f\u00fcr 14 N\u00e4chte<\/strong><\/p>\n<p style=\"text-align: center;\"><a href=\"https:\/\/samiad.com\/enquire-now\/\" target=\"_blank\" rel=\"noopener\">Jetzt anfragen<\/a><\/p>\n<p style=\"text-align: center;\"><a href=\"https:\/\/samiad.com\/trent-college\/\" target=\"_blank\" rel=\"noopener\">Mehr entdecken<\/a><\/p>\n<p>[\/vc_column_text][\/vc_column_inner][vc_column_inner width=&#8220;1\/3&#8243; css=&#8220;.vc_custom_1678875871097{background-color: #ffffff !important;}&#8220;][vc_single_image image=&#8220;5127&#8243; img_size=&#8220;full&#8220; alignment=&#8220;center&#8220;][vc_column_text css=&#8220;.vc_custom_1760521124507{padding-top: 20px !important;padding-right: 20px !important;padding-bottom: 20px !important;padding-left: 20px !important;}&#8220;]<\/p>\n<p style=\"text-align: center;\">OXFORDSHIRE<\/p>\n<h2 style=\"text-align: center;\">THE ORATORY SCHOOL<\/h2>\n<p style=\"text-align: center;\" data-pm-slice=\"1 1 [\"list\",{},\"list_item\",{\"indent\":1,\"type\":\"numbered\"}]\">5. Juli &#8211; 9. August<\/p>\n<p style=\"text-align: center;\"><strong>4.000 \u00a3 f\u00fcr 14 N\u00e4chte<\/strong><\/p>\n<p style=\"text-align: center;\"><a href=\"https:\/\/samiad.com\/enquire-now\/\" target=\"_blank\" rel=\"noopener\">Jetzt anfragen<\/a><\/p>\n<p style=\"text-align: center;\"><a href=\"https:\/\/samiad.com\/the-oratory-school\/\" target=\"_blank\" rel=\"noopener\">Mehr entdecken<\/a><\/p>\n<p>[\/vc_column_text][\/vc_column_inner][\/vc_row_inner][vc_row_inner equal_height=&#8220;yes&#8220; gap=&#8220;35&#8243;][vc_column_inner width=&#8220;1\/3&#8243; css=&#8220;.vc_custom_1695820238012{background-color: #ffffff !important;}&#8220;][vc_single_image image=&#8220;6987&#8243; img_size=&#8220;full&#8220; alignment=&#8220;center&#8220;][vc_column_text css=&#8220;.vc_custom_1760521139718{padding-top: 20px !important;padding-right: 20px !important;padding-bottom: 20px !important;padding-left: 20px !important;}&#8220;]<\/p>\n<p style=\"text-align: center;\">WILTSHIRE<\/p>\n<h2 style=\"text-align: center;\">MARLBOROUGH COLLEGE<\/h2>\n<p style=\"text-align: center;\">7. Juli \u2013 11. August<\/p>\n<p style=\"text-align: center;\"><strong>4.000 \u00a3 f\u00fcr 14 N\u00e4chte<\/strong><\/p>\n<p style=\"text-align: center;\"><a href=\"https:\/\/samiad.com\/enquire-now\/\" target=\"_blank\" rel=\"noopener\">Jetzt anfragen<\/a><\/p>\n<p style=\"text-align: center;\"><a href=\"https:\/\/www.samiad.com\/de\/marlborough-college\/\">Mehr entdecken<\/a><\/p>\n<p>[\/vc_column_text][\/vc_column_inner][vc_column_inner width=&#8220;1\/3&#8243; css=&#8220;.vc_custom_1716904935260{background-color: #ffffff !important;}&#8220;][vc_single_image image=&#8220;6637&#8243; img_size=&#8220;full&#8220; alignment=&#8220;center&#8220;][vc_column_text css=&#8220;.vc_custom_1772104226434{padding-top: 20px !important;padding-right: 20px !important;padding-bottom: 20px !important;padding-left: 20px !important;}&#8220;]<\/p>\n<p style=\"text-align: center;\">BIRMINGHAM<\/p>\n<h2 style=\"text-align: center;\">BROMSGROVE SCHOOL<\/h2>\n<p style=\"text-align: center;\">30. Juni \u2013 28. Juli<\/p>\n<p style=\"text-align: center;\"><strong>Ab \u00a3 3.350 f\u00fcr 14 N\u00e4chte<\/strong><\/p>\n<p style=\"text-align: center;\"><a href=\"https:\/\/samiad.com\/enquire-now\/\" target=\"_blank\" rel=\"noopener\">Jetzt anfragen<\/a><\/p>\n<p style=\"text-align: center;\"><a href=\"https:\/\/samiad.com\/bromsgrove-school\/\" target=\"_blank\" rel=\"noopener\">Mehr entdecken<\/a><\/p>\n<p>[\/vc_column_text][\/vc_column_inner][\/vc_row_inner][\/vc_column][\/vc_row][vc_row][vc_column]\n\t\t\t<!-- START multibottomgerman REVOLUTION SLIDER 6.6.18 --><p class=\"rs-p-wp-fix\"><\/p>\n\t\t\t<rs-module-wrap id=\"rev_slider_92_2_wrapper\" data-source=\"gallery\" style=\"visibility:hidden;background:transparent;padding:0;margin:0px auto;margin-top:0;margin-bottom:0;\">\n\t\t\t\t<rs-module id=\"rev_slider_92_2\" style=\"\" data-version=\"6.6.18\">\n\t\t\t\t\t<rs-slides style=\"overflow: hidden; position: absolute;\">\n\t\t\t\t\t\t<rs-slide style=\"position: absolute;\" data-key=\"rs-290\" data-title=\"Slide\" data-thumb=\"\/\/samiad.com\/wp-content\/uploads\/2023\/02\/multi-banner_0003_Bottom-Banner-1.jpg\" data-anim=\"e:slidingoverlay;ms:2000;\" data-in=\"o:1;x:-100%;\" data-out=\"a:false;\">\n\t\t\t\t\t\t\t<img decoding=\"async\" src=\"\/\/www.samiad.com\/wp-content\/plugins\/revslider\/public\/assets\/assets\/dummy.png\" alt=\"\" title=\"multi-banner_0003_Bottom Banner 1\" width=\"1920\" height=\"800\" class=\"rev-slidebg tp-rs-img rs-lazyload\" data-lazyload=\"\/\/samiad.com\/wp-content\/uploads\/2023\/02\/multi-banner_0003_Bottom-Banner-1.jpg\" data-no-retina>\n<!--\n\t\t\t\t\t\t\t--><rs-layer\n\t\t\t\t\t\t\t\tid=\"slider-92-slide-290-layer-0\" \n\t\t\t\t\t\t\t\tdata-type=\"text\"\n\t\t\t\t\t\t\t\tdata-rsp_ch=\"on\"\n\t\t\t\t\t\t\t\tdata-xy=\"x:c;xo:-135px,-135px,-135px,3px;y:m;yo:272px,272px,272px,45px;\"\n\t\t\t\t\t\t\t\tdata-text=\"w:normal;s:51,51,51,33;l:70,70,70,46;a:left,left,left,center;\"\n\t\t\t\t\t\t\t\tdata-dim=\"w:1062px,1062px,1062px,423px;\"\n\t\t\t\t\t\t\t\tdata-frame_0=\"o:1;\"\n\t\t\t\t\t\t\t\tdata-frame_0_chars=\"d:5;o:0;rX:-90deg;oZ:-50;\"\n\t\t\t\t\t\t\t\tdata-frame_1=\"sp:1500;\"\n\t\t\t\t\t\t\t\tdata-frame_1_chars=\"e:power4.inOut;d:10;oZ:-50;\"\n\t\t\t\t\t\t\t\tdata-frame_999=\"x:-50,-50,-50,-11;o:0;st:w;sp:1000;\"\n\t\t\t\t\t\t\t\tstyle=\"z-index:7;font-family:'Playfair Display';text-transform:uppercase;\"\n\t\t\t\t\t\t\t>Erleben Sie eine unvergessliche<br \/>\nErfahrung mit Samiad! \n\t\t\t\t\t\t\t<\/rs-layer><!--\n\n\t\t\t\t\t\t\t--><rs-layer\n\t\t\t\t\t\t\t\tid=\"slider-92-slide-290-layer-3\" \n\t\t\t\t\t\t\t\tdata-type=\"shape\"\n\t\t\t\t\t\t\t\tdata-rsp_ch=\"on\"\n\t\t\t\t\t\t\t\tdata-xy=\"xo:273px,273px,273px,-148px;yo:596px,596px,596px,111px;\"\n\t\t\t\t\t\t\t\tdata-text=\"w:normal;s:20,20,20,4;l:0,0,0,6;\"\n\t\t\t\t\t\t\t\tdata-dim=\"w:1px;h:150px,150px,150px,37px;\"\n\t\t\t\t\t\t\t\tdata-frame_0=\"y:-50,-50,-50,-11;\"\n\t\t\t\t\t\t\t\tdata-frame_1=\"sp:1000;\"\n\t\t\t\t\t\t\t\tdata-frame_999=\"o:0;st:w;sR:4000;\"\n\t\t\t\t\t\t\t\tstyle=\"z-index:8;background-color:#ffffff;\"\n\t\t\t\t\t\t\t> \n\t\t\t\t\t\t\t<\/rs-layer><!--\n\n\t\t\t\t\t\t\t--><rs-layer\n\t\t\t\t\t\t\t\tid=\"slider-92-slide-290-layer-4\" \n\t\t\t\t\t\t\t\tdata-type=\"shape\"\n\t\t\t\t\t\t\t\tdata-rsp_ch=\"on\"\n\t\t\t\t\t\t\t\tdata-xy=\"x:c;xo:7px,7px,7px,1px;y:m;yo:-98px,-98px,-98px,-24px;\"\n\t\t\t\t\t\t\t\tdata-text=\"w:normal;s:20,20,20,4;l:0,0,0,6;\"\n\t\t\t\t\t\t\t\tdata-dim=\"w:2880px,2880px,2880px,936px;h:1200px,1200px,1200px,905px;\"\n\t\t\t\t\t\t\t\tdata-vbility=\"f,f,f,f\"\n\t\t\t\t\t\t\t\tdata-frame_0=\"x:0,0,0,0px;y:0,0,0,0px;\"\n\t\t\t\t\t\t\t\tdata-frame_1=\"x:0,0,0,0px;y:0,0,0,0px;\"\n\t\t\t\t\t\t\t\tdata-frame_999=\"o:0;st:w;sR:4700;\"\n\t\t\t\t\t\t\t\tstyle=\"z-index:6;background-color:rgba(0,0,0,0.5);\"\n\t\t\t\t\t\t\t> \n\t\t\t\t\t\t\t<\/rs-layer><!--\n-->\t\t\t\t\t\t<\/rs-slide>\n\t\t\t\t\t\t<rs-slide style=\"position: absolute;\" data-key=\"rs-291\" data-title=\"Slide\" data-thumb=\"\/\/samiad.com\/wp-content\/uploads\/2024\/12\/97726047a5c9ce657863ee85a762adc5-scaled.jpg\" data-anim=\"e:slidingoverlay;ms:2000;\" data-in=\"o:1;x:-100%;\" data-out=\"a:false;\">\n\t\t\t\t\t\t\t<img decoding=\"async\" src=\"\/\/www.samiad.com\/wp-content\/plugins\/revslider\/public\/assets\/assets\/dummy.png\" alt=\"\" title=\"97726047a5c9ce657863ee85a762adc5\" width=\"2560\" height=\"1703\" class=\"rev-slidebg tp-rs-img rs-lazyload\" data-lazyload=\"\/\/samiad.com\/wp-content\/uploads\/2024\/12\/97726047a5c9ce657863ee85a762adc5-scaled.jpg\" data-no-retina>\n<!--\n\t\t\t\t\t\t\t--><rs-layer\n\t\t\t\t\t\t\t\tid=\"slider-92-slide-291-layer-0\" \n\t\t\t\t\t\t\t\tdata-type=\"text\"\n\t\t\t\t\t\t\t\tdata-rsp_ch=\"on\"\n\t\t\t\t\t\t\t\tdata-xy=\"x:c;xo:-111px,-111px,-111px,3px;y:m;yo:272px,272px,272px,45px;\"\n\t\t\t\t\t\t\t\tdata-text=\"w:normal;s:51,51,51,33;l:70,70,70,46;a:left,left,left,center;\"\n\t\t\t\t\t\t\t\tdata-dim=\"w:1110px,1110px,1110px,423px;\"\n\t\t\t\t\t\t\t\tdata-frame_0=\"o:1;\"\n\t\t\t\t\t\t\t\tdata-frame_0_chars=\"d:5;o:0;rX:-90deg;oZ:-50;\"\n\t\t\t\t\t\t\t\tdata-frame_1=\"sp:1500;\"\n\t\t\t\t\t\t\t\tdata-frame_1_chars=\"e:power4.inOut;d:10;oZ:-50;\"\n\t\t\t\t\t\t\t\tdata-frame_999=\"x:-50,-50,-50,-11;o:0;st:w;sp:1000;\"\n\t\t\t\t\t\t\t\tstyle=\"z-index:7;font-family:'Playfair Display';text-transform:uppercase;\"\n\t\t\t\t\t\t\t>Erleben Sie eine unvergessliche<br \/>\nErfahrung mit Samiad! \n\t\t\t\t\t\t\t<\/rs-layer><!--\n\n\t\t\t\t\t\t\t--><rs-layer\n\t\t\t\t\t\t\t\tid=\"slider-92-slide-291-layer-3\" \n\t\t\t\t\t\t\t\tdata-type=\"shape\"\n\t\t\t\t\t\t\t\tdata-rsp_ch=\"on\"\n\t\t\t\t\t\t\t\tdata-xy=\"xo:273px,273px,273px,-148px;yo:596px,596px,596px,111px;\"\n\t\t\t\t\t\t\t\tdata-text=\"w:normal;s:20,20,20,4;l:0,0,0,6;\"\n\t\t\t\t\t\t\t\tdata-dim=\"w:1px;h:150px,150px,150px,37px;\"\n\t\t\t\t\t\t\t\tdata-frame_0=\"y:-50,-50,-50,-11;\"\n\t\t\t\t\t\t\t\tdata-frame_1=\"sp:1000;\"\n\t\t\t\t\t\t\t\tdata-frame_999=\"o:0;st:w;sR:4000;\"\n\t\t\t\t\t\t\t\tstyle=\"z-index:8;background-color:#ffffff;\"\n\t\t\t\t\t\t\t> \n\t\t\t\t\t\t\t<\/rs-layer><!--\n\n\t\t\t\t\t\t\t--><rs-layer\n\t\t\t\t\t\t\t\tid=\"slider-92-slide-291-layer-4\" \n\t\t\t\t\t\t\t\tdata-type=\"shape\"\n\t\t\t\t\t\t\t\tdata-rsp_ch=\"on\"\n\t\t\t\t\t\t\t\tdata-xy=\"x:c;xo:7px,7px,7px,1px;y:m;yo:-98px,-98px,-98px,-24px;\"\n\t\t\t\t\t\t\t\tdata-text=\"w:normal;s:20,20,20,4;l:0,0,0,6;\"\n\t\t\t\t\t\t\t\tdata-dim=\"w:2880px,2880px,2880px,936px;h:1200px,1200px,1200px,905px;\"\n\t\t\t\t\t\t\t\tdata-vbility=\"f,f,f,f\"\n\t\t\t\t\t\t\t\tdata-frame_0=\"x:0,0,0,0px;y:0,0,0,0px;\"\n\t\t\t\t\t\t\t\tdata-frame_1=\"x:0,0,0,0px;y:0,0,0,0px;\"\n\t\t\t\t\t\t\t\tdata-frame_999=\"o:0;st:w;sR:4700;\"\n\t\t\t\t\t\t\t\tstyle=\"z-index:6;background-color:rgba(0,0,0,0.5);\"\n\t\t\t\t\t\t\t> \n\t\t\t\t\t\t\t<\/rs-layer><!--\n-->\t\t\t\t\t\t<\/rs-slide>\n\t\t\t\t\t<\/rs-slides>\n\t\t\t\t<\/rs-module>\n\t\t\t\t<script>\n\t\t\t\t\tsetREVStartSize({c: 'rev_slider_92_2',rl:[1240,1240,1240,480],el:[800,800,800,720],gw:[1920,1920,1920,480],gh:[800,800,800,720],type:'standard',justify:'',layout:'fullwidth',mh:\"0\"});if (window.RS_MODULES!==undefined && window.RS_MODULES.modules!==undefined && window.RS_MODULES.modules[\"revslider922\"]!==undefined) {window.RS_MODULES.modules[\"revslider922\"].once = false;window.revapi92 = undefined;if (window.RS_MODULES.checkMinimal!==undefined) window.RS_MODULES.checkMinimal()}\n\t\t\t\t<\/script>\n\t\t\t<\/rs-module-wrap>\n\t\t\t<!-- END REVOLUTION SLIDER -->\n[\/vc_column][\/vc_row]<\/p>\n<\/div>","protected":false},"excerpt":{"rendered":"<p>Haben Sie ein bestimmtes Lernziel oder suchen Sie einfach nur nach zus\u00e4tzlicher Fokussierung in kleineren Gruppen? Neben 15 Stunden allgemeinem Englisch pro Woche bietet dieser Kurs zus\u00e4tzlich 12 Stunden Englischunterricht pro Woche. <\/p>\n","protected":false},"author":4,"featured_media":5407,"parent":10783,"menu_order":0,"comment_status":"closed","ping_status":"closed","template":"","meta":{"_acf_changed":false,"neve_meta_sidebar":"","neve_meta_container":"","neve_meta_enable_content_width":"off","neve_meta_content_width":100,"neve_meta_title_alignment":"","neve_meta_author_avatar":"","neve_post_elements_order":"","neve_meta_disable_header":"","neve_meta_disable_footer":"","neve_meta_disable_title":"","neve_meta_reading_time":"","footnotes":""},"class_list":["post-11067","page","type-page","status-publish","has-post-thumbnail","hentry"],"acf":[],"_links":{"self":[{"href":"https:\/\/www.samiad.com\/de\/wp-json\/wp\/v2\/pages\/11067","targetHints":{"allow":["GET"]}}],"collection":[{"href":"https:\/\/www.samiad.com\/de\/wp-json\/wp\/v2\/pages"}],"about":[{"href":"https:\/\/www.samiad.com\/de\/wp-json\/wp\/v2\/types\/page"}],"author":[{"embeddable":true,"href":"https:\/\/www.samiad.com\/de\/wp-json\/wp\/v2\/users\/4"}],"replies":[{"embeddable":true,"href":"https:\/\/www.samiad.com\/de\/wp-json\/wp\/v2\/comments?post=11067"}],"version-history":[{"count":14,"href":"https:\/\/www.samiad.com\/de\/wp-json\/wp\/v2\/pages\/11067\/revisions"}],"predecessor-version":[{"id":17579,"href":"https:\/\/www.samiad.com\/de\/wp-json\/wp\/v2\/pages\/11067\/revisions\/17579"}],"up":[{"embeddable":true,"href":"https:\/\/www.samiad.com\/de\/wp-json\/wp\/v2\/pages\/10783"}],"wp:featuredmedia":[{"embeddable":true,"href":"https:\/\/www.samiad.com\/de\/wp-json\/wp\/v2\/media\/5407"}],"wp:attachment":[{"href":"https:\/\/www.samiad.com\/de\/wp-json\/wp\/v2\/media?parent=11067"}],"curies":[{"name":"wp","href":"https:\/\/api.w.org\/{rel}","templated":true}]}}