{"id":11069,"date":"2024-11-20T08:25:30","date_gmt":"2024-11-20T08:25:30","guid":{"rendered":"https:\/\/www.samiad.com\/programmes\/art\/"},"modified":"2026-04-14T15:34:19","modified_gmt":"2026-04-14T15:34:19","slug":"kunst","status":"publish","type":"page","link":"https:\/\/www.samiad.com\/de\/programme\/kunst\/","title":{"rendered":"Kunst"},"content":{"rendered":"<div class=\"wpb-content-wrapper\"><p>[vc_row][vc_column]\n\t\t\t<!-- START art REVOLUTION SLIDER 6.6.18 --><p class=\"rs-p-wp-fix\"><\/p>\n\t\t\t<rs-module-wrap id=\"rev_slider_59_1_wrapper\" data-source=\"gallery\" style=\"visibility:hidden;background:transparent;padding:0;margin:0px auto;margin-top:0;margin-bottom:0;\">\n\t\t\t\t<rs-module id=\"rev_slider_59_1\" style=\"\" data-version=\"6.6.18\">\n\t\t\t\t\t<rs-slides style=\"overflow: hidden; position: absolute;\">\n\t\t\t\t\t\t<rs-slide style=\"position: absolute;\" data-key=\"rs-167\" data-title=\"Slide\" data-in=\"o:0;\" data-out=\"a:false;\">\n\t\t\t\t\t\t\t<img decoding=\"async\" src=\"\/\/www.samiad.com\/wp-content\/plugins\/revslider\/public\/assets\/assets\/dummy.png\" alt=\"\" title=\"arthero\" width=\"1920\" height=\"1000\" class=\"rev-slidebg tp-rs-img rs-lazyload\" data-lazyload=\"\/\/samiad.com\/wp-content\/uploads\/2023\/09\/arthero.jpg\" data-no-retina>\n<!--\n\t\t\t\t\t\t\t--><h1\n\t\t\t\t\t\t\t\tid=\"slider-59-slide-167-layer-0\" \n\t\t\t\t\t\t\t\tclass=\"rs-layer\"\n\t\t\t\t\t\t\t\tdata-type=\"text\"\n\t\t\t\t\t\t\t\tdata-rsp_ch=\"on\"\n\t\t\t\t\t\t\t\tdata-xy=\"x:c;xo:-443px,-443px,-443px,88px;y:m;yo:301px,301px,301px,183px;\"\n\t\t\t\t\t\t\t\tdata-text=\"w:normal;s:70,70,70,65;l:70,70,70,65;\"\n\t\t\t\t\t\t\t\tdata-dim=\"w:440px,440px,440px,519px;\"\n\t\t\t\t\t\t\t\tdata-frame_0=\"x:0,0,0,0px;y:0,0,0,0px;o:1;\"\n\t\t\t\t\t\t\t\tdata-frame_0_chars=\"d:5;x:0,0,0,0px;y:0,0,0,0px;o:0;rX:-90deg;oZ:-50;\"\n\t\t\t\t\t\t\t\tdata-frame_1=\"x:0,0,0,0px;y:0,0,0,0px;sp:1750;\"\n\t\t\t\t\t\t\t\tdata-frame_1_chars=\"e:power4.inOut;d:10;x:0,0,0,0px;y:0,0,0,0px;oZ:-50;\"\n\t\t\t\t\t\t\t\tdata-frame_999=\"o:0;st:w;sR:150;\"\n\t\t\t\t\t\t\t\tstyle=\"z-index:7;font-family:'Playfair Display';\"\n\t\t\t\t\t\t\t>International Art Summer School \n\t\t\t\t\t\t\t<\/h1><!--\n\n\t\t\t\t\t\t\t--><rs-layer\n\t\t\t\t\t\t\t\tid=\"slider-59-slide-167-layer-1\" \n\t\t\t\t\t\t\t\tdata-type=\"shape\"\n\t\t\t\t\t\t\t\tdata-rsp_ch=\"on\"\n\t\t\t\t\t\t\t\tdata-xy=\"x:c;y:m;\"\n\t\t\t\t\t\t\t\tdata-text=\"w:normal;s:20,20,20,4;l:0,0,0,6;\"\n\t\t\t\t\t\t\t\tdata-dim=\"w:2880px,2880px,2880px,720px;h:1500px,1500px,1500px,727px;\"\n\t\t\t\t\t\t\t\tdata-frame_999=\"o:0;st:w;\"\n\t\t\t\t\t\t\t\tstyle=\"z-index:6;background-color:rgba(0,0,0,0.36);\"\n\t\t\t\t\t\t\t> \n\t\t\t\t\t\t\t<\/rs-layer><!--\n\n\t\t\t\t\t\t\t--><rs-layer\n\t\t\t\t\t\t\t\tid=\"slider-59-slide-167-layer-2\" \n\t\t\t\t\t\t\t\tdata-type=\"text\"\n\t\t\t\t\t\t\t\tdata-rsp_ch=\"on\"\n\t\t\t\t\t\t\t\tdata-xy=\"xo:306px,306px,306px,75px;yo:863px,863px,863px,215px;\"\n\t\t\t\t\t\t\t\tdata-text=\"w:normal;s:20,20,20,4;l:25,25,25,6;fw:300;\"\n\t\t\t\t\t\t\t\tdata-frame_999=\"o:0;st:w;\"\n\t\t\t\t\t\t\t\tstyle=\"z-index:9;font-family:'Poppins';font-style:italic;\"\n\t\t\t\t\t\t\t> \n\t\t\t\t\t\t\t<\/rs-layer><!--\n\n\t\t\t\t\t\t\t--><rs-layer\n\t\t\t\t\t\t\t\tid=\"slider-59-slide-167-layer-3\" \n\t\t\t\t\t\t\t\tdata-type=\"shape\"\n\t\t\t\t\t\t\t\tdata-rsp_ch=\"on\"\n\t\t\t\t\t\t\t\tdata-xy=\"xo:251px,251px,251px,38px;yo:677px,677px,677px,480px;\"\n\t\t\t\t\t\t\t\tdata-text=\"w:normal;s:20,20,20,4;l:0,0,0,6;\"\n\t\t\t\t\t\t\t\tdata-dim=\"w:1px;h:245px,245px,245px,133px;\"\n\t\t\t\t\t\t\t\tdata-frame_0=\"y:-50,-50,-50,-11;\"\n\t\t\t\t\t\t\t\tdata-frame_1=\"sp:1000;\"\n\t\t\t\t\t\t\t\tdata-frame_999=\"o:0;st:w;sR:4000;\"\n\t\t\t\t\t\t\t\tstyle=\"z-index:8;background-color:#ffffff;\"\n\t\t\t\t\t\t\t> \n\t\t\t\t\t\t\t<\/rs-layer><!--\n-->\t\t\t\t\t\t<\/rs-slide>\n\t\t\t\t\t<\/rs-slides>\n\t\t\t\t<\/rs-module>\n\t\t\t\t<script>\n\t\t\t\t\tsetREVStartSize({c: 'rev_slider_59_1',rl:[1240,1240,1240,480],el:[1000,1000,1000,720],gw:[1920,1920,1920,480],gh:[1000,1000,1000,720],type:'standard',justify:'',layout:'fullwidth',mh:\"0\"});if (window.RS_MODULES!==undefined && window.RS_MODULES.modules!==undefined && window.RS_MODULES.modules[\"revslider591\"]!==undefined) {window.RS_MODULES.modules[\"revslider591\"].once = false;window.revapi59 = undefined;if (window.RS_MODULES.checkMinimal!==undefined) window.RS_MODULES.checkMinimal()}\n\t\t\t\t<\/script>\n\t\t\t<\/rs-module-wrap>\n\t\t\t<!-- END REVOLUTION SLIDER -->\n[\/vc_column][\/vc_row][vc_row gap=&#8220;35&#8243; css=&#8220;.vc_custom_1677503075899{padding-top: 50px !important;}&#8220; el_id=&#8220;Multiaktivit\u00e4t&#8220;][vc_column width=&#8220;1\/2&#8243;][vc_column_text]<\/p>\n<h2>Standort<\/h2>\n<p>&#8211;  <a href=\"https:\/\/www.samiad.com\/de\/bromsgrove-schule\/\">Bromsgrove School<\/a><\/p>\n<h2>Termine<\/h2>\n<p>Mittwoch, 30. Juni 2026 \u2013 Mittwoch, 28. Juli 2026<\/p>\n<h2>Alter<\/h2>\n<p>6 \u2013 17 Jahre alt[\/vc_column_text][\/vc_column][vc_column width=&#8220;1\/2&#8243;][vc_column_text]<\/p>\n<h2 class=\"secondary-h1\">Samiad Kunstprogramm<\/h2>\n<h2>\u00dcberblick<\/h2>\n<p>Wir sind davon \u00fcberzeugt, dass Kunst eine eigene Sprache ist. Dieser Kurs bietet eine neue und interaktive M\u00f6glichkeit, Ihre Englischkenntnisse zu verbessern, w\u00e4hrend Sie Ihrem inneren Picasso freien Lauf lassen. Unter der Anleitung erfahrener Kunstlehrer werden Sie verschiedene k\u00fcnstlerische Techniken erkunden, in die Nuancen der Komposition eintauchen und Ihre Fantasie befl\u00fcgeln. Egal, ob Sie ein erfahrener K\u00fcnstler sind oder gerade erst Ihre kreative Reise beginnen, unser Programm ist darauf zugeschnitten, Ihr Talent zu f\u00f6rdern. Machen Sie sich bereit, mit Samiads Kunstprogramm im Jahr 2026 zu malen, zu modellieren und sich k\u00fcnstlerisch zu verwirklichen!<\/p>\n<h2>Highlights<\/h2>\n<p>[\/vc_column_text][vc_row_inner][vc_column_inner width=&#8220;1\/2&#8243;][vc_column_text]<\/p>\n<ul>\n<li>Unterkunft im Wohnheim<\/li>\n<li>Vollpension<\/li>\n<li>15 Stunden Englischunterricht pro Woche<\/li>\n<li>12 Stunden spezialisierter Kunstunterricht<\/li>\n<\/ul>\n<p>[\/vc_column_text][\/vc_column_inner][vc_column_inner width=&#8220;1\/2&#8243;][vc_column_text]<\/p>\n<ul>\n<li>24-Stunden-Betreuung<\/li>\n<li>Zwei Ausfl\u00fcge pro Woche<\/li>\n<li>Ein Ausflug mit \u00dcbernachtung!<\/li>\n<li>Betreuungsverh\u00e4ltnis von 1:6<\/li>\n<\/ul>\n<p>[\/vc_column_text][\/vc_column_inner][\/vc_row_inner][\/vc_column][\/vc_row][vc_row css=&#8220;.vc_custom_1677508408073{padding-top: 50px !important;padding-bottom: 50px !important;}&#8220;][vc_column][vc_btn title=&#8220;Jetzt anfragen&#8220; style=&#8220;custom&#8220; custom_background=&#8220;#ad986e&#8220; custom_text=&#8220;#ffffff&#8220; shape=&#8220;square&#8220; align=&#8220;center&#8220; el_id=&#8220;button-main&#8220; link=&#8220;url:https%3A%2F%2Fwww.samiad.com%2Fde%2Fjetzt-anfragen%2F|title:Jetzt%20anfragen|&#8220;][\/vc_column][\/vc_row][vc_row gap=&#8220;35&#8243; css=&#8220;.vc_custom_1677503087496{border-bottom-width: 50px !important;padding-top: 50px !important;}&#8220; el_id=&#8220;Blockbereich&#8220;][vc_column width=&#8220;1\/2&#8243;][vc_column_text css=&#8220;.vc_custom_1728479197558{padding-top: 30px !important;padding-right: 30px !important;padding-bottom: 30px !important;padding-left: 30px !important;background-color: #ffffff !important;}&#8220; el_class=&#8220;white-box&#8220;]<\/p>\n<h2>F\u00fcr alle Altersgruppen<\/h2>\n<p>Entdecken Sie nach 15 Stunden Englischunterricht pro Woche eine andere Seite des Klassenzimmers, das jeden Nachmittag vor Kreativit\u00e4t nur so strotzt. Die Sch\u00fclerinnen und Sch\u00fcler setzen sich w\u00e4hrend unseres Kunstprogramms aktiv mit der englischen Sprache auseinander, indem sie spektakul\u00e4re Kunstwerke diskutieren und erschaffen. <\/p>\n<p>&nbsp;<\/p>\n<p><a href=\"https:\/\/samiad.com\/english-lessons\/\" target=\"_blank\" rel=\"noopener\">Mehr entdecken<\/a>[\/vc_column_text][vc_single_image image=&#8220;5812&#8243; img_size=&#8220;full&#8220; el_id=&#8220;white-box-image&#8220;][\/vc_column][vc_column width=&#8220;1\/2&#8243;][vc_single_image image=&#8220;5817&#8243; img_size=&#8220;full&#8220; alignment=&#8220;right&#8220; el_id=&#8220;white-box-image-right&#8220;][vc_column_text css=&#8220;.vc_custom_1700150927849{padding-top: 30px !important;padding-right: 30px !important;padding-bottom: 30px !important;padding-left: 30px !important;background-color: #ffffff !important;}&#8220; el_class=&#8220;white-box-right&#8220;]<\/p>\n<h2>Kunst, ohne breite Pinselstriche!<\/h2>\n<p>Verfeinern Sie Ihre F\u00e4higkeiten durch gezielten Unterricht in k\u00fcnstlerischen Techniken und lassen Sie sich dabei von<br \/>\nIhrer wundersch\u00f6nen Umgebung inspirieren.<\/p>\n<p><a href=\"https:\/\/samiad.com\/wp-content\/uploads\/2023\/11\/Art-Schedule-2024-3-4.pdf\" target=\"_blank\" rel=\"noopener\">Programm ansehen<\/a>[\/vc_column_text][\/vc_column][\/vc_row][vc_row full_width=&#8220;stretch_row&#8220; css=&#8220;.vc_custom_1677509492784{padding-top: 100px !important;padding-bottom: 100px !important;background-color: #e6e1d6 !important;}&#8220;][vc_column][vc_row_inner content_placement=&#8220;middle&#8220; gap=&#8220;35&#8243;][vc_column_inner width=&#8220;1\/2&#8243;][vc_single_image image=&#8220;6397&#8243; img_size=&#8220;full&#8220; alignment=&#8220;center&#8220; css_animation=&#8220;slideInLeft&#8220;][\/vc_column_inner][vc_column_inner width=&#8220;1\/2&#8243;][vc_column_text]<\/p>\n<h2>SEHEN SIE DIE SEHENSW\u00dcRDIGKEITEN<\/h2>\n<p>Die <a href=\"https:\/\/www.samiad.com\/de\/\">internationale Sommerschule Samiad in Gro\u00dfbritannien<\/a> ist vor allem f\u00fcr die exklusiven Ausfl\u00fcge bekannt, die wir im Rahmen unserer Programme anbieten. Wir haben die Ausfl\u00fcge sorgf\u00e4ltig ausgew\u00e4hlt, um eine Mischung aus Geschichte, Kultur und Unterhaltung zu bieten. <\/p>\n<p>Machen Sie eine Bootstour durch Cambridge, erkunden Sie die ber\u00fchmtesten Londoner Sehensw\u00fcrdigkeiten und genie\u00dfen Sie unsere spektakul\u00e4re \u00dcbernachtung in einem mittelalterlichen Schloss.<\/p>\n<p>Gehen Sie mit Erinnerungen nach Hause, von denen Sie es kaum erwarten k\u00f6nnen, zu erz\u00e4hlen.[\/vc_column_text][\/vc_column_inner][\/vc_row_inner][\/vc_column][\/vc_row][vc_row full_width=&#8220;stretch_row&#8220; gap=&#8220;35&#8243; css=&#8220;.vc_custom_1678269198217{padding-top: 50px !important;padding-bottom: 50px !important;background-color: #ebebeb !important;}&#8220;][vc_column el_id=&#8220;no-padding&#8220;][vc_column_text css=&#8220;.vc_custom_1678269135934{padding-top: 30px !important;padding-bottom: 30px !important;}&#8220;]<\/p>\n<h2 style=\"text-align: center;\">Standorte<\/h2>\n<p>[\/vc_column_text][vc_row_inner gap=&#8220;35&#8243;][vc_column_inner width=&#8220;1\/4&#8243; css=&#8220;.vc_custom_1727698382721{background-color: #ebebeb !important;}&#8220;][\/vc_column_inner][vc_column_inner width=&#8220;1\/2&#8243; css=&#8220;.vc_custom_1727698436307{background-color: #ffffff !important;}&#8220;][vc_single_image image=&#8220;6637&#8243; img_size=&#8220;900&#215;600&#8243; alignment=&#8220;center&#8220;][vc_column_text css=&#8220;.vc_custom_1772104031511{padding-top: 20px !important;padding-right: 20px !important;padding-bottom: 20px !important;padding-left: 20px !important;}&#8220;]<\/p>\n<p style=\"text-align: center;\">BIRMIGHAM<\/p>\n<h2 style=\"text-align: center;\">BROMSGROVE SCHOOL<\/h2>\n<p style=\"text-align: center;\"><strong>Mittwoch, 30. Juni 2026 \u2013 Mittwoch, 28. Juli 2026<\/strong><\/p>\n<p style=\"text-align: center;\"><strong>Ab \u00a3 3.350 f\u00fcr 14 N\u00e4chte<\/strong><\/p>\n<p style=\"text-align: center;\"><a href=\"https:\/\/samiad.com\/enquire-now\/\" target=\"_blank\" rel=\"noopener\">Jetzt anfragen<\/a><\/p>\n<p style=\"text-align: center;\"><a href=\"https:\/\/samiad.com\/bromsgrove-school\/\" target=\"_blank\" rel=\"noopener\">Erfahren Sie mehr \u00fcber die Bromsgrove Summer School<br \/>\n<\/a><\/p>\n<p>[\/vc_column_text][\/vc_column_inner][vc_column_inner width=&#8220;1\/4&#8243; css=&#8220;.vc_custom_1727698397976{background-color: #ebebeb !important;}&#8220;][\/vc_column_inner][\/vc_row_inner][\/vc_column][\/vc_row]<\/p>\n<\/div>","protected":false},"excerpt":{"rendered":"<p>Wir glauben, dass Kunst eine Sprache f\u00fcr sich ist, und dieser Kurs bietet eine frische und interaktive M\u00f6glichkeit, Ihre Englischkenntnisse zu verbessern und gleichzeitig Ihren inneren Picasso zu entfesseln.<\/p>\n","protected":false},"author":4,"featured_media":5827,"parent":10783,"menu_order":0,"comment_status":"closed","ping_status":"closed","template":"","meta":{"_acf_changed":false,"neve_meta_sidebar":"","neve_meta_container":"","neve_meta_enable_content_width":"off","neve_meta_content_width":100,"neve_meta_title_alignment":"","neve_meta_author_avatar":"","neve_post_elements_order":"","neve_meta_disable_header":"","neve_meta_disable_footer":"","neve_meta_disable_title":"","neve_meta_reading_time":"","footnotes":""},"class_list":["post-11069","page","type-page","status-publish","has-post-thumbnail","hentry"],"acf":[],"_links":{"self":[{"href":"https:\/\/www.samiad.com\/de\/wp-json\/wp\/v2\/pages\/11069","targetHints":{"allow":["GET"]}}],"collection":[{"href":"https:\/\/www.samiad.com\/de\/wp-json\/wp\/v2\/pages"}],"about":[{"href":"https:\/\/www.samiad.com\/de\/wp-json\/wp\/v2\/types\/page"}],"author":[{"embeddable":true,"href":"https:\/\/www.samiad.com\/de\/wp-json\/wp\/v2\/users\/4"}],"replies":[{"embeddable":true,"href":"https:\/\/www.samiad.com\/de\/wp-json\/wp\/v2\/comments?post=11069"}],"version-history":[{"count":4,"href":"https:\/\/www.samiad.com\/de\/wp-json\/wp\/v2\/pages\/11069\/revisions"}],"predecessor-version":[{"id":17259,"href":"https:\/\/www.samiad.com\/de\/wp-json\/wp\/v2\/pages\/11069\/revisions\/17259"}],"up":[{"embeddable":true,"href":"https:\/\/www.samiad.com\/de\/wp-json\/wp\/v2\/pages\/10783"}],"wp:featuredmedia":[{"embeddable":true,"href":"https:\/\/www.samiad.com\/de\/wp-json\/wp\/v2\/media\/5827"}],"wp:attachment":[{"href":"https:\/\/www.samiad.com\/de\/wp-json\/wp\/v2\/media?parent=11069"}],"curies":[{"name":"wp","href":"https:\/\/api.w.org\/{rel}","templated":true}]}}