{"id":11114,"date":"2024-06-07T12:09:10","date_gmt":"2024-06-07T12:09:10","guid":{"rendered":"https:\/\/www.samiad.com\/year-round-experiences\/"},"modified":"2026-01-27T10:24:26","modified_gmt":"2026-01-27T10:24:26","slug":"ganzjahrige-erlebnisse","status":"publish","type":"page","link":"https:\/\/www.samiad.com\/de\/ganzjahrige-erlebnisse\/","title":{"rendered":"Ganzj\u00e4hrige Erlebnisse"},"content":{"rendered":"<div class=\"wpb-content-wrapper\"><p>[vc_row][vc_column]\n\t\t\t<!-- START Year Round Experiences REVOLUTION SLIDER 6.6.18 --><p class=\"rs-p-wp-fix\"><\/p>\n\t\t\t<rs-module-wrap id=\"rev_slider_71_1_wrapper\" data-source=\"gallery\" style=\"visibility:hidden;background:transparent;padding:0;margin:0px auto;margin-top:0;margin-bottom:0;\">\n\t\t\t\t<rs-module id=\"rev_slider_71_1\" style=\"\" data-version=\"6.6.18\">\n\t\t\t\t\t<rs-slides style=\"overflow: hidden; position: absolute;\">\n\t\t\t\t\t\t<rs-slide style=\"position: absolute;\" data-key=\"rs-202\" data-title=\"Slide\" data-anim=\"e:slidingoverlay;ms:2000;\" data-in=\"o:1;x:-100%;\" data-out=\"a:false;\">\n\t\t\t\t\t\t\t<img decoding=\"async\" src=\"\/\/www.samiad.com\/wp-content\/plugins\/revslider\/public\/assets\/assets\/dummy.png\" alt=\"\" title=\"SAMIAD BY THE SEA 1\" width=\"1748\" height=\"1240\" class=\"rev-slidebg tp-rs-img rs-lazyload\" data-lazyload=\"\/\/samiad.com\/wp-content\/uploads\/2024\/06\/SAMIAD-BY-THE-SEA-1.png\" data-no-retina>\n<!--\n\t\t\t\t\t\t\t--><rs-layer\n\t\t\t\t\t\t\t\tid=\"slider-71-slide-202-layer-0\" \n\t\t\t\t\t\t\t\tdata-type=\"text\"\n\t\t\t\t\t\t\t\tdata-rsp_ch=\"on\"\n\t\t\t\t\t\t\t\tdata-xy=\"x:c;xo:-244px,-244px,-244px,0;y:m;yo:104px,104px,104px,171px;\"\n\t\t\t\t\t\t\t\tdata-text=\"w:normal;s:51,51,51,39;l:70,70,70,41;a:left,left,left,center;\"\n\t\t\t\t\t\t\t\tdata-dim=\"w:830px,830px,830px,417px;h:235px,235px,235px,auto;\"\n\t\t\t\t\t\t\t\tdata-frame_0=\"x:0,0,0,0px;y:0,0,0,0px;o:1;\"\n\t\t\t\t\t\t\t\tdata-frame_0_chars=\"d:5;x:0,0,0,0px;y:0,0,0,0px;o:0;rX:-90deg;oZ:-50;\"\n\t\t\t\t\t\t\t\tdata-frame_1=\"x:1px,1px,1px,0px;y:-1px,-1px,-1px,0px;e:default;sp:1750;\"\n\t\t\t\t\t\t\t\tdata-frame_1_chars=\"e:power4.inOut;d:10;x:0,0,0,0px;y:0,0,0,0px;oZ:-50;\"\n\t\t\t\t\t\t\t\tdata-frame_999=\"x:-50,-50,-50,-10px;o:0;st:9800;sp:2500;sR:4750;\"\n\t\t\t\t\t\t\t\tdata-tloop=\"t:frame_1;\"\n\t\t\t\t\t\t\t\tstyle=\"z-index:7;font-family:'Playfair Display';text-transform:uppercase;\"\n\t\t\t\t\t\t\t>LEADING SUMMER SCHOOL NOW OFFERING YEAR-ROUND EXPERIENCES \n\t\t\t\t\t\t\t<\/rs-layer><!--\n\n\t\t\t\t\t\t\t--><a id=\"slider-71-slide-202-layer-1\" class=\"rs-layer rev-btn\" href=\"https:\/\/samiad.com\/wp-content\/uploads\/2024\/06\/Samiad-A4-Pre-arrival-and-Student-Handbook-2024.pdf\" target=\"_blank\" rel=\"noopener\" data-type=\"button\" data-rsp_ch=\"on\" data-xy=\"x:l,l,l,c;xo:305px,305px,305px,0;yo:648px,648px,648px,612px;\" data-text=\"w:normal;s:17,17,17,13;l:40,40,40,29;fw:500;\" data-dim=\"minh:0px,0px,0px,none;\" data-padding=\"r:25,25,25,20;l:25,25,25,20;\" data-border=\"bos:solid;boc:#ffffff;bow:1px,1px,1px,1px;\" data-frame_0=\"y:50,50,50,11;\" data-frame_1=\"st:990;sp:1000;sR:990;\" data-frame_999=\"o:0;st:w;sR:8010;\" data-frame_hover=\"bgc:rgba(0,0,0,0);boc:rgba(255,255,255,0.75);bor:0px,0px,0px,0px;bos:solid;bow:1px,1px,1px,1px;e:power1.inOut;\" style=\"z-index:9;background-color:rgba(0,0,0,0);font-family:&#039;Roboto&#039;;\">DOWNLOAD STUDENT HANDBOOK \n\t\t\t\t\t\t\t<\/a><!--\n\n\t\t\t\t\t\t\t--><rs-layer\n\t\t\t\t\t\t\t\tid=\"slider-71-slide-202-layer-3\" \n\t\t\t\t\t\t\t\tdata-type=\"shape\"\n\t\t\t\t\t\t\t\tdata-rsp_ch=\"on\"\n\t\t\t\t\t\t\t\tdata-xy=\"xo:274px,274px,274px,-72px;yo:387px,387px,387px,89px;\"\n\t\t\t\t\t\t\t\tdata-text=\"w:normal;s:20,20,20,4;l:0,0,0,6;\"\n\t\t\t\t\t\t\t\tdata-dim=\"w:1px;h:306px,306px,306px,75px;\"\n\t\t\t\t\t\t\t\tdata-frame_0=\"y:-50,-50,-50,-11;\"\n\t\t\t\t\t\t\t\tdata-frame_1=\"sp:1000;\"\n\t\t\t\t\t\t\t\tdata-frame_999=\"o:0;st:w;sR:9000;\"\n\t\t\t\t\t\t\t\tstyle=\"z-index:8;background-color:#ffffff;\"\n\t\t\t\t\t\t\t> \n\t\t\t\t\t\t\t<\/rs-layer><!--\n\n\t\t\t\t\t\t\t--><rs-layer\n\t\t\t\t\t\t\t\tid=\"slider-71-slide-202-layer-4\" \n\t\t\t\t\t\t\t\tdata-type=\"shape\"\n\t\t\t\t\t\t\t\tdata-rsp_ch=\"on\"\n\t\t\t\t\t\t\t\tdata-xy=\"x:c;xo:38px,38px,38px,9px;y:m;yo:-160px,-160px,-160px,-39px;\"\n\t\t\t\t\t\t\t\tdata-text=\"w:normal;s:20,20,20,4;l:0,0,0,6;\"\n\t\t\t\t\t\t\t\tdata-dim=\"w:2880px,2880px,2880px,936px;h:1200px,1200px,1200px,905px;\"\n\t\t\t\t\t\t\t\tdata-vbility=\"f,f,f,f\"\n\t\t\t\t\t\t\t\tdata-frame_0=\"y:50,50,50,11;\"\n\t\t\t\t\t\t\t\tdata-frame_1=\"sp:1000;\"\n\t\t\t\t\t\t\t\tdata-frame_999=\"o:0;st:w;sR:9000;\"\n\t\t\t\t\t\t\t\tstyle=\"z-index:6;background-color:rgba(0,0,0,0.5);\"\n\t\t\t\t\t\t\t> \n\t\t\t\t\t\t\t<\/rs-layer><!--\n-->\t\t\t\t\t\t<\/rs-slide>\n\t\t\t\t\t<\/rs-slides>\n\t\t\t\t<\/rs-module>\n\t\t\t\t<script>\n\t\t\t\t\tsetREVStartSize({c: 'rev_slider_71_1',rl:[1240,1240,1240,480],el:[800,800,800,720],gw:[1920,1920,1920,480],gh:[800,800,800,720],type:'standard',justify:'',layout:'fullwidth',mh:\"0\"});if (window.RS_MODULES!==undefined && window.RS_MODULES.modules!==undefined && window.RS_MODULES.modules[\"revslider711\"]!==undefined) {window.RS_MODULES.modules[\"revslider711\"].once = false;window.revapi71 = undefined;if (window.RS_MODULES.checkMinimal!==undefined) window.RS_MODULES.checkMinimal()}\n\t\t\t\t<\/script>\n\t\t\t<\/rs-module-wrap>\n\t\t\t<!-- END REVOLUTION SLIDER -->\n[\/vc_column][\/vc_row][vc_row full_width=&#8220;stretch_row&#8220; css=&#8220;.vc_custom_1717756854588{padding-top: 100px !important;padding-bottom: 60px !important;background-color: #e6e1d6 !important;}&#8220;][vc_column][vc_empty_space height=&#8220;15px&#8220;][vc_column_text]<\/p>\n<h2 style=\"text-align: center;\"><strong>Samiad am Meer!<\/strong><\/h2>\n<p>[\/vc_column_text][vc_empty_space height=&#8220;15px&#8220;][vc_column_text]<\/p>\n<div class=\"TypographyPresentation TypographyPresentation--m RichText3-paragraph--withVSpacingNormal RichText3-paragraph\" style=\"text-align: center;\">Erleben Sie die einzigartigen Programme von Samiad das ganze Jahr \u00fcber! Jetzt f\u00fcr Schulgruppen verf\u00fcgbar, umfassen unsere ma\u00dfgeschneiderten Programme: <\/div>\n<p>[\/vc_column_text][\/vc_column][\/vc_row][vc_row full_width=&#8220;stretch_row&#8220; css=&#8220;.vc_custom_1717756909124{padding-bottom: 90px !important;background-color: #e6e1d6 !important;}&#8220;][vc_column width=&#8220;1\/4&#8243;][vc_empty_space height=&#8220;15px&#8220;][vc_icon icon_fontawesome=&#8220;fas fa-hotel&#8220; color=&#8220;custom&#8220; size=&#8220;lg&#8220; align=&#8220;center&#8220; custom_color=&#8220;#652582&#8243;][vc_empty_space height=&#8220;15px&#8220;][vc_column_text]<\/p>\n<h3 style=\"text-align: center;\">Unterkunft<\/h3>\n<p style=\"text-align: center;\">Unterkunft mit Vollpension an der renommierten Wellesley Haddon Dean School.<\/p>\n<p>[\/vc_column_text][\/vc_column][vc_column width=&#8220;1\/4&#8243;][vc_empty_space height=&#8220;15px&#8220;][vc_icon icon_fontawesome=&#8220;fas fa-water&#8220; color=&#8220;custom&#8220; size=&#8220;lg&#8220; align=&#8220;center&#8220; custom_color=&#8220;#652582&#8243;][vc_empty_space height=&#8220;15px&#8220;][vc_column_text]<\/p>\n<h3 style=\"text-align: center;\">Einrichtungen<\/h3>\n<p style=\"text-align: center;\">Zugang zu erstklassigen Einrichtungen und den wundersch\u00f6nen historischen St\u00e4dten Canterbury, London und der K\u00fcste.<\/p>\n<p>[\/vc_column_text][\/vc_column][vc_column width=&#8220;1\/4&#8243;][vc_empty_space height=&#8220;15px&#8220;][vc_icon icon_fontawesome=&#8220;fas fa-hiking&#8220; color=&#8220;custom&#8220; size=&#8220;lg&#8220; align=&#8220;center&#8220; custom_color=&#8220;#652582&#8243;][vc_empty_space height=&#8220;15px&#8220;][vc_column_text]<\/p>\n<h3 style=\"text-align: center;\">Aktivit\u00e4ten<\/h3>\n<p style=\"text-align: center;\">Eine Mischung aus Bildungskursen, kulturellen Ausfl\u00fcgen, Universit\u00e4tsbesuchen und erstklassigen Aktivit\u00e4ten.<\/p>\n<p>[\/vc_column_text][\/vc_column][vc_column width=&#8220;1\/4&#8243;][vc_empty_space height=&#8220;15px&#8220;][vc_icon icon_fontawesome=&#8220;fas fa-user-graduate&#8220; color=&#8220;custom&#8220; size=&#8220;lg&#8220; align=&#8220;center&#8220; custom_color=&#8220;#652582&#8243;][vc_empty_space height=&#8220;15px&#8220;][vc_column_text]<\/p>\n<h3 style=\"text-align: center;\">Erlebnisse<\/h3>\n<p style=\"text-align: center;\">Ob Sie die Bildung Ihrer Sch\u00fcler bereichern oder unvergessliche kulturelle Erlebnisse bieten m\u00f6chten, Samiad am Meer bietet die perfekte Mischung aus Lernen und Abenteuer.<\/p>\n<p>[\/vc_column_text][\/vc_column][\/vc_row][vc_row][vc_column][vc_empty_space height=&#8220;30px&#8220;][vc_row_inner content_placement=&#8220;middle&#8220; gap=&#8220;35&#8243;][vc_column_inner width=&#8220;1\/2&#8243;][vc_column_text]<\/p>\n<h2><strong>Immersionen in britischen Internaten<\/strong><\/h2>\n<p>Bieten Sie Ihren Sch\u00fclern das ultimative britische Internatserlebnis! Mit Standorten in Shropshire und Kent erm\u00f6glichen unsere Immersionsprogramme den Sch\u00fclern: <\/p>\n<ul>\n<li>An der Seite britischer Sch\u00fcler lernen und so viel oder so wenig Sie m\u00f6chten am Stundenplan der Schule teilnehmen.<\/li>\n<li>Das Leben in erstklassigen Internaten mit unvergleichlicher Flexibilit\u00e4t und Unterst\u00fctzung erleben.<\/li>\n<li>Eine authentische britische Bildungsumgebung genie\u00dfen, die darauf ausgelegt ist, ihre akademischen und sozialen F\u00e4higkeiten zu bereichern.<\/li>\n<\/ul>\n<p>[\/vc_column_text][\/vc_column_inner][vc_column_inner width=&#8220;1\/2&#8243; css=&#8220;.vc_custom_1677239832236{padding-top: 50px !important;}&#8220;][vc_single_image image=&#8220;2791&#8243; img_size=&#8220;full&#8220; alignment=&#8220;center&#8220; onclick=&#8220;custom_link&#8220; img_link_target=&#8220;_blank&#8220; css_animation=&#8220;slideInRight&#8220;][\/vc_column_inner][\/vc_row_inner][vc_empty_space height=&#8220;30px&#8220;][vc_row_inner content_placement=&#8220;middle&#8220; gap=&#8220;35&#8243;][vc_column_inner width=&#8220;1\/2&#8243;][vc_single_image image=&#8220;2796&#8243; img_size=&#8220;full&#8220; alignment=&#8220;center&#8220; onclick=&#8220;link_image&#8220; css_animation=&#8220;slideInLeft&#8220;][\/vc_column_inner][vc_column_inner width=&#8220;1\/2&#8243; css=&#8220;.vc_custom_1677239832236{padding-top: 50px !important;}&#8220;][vc_column_text]<\/p>\n<h2><b>Warum Samiad w\u00e4hlen?<\/b><\/h2>\n<p>Unvergleichliche Erfahrung: Als eine der f\u00fchrenden Sommerschulen bietet Samiad einzigartige und bereichernde Erlebnisse f\u00fcr Kinder und Jugendliche.<\/p>\n<p>Top-Standorte: Genie\u00dfen Sie das Lernen in historischen und malerischen Umgebungen mit Zugang zu wichtigen kulturellen St\u00e4tten.<\/p>\n<p>Ma\u00dfgeschneiderte Programme: Passen Sie das Erlebnis an die Bed\u00fcrfnisse Ihrer Schulgruppe an, um maximalen Nutzen und Freude zu gew\u00e4hrleisten.[\/vc_column_text][\/vc_column_inner][\/vc_row_inner][vc_empty_space height=&#8220;30px&#8220;][\/vc_column][\/vc_row][vc_row][vc_column][vc_empty_space height=&#8220;30px&#8220;][vc_row_inner content_placement=&#8220;middle&#8220; gap=&#8220;35&#8243; css=&#8220;.vc_custom_1717758796290{padding-bottom: 120px !important;}&#8220;][vc_column_inner css=&#8220;.vc_custom_1677239832236{padding-top: 50px !important;}&#8220;][vc_column_text]<\/p>\n<h2 style=\"text-align: center;\"><b>Kontaktieren Sie uns noch heute!<\/b><\/h2>\n<p style=\"text-align: center;\">Erfahren Sie mehr \u00fcber diese aufregenden neuen Programme und wie wir ein unvergessliches Erlebnis f\u00fcr Ihre Sch\u00fcler schaffen k\u00f6nnen.<\/p>\n<p style=\"text-align: center;\">Besuchen Sie unsere Website oder rufen Sie uns an unter +44 (0)121 250 5738<\/p>\n<p>[\/vc_column_text][vc_empty_space height=&#8220;30px&#8220;][vc_btn title=&#8220;Jetzt anfragen&#8220; style=&#8220;custom&#8220; custom_background=&#8220;#ad986e&#8220; custom_text=&#8220;#ffffff&#8220; shape=&#8220;square&#8220; align=&#8220;center&#8220; link=&#8220;url:https%3A%2F%2Fsamiad.zostro.com%2Fenquire-now%2F|title:Jetzt%20anfragen|&#8220;][\/vc_column_inner][\/vc_row_inner][\/vc_column][\/vc_row]<\/p>\n<\/div>","protected":false},"excerpt":{"rendered":"<p>[vc_row][vc_column][\/vc_column][\/vc_row][vc_row full_width=&#8220;stretch_row&#8220; css=&#8220;.vc_custom_1717756854588{padding-top: 100px !important;padding-bottom: 60px !important;background-color: #e6e1d6 !important;}&#8220;][vc_column][vc_empty_space height=&#8220;15px&#8220;][vc_column_text] Samiad am Meer! [\/vc_column_text][vc_empty_space height=&#8220;15px&#8220;][vc_column_text] Erleben Sie die einzigartigen Programme von Samiad das ganze Jahr \u00fcber! Jetzt f\u00fcr Schulgruppen verf\u00fcgbar, umfassen unsere ma\u00dfgeschneiderten Programme: [\/vc_column_text][\/vc_column][\/vc_row][vc_row full_width=&#8220;stretch_row&#8220; css=&#8220;.vc_custom_1717756909124{padding-bottom: 90px !important;background-color: #e6e1d6 !important;}&#8220;][vc_column width=&#8220;1\/4&#8243;][vc_empty_space height=&#8220;15px&#8220;][vc_icon icon_fontawesome=&#8220;fas fa-hotel&#8220; color=&#8220;custom&#8220; size=&#8220;lg&#8220; align=&#8220;center&#8220; custom_color=&#8220;#652582&#8243;][vc_empty_space height=&#8220;15px&#8220;][vc_column_text] Unterkunft Unterkunft mit Vollpension an&hellip;&nbsp;<a href=\"https:\/\/www.samiad.com\/de\/ganzjahrige-erlebnisse\/\" rel=\"bookmark\">Weiterlesen &raquo;<span class=\"screen-reader-text\">Ganzj\u00e4hrige Erlebnisse<\/span><\/a><\/p>\n","protected":false},"author":4,"featured_media":0,"parent":0,"menu_order":0,"comment_status":"closed","ping_status":"closed","template":"","meta":{"_acf_changed":false,"neve_meta_sidebar":"","neve_meta_container":"","neve_meta_enable_content_width":"off","neve_meta_content_width":100,"neve_meta_title_alignment":"","neve_meta_author_avatar":"","neve_post_elements_order":"","neve_meta_disable_header":"","neve_meta_disable_footer":"","neve_meta_disable_title":"","neve_meta_reading_time":"","footnotes":""},"class_list":["post-11114","page","type-page","status-publish","hentry"],"acf":[],"_links":{"self":[{"href":"https:\/\/www.samiad.com\/de\/wp-json\/wp\/v2\/pages\/11114","targetHints":{"allow":["GET"]}}],"collection":[{"href":"https:\/\/www.samiad.com\/de\/wp-json\/wp\/v2\/pages"}],"about":[{"href":"https:\/\/www.samiad.com\/de\/wp-json\/wp\/v2\/types\/page"}],"author":[{"embeddable":true,"href":"https:\/\/www.samiad.com\/de\/wp-json\/wp\/v2\/users\/4"}],"replies":[{"embeddable":true,"href":"https:\/\/www.samiad.com\/de\/wp-json\/wp\/v2\/comments?post=11114"}],"version-history":[{"count":0,"href":"https:\/\/www.samiad.com\/de\/wp-json\/wp\/v2\/pages\/11114\/revisions"}],"wp:attachment":[{"href":"https:\/\/www.samiad.com\/de\/wp-json\/wp\/v2\/media?parent=11114"}],"curies":[{"name":"wp","href":"https:\/\/api.w.org\/{rel}","templated":true}]}}