{"id":11118,"date":"2024-06-06T12:45:29","date_gmt":"2024-06-06T12:45:29","guid":{"rendered":"https:\/\/www.samiad.com\/pre-arrival\/"},"modified":"2026-01-26T15:50:22","modified_gmt":"2026-01-26T15:50:22","slug":"vor-der-anreise","status":"publish","type":"page","link":"https:\/\/www.samiad.com\/de\/vor-der-anreise\/","title":{"rendered":"Vor der Anreise"},"content":{"rendered":"<div class=\"wpb-content-wrapper\"><p>[vc_row][vc_column]\n\t\t\t<!-- START prearrivalde REVOLUTION SLIDER 6.6.18 --><p class=\"rs-p-wp-fix\"><\/p>\n\t\t\t<rs-module-wrap id=\"rev_slider_352_1_wrapper\" data-source=\"gallery\" style=\"visibility:hidden;background:transparent;padding:0;margin:0px auto;margin-top:0;margin-bottom:0;\">\n\t\t\t\t<rs-module id=\"rev_slider_352_1\" style=\"\" data-version=\"6.6.18\">\n\t\t\t\t\t<rs-slides style=\"overflow: hidden; position: absolute;\">\n\t\t\t\t\t\t<rs-slide style=\"position: absolute;\" data-key=\"rs-937\" data-title=\"Slide\" data-anim=\"e:slidingoverlay;ms:2000;\" data-in=\"o:1;x:-100%;\" data-out=\"a:false;\">\n\t\t\t\t\t\t\t<img decoding=\"async\" src=\"\/\/www.samiad.com\/wp-content\/plugins\/revslider\/public\/assets\/assets\/dummy.png\" alt=\"\" title=\"banner_0003_Build-confidence-etc\" width=\"1920\" height=\"800\" class=\"rev-slidebg tp-rs-img rs-lazyload\" data-lazyload=\"\/\/samiad.com\/wp-content\/uploads\/2023\/02\/banner_0003_Build-confidence-etc.png\" data-no-retina>\n<!--\n\t\t\t\t\t\t\t--><h1\n\t\t\t\t\t\t\t\tid=\"slider-352-slide-937-layer-0\" \n\t\t\t\t\t\t\t\tclass=\"rs-layer\"\n\t\t\t\t\t\t\t\tdata-type=\"text\"\n\t\t\t\t\t\t\t\tdata-rsp_ch=\"on\"\n\t\t\t\t\t\t\t\tdata-xy=\"x:c;xo:-244px,-244px,-244px,0;y:m;yo:161px,161px,161px,171px;\"\n\t\t\t\t\t\t\t\tdata-text=\"w:normal;s:51,51,51,39;l:70,70,70,41;a:left,left,left,center;\"\n\t\t\t\t\t\t\t\tdata-dim=\"w:830px,830px,830px,417px;h:146px,146px,146px,auto;\"\n\t\t\t\t\t\t\t\tdata-frame_0=\"x:0,0,0,0px;y:0,0,0,0px;o:1;\"\n\t\t\t\t\t\t\t\tdata-frame_0_chars=\"d:5;x:0,0,0,0px;y:0,0,0,0px;o:0;rX:-90deg;oZ:-50;\"\n\t\t\t\t\t\t\t\tdata-frame_1=\"x:1px,1px,1px,0px;y:-1px,-1px,-1px,0px;e:default;sp:1750;\"\n\t\t\t\t\t\t\t\tdata-frame_1_chars=\"e:power4.inOut;d:10;x:0,0,0,0px;y:0,0,0,0px;oZ:-50;\"\n\t\t\t\t\t\t\t\tdata-frame_999=\"x:-50,-50,-50,-10px;o:0;st:9800;sp:2500;sR:4750;\"\n\t\t\t\t\t\t\t\tdata-tloop=\"t:frame_1;\"\n\t\t\t\t\t\t\t\tstyle=\"z-index:7;font-family:'Playfair Display';text-transform:uppercase;\"\n\t\t\t\t\t\t\t>INFORMATIONEN VOR DER ANKUNFT ZUR SOMMERSCHULE \n\t\t\t\t\t\t\t<\/h1><!--\n\n\t\t\t\t\t\t\t--><a\n\t\t\t\t\t\t\t\tid=\"slider-352-slide-937-layer-1\" \n\t\t\t\t\t\t\t\tclass=\"rs-layer rev-btn\"\n\t\t\t\t\t\t\t\thref=\"https:\/\/www.samiad.com\/wp-content\/uploads\/2025\/05\/Samiad-Pre-Arrival-and-Student-Handbook-2025.pdf\" target=\"_blank\" rel=\"noopener\"\n\t\t\t\t\t\t\t\tdata-type=\"button\"\n\t\t\t\t\t\t\t\tdata-rsp_ch=\"on\"\n\t\t\t\t\t\t\t\tdata-xy=\"x:l,l,l,c;xo:305px,305px,305px,0;yo:648px,648px,648px,612px;\"\n\t\t\t\t\t\t\t\tdata-text=\"w:normal;s:17,17,17,13;l:40,40,40,29;fw:500;\"\n\t\t\t\t\t\t\t\tdata-dim=\"minh:0px,0px,0px,none;\"\n\t\t\t\t\t\t\t\tdata-padding=\"r:25,25,25,20;l:25,25,25,20;\"\n\t\t\t\t\t\t\t\tdata-border=\"bos:solid;boc:#ffffff;bow:1px,1px,1px,1px;\"\n\t\t\t\t\t\t\t\tdata-frame_0=\"y:50,50,50,11;\"\n\t\t\t\t\t\t\t\tdata-frame_1=\"st:990;sp:1000;sR:990;\"\n\t\t\t\t\t\t\t\tdata-frame_999=\"o:0;st:w;sR:8010;\"\n\t\t\t\t\t\t\t\tdata-frame_hover=\"bgc:rgba(0,0,0,0);boc:rgba(255,255,255,0.75);bor:0px,0px,0px,0px;bos:solid;bow:1px,1px,1px,1px;e:power1.inOut;\"\n\t\t\t\t\t\t\t\tstyle=\"z-index:9;background-color:rgba(0,0,0,0);font-family:'Roboto';\"\n\t\t\t\t\t\t\t>STUDENTENHANDBUCH HERUNTERLADEN \n\t\t\t\t\t\t\t<\/a><!--\n\n\t\t\t\t\t\t\t--><rs-layer\n\t\t\t\t\t\t\t\tid=\"slider-352-slide-937-layer-3\" \n\t\t\t\t\t\t\t\tdata-type=\"shape\"\n\t\t\t\t\t\t\t\tdata-rsp_ch=\"on\"\n\t\t\t\t\t\t\t\tdata-xy=\"xo:274px,274px,274px,-72px;yo:498px,498px,498px,89px;\"\n\t\t\t\t\t\t\t\tdata-text=\"w:normal;s:20,20,20,4;l:0,0,0,6;\"\n\t\t\t\t\t\t\t\tdata-dim=\"w:1px;h:200px,200px,200px,49px;\"\n\t\t\t\t\t\t\t\tdata-frame_0=\"y:-50,-50,-50,-11;\"\n\t\t\t\t\t\t\t\tdata-frame_1=\"sp:1000;\"\n\t\t\t\t\t\t\t\tdata-frame_999=\"o:0;st:w;sR:9000;\"\n\t\t\t\t\t\t\t\tstyle=\"z-index:8;background-color:#ffffff;\"\n\t\t\t\t\t\t\t> \n\t\t\t\t\t\t\t<\/rs-layer><!--\n\n\t\t\t\t\t\t\t--><rs-layer\n\t\t\t\t\t\t\t\tid=\"slider-352-slide-937-layer-4\" \n\t\t\t\t\t\t\t\tdata-type=\"shape\"\n\t\t\t\t\t\t\t\tdata-rsp_ch=\"on\"\n\t\t\t\t\t\t\t\tdata-xy=\"x:c;xo:38px,38px,38px,9px;y:m;yo:-160px,-160px,-160px,-39px;\"\n\t\t\t\t\t\t\t\tdata-text=\"w:normal;s:20,20,20,4;l:0,0,0,6;\"\n\t\t\t\t\t\t\t\tdata-dim=\"w:2880px,2880px,2880px,936px;h:1200px,1200px,1200px,905px;\"\n\t\t\t\t\t\t\t\tdata-vbility=\"f,f,f,f\"\n\t\t\t\t\t\t\t\tdata-frame_0=\"y:50,50,50,11;\"\n\t\t\t\t\t\t\t\tdata-frame_1=\"sp:1000;\"\n\t\t\t\t\t\t\t\tdata-frame_999=\"o:0;st:w;sR:9000;\"\n\t\t\t\t\t\t\t\tstyle=\"z-index:6;background-color:rgba(0,0,0,0.5);\"\n\t\t\t\t\t\t\t> \n\t\t\t\t\t\t\t<\/rs-layer><!--\n-->\t\t\t\t\t\t<\/rs-slide>\n\t\t\t\t\t<\/rs-slides>\n\t\t\t\t<\/rs-module>\n\t\t\t\t<script>\n\t\t\t\t\tsetREVStartSize({c: 'rev_slider_352_1',rl:[1240,1240,1240,480],el:[800,800,800,720],gw:[1920,1920,1920,480],gh:[800,800,800,720],type:'standard',justify:'',layout:'fullwidth',mh:\"0\"});if (window.RS_MODULES!==undefined && window.RS_MODULES.modules!==undefined && window.RS_MODULES.modules[\"revslider3521\"]!==undefined) {window.RS_MODULES.modules[\"revslider3521\"].once = false;window.revapi352 = undefined;if (window.RS_MODULES.checkMinimal!==undefined) window.RS_MODULES.checkMinimal()}\n\t\t\t\t<\/script>\n\t\t\t<\/rs-module-wrap>\n\t\t\t<!-- END REVOLUTION SLIDER -->\n[\/vc_column][\/vc_row][vc_row][vc_column][vc_empty_space height=&#8220;15px&#8220;][vc_row_inner content_placement=&#8220;middle&#8220; gap=&#8220;35&#8243;][vc_column_inner width=&#8220;1\/2&#8243;][vc_single_image image=&#8220;7794&#8243; img_size=&#8220;full&#8220; alignment=&#8220;center&#8220; onclick=&#8220;custom_link&#8220; img_link_target=&#8220;_blank&#8220; css_animation=&#8220;slideInLeft&#8220; link=&#8220;https:\/\/www.samiad.com\/wp-content\/uploads\/2025\/05\/Samiad-Pre-Arrival-and-Student-Handbook-2025.pdf&#8220;][\/vc_column_inner][vc_column_inner width=&#8220;1\/2&#8243; css=&#8220;.vc_custom_1677239832236{padding-top: 50px !important;}&#8220;][vc_column_text]<\/p>\n<h2>Samiad Summer School Abenteuer<\/h2>\n<p>Ihre Samiad Summer School Reise r\u00fcckt t\u00e4glich n\u00e4her! Wir verstehen, dass Sie wahrscheinlich viele Fragen haben und neugierig sind, was Sie erwartet. Keine Sorge, wir haben diese Seite zusammengestellt, um Ihnen alle wichtigen Informationen zu geben und Ihnen bei der Vorbereitung zu helfen.  <\/p>\n<p>Zun\u00e4chst einmal finden Sie hier einen Link zu unserem Anreise-Leitfaden. Er ist sowohl f\u00fcr Sch\u00fcler als auch f\u00fcr Eltern \u00e4u\u00dferst n\u00fctzlich. Werfen Sie einen genauen Blick darauf, um sicherzustellen, dass Sie alles f\u00fcr Ihr bevorstehendes Abenteuer haben.[\/vc_column_text][vc_btn title=&#8220;Studentenhandbuch herunterladen&#8220; style=&#8220;custom&#8220; custom_background=&#8220;#ad986e&#8220; custom_text=&#8220;#ffffff&#8220; shape=&#8220;square&#8220; align=&#8220;left&#8220; link=&#8220;url:https%3A%2F%2Fwww.samiad.com%2Fwp-content%2Fuploads%2F2025%2F05%2FSamiad-Pre-Arrival-and-Student-Handbook-2025.pdf|title:Herunterladen|target:_blank|&#8220; css=&#8220;.vc_custom_1748534079164{padding-top: 30px !important;}&#8220;][\/vc_column_inner][\/vc_row_inner][\/vc_column][\/vc_row][vc_row][vc_column][vc_empty_space height=&#8220;30px&#8220;][\/vc_column][\/vc_row][vc_row][vc_column][vc_column_text css=&#8220;.vc_custom_1686213095858{padding-top: 25px !important;padding-bottom: 25px !important;}&#8220;]<\/p>\n<h2 style=\"text-align: center;\">Videos zur Anreisevorbereitung<\/h2>\n<p>[\/vc_column_text][vc_column_text css=&#8220;.vc_custom_1697198838301{padding-top: 25px !important;padding-bottom: 25px !important;}&#8220;]<\/p>\n<p style=\"text-align: center;\">Schlie\u00dflich haben wir einige Videos zusammengestellt, die h\u00e4ufig gestellte Fragen beantworten und Ihnen helfen, sich auf Ihr Summer School Abenteuer vorzubereiten. Sollten Sie vor Ihrer Anreise noch Fragen haben, kontaktieren Sie uns einfach \u00fcber Ihren Samiad-Vertreter oder \u00fcber die Seite \u201eKontakt\u201c auf unserer Website. <\/p>\n<p style=\"text-align: center;\">Wir freuen uns darauf, Sie bald begr\u00fc\u00dfen zu d\u00fcrfen!<\/p>\n<p>[\/vc_column_text][\/vc_column][\/vc_row][vc_row gap=&#8220;30&#8243;][vc_column width=&#8220;1\/3&#8243;][vc_column_text]<iframe title=\"YouTube-Videoplayer\" src=\"https:\/\/www.youtube.com\/embed\/sCEwHysIXD0\" width=\"560\" height=\"315\" frameborder=\"0\" allowfullscreen=\"allowfullscreen\"><\/iframe>[\/vc_column_text][\/vc_column][vc_column width=&#8220;1\/3&#8243;][vc_column_text]<iframe title=\"YouTube-Videoplayer\" src=\"https:\/\/www.youtube.com\/embed\/RYKXTnWo8Mg\" width=\"560\" height=\"315\" frameborder=\"0\" allowfullscreen=\"allowfullscreen\"><\/iframe>[\/vc_column_text][\/vc_column][vc_column width=&#8220;1\/3&#8243;][vc_column_text]<iframe title=\"YouTube-Videoplayer\" src=\"https:\/\/www.youtube.com\/embed\/rfweGnQz4Sk\" width=\"560\" height=\"315\" frameborder=\"0\" allowfullscreen=\"allowfullscreen\"><\/iframe>[\/vc_column_text][\/vc_column][\/vc_row][vc_row gap=&#8220;30&#8243;][vc_column width=&#8220;1\/3&#8243;][vc_column_text]<iframe title=\"YouTube-Videoplayer\" src=\"https:\/\/www.youtube.com\/embed\/hxQXI9dOZU8\" width=\"560\" height=\"315\" frameborder=\"0\" allowfullscreen=\"allowfullscreen\"><\/iframe>[\/vc_column_text][\/vc_column][vc_column width=&#8220;1\/3&#8243;][vc_column_text]<iframe title=\"YouTube-Videoplayer\" src=\"https:\/\/www.youtube.com\/embed\/itmTEnMg410\" width=\"560\" height=\"315\" frameborder=\"0\" allowfullscreen=\"allowfullscreen\"><\/iframe>[\/vc_column_text][\/vc_column][vc_column width=&#8220;1\/3&#8243;][vc_column_text]<iframe title=\"YouTube-Videoplayer\" src=\"https:\/\/www.youtube.com\/embed\/scXn6POj92A\" width=\"560\" height=\"315\" frameborder=\"0\" allowfullscreen=\"allowfullscreen\"><\/iframe>[\/vc_column_text][\/vc_column][\/vc_row][vc_row][vc_column][vc_empty_space height=&#8220;30px&#8220;][\/vc_column][\/vc_row][vc_row full_width=&#8220;stretch_row&#8220; css=&#8220;.vc_custom_1686233776102{padding-top: 100px !important;padding-bottom: 100px !important;background-color: #e6e1d6 !important;}&#8220;][vc_column][vc_empty_space height=&#8220;15px&#8220;][vc_column_text]<\/p>\n<h2 style=\"text-align: center;\">Willkommen zum samiad Summer School<br \/>\nEnglisch-Quiz vor der Anreise!<\/h2>\n<p>[\/vc_column_text][vc_empty_space height=&#8220;15px&#8220;][vc_column_text]<\/p>\n<div class=\"TypographyPresentation TypographyPresentation--m RichText3-paragraph--withVSpacingNormal RichText3-paragraph\" style=\"text-align: center;\">Wir freuen uns sehr, Sie an der Samiad Summer School begr\u00fc\u00dfen zu d\u00fcrfen! Um sicherzustellen, dass Sie in die richtige Klasse f\u00fcr Ihr Englischniveau eingestuft werden, bitten wir Sie, dieses schnelle und einfache Online-Quiz vor Ihrer Anreise auszuf\u00fcllen. Sie brauchen sich keine Sorgen zu machen \u2013 dieses Quiz dient lediglich dazu, uns Ihr aktuelles Englischniveau zu verdeutlichen. Sie k\u00f6nnen nicht bestehen oder durchfallen, und es ist wichtig, dass Sie es ohne Hilfe absolvieren, um uns ein genaues Bild Ihrer F\u00e4higkeiten zu vermitteln.   <\/div>\n<div><\/div>\n<div>\n<div class=\"TypographyPresentation TypographyPresentation--m RichText3-paragraph--withVSpacingNormal RichText3-paragraph\" style=\"text-align: center;\">Hier sind einige wichtige Punkte, die Sie beachten sollten:<\/div>\n<\/div>\n<p>[\/vc_column_text][vc_empty_space height=&#8220;15px&#8220;][\/vc_column][\/vc_row][vc_row][vc_column][vc_empty_space height=&#8220;30px&#8220;][\/vc_column][\/vc_row][vc_row][vc_column width=&#8220;1\/4&#8243;][vc_empty_space height=&#8220;15px&#8220;][vc_icon icon_fontawesome=&#8220;fas fa-sign-in-alt&#8220; color=&#8220;custom&#8220; size=&#8220;lg&#8220; align=&#8220;center&#8220; custom_color=&#8220;#652582&#8243;][vc_empty_space height=&#8220;15px&#8220;][vc_column_text]<\/p>\n<h3 style=\"text-align: center;\">Anmeldung<\/h3>\n<p style=\"text-align: center;\">Um auf das Quiz zuzugreifen, ben\u00f6tigen Sie Ihre Referenznummer aus Ihren Samiad-Briefen. Sie sollte so aussehen: <strong>2024??XXXXX<\/strong>. <\/p>\n<p>[\/vc_column_text][\/vc_column][vc_column width=&#8220;1\/4&#8243;][vc_empty_space height=&#8220;15px&#8220;][vc_icon icon_fontawesome=&#8220;fas fa-laptop&#8220; color=&#8220;custom&#8220; size=&#8220;lg&#8220; align=&#8220;center&#8220; custom_color=&#8220;#652582&#8243;][vc_empty_space height=&#8220;15px&#8220;][vc_column_text]<\/p>\n<h3 style=\"text-align: center;\">Ger\u00e4teanforderungen<\/h3>\n<p style=\"text-align: center;\">Das Quiz ist online, daher ben\u00f6tigen Sie ein Ger\u00e4t, das sich mit dem Internet verbinden kann. Sie k\u00f6nnen ein Mobiltelefon, ein iPad oder einen Computer verwenden. Sollten Sie die Verbindung verlieren oder neu starten m\u00fcssen, k\u00f6nnen Sie das Quiz einfach erneut beginnen.  <\/p>\n<p>[\/vc_column_text][\/vc_column][vc_column width=&#8220;1\/4&#8243;][vc_empty_space height=&#8220;15px&#8220;][vc_icon icon_fontawesome=&#8220;fas fa-key&#8220; color=&#8220;custom&#8220; size=&#8220;lg&#8220; align=&#8220;center&#8220; custom_color=&#8220;#652582&#8243;][vc_empty_space height=&#8220;15px&#8220;][vc_column_text]<\/p>\n<h3 style=\"text-align: center;\">Ehrlichkeit ist entscheidend<\/h3>\n<p style=\"text-align: center;\">Es ist wichtig, das Quiz selbstst\u00e4ndig und ohne Hilfe zu absolvieren. Obwohl Sie das Quiz mehrmals absolvieren k\u00f6nnen, bitten wir Sie, beim ersten Mal Ihr Bestes zu geben, um eine genaue Einsch\u00e4tzung Ihres Englischniveaus zu gew\u00e4hrleisten. <\/p>\n<p>[\/vc_column_text][\/vc_column][vc_column width=&#8220;1\/4&#8243;][vc_empty_space height=&#8220;15px&#8220;][vc_icon icon_fontawesome=&#8220;fas fa-poll-h&#8220; color=&#8220;custom&#8220; size=&#8220;lg&#8220; align=&#8220;center&#8220; custom_color=&#8220;#652582&#8243;][vc_empty_space height=&#8220;15px&#8220;][vc_column_text]<\/p>\n<h3 style=\"text-align: center;\">Ergebnisse<\/h3>\n<p style=\"text-align: center;\">Wir zeigen Ihre Ergebnisse am Ende des Quiz nicht an. Die Punktzahl dient ausschlie\u00dflich internen Zwecken, um sicherzustellen, dass Sie in eine Klasse mit Sch\u00fclern \u00e4hnlichen Alters und \u00e4hnlicher F\u00e4higkeiten eingestuft werden. <\/p>\n<p>[\/vc_column_text][\/vc_column][\/vc_row][vc_row][vc_column][vc_empty_space height=&#8220;30px&#8220;][\/vc_column][\/vc_row][vc_row css=&#8220;.vc_custom_1686213030287{padding-top: 0px !important;padding-bottom: 50px !important;}&#8220;][vc_column][vc_empty_space height=&#8220;30px&#8220;][vc_column_text]<\/p>\n<h2 style=\"text-align: center;\">Quiz starten!<\/h2>\n<p>[\/vc_column_text][vc_empty_space height=&#8220;15px&#8220;][\/vc_column][\/vc_row][vc_row css=&#8220;.vc_custom_1750427824881{padding-top: 0px !important;padding-bottom: 30px !important;}&#8220;][vc_column][vc_single_image image=&#8220;2041&#8243; img_size=&#8220;full&#8220; alignment=&#8220;center&#8220; style=&#8220;vc_box_shadow_3d&#8220; onclick=&#8220;custom_link&#8220; img_link_target=&#8220;_blank&#8220; link=&#8220;https:\/\/samiad.com\/folder\/directory\/story.html&#8220;][vc_empty_space height=&#8220;15px&#8220;][\/vc_column][\/vc_row][vc_row css=&#8220;.vc_custom_1717590916202{padding-bottom: 30px !important;}&#8220;][vc_column][vc_empty_space height=&#8220;30px&#8220;][vc_column_text]<\/p>\n<h2 style=\"text-align: center;\">Vielen Dank f\u00fcr Ihre Mitarbeit!<\/h2>\n<p>[\/vc_column_text][vc_column_text]<\/p>\n<div class=\"TypographyPresentation TypographyPresentation--m RichText3-paragraph--withVSpacingNormal RichText3-paragraph\" style=\"text-align: center;\">Wir freuen uns darauf, Sie bald zu sehen und hoffen, dass Sie eine fantastische Zeit an der Samiad Summer School haben werden!<\/div>\n<p>[\/vc_column_text][vc_empty_space height=&#8220;80px&#8220;][\/vc_column][\/vc_row]<\/p>\n<\/div>","protected":false},"excerpt":{"rendered":"<p>[vc_row][vc_column][\/vc_column][\/vc_row][vc_row][vc_column][vc_empty_space height=&#8220;15px&#8220;][vc_row_inner content_placement=&#8220;middle&#8220; gap=&#8220;35&#8243;][vc_column_inner width=&#8220;1\/2&#8243;][vc_single_image image=&#8220;7794&#8243; img_size=&#8220;full&#8220; alignment=&#8220;center&#8220; onclick=&#8220;custom_link&#8220; img_link_target=&#8220;_blank&#8220; css_animation=&#8220;slideInLeft&#8220; link=&#8220;https:\/\/www.samiad.com\/wp-content\/uploads\/2025\/05\/Samiad-Pre-Arrival-and-Student-Handbook-2025.pdf&#8220;][\/vc_column_inner][vc_column_inner width=&#8220;1\/2&#8243; css=&#8220;.vc_custom_1677239832236{padding-top: 50px !important;}&#8220;][vc_column_text] Samiad Summer School Abenteuer Ihre Samiad Summer School Reise r\u00fcckt t\u00e4glich n\u00e4her! Wir verstehen, dass Sie wahrscheinlich viele Fragen haben und neugierig sind, was Sie erwartet. Keine Sorge, wir haben diese Seite zusammengestellt, um Ihnen alle wichtigen Informationen zu&hellip;&nbsp;<a href=\"https:\/\/www.samiad.com\/de\/vor-der-anreise\/\" rel=\"bookmark\">Weiterlesen &raquo;<span class=\"screen-reader-text\">Vor der Anreise<\/span><\/a><\/p>\n","protected":false},"author":4,"featured_media":0,"parent":0,"menu_order":0,"comment_status":"closed","ping_status":"closed","template":"","meta":{"_acf_changed":false,"neve_meta_sidebar":"","neve_meta_container":"","neve_meta_enable_content_width":"off","neve_meta_content_width":100,"neve_meta_title_alignment":"","neve_meta_author_avatar":"","neve_post_elements_order":"","neve_meta_disable_header":"","neve_meta_disable_footer":"","neve_meta_disable_title":"","neve_meta_reading_time":"","footnotes":""},"class_list":["post-11118","page","type-page","status-publish","hentry"],"acf":[],"_links":{"self":[{"href":"https:\/\/www.samiad.com\/de\/wp-json\/wp\/v2\/pages\/11118","targetHints":{"allow":["GET"]}}],"collection":[{"href":"https:\/\/www.samiad.com\/de\/wp-json\/wp\/v2\/pages"}],"about":[{"href":"https:\/\/www.samiad.com\/de\/wp-json\/wp\/v2\/types\/page"}],"author":[{"embeddable":true,"href":"https:\/\/www.samiad.com\/de\/wp-json\/wp\/v2\/users\/4"}],"replies":[{"embeddable":true,"href":"https:\/\/www.samiad.com\/de\/wp-json\/wp\/v2\/comments?post=11118"}],"version-history":[{"count":0,"href":"https:\/\/www.samiad.com\/de\/wp-json\/wp\/v2\/pages\/11118\/revisions"}],"wp:attachment":[{"href":"https:\/\/www.samiad.com\/de\/wp-json\/wp\/v2\/media?parent=11118"}],"curies":[{"name":"wp","href":"https:\/\/api.w.org\/{rel}","templated":true}]}}