{"id":11124,"date":"2024-06-12T12:00:15","date_gmt":"2024-06-12T12:00:15","guid":{"rendered":"https:\/\/www.samiad.com\/training\/"},"modified":"2026-01-27T10:45:25","modified_gmt":"2026-01-27T10:45:25","slug":"schulung","status":"publish","type":"page","link":"https:\/\/www.samiad.com\/de\/schulung\/","title":{"rendered":"Schulung"},"content":{"rendered":"<div class=\"wpb-content-wrapper\"><p>[vc_row][vc_column]\n\t\t\t<!-- START eLearning REVOLUTION SLIDER 6.6.18 --><p class=\"rs-p-wp-fix\"><\/p>\n\t\t\t<rs-module-wrap id=\"rev_slider_70_1_wrapper\" data-source=\"gallery\" style=\"visibility:hidden;background:transparent;padding:0;margin:0px auto;margin-top:0;margin-bottom:0;\">\n\t\t\t\t<rs-module id=\"rev_slider_70_1\" style=\"\" data-version=\"6.6.18\">\n\t\t\t\t\t<rs-slides style=\"overflow: hidden; position: absolute;\">\n\t\t\t\t\t\t<rs-slide style=\"position: absolute;\" data-key=\"rs-201\" data-title=\"Slide\" data-anim=\"e:slidingoverlay;ms:2000;\" data-in=\"o:1;x:-100%;\" data-out=\"a:false;\">\n\t\t\t\t\t\t\t<img decoding=\"async\" src=\"\/\/www.samiad.com\/wp-content\/plugins\/revslider\/public\/assets\/assets\/dummy.png\" alt=\"\" title=\"SAFEGUARDING\" width=\"1748\" height=\"1240\" class=\"rev-slidebg tp-rs-img rs-lazyload\" data-lazyload=\"\/\/samiad.com\/wp-content\/uploads\/2024\/06\/SAFEGUARDING.png\" data-no-retina>\n<!--\n\t\t\t\t\t\t\t--><rs-layer\n\t\t\t\t\t\t\t\tid=\"slider-70-slide-201-layer-0\" \n\t\t\t\t\t\t\t\tdata-type=\"text\"\n\t\t\t\t\t\t\t\tdata-rsp_ch=\"on\"\n\t\t\t\t\t\t\t\tdata-xy=\"x:c;xo:-244px,-244px,-244px,0;y:m;yo:175px,175px,175px,110px;\"\n\t\t\t\t\t\t\t\tdata-text=\"w:normal;s:51,51,51,39;l:70,70,70,41;a:left,left,left,center;\"\n\t\t\t\t\t\t\t\tdata-dim=\"w:830px,830px,830px,343px;h:228px,228px,228px,265px;\"\n\t\t\t\t\t\t\t\tdata-frame_0=\"x:0,0,0,0px;y:0,0,0,0px;o:1;\"\n\t\t\t\t\t\t\t\tdata-frame_0_chars=\"d:5;x:0,0,0,0px;y:0,0,0,0px;o:0;rX:-90deg;oZ:-50;\"\n\t\t\t\t\t\t\t\tdata-frame_1=\"x:1px,1px,1px,0px;y:-1px,-1px,-1px,0px;e:default;sp:1750;\"\n\t\t\t\t\t\t\t\tdata-frame_1_chars=\"e:power4.inOut;d:10;x:0,0,0,0px;y:0,0,0,0px;oZ:-50;\"\n\t\t\t\t\t\t\t\tdata-frame_999=\"x:-50,-50,-50,-10px;o:0;st:9800;sp:2500;sR:4750;\"\n\t\t\t\t\t\t\t\tdata-tloop=\"t:frame_1;\"\n\t\t\t\t\t\t\t\tstyle=\"z-index:7;font-family:'Playfair Display';text-transform:uppercase;\"\n\t\t\t\t\t\t\t>Samiad Summer School Staff Safeguarding & Pre Summer Training \n\t\t\t\t\t\t\t<\/rs-layer><!--\n\n\t\t\t\t\t\t\t--><rs-layer\n\t\t\t\t\t\t\t\tid=\"slider-70-slide-201-layer-3\" \n\t\t\t\t\t\t\t\tdata-type=\"shape\"\n\t\t\t\t\t\t\t\tdata-rsp_ch=\"on\"\n\t\t\t\t\t\t\t\tdata-xy=\"xo:274px,274px,274px,-72px;yo:443px,443px,443px,89px;\"\n\t\t\t\t\t\t\t\tdata-text=\"w:normal;s:20,20,20,4;l:0,0,0,6;\"\n\t\t\t\t\t\t\t\tdata-dim=\"w:1px;h:252px,252px,252px,62px;\"\n\t\t\t\t\t\t\t\tdata-frame_0=\"y:-50,-50,-50,-11;\"\n\t\t\t\t\t\t\t\tdata-frame_1=\"sp:1000;\"\n\t\t\t\t\t\t\t\tdata-frame_999=\"o:0;st:w;sR:9000;\"\n\t\t\t\t\t\t\t\tstyle=\"z-index:8;background-color:#ffffff;\"\n\t\t\t\t\t\t\t> \n\t\t\t\t\t\t\t<\/rs-layer><!--\n\n\t\t\t\t\t\t\t--><rs-layer\n\t\t\t\t\t\t\t\tid=\"slider-70-slide-201-layer-4\" \n\t\t\t\t\t\t\t\tdata-type=\"shape\"\n\t\t\t\t\t\t\t\tdata-rsp_ch=\"on\"\n\t\t\t\t\t\t\t\tdata-xy=\"x:c;xo:-95px,-95px,-95px,-22px;y:m;yo:-120px,-120px,-120px,-29px;\"\n\t\t\t\t\t\t\t\tdata-text=\"w:normal;s:20,20,20,4;l:0,0,0,6;\"\n\t\t\t\t\t\t\t\tdata-dim=\"w:2880px,2880px,2880px,936px;h:1200px,1200px,1200px,905px;\"\n\t\t\t\t\t\t\t\tdata-vbility=\"f,f,f,f\"\n\t\t\t\t\t\t\t\tdata-frame_0=\"y:50,50,50,11;\"\n\t\t\t\t\t\t\t\tdata-frame_1=\"sp:1000;\"\n\t\t\t\t\t\t\t\tdata-frame_999=\"o:0;st:w;sR:9000;\"\n\t\t\t\t\t\t\t\tstyle=\"z-index:6;background-color:rgba(0,0,0,0.5);\"\n\t\t\t\t\t\t\t> \n\t\t\t\t\t\t\t<\/rs-layer><!--\n-->\t\t\t\t\t\t<\/rs-slide>\n\t\t\t\t\t<\/rs-slides>\n\t\t\t\t<\/rs-module>\n\t\t\t\t<script>\n\t\t\t\t\tsetREVStartSize({c: 'rev_slider_70_1',rl:[1240,1240,1240,480],el:[800,800,800,720],gw:[1920,1920,1920,480],gh:[800,800,800,720],type:'standard',justify:'',layout:'fullwidth',mh:\"0\"});if (window.RS_MODULES!==undefined && window.RS_MODULES.modules!==undefined && window.RS_MODULES.modules[\"revslider701\"]!==undefined) {window.RS_MODULES.modules[\"revslider701\"].once = false;window.revapi70 = undefined;if (window.RS_MODULES.checkMinimal!==undefined) window.RS_MODULES.checkMinimal()}\n\t\t\t\t<\/script>\n\t\t\t<\/rs-module-wrap>\n\t\t\t<!-- END REVOLUTION SLIDER -->\n[\/vc_column][\/vc_row][vc_row css=&#8220;.vc_custom_1718123694687{padding-top: 60px !important;padding-bottom: 60px !important;}&#8220;][vc_column][vc_column_text css=&#8220;.vc_custom_1717584549251{padding-top: 25px !important;padding-bottom: 25px !important;}&#8220;]<\/p>\n<h2 style=\"text-align: center;\">Willkommen im Team!<\/h2>\n<p>[\/vc_column_text][vc_column_text css=&#8220;.vc_custom_1745419707883{padding-top: 25px !important;padding-bottom: 25px !important;}&#8220;]<\/p>\n<p style=\"text-align: center;\">Herzlichen Gl\u00fcckwunsch zur Aufnahme in das Samiad Summer School Team! Wir freuen uns sehr, Sie an Bord zu haben. Als Mitglied unseres engagierten Teams ist Ihre Rolle bei der Aufrechterhaltung einer sicheren, unterst\u00fctzenden und inspirierenden Umgebung f\u00fcr unsere Sch\u00fcler von entscheidender Bedeutung. Auf dieser Seite finden Sie wichtige Ressourcen, einschlie\u00dflich unseres <em>Safeguarding Tests<\/em> und unserer <em>Initial Overview Training<\/em>, die Sie auf den bevorstehenden Sommer vorbereiten sollen. Schutzma\u00dfnahmen stehen im Mittelpunkt unseres Handelns, und Ihr Verst\u00e4ndnis und Engagement sind der Schl\u00fcssel zur Gew\u00e4hrleistung des Wohlergehens von Sch\u00fclern und Mitarbeitern.    <\/p>\n<p style=\"text-align: center;\">Vielen Dank, dass Sie sich uns angeschlossen haben \u2013 und dass Sie dazu beitragen, Samiad zu einem Ort zu machen, an dem Sicherheit, F\u00fcrsorge und Abenteuer zusammenkommen!<\/p>\n<p>[\/vc_column_text][\/vc_column][\/vc_row][vc_row css=&#8220;.vc_custom_1718122863377{padding-top: 75px !important;}&#8220;][vc_column][vc_empty_space height=&#8220;30px&#8220;][vc_column_text]<\/p>\n<h2 style=\"text-align: center;\">SAFEGUARDING TEST<\/h2>\n<p>[\/vc_column_text][vc_empty_space height=&#8220;45px&#8220;][\/vc_column][\/vc_row][vc_row gap=&#8220;30&#8243; css=&#8220;.vc_custom_1718122831558{padding-bottom: 90px !important;}&#8220;][vc_column width=&#8220;1\/4&#8243;][vc_icon icon_fontawesome=&#8220;fas fa-sign-in-alt&#8220; color=&#8220;custom&#8220; size=&#8220;lg&#8220; align=&#8220;center&#8220; custom_color=&#8220;#652582&#8243;][vc_empty_space height=&#8220;15px&#8220;][vc_column_text]<\/p>\n<h3 style=\"text-align: center;\">Registrierung<\/h3>\n<p style=\"text-align: center;\">Um sich zu registrieren, klicken Sie bitte auf den Bildschirm unten. Sie werden dann aufgefordert, Ihren Namen und Ihre E-Mail-Adresse anzugeben.<\/p>\n<p>[\/vc_column_text][\/vc_column][vc_column width=&#8220;1\/4&#8243;][vc_icon icon_fontawesome=&#8220;fas fa-laptop&#8220; color=&#8220;custom&#8220; size=&#8220;lg&#8220; align=&#8220;center&#8220; custom_color=&#8220;#652582&#8243;][vc_empty_space height=&#8220;15px&#8220;][vc_column_text]<\/p>\n<h3 style=\"text-align: center;\">Ger\u00e4teanforderungen<\/h3>\n<p style=\"text-align: center;\" data-pm-slice=\"1 1 []\">Der Test kann auf jedem Ger\u00e4t mit Internetzugang durchgef\u00fchrt werden, aber die Verwendung eines Laptops oder iPads ist einfacher.<\/p>\n<p>[\/vc_column_text][\/vc_column][vc_column width=&#8220;1\/4&#8243;][vc_icon icon_fontawesome=&#8220;fas fa-clock&#8220; color=&#8220;custom&#8220; size=&#8220;lg&#8220; align=&#8220;center&#8220; custom_color=&#8220;#652582&#8243;][vc_empty_space height=&#8220;15px&#8220;][vc_column_text]<\/p>\n<h3 style=\"text-align: center;\">Dauer des Tests<\/h3>\n<p style=\"text-align: center;\">Der Test selbst dauert wahrscheinlich 30 Minuten. Bitte \u00fcberst\u00fcrzen Sie nichts, da die Fragen Ihnen helfen sollen, die Antworten und ihren Bezug zu bestimmten Situationen zu verstehen. Wenn Sie technische Probleme haben oder den Test unterbrechen m\u00fcssen, ist dies kein Problem. Sie k\u00f6nnen jederzeit zu der Stelle zur\u00fcckkehren, an der Sie aufgeh\u00f6rt haben, und Sie k\u00f6nnen den Test so oft neu starten, wie Sie m\u00f6chten. <\/p>\n<p>[\/vc_column_text][\/vc_column][vc_column width=&#8220;1\/4&#8243;][vc_icon icon_fontawesome=&#8220;fas fa-poll-h&#8220; color=&#8220;custom&#8220; size=&#8220;lg&#8220; align=&#8220;center&#8220; custom_color=&#8220;#652582&#8243;][vc_empty_space height=&#8220;15px&#8220;][vc_column_text]<\/p>\n<h3 style=\"text-align: center;\">Ihre Ergebnisse<\/h3>\n<p style=\"text-align: center;\" data-pm-slice=\"1 1 []\">Um fortzufahren, ben\u00f6tigen wir von jedem Mitarbeiter eine Punktzahl von mindestens 70 % im Safeguarding Test. Wenn Sie darunter liegen, machen Sie sich keine Sorgen, Sie k\u00f6nnen den Test so oft wiederholen, wie Sie m\u00f6chten. <\/p>\n<p>[\/vc_column_text][\/vc_column][vc_column][vc_btn title=&#8220;MACHEN SIE DEN TEST!&#8220; style=&#8220;custom&#8220; custom_background=&#8220;#652487&#8243; custom_text=&#8220;#ffffff&#8220; shape=&#8220;square&#8220; align=&#8220;center&#8220; link=&#8220;url:https%3A%2F%2Facc-69061.ispring.com%2Fapp%2Fpreview%2F8d8f1b82-3bb3-11f0-be4d-f6a34c7dd83a|title:MACHEN%20SIE%20DEN%20TEST%21|target:_blank|&#8220; css=&#8220;.vc_custom_1748446867107{padding-top: 30px !important;}&#8220;][\/vc_column][\/vc_row][vc_row css=&#8220;.vc_custom_1718122863377{padding-top: 75px !important;}&#8220;][vc_column][vc_column_text]<\/p>\n<h2 style=\"text-align: center;\">IHRE AUSBILDUNGSREISE BEI SAMIAD<\/h2>\n<p>Um sicherzustellen, dass Sie vollst\u00e4ndig vorbereitet und zuversichtlich in Ihrer Rolle sind, absolvieren alle Mitarbeiter einen dreistufigen Schulungsprozess, bevor sie an der Samiad Summer School beginnen. Diese Schulung soll Ihnen das Wissen, die Werkzeuge und die Unterst\u00fctzung geben, die Sie f\u00fcr Ihren Erfolg ben\u00f6tigen, und uns helfen, die sichere und bereichernde Erfahrung zu bieten, f\u00fcr die wir bekannt sind.[\/vc_column_text][vc_empty_space height=&#8220;45px&#8220;][\/vc_column][\/vc_row][vc_row gap=&#8220;30&#8243; css=&#8220;.vc_custom_1718122831558{padding-bottom: 90px !important;}&#8220;][vc_column][vc_empty_space height=&#8220;15px&#8220;][vc_column_text]<\/p>\n<h3 style=\"text-align: center;\"><strong>Schritt 1: Online-Schulung<\/strong><\/h3>\n<p style=\"text-align: center;\">Beginnen Sie mit dem Ausf\u00fcllen unseres grundlegenden Online-Schulungsmoduls (Link unten). Dieser Kurs im Selbststudium bietet einen allgemeinen \u00dcberblick \u00fcber Samiad, unsere Richtlinien und was Sie w\u00e4hrend Ihrer Zeit bei uns erwartet. Die Schulung umfasst Quizfragen, um Ihr Verst\u00e4ndnis zu festigen.  <\/p>\n<p>[\/vc_column_text][vc_btn title=&#8220;MACHEN SIE DEN TEST!&#8220; style=&#8220;custom&#8220; custom_background=&#8220;#652487&#8243; custom_text=&#8220;#ffffff&#8220; shape=&#8220;square&#8220; align=&#8220;center&#8220; link=&#8220;url:https%3A%2F%2Facc-69061.ispring.com%2Fapp%2Fpreview%2F6a7d2ef4-21b9-11f0-909c-1a4b24d144d3|title:MACHEN%20SIE%20DEN%20TEST%21|target:_blank|&#8220; css=&#8220;.vc_custom_1745580482764{padding-top: 30px !important;}&#8220;][vc_empty_space height=&#8220;15px&#8220;][vc_column_text]<\/p>\n<h3 style=\"text-align: center;\"><strong><br \/>Schritt 2: Live-Online-Schulungssitzung<\/strong><\/h3>\n<p style=\"text-align: center;\" data-pm-slice=\"1 1 []\">Als N\u00e4chstes nehmen Sie an einer interaktiven Live-Online-Sitzung teil, die von einem Mitglied unseres Senior-Teams geleitet wird. Diese Schulung befasst sich eingehender mit Ihrer spezifischen Rolle und gibt Ihnen die M\u00f6glichkeit, Fragen zu stellen und sich mit anderen neuen Teammitgliedern auszutauschen. Sie erhalten eine E-Mail-Einladung mit Details zu Datum und Uhrzeit Ihrer Sitzung.  <\/p>\n<p>[\/vc_column_text][vc_empty_space height=&#8220;15px&#8220;][vc_column_text]<\/p>\n<h3 style=\"text-align: center;\"><strong><br \/>Schritt 3: Schulung vor Ort<\/strong><\/h3>\n<p style=\"text-align: center;\">Wenn Sie vor Ort ankommen, beginnen Sie mit einer pers\u00f6nlichen Schulung zu Beginn Ihrer vereinbarten T\u00e4tigkeit. Dies umfasst eine Mischung aus Sitzungen f\u00fcr alle Mitarbeiter, Briefings und gezielter rollenspezifischer Vorbereitung, um sicherzustellen, dass Sie voll und ganz bereit sind, loszulegen. <\/p>\n<p>[\/vc_column_text][\/vc_column][\/vc_row][vc_row full_width=&#8220;stretch_row&#8220; css=&#8220;.vc_custom_1718123721774{padding-top: 60px !important;padding-bottom: 60px !important;background-color: #e6e1d6 !important;}&#8220;][vc_column][vc_row_inner css=&#8220;.vc_custom_1718121670789{padding-left: 30px !important;}&#8220;][vc_column_inner][vc_column_text]<\/p>\n<h2 style=\"text-align: center;\">VOR DER ANKUNFT AUF DEM CAMPUS<\/h2>\n<p>[\/vc_column_text][vc_empty_space height=&#8220;15px&#8220;][vc_column_text]<\/p>\n<p style=\"text-align: center;\">Bitte nehmen Sie sich neben dem Ausf\u00fcllen unserer Online-Safeguarding-Schulung die Zeit, die folgenden Dokumente zu lesen. Sie enthalten n\u00fctzliche Informationen f\u00fcr die Mitarbeiter der Summer School und unsere Richtlinien.<\/p>\n<p>[\/vc_column_text][\/vc_column_inner][\/vc_row_inner][vc_empty_space height=&#8220;30px&#8220;][vc_row_inner][vc_column_inner width=&#8220;1\/3&#8243;][vc_single_image image=&#8220;7149&#8243; img_size=&#8220;medium&#8220; alignment=&#8220;center&#8220; onclick=&#8220;custom_link&#8220; img_link_target=&#8220;_blank&#8220; css_animation=&#8220;slideInLeft&#8220; link=&#8220;https:\/\/samiad.com\/wp-content\/uploads\/2025\/04\/Policies-2.pdf&#8220;][\/vc_column_inner][vc_column_inner width=&#8220;1\/3&#8243;][vc_single_image image=&#8220;7150&#8243; img_size=&#8220;medium&#8220; alignment=&#8220;center&#8220; onclick=&#8220;custom_link&#8220; img_link_target=&#8220;_blank&#8220; css_animation=&#8220;slideInLeft&#8220; link=&#8220;https:\/\/samiad.com\/wp-content\/uploads\/2025\/04\/Samiad-Safe-Guarding.pdf&#8220;][\/vc_column_inner][vc_column_inner width=&#8220;1\/3&#8243;][vc_single_image image=&#8220;7148&#8243; img_size=&#8220;medium&#8220; alignment=&#8220;center&#8220; onclick=&#8220;custom_link&#8220; img_link_target=&#8220;_blank&#8220; css_animation=&#8220;slideInLeft&#8220; link=&#8220;https:\/\/samiad.com\/wp-content\/uploads\/2025\/04\/Useful-information-1.pdf&#8220;][\/vc_column_inner][\/vc_row_inner][\/vc_column][\/vc_row][vc_row full_width=&#8220;stretch_row_content_no_spaces&#8220; css=&#8220;.vc_custom_1717586842639{background-color: #251e1e !important;}&#8220;][vc_column][vc_empty_space height=&#8220;160px&#8220; css=&#8220;.vc_custom_1718278947459{background-color: #251e1e !important;background-position: center !important;background-repeat: no-repeat !important;background-size: cover !important;}&#8220;][\/vc_column][\/vc_row]<\/p>\n<\/div>","protected":false},"excerpt":{"rendered":"<p>[vc_row][vc_column][\/vc_column][\/vc_row][vc_row css=&#8220;.vc_custom_1718123694687{padding-top: 60px !important;padding-bottom: 60px !important;}&#8220;][vc_column][vc_column_text css=&#8220;.vc_custom_1717584549251{padding-top: 25px !important;padding-bottom: 25px !important;}&#8220;] Willkommen im Team! [\/vc_column_text][vc_column_text css=&#8220;.vc_custom_1745419707883{padding-top: 25px !important;padding-bottom: 25px !important;}&#8220;] Herzlichen Gl\u00fcckwunsch zur Aufnahme in das Samiad Summer School Team! Wir freuen uns sehr, Sie an Bord zu haben. Als Mitglied unseres engagierten Teams ist Ihre Rolle bei der Aufrechterhaltung einer sicheren, unterst\u00fctzenden und inspirierenden&hellip;&nbsp;<a href=\"https:\/\/www.samiad.com\/de\/schulung\/\" rel=\"bookmark\">Weiterlesen &raquo;<span class=\"screen-reader-text\">Schulung<\/span><\/a><\/p>\n","protected":false},"author":4,"featured_media":0,"parent":0,"menu_order":0,"comment_status":"closed","ping_status":"closed","template":"","meta":{"_acf_changed":false,"neve_meta_sidebar":"","neve_meta_container":"","neve_meta_enable_content_width":"off","neve_meta_content_width":100,"neve_meta_title_alignment":"","neve_meta_author_avatar":"","neve_post_elements_order":"","neve_meta_disable_header":"","neve_meta_disable_footer":"","neve_meta_disable_title":"","neve_meta_reading_time":"","footnotes":""},"class_list":["post-11124","page","type-page","status-publish","hentry"],"acf":[],"_links":{"self":[{"href":"https:\/\/www.samiad.com\/de\/wp-json\/wp\/v2\/pages\/11124","targetHints":{"allow":["GET"]}}],"collection":[{"href":"https:\/\/www.samiad.com\/de\/wp-json\/wp\/v2\/pages"}],"about":[{"href":"https:\/\/www.samiad.com\/de\/wp-json\/wp\/v2\/types\/page"}],"author":[{"embeddable":true,"href":"https:\/\/www.samiad.com\/de\/wp-json\/wp\/v2\/users\/4"}],"replies":[{"embeddable":true,"href":"https:\/\/www.samiad.com\/de\/wp-json\/wp\/v2\/comments?post=11124"}],"version-history":[{"count":0,"href":"https:\/\/www.samiad.com\/de\/wp-json\/wp\/v2\/pages\/11124\/revisions"}],"wp:attachment":[{"href":"https:\/\/www.samiad.com\/de\/wp-json\/wp\/v2\/media?parent=11124"}],"curies":[{"name":"wp","href":"https:\/\/api.w.org\/{rel}","templated":true}]}}