{"id":8212,"date":"2023-03-15T12:28:20","date_gmt":"2023-03-15T12:28:20","guid":{"rendered":"https:\/\/www.samiad.com\/privacy-policy-2\/"},"modified":"2025-07-18T07:37:48","modified_gmt":"2025-07-18T07:37:48","slug":"privacy-policy-2","status":"publish","type":"page","link":"https:\/\/www.samiad.com\/es\/privacy-policy-2\/","title":{"rendered":"Pol\u00edtica de Privacidad"},"content":{"rendered":"<div class=\"wpb-content-wrapper\"><p>[vc_row][vc_column][vc_column_text]<\/p>\n<h1>Pol\u00edtica de Privacidad<\/h1>\n<p>www.samiad.com es un sitio web operado por Samiad limited. Estamos registrados en el Reino Unido con el n\u00famero de empresa 08718466. Nuestra direcci\u00f3n comercial es Samiad Ltd, 403\/4b, JQ Modern, 120 Vyse St, Hockley, Birmingham B18 6NF  <\/p>\n<p>Esta pol\u00edtica de privacidad cubre el sitio web de Samiad Ltd y c\u00f3mo recopilamos informaci\u00f3n de los usuarios, junto con una explicaci\u00f3n sobre c\u00f3mo cumpliremos con el RGPD (Reglamento General de Protecci\u00f3n de Datos), la DPA (Ley de Protecci\u00f3n de Datos) y el PECR (Reglamento de Privacidad y Comunicaciones Electr\u00f3nicas).<\/p>\n<p>La informaci\u00f3n que nos proporcione se utilizar\u00e1 para responder a las consultas recibidas en el sitio web. Nos tomamos su privacidad muy en serio y, si nos proporciona informaci\u00f3n durante su visita a nuestro sitio web, no venderemos, intercambiaremos ni divulgaremos su informaci\u00f3n personal (nombre, direcci\u00f3n de correo electr\u00f3nico, direcci\u00f3n postal, etc.) a ning\u00fan otro tercero para que la utilice con fines de marketing, sin su consentimiento. <\/p>\n<p>Si ya no desea que su informaci\u00f3n personal figure en nuestra base de datos, tiene derecho a solicitarnos que eliminemos esta informaci\u00f3n poni\u00e9ndose en contacto con nosotros en la direcci\u00f3n que se indica a continuaci\u00f3n.<\/p>\n<p>Uso de nuestro sitio web<br \/>\nCualquier archivo descargable y otros medios que se pongan a disposici\u00f3n en nuestro sitio web se utilizan bajo su propio riesgo. Haremos todo lo posible para garantizar que estos archivos sean seguros y est\u00e9n libres de virus; sin embargo, es su responsabilidad tomar sus propias precauciones utilizando un software antivirus. <\/p>\n<p>A veces se incluyen enlaces a sitios web externos en nuestras p\u00e1ginas web. Comprobamos estos enlaces para asegurarnos de que son seguros, sin embargo, se aconseja a los usuarios que procedan con precauci\u00f3n al hacer clic en cualquier enlace externo. <\/p>\n<p>No aceptamos ninguna responsabilidad por cualquier p\u00e9rdida o da\u00f1o incurrido por usted mientras utiliza o act\u00faa sobre la informaci\u00f3n contenida en este sitio web.<\/p>\n<p>Nos reservamos el derecho de modificar cualquier aspecto de este sitio web o de los servicios prestados.<\/p>\n<p>\u00bfQu\u00e9 informaci\u00f3n recopilamos?<br \/>\n1. Formulario de consulta<br \/>\nLa informaci\u00f3n recopilada en los formularios de consulta de nuestro sitio web se utilizar\u00e1 para responder a su consulta y proporcionar m\u00e1s informaci\u00f3n necesaria para satisfacer y dar seguimiento a su solicitud.<\/p>\n<p>Siempre tendr\u00e1 la oportunidad de optar por no recibir correos electr\u00f3nicos en el futuro cada vez que reciba una comunicaci\u00f3n nuestra y puede solicitar que sus datos se eliminen de nuestra base de datos de boletines en cualquier momento envi\u00e1ndonos un correo electr\u00f3nico a la direcci\u00f3n que se indica a continuaci\u00f3n.<\/p>\n<p>2. Clientes de Samiad ltd<br \/>\nCuando hayamos recibido sus datos de contacto durante una venta o negociaci\u00f3n de una venta, tambi\u00e9n se le incluir\u00e1 en nuestra base de datos para recibir noticias y actualizaciones peri\u00f3dicas nuestras que cubran servicios similares a los ya prestados.<\/p>\n<p>En cada bolet\u00edn informativo que enviemos por correo electr\u00f3nico, puede optar por no recibir futuros boletines informativos nuestros por correo electr\u00f3nico simplemente haciendo clic en el bot\u00f3n de cancelar la suscripci\u00f3n en la parte inferior del correo electr\u00f3nico.<\/p>\n<p>Puede solicitar que su informaci\u00f3n sea eliminada, o rectificada si es inexacta o incompleta, en cualquier momento envi\u00e1ndonos un correo electr\u00f3nico a la direcci\u00f3n que se indica a continuaci\u00f3n.<\/p>\n<p>3. Documentos requeridos durante la solicitud<br \/>\nComo proveedor de educaci\u00f3n, estamos obligados a comprobar y conservar una copia de los datos del pasaporte de cada estudiante y una fotocopia de cada pasaporte. Toda la informaci\u00f3n personal y las fotocopias se almacenan en la base de datos de nuestra empresa, a la que solo tiene acceso el personal de Samiad a tiempo completo. Toda la informaci\u00f3n del pasaporte y las fotocopias se eliminan de esta base de datos en un plazo de dos meses a partir de la fecha de salida de su curso.  <\/p>\n<p>Cookies y c\u00f3mo las utilizamos<br \/>\nNo utilizamos cookies en nuestro sitio web y no colocaremos cookies en su ordenador cuando acceda a nuestro sitio web.<br \/>\nSin embargo, existe una excepci\u00f3n cuando las cookies son esenciales para prestar un servicio en l\u00ednea como el comercio electr\u00f3nico; puede leer m\u00e1s aqu\u00ed https:\/\/ico.org.uk\/for-organisations\/guide-to-pecr\/cookies-and-similar-technologies\/<\/p>\n<p>Utilizamos Google Analytics para analizar la actividad de los usuarios y obtener informaci\u00f3n que nos ayude a mejorar nuestro sitio web. Puede obtener m\u00e1s informaci\u00f3n sobre c\u00f3mo utiliza Google los datos visitando su p\u00e1gina web ubicada en www.google.com\/policies\/privacy\/partners\/ o cualquier otro URL que Google pueda proporcionar de vez en cuando. <\/p>\n<p>Puede tomar medidas para bloquear las cookies utilizando la configuraci\u00f3n de seguridad de su navegador web.<\/p>\n<p>Seguridad de los datos<br \/>\nCumplimos con los requisitos del RGPD en lo que respecta a la gesti\u00f3n, el procesamiento y la seguridad de sus datos personales. Hemos realizado una auditor\u00eda de todos los datos personales que se encuentran en nuestros servidores y de c\u00f3mo los procesamos en nombre de nuestros clientes. <\/p>\n<p>No transferiremos datos a terceros a menos que usted lo solicite.<\/p>\n<p>La informaci\u00f3n que nos proporciona se almacena en nuestros propios servidores seguros o en servidores operados por un tercero (v\u00e9ase el apartado Gesti\u00f3n de datos por parte de los proveedores m\u00e1s adelante).<\/p>\n<p>Nuestro rack est\u00e1 alojado en una instalaci\u00f3n especial que proporciona el entorno f\u00edsico necesario para garantizar que su sitio est\u00e9 disponible las 24 horas del d\u00eda, los 7 d\u00edas de la semana. La instalaci\u00f3n proporciona sistemas de extinci\u00f3n de incendios personalizados, medidas de seguridad y suministro de energ\u00eda de reserva para garantizar la continuidad. La seguridad la proporciona un cortafuegos transparente de nivel corporativo.  <\/p>\n<p>Los datos almacenados por nosotros se gestionan de forma que se minimice el riesgo de p\u00e9rdida o robo.<\/p>\n<p>Gesti\u00f3n de datos por parte de los proveedores<br \/>\nUtilizamos una variedad de proveedores para proporcionar soporte adicional para el funcionamiento del negocio y los servicios a los clientes. Los sistemas de correo electr\u00f3nico, la contabilidad y el almacenamiento de activos son algunas de las plataformas de soporte de terceros que utilizamos. Nos aseguraremos de que estos proveedores y cualquier proveedor futuro cumplan con el RGPD. Si tiene alguna pregunta sobre nuestro procesamiento de datos, p\u00f3ngase en contacto con nosotros para obtener m\u00e1s informaci\u00f3n.  <\/p>\n<p>Copyright<br \/>\nLa informaci\u00f3n contenida en este sitio web es propiedad de Samiad ltd y no puede utilizar ninguno de estos contenidos para su propio uso comercial.[\/vc_column_text][\/vc_column][\/vc_row]<\/p>\n<\/div>","protected":false},"excerpt":{"rendered":"<p>[vc_row][vc_column][vc_column_text] Pol\u00edtica de Privacidad www.samiad.com es un sitio web operado por Samiad limited. Estamos registrados en el Reino Unido con el n\u00famero de empresa 08718466. Nuestra direcci\u00f3n comercial es Samiad Ltd, 403\/4b, JQ Modern, 120 Vyse St, Hockley, Birmingham B18 6NF Esta pol\u00edtica de privacidad cubre el sitio web de Samiad Ltd y c\u00f3mo recopilamos&hellip;&nbsp;<a href=\"https:\/\/www.samiad.com\/es\/privacy-policy-2\/\" rel=\"bookmark\">Leer m\u00e1s &raquo;<span class=\"screen-reader-text\">Pol\u00edtica de Privacidad<\/span><\/a><\/p>\n","protected":false},"author":1,"featured_media":0,"parent":0,"menu_order":0,"comment_status":"closed","ping_status":"closed","template":"","meta":{"_acf_changed":false,"neve_meta_sidebar":"","neve_meta_container":"","neve_meta_enable_content_width":"off","neve_meta_content_width":100,"neve_meta_title_alignment":"","neve_meta_author_avatar":"","neve_post_elements_order":"","neve_meta_disable_header":"","neve_meta_disable_footer":"","neve_meta_disable_title":"","neve_meta_reading_time":"","footnotes":""},"class_list":["post-8212","page","type-page","status-publish","hentry"],"acf":[],"_links":{"self":[{"href":"https:\/\/www.samiad.com\/es\/wp-json\/wp\/v2\/pages\/8212","targetHints":{"allow":["GET"]}}],"collection":[{"href":"https:\/\/www.samiad.com\/es\/wp-json\/wp\/v2\/pages"}],"about":[{"href":"https:\/\/www.samiad.com\/es\/wp-json\/wp\/v2\/types\/page"}],"author":[{"embeddable":true,"href":"https:\/\/www.samiad.com\/es\/wp-json\/wp\/v2\/users\/1"}],"replies":[{"embeddable":true,"href":"https:\/\/www.samiad.com\/es\/wp-json\/wp\/v2\/comments?post=8212"}],"version-history":[{"count":0,"href":"https:\/\/www.samiad.com\/es\/wp-json\/wp\/v2\/pages\/8212\/revisions"}],"wp:attachment":[{"href":"https:\/\/www.samiad.com\/es\/wp-json\/wp\/v2\/media?parent=8212"}],"curies":[{"name":"wp","href":"https:\/\/api.w.org\/{rel}","templated":true}]}}