{"id":8277,"date":"2023-03-28T15:33:46","date_gmt":"2023-03-28T15:33:46","guid":{"rendered":"https:\/\/www.samiad.com\/faqs\/"},"modified":"2025-12-11T15:06:18","modified_gmt":"2025-12-11T15:06:18","slug":"faqs","status":"publish","type":"page","link":"https:\/\/www.samiad.com\/es\/faqs\/","title":{"rendered":"Preguntas frecuentes"},"content":{"rendered":"<div class=\"wpb-content-wrapper\"><p>[vc_row][vc_column]\n\t\t\t<!-- START faqes REVOLUTION SLIDER 6.6.18 --><p class=\"rs-p-wp-fix\"><\/p>\n\t\t\t<rs-module-wrap id=\"rev_slider_194_1_wrapper\" data-source=\"gallery\" style=\"visibility:hidden;background:transparent;padding:0;margin:0px auto;margin-top:0;margin-bottom:0;\">\n\t\t\t\t<rs-module id=\"rev_slider_194_1\" style=\"\" data-version=\"6.6.18\">\n\t\t\t\t\t<rs-slides style=\"overflow: hidden; position: absolute;\">\n\t\t\t\t\t\t<rs-slide style=\"position: absolute;\" data-key=\"rs-551\" data-title=\"Slide\" data-anim=\"e:slidingoverlay;ms:2000;\" data-in=\"o:1;x:-100%;\" data-out=\"a:false;\">\n\t\t\t\t\t\t\t<img decoding=\"async\" src=\"\/\/www.samiad.com\/wp-content\/plugins\/revslider\/public\/assets\/assets\/dummy.png\" alt=\"\" title=\"banners_0005_16\" width=\"1920\" height=\"1000\" class=\"rev-slidebg tp-rs-img rs-lazyload\" data-lazyload=\"\/\/samiad.com\/wp-content\/uploads\/2023\/03\/banners_0005_16.jpg\" data-no-retina>\n<!--\n\t\t\t\t\t\t\t--><rs-layer\n\t\t\t\t\t\t\t\tid=\"slider-194-slide-551-layer-1\" \n\t\t\t\t\t\t\t\tdata-type=\"shape\"\n\t\t\t\t\t\t\t\tdata-rsp_ch=\"on\"\n\t\t\t\t\t\t\t\tdata-xy=\"x:c;y:m;\"\n\t\t\t\t\t\t\t\tdata-text=\"w:normal;s:20,20,20,4;l:0,0,0,6;\"\n\t\t\t\t\t\t\t\tdata-dim=\"w:2880px,2880px,2880px,720px;h:1500px,1500px,1500px,757px;\"\n\t\t\t\t\t\t\t\tdata-frame_999=\"o:0;st:w;\"\n\t\t\t\t\t\t\t\tstyle=\"z-index:6;background-color:rgba(0,0,0,0.36);\"\n\t\t\t\t\t\t\t> \n\t\t\t\t\t\t\t<\/rs-layer><!--\n\n\t\t\t\t\t\t\t--><h1\n\t\t\t\t\t\t\t\tid=\"slider-194-slide-551-layer-2\" \n\t\t\t\t\t\t\t\tclass=\"rs-layer\"\n\t\t\t\t\t\t\t\tdata-type=\"text\"\n\t\t\t\t\t\t\t\tdata-rsp_ch=\"on\"\n\t\t\t\t\t\t\t\tdata-xy=\"x:c;xo:-221px,-221px,-221px,65px;y:m;yo:297px,297px,297px,167px;\"\n\t\t\t\t\t\t\t\tdata-text=\"w:normal;s:70,70,70,65;l:70,70,70,65;\"\n\t\t\t\t\t\t\t\tdata-dim=\"w:auto,auto,auto,519px;\"\n\t\t\t\t\t\t\t\tdata-frame_0=\"x:0,0,0,0px;y:0,0,0,0px;o:1;\"\n\t\t\t\t\t\t\t\tdata-frame_0_chars=\"d:5;x:0,0,0,0px;y:0,0,0,0px;o:0;rX:-90deg;oZ:-50;\"\n\t\t\t\t\t\t\t\tdata-frame_1=\"x:0,0,0,0px;y:0,0,0,0px;sp:1750;\"\n\t\t\t\t\t\t\t\tdata-frame_1_chars=\"e:power4.inOut;d:10;x:0,0,0,0px;y:0,0,0,0px;oZ:-50;\"\n\t\t\t\t\t\t\t\tdata-frame_999=\"o:0;st:w;sR:150;\"\n\t\t\t\t\t\t\t\tstyle=\"z-index:7;font-family:'Playfair Display';text-transform:uppercase;\"\n\t\t\t\t\t\t\t>Preguntas frecuentes \n\t\t\t\t\t\t\t<\/h1><!--\n\n\t\t\t\t\t\t\t--><rs-layer\n\t\t\t\t\t\t\t\tid=\"slider-194-slide-551-layer-3\" \n\t\t\t\t\t\t\t\tdata-type=\"shape\"\n\t\t\t\t\t\t\t\tdata-rsp_ch=\"on\"\n\t\t\t\t\t\t\t\tdata-xy=\"xo:251px,251px,251px,23px;yo:677px,677px,677px,433px;\"\n\t\t\t\t\t\t\t\tdata-text=\"w:normal;s:20,20,20,4;l:0,0,0,6;\"\n\t\t\t\t\t\t\t\tdata-dim=\"w:1px;h:245px,245px,245px,217px;\"\n\t\t\t\t\t\t\t\tdata-frame_0=\"y:-50,-50,-50,-11;\"\n\t\t\t\t\t\t\t\tdata-frame_1=\"sp:1000;\"\n\t\t\t\t\t\t\t\tdata-frame_999=\"o:0;st:w;sR:4000;\"\n\t\t\t\t\t\t\t\tstyle=\"z-index:8;background-color:#ffffff;\"\n\t\t\t\t\t\t\t> \n\t\t\t\t\t\t\t<\/rs-layer><!--\n-->\t\t\t\t\t\t<\/rs-slide>\n\t\t\t\t\t\t<rs-slide style=\"position: absolute;\" data-key=\"rs-549\" data-title=\"Slide\" data-anim=\"e:slidingoverlay;ms:2000;\" data-in=\"o:1;x:100%;\" data-out=\"a:false;\">\n\t\t\t\t\t\t\t<img decoding=\"async\" src=\"\/\/www.samiad.com\/wp-content\/plugins\/revslider\/public\/assets\/assets\/dummy.png\" alt=\"\" title=\"banners_0003_029\" width=\"1920\" height=\"1000\" class=\"rev-slidebg tp-rs-img rs-lazyload\" data-lazyload=\"\/\/samiad.com\/wp-content\/uploads\/2023\/03\/banners_0003_029.jpg\" data-no-retina>\n<!--\n\t\t\t\t\t\t\t--><rs-layer\n\t\t\t\t\t\t\t\tid=\"slider-194-slide-549-layer-0\" \n\t\t\t\t\t\t\t\tdata-type=\"text\"\n\t\t\t\t\t\t\t\tdata-rsp_ch=\"on\"\n\t\t\t\t\t\t\t\tdata-xy=\"x:c;xo:-235px,-235px,-235px,65px;y:m;yo:296px,296px,296px,167px;\"\n\t\t\t\t\t\t\t\tdata-text=\"w:normal;s:70,70,70,65;l:70,70,70,65;\"\n\t\t\t\t\t\t\t\tdata-dim=\"w:auto,auto,auto,519px;\"\n\t\t\t\t\t\t\t\tdata-frame_0=\"x:0,0,0,0px;y:0,0,0,0px;o:1;\"\n\t\t\t\t\t\t\t\tdata-frame_0_chars=\"d:5;x:0,0,0,0px;y:0,0,0,0px;o:0;rX:-90deg;oZ:-50;\"\n\t\t\t\t\t\t\t\tdata-frame_1=\"x:0,0,0,0px;y:0,0,0,0px;sp:1750;\"\n\t\t\t\t\t\t\t\tdata-frame_1_chars=\"e:power4.inOut;d:10;x:0,0,0,0px;y:0,0,0,0px;oZ:-50;\"\n\t\t\t\t\t\t\t\tdata-frame_999=\"o:0;st:w;sR:150;\"\n\t\t\t\t\t\t\t\tstyle=\"z-index:7;font-family:'Playfair Display';text-transform:uppercase;\"\n\t\t\t\t\t\t\t>Preguntas frecuentes \n\t\t\t\t\t\t\t<\/rs-layer><!--\n\n\t\t\t\t\t\t\t--><rs-layer\n\t\t\t\t\t\t\t\tid=\"slider-194-slide-549-layer-1\" \n\t\t\t\t\t\t\t\tdata-type=\"shape\"\n\t\t\t\t\t\t\t\tdata-rsp_ch=\"on\"\n\t\t\t\t\t\t\t\tdata-xy=\"x:c;y:m;\"\n\t\t\t\t\t\t\t\tdata-text=\"w:normal;s:20,20,20,4;l:0,0,0,6;\"\n\t\t\t\t\t\t\t\tdata-dim=\"w:2880px,2880px,2880px,720px;h:1500px,1500px,1500px,757px;\"\n\t\t\t\t\t\t\t\tdata-frame_999=\"o:0;st:w;\"\n\t\t\t\t\t\t\t\tstyle=\"z-index:6;background-color:rgba(0,0,0,0.36);\"\n\t\t\t\t\t\t\t> \n\t\t\t\t\t\t\t<\/rs-layer><!--\n\n\t\t\t\t\t\t\t--><rs-layer\n\t\t\t\t\t\t\t\tid=\"slider-194-slide-549-layer-3\" \n\t\t\t\t\t\t\t\tdata-type=\"shape\"\n\t\t\t\t\t\t\t\tdata-rsp_ch=\"on\"\n\t\t\t\t\t\t\t\tdata-xy=\"xo:251px,251px,251px,23px;yo:677px,677px,677px,433px;\"\n\t\t\t\t\t\t\t\tdata-text=\"w:normal;s:20,20,20,4;l:0,0,0,6;\"\n\t\t\t\t\t\t\t\tdata-dim=\"w:1px;h:245px,245px,245px,217px;\"\n\t\t\t\t\t\t\t\tdata-frame_0=\"y:-50,-50,-50,-11;\"\n\t\t\t\t\t\t\t\tdata-frame_1=\"sp:1000;\"\n\t\t\t\t\t\t\t\tdata-frame_999=\"o:0;st:w;sR:4000;\"\n\t\t\t\t\t\t\t\tstyle=\"z-index:8;background-color:#ffffff;\"\n\t\t\t\t\t\t\t> \n\t\t\t\t\t\t\t<\/rs-layer><!--\n-->\t\t\t\t\t\t<\/rs-slide>\n\t\t\t\t\t\t<rs-slide style=\"position: absolute;\" data-key=\"rs-550\" data-title=\"Slide\" data-anim=\"e:slidingoverlay;ms:2000;\" data-in=\"o:1;x:-100%;\" data-out=\"a:false;\">\n\t\t\t\t\t\t\t<img decoding=\"async\" src=\"\/\/www.samiad.com\/wp-content\/plugins\/revslider\/public\/assets\/assets\/dummy.png\" alt=\"\" title=\"banners_0002_038\" width=\"1920\" height=\"1000\" class=\"rev-slidebg tp-rs-img rs-lazyload\" data-lazyload=\"\/\/samiad.com\/wp-content\/uploads\/2023\/03\/banners_0002_038.jpg\" data-no-retina>\n<!--\n\t\t\t\t\t\t\t--><rs-layer\n\t\t\t\t\t\t\t\tid=\"slider-194-slide-550-layer-1\" \n\t\t\t\t\t\t\t\tdata-type=\"shape\"\n\t\t\t\t\t\t\t\tdata-rsp_ch=\"on\"\n\t\t\t\t\t\t\t\tdata-xy=\"x:c;y:m;\"\n\t\t\t\t\t\t\t\tdata-text=\"w:normal;s:20,20,20,4;l:0,0,0,6;\"\n\t\t\t\t\t\t\t\tdata-dim=\"w:2880px,2880px,2880px,720px;h:1500px,1500px,1500px,757px;\"\n\t\t\t\t\t\t\t\tdata-frame_999=\"o:0;st:w;\"\n\t\t\t\t\t\t\t\tstyle=\"z-index:6;background-color:rgba(0,0,0,0.36);\"\n\t\t\t\t\t\t\t> \n\t\t\t\t\t\t\t<\/rs-layer><!--\n\n\t\t\t\t\t\t\t--><rs-layer\n\t\t\t\t\t\t\t\tid=\"slider-194-slide-550-layer-2\" \n\t\t\t\t\t\t\t\tdata-type=\"text\"\n\t\t\t\t\t\t\t\tdata-rsp_ch=\"on\"\n\t\t\t\t\t\t\t\tdata-xy=\"x:c;xo:-218px,-218px,-218px,65px;y:m;yo:295px,295px,295px,167px;\"\n\t\t\t\t\t\t\t\tdata-text=\"w:normal;s:70,70,70,65;l:70,70,70,65;\"\n\t\t\t\t\t\t\t\tdata-dim=\"w:auto,auto,auto,519px;\"\n\t\t\t\t\t\t\t\tdata-frame_0=\"x:0,0,0,0px;y:0,0,0,0px;o:1;\"\n\t\t\t\t\t\t\t\tdata-frame_0_chars=\"d:5;x:0,0,0,0px;y:0,0,0,0px;o:0;rX:-90deg;oZ:-50;\"\n\t\t\t\t\t\t\t\tdata-frame_1=\"x:0,0,0,0px;y:0,0,0,0px;sp:1750;\"\n\t\t\t\t\t\t\t\tdata-frame_1_chars=\"e:power4.inOut;d:10;x:0,0,0,0px;y:0,0,0,0px;oZ:-50;\"\n\t\t\t\t\t\t\t\tdata-frame_999=\"o:0;st:w;sR:150;\"\n\t\t\t\t\t\t\t\tstyle=\"z-index:7;font-family:'Playfair Display';text-transform:uppercase;\"\n\t\t\t\t\t\t\t>Preguntas frecuentes \n\t\t\t\t\t\t\t<\/rs-layer><!--\n\n\t\t\t\t\t\t\t--><rs-layer\n\t\t\t\t\t\t\t\tid=\"slider-194-slide-550-layer-3\" \n\t\t\t\t\t\t\t\tdata-type=\"shape\"\n\t\t\t\t\t\t\t\tdata-rsp_ch=\"on\"\n\t\t\t\t\t\t\t\tdata-xy=\"xo:251px,251px,251px,23px;yo:677px,677px,677px,433px;\"\n\t\t\t\t\t\t\t\tdata-text=\"w:normal;s:20,20,20,4;l:0,0,0,6;\"\n\t\t\t\t\t\t\t\tdata-dim=\"w:1px;h:245px,245px,245px,217px;\"\n\t\t\t\t\t\t\t\tdata-frame_0=\"y:-50,-50,-50,-11;\"\n\t\t\t\t\t\t\t\tdata-frame_1=\"sp:1000;\"\n\t\t\t\t\t\t\t\tdata-frame_999=\"o:0;st:w;sR:4000;\"\n\t\t\t\t\t\t\t\tstyle=\"z-index:8;background-color:#ffffff;\"\n\t\t\t\t\t\t\t> \n\t\t\t\t\t\t\t<\/rs-layer><!--\n-->\t\t\t\t\t\t<\/rs-slide>\n\t\t\t\t\t<\/rs-slides>\n\t\t\t\t<\/rs-module>\n\t\t\t\t<script>\n\t\t\t\t\tsetREVStartSize({c: 'rev_slider_194_1',rl:[1240,1240,1240,480],el:[1000,1000,1000,720],gw:[1920,1920,1920,480],gh:[1000,1000,1000,720],type:'standard',justify:'',layout:'fullwidth',mh:\"0\"});if (window.RS_MODULES!==undefined && window.RS_MODULES.modules!==undefined && window.RS_MODULES.modules[\"revslider1941\"]!==undefined) {window.RS_MODULES.modules[\"revslider1941\"].once = false;window.revapi194 = undefined;if (window.RS_MODULES.checkMinimal!==undefined) window.RS_MODULES.checkMinimal()}\n\t\t\t\t<\/script>\n\t\t\t<\/rs-module-wrap>\n\t\t\t<!-- END REVOLUTION SLIDER -->\n[\/vc_column][\/vc_row][vc_row css=\u00bb.vc_custom_1680018154110{padding-top: 35px !important;}\u00bb][vc_column][vc_tta_accordion style=\u00bbflat\u00bb shape=\u00bbsquare\u00bb c_position=\u00bbright\u00bb active_section=\u00bb1&#8243; no_fill=\u00bbtrue\u00bb el_id=\u00bbaccordian\u00bb][vc_tta_section title=\u00bb\u00bfC\u00f3mo solicito que mi hijo venga al campamento de verano de samiad?\u00bb tab_id=\u00bb1680017572387-d671ca63-36b0&#8243;][vc_column_text]Para solicitarlo en l\u00ednea, haz clic <a href=\"\/wp-content\/uploads\/2023\/09\/Samiad-application-form-2024.pdf\" target=\"_blank\" rel=\"noopener\">aqu\u00ed<\/a> y completa el formulario con el mayor detalle posible. Alternativamente, puedes completar nuestro <a href=\"\/wp-content\/uploads\/2023\/09\/Samiad-application-form-2024.pdf\" target=\"_blank\" rel=\"noopener\">formulario de solicitud<\/a> y enviarlo por correo electr\u00f3nico a <a href=\"mailto:info@samiad.com\">info@samiad.com<\/a> o a un miembro de nuestro equipo que te haya estado ayudando. Tambi\u00e9n necesitaremos una copia del pasaporte de tu hijo y, si has completado el formulario en l\u00ednea, tambi\u00e9n te pediremos que firmes nuestro formulario de consentimiento. (Este est\u00e1 incluido en nuestro formulario de solicitud en papel). Una vez que hayamos recibido tu formulario de solicitud, confirmaremos que hemos reservado una plaza para tu hijo enviando una carta de confirmaci\u00f3n. Esta carta confirmar\u00e1 el curso, el campus y las fechas que has elegido, as\u00ed como los detalles del pago y un n\u00famero de referencia \u00fanico. Por favor, utiliza el n\u00famero de referencia proporcionado al realizar cualquier pago para que podamos asignar los pagos correctamente.[\/vc_column_text][\/vc_tta_section][vc_tta_section title=\u00bb\u00bfC\u00f3mo pago el curso?\u00bb tab_id=\u00bb1680083304880-cb8d0371-ce3d\u00bb][vc_column_text]Una vez que hayas solicitado uno de nuestros campamentos de verano en l\u00ednea o nos hayas enviado por correo electr\u00f3nico nuestro formulario de solicitud, nos pondremos en contacto contigo para confirmar tu reserva y solicitar el pago.<\/p>\n<p>Aceptamos transferencia bancaria; los detalles est\u00e1n en la parte inferior de la carta de aceptaci\u00f3n que te enviaremos por correo electr\u00f3nico.<\/p>\n<p>Tambi\u00e9n tenemos un sistema de pago en l\u00ednea si deseas pagar con tarjeta. Sigue este enlace y completa los pasos necesarios. <\/p>\n<p>Por favor, aseg\u00farate de indicar el n\u00famero de referencia en la carta para ayudarnos a rastrear el pago de tu hijo con \u00e9xito.[\/vc_column_text][\/vc_tta_section][vc_tta_section title=\u00bbMi hijo necesitar\u00e1 un visado para visitar el Reino Unido, \u00bfpuede samiad ayudar con esto?\u00bb tab_id=\u00bb1680083308227-ac71a9ab-6479&#8243;][vc_column_text]S\u00ed, cada a\u00f1o estudiantes de todo el mundo viajan a Samiad, incluso de fuera de la UE. Una vez que hayamos recibido tus honorarios, te enviaremos los documentos necesarios para solicitar el visado junto con una gu\u00eda paso a paso de c\u00f3mo solicitarlo.[\/vc_column_text][\/vc_tta_section][vc_tta_section title=\u00bb\u00bfTiene samiad alguna informaci\u00f3n para leer antes de llegar?\u00bb tab_id=\u00bb1680083562379-bcee1a8f-27e4&#8243;][vc_column_text]Tenemos una gu\u00eda completa previa a la llegada que debes leer antes de llegar. En ella se detalla exactamente lo que debes traer contigo, pero tambi\u00e9n lo que puedes esperar del Reino Unido y del campamento de verano de Samiad. Tambi\u00e9n contiene informaci\u00f3n importante y datos de contacto del personal clave en el campus que has elegido. Esto se enviar\u00e1 a tu correo electr\u00f3nico una vez que se haya recibido el pago.[\/vc_column_text][\/vc_tta_section][vc_tta_section title=\u00bb\u00bfNecesita mi hijo dinero para gastos?\u00bb tab_id=\u00bb1680083610851-5920b1fa-62cc\u00bb][vc_column_text]S\u00ed, es aconsejable traer dinero para gastos para recuerdos, dulces, bebidas y regalos. Sugerimos aproximadamente 50 libras esterlinas por semana. Podemos cuidar de objetos de valor como pasaportes, documentos de viaje y dinero de bolsillo en la caja fuerte de la escuela, sin embargo, sugerimos que tu hijo traiga la menor cantidad posible de objetos de valor.[\/vc_column_text][\/vc_tta_section][vc_tta_section title=\u00bb\u00bfPuedo solicitar una habitaci\u00f3n espec\u00edfica o compartirla con alguien que conozco?\u00bb tab_id=\u00bb1680083729218-9c4c4387-48b3&#8243;][vc_column_text]S\u00ed, por supuesto, si tu hijo conoce a alguien o viaja con alguien, podemos atender las solicitudes de compartir habitaci\u00f3n siempre y cuando sean del mismo sexo. Sin embargo, tenemos una divisi\u00f3n de edad en nuestro alojamiento de internado, por lo que si quieres que tu hijo comparta con alguien que es mucho mayor o menor que tu hijo o hija, esto no siempre ser\u00e1 posible.[\/vc_column_text][\/vc_tta_section][vc_tta_section title=\u00bb\u00bfQu\u00e9 necesita traer mi hijo?\u00bb tab_id=\u00bb1680083868797-d83c02ef-c7f8&#8243;][vc_column_text]La mayor\u00eda de las cosas son proporcionadas por Samiad durante tu estancia, pero aqu\u00ed hay algunas cosas clave que necesitar\u00e1s traer:<\/p>\n<ul>\n<li>Documentos necesarios para demostrar tu estado de visado, si es necesario<\/li>\n<li>Ropa, adecuada para actividades al aire libre, as\u00ed como una mezcla de ropa para clima c\u00e1lido y fr\u00edo, ya que a veces el clima en el Reino Unido puede sorprendernos.<\/li>\n<li>Una peque\u00f1a cantidad de dinero para gastos, con el fin de comprar recuerdos de cualquier viaje, etc.<\/li>\n<li>Informaci\u00f3n del seguro<\/li>\n<li>Art\u00edculos de aseo, incluyendo una toalla<\/li>\n<li>Cualquier tratamiento o requisito m\u00e9dico espec\u00edfico<\/li>\n<li>Zapatos adecuados tanto para actividades deportivas como para excursiones<\/li>\n<li>Un adaptador europeo para cargar tel\u00e9fonos m\u00f3viles, etc.<\/li>\n<li>Traje de ba\u00f1o (campus de Trent y Box Hill)<\/li>\n<li>Se incluye una lista completa en la gu\u00eda previa a la llegada que se te enviar\u00e1 una vez que hayamos recibido tu dep\u00f3sito.<\/li>\n<\/ul>\n<p>[\/vc_column_text][\/vc_tta_section][vc_tta_section title=\u00bb\u00bfSe necesita seguro?\u00bb tab_id=\u00bb1680084156162-72056954-c302&#8243;][vc_column_text]S\u00ed, todos los estudiantes que asistan al campamento de verano de Samiad deben tener un seguro de viaje para cubrir posibles eventualidades como gastos m\u00e9dicos, p\u00e9rdida de equipaje, vuelos cancelados o retrasados.[\/vc_column_text][\/vc_tta_section][vc_tta_section title=\u00bb\u00bfAlguien de samiad se reunir\u00e1 con nuestro hijo en el aeropuerto?\u00bb tab_id=\u00bb1680084254534-a8bd8191-aa01&#8243;][vc_column_text]S\u00ed, un miembro del equipo de Samiad estar\u00e1 all\u00ed para recibir a cada estudiante que haya organizado un traslado desde el aeropuerto. En la mayor\u00eda de los casos, sabr\u00e1s de antemano qui\u00e9n ser\u00e1 esta persona. Por favor, consulta las normas de la aerol\u00ednea para aquellos que tengan la intenci\u00f3n de viajar como menor no acompa\u00f1ado, ya que a veces requieren la informaci\u00f3n de contacto de la persona que les recibir\u00e1 a su llegada. Esto se puede arreglar, ya que a menudo recibimos estudiantes individuales que llegan, as\u00ed como grupos grandes y peque\u00f1os que viajan juntos.[\/vc_column_text][\/vc_tta_section][vc_tta_section title=\u00bb\u00bfCu\u00e1ndo debemos llegar a la escuela el d\u00eda de llegada?\u00bb tab_id=\u00bb1680084607187-85582c53-7c96&#8243;][vc_column_text]Todos los estudiantes llegar\u00e1n el domingo por la tarde, pero los horarios pueden variar unas horas. Hay gente en el campus las 24 horas del d\u00eda y las actividades se desarrollar\u00e1n todo el d\u00eda del domingo. Puedes llegar por la ma\u00f1ana del domingo, pero es posible que no puedas registrarte en tu habitaci\u00f3n hasta las 15:00.[\/vc_column_text][\/vc_tta_section][vc_tta_section title=\u00bb\u00bfQu\u00e9 ocurre si nuestro vuelo se retrasa?\u00bb tab_id=\u00bb1680084674944-16183ac1-0dc9&#8243;][vc_column_text]Los retrasos menores de menos de una hora no requerir\u00e1n que se organice un transporte adicional y el miembro del personal original esperar\u00e1 para recibir a los estudiantes. Si el retraso es superior a una hora, se pueden hacer nuevos arreglos de traslado, sin embargo, estos pueden incurrir en un coste adicional.[\/vc_column_text][\/vc_tta_section][vc_tta_section title=\u00bb\u00bfCu\u00e1l es el tama\u00f1o de las clases?\u00bb tab_id=\u00bb1680084689326-a95917a4-1feb\u00bb][vc_column_text]<span style=\"font-weight: 400;\">El tama\u00f1o m\u00e1ximo de las clases de ingl\u00e9s es de 15 alumnos, sin embargo, ocasionalmente los grupos se juntan cuando es necesario para ejercicios en grupo. Por favor, sigue <a href=\"https:\/\/samiad.com\/english-lessons\/\" target=\"_blank\" rel=\"noopener\">este enlace<\/a> a nuestra p\u00e1gina dedicada a las clases de ingl\u00e9s. <\/span>[\/vc_column_text][\/vc_tta_section][vc_tta_section title=\u00bb\u00bfCu\u00e1les son las disposiciones para dormir?\u00bb tab_id=\u00bb1680085237613-de350d8c-c390&#8243;][vc_column_text]Todos los ni\u00f1os dormir\u00e1n en instalaciones de internado escolar de calidad aprobada en habitaciones individuales, dobles o cu\u00e1druples. Los ni\u00f1os y las ni\u00f1as est\u00e1n separados, y los ni\u00f1os se colocar\u00e1n en grupos de un rango de edad similar. Si los hermanos o amigos quieren compartir habitaci\u00f3n, por favor, ponte en contacto con nosotros antes de la llegada y esto se puede arreglar.[\/vc_column_text][\/vc_tta_section][vc_tta_section title=\u00bb\u00bfCon qui\u00e9n me pongo en contacto si tienes alguna pregunta mientras tu hijo est\u00e1 en la escuela?\u00bb tab_id=\u00bb1680085826579-ef7f64d8-a037&#8243;][vc_column_text]Puede ponerse en contacto con el director del campus o con el subdirector en cualquier momento a trav\u00e9s de los n\u00fameros de tel\u00e9fono que figuran en las cartas proporcionadas durante el proceso de solicitud.<\/p>\n<p> Alternativamente, puede ponerse en contacto con la oficina central de Samiad y haremos que alguien del campus se ponga en contacto con usted directamente.[\/vc_column_text][\/vc_tta_section][vc_tta_section title=\u00bb\u00bfEs seguro el campus?\u00bb tab_id=\u00bb1680085715808-2f9708bf-7cdb\u00bb][vc_column_text]Todos nuestros campus se benefician de la seguridad in situ. Tenemos una mezcla de CCTV y patrullas de seguridad. Adem\u00e1s de esto, Samiad tiene una proporci\u00f3n de personal nocturno: estudiante l\u00edder en la industria de 1:6[\/vc_column_text][\/vc_tta_section][vc_tta_section title=\u00bb\u00bfQu\u00e9 ocurre si mi hijo tiene necesidades diet\u00e9ticas especiales?\u00bb tab_id=\u00bb1680085686744-485bd5bc-fb90&#8243;][vc_column_text]Podemos atender la mayor\u00eda de los requisitos diet\u00e9ticos y los equipos de catering tienen una gran experiencia en el tratamiento de las solicitudes. Por favor, incluye tantos detalles como puedas en el formulario de solicitud.[\/vc_column_text][vc_column_text][\/vc_column_text][\/vc_tta_section][vc_tta_section title=\u00bb\u00bfQu\u00e9 ocurre el d\u00eda de la salida?\u00bb tab_id=\u00bb1680085957324-aeb1b495-b430&#8243;][vc_column_text]En la ma\u00f1ana del d\u00eda de la salida, se pide a los estudiantes que dejen sus habitaciones. Si tienen un vuelo por la tarde o por la noche, pueden dejar su equipaje en una habitaci\u00f3n segura y unirse a las actividades diarias. Los estudiantes que hayan organizado un traslado al aeropuerto estar\u00e1n acompa\u00f1ados por un miembro del equipo de Samiad. A continuaci\u00f3n, ayudamos a facturar a cada estudiante antes de verlos pasar con seguridad a la sala de embarque. Para aquellos que viajan como menores no acompa\u00f1ados, nos aseguraremos de que sean entregados a un miembro del personal de la aerol\u00ednea y de que el avi\u00f3n despegue, antes de partir.[\/vc_column_text][\/vc_tta_section][\/vc_tta_accordion][\/vc_column][\/vc_row]<\/p>\n<\/div>","protected":false},"excerpt":{"rendered":"<p>[vc_row][vc_column][\/vc_column][\/vc_row][vc_row css=\u00bb.vc_custom_1680018154110{padding-top: 35px !important;}\u00bb][vc_column][vc_tta_accordion style=\u00bbflat\u00bb shape=\u00bbsquare\u00bb c_position=\u00bbright\u00bb active_section=\u00bb1&#8243; no_fill=\u00bbtrue\u00bb el_id=\u00bbaccordian\u00bb][vc_tta_section title=\u00bb\u00bfC\u00f3mo solicito que mi hijo venga al campamento de verano de samiad?\u00bb tab_id=\u00bb1680017572387-d671ca63-36b0&#8243;][vc_column_text]Para solicitarlo en l\u00ednea, haz clic aqu\u00ed y completa el formulario con el mayor detalle posible. Alternativamente, puedes completar nuestro formulario de solicitud y enviarlo por correo electr\u00f3nico a info@samiad.com o a un&hellip;&nbsp;<a href=\"https:\/\/www.samiad.com\/es\/faqs\/\" rel=\"bookmark\">Leer m\u00e1s &raquo;<span class=\"screen-reader-text\">Preguntas frecuentes<\/span><\/a><\/p>\n","protected":false},"author":1,"featured_media":0,"parent":0,"menu_order":0,"comment_status":"closed","ping_status":"closed","template":"","meta":{"_acf_changed":false,"neve_meta_sidebar":"","neve_meta_container":"","neve_meta_enable_content_width":"off","neve_meta_content_width":100,"neve_meta_title_alignment":"","neve_meta_author_avatar":"","neve_post_elements_order":"","neve_meta_disable_header":"","neve_meta_disable_footer":"","neve_meta_disable_title":"","neve_meta_reading_time":"","footnotes":""},"class_list":["post-8277","page","type-page","status-publish","hentry"],"acf":[],"_links":{"self":[{"href":"https:\/\/www.samiad.com\/es\/wp-json\/wp\/v2\/pages\/8277","targetHints":{"allow":["GET"]}}],"collection":[{"href":"https:\/\/www.samiad.com\/es\/wp-json\/wp\/v2\/pages"}],"about":[{"href":"https:\/\/www.samiad.com\/es\/wp-json\/wp\/v2\/types\/page"}],"author":[{"embeddable":true,"href":"https:\/\/www.samiad.com\/es\/wp-json\/wp\/v2\/users\/1"}],"replies":[{"embeddable":true,"href":"https:\/\/www.samiad.com\/es\/wp-json\/wp\/v2\/comments?post=8277"}],"version-history":[{"count":0,"href":"https:\/\/www.samiad.com\/es\/wp-json\/wp\/v2\/pages\/8277\/revisions"}],"wp:attachment":[{"href":"https:\/\/www.samiad.com\/es\/wp-json\/wp\/v2\/media?parent=8277"}],"curies":[{"name":"wp","href":"https:\/\/api.w.org\/{rel}","templated":true}]}}