{"id":8288,"date":"2023-03-29T11:01:00","date_gmt":"2023-03-29T11:01:00","guid":{"rendered":"https:\/\/www.samiad.com\/terms-and-conditions\/"},"modified":"2025-07-18T07:40:13","modified_gmt":"2025-07-18T07:40:13","slug":"terms-and-conditions","status":"publish","type":"page","link":"https:\/\/www.samiad.com\/es\/terms-and-conditions\/","title":{"rendered":"T\u00e9rminos y condiciones"},"content":{"rendered":"<div class=\"wpb-content-wrapper\"><p>[vc_row css=\u00bb.vc_custom_1680087657818{padding-top: 35px !important;}\u00bb][vc_column][vc_column_text]<\/p>\n<h1><b><span data-contrast=\"auto\">T\u00e9rminos y condiciones  <\/span><\/b><\/h1>\n<p><span data-contrast=\"auto\">Para asegurar una plaza en un curso, se debe completar un formulario de solicitud y enviarlo a Samiad Ltd o a un agente\/socio reconocido. Tras la recepci\u00f3n del formulario de solicitud, se le enviar\u00e1 una carta de oferta confirmando que hay una plaza disponible y destacando las instrucciones de pago, incluidos los t\u00e9rminos y condiciones. <\/span><span data-ccp-props=\"{\"201341983\":0,\"335559739\":160,\"335559740\":259}\"> <\/span><\/p>\n<p><span data-contrast=\"auto\">Las plazas se otorgan por orden de llegada. Para asegurar una plaza, se requiere un dep\u00f3sito del 50%. <\/span><span data-ccp-props=\"{\"201341983\":0,\"335559739\":160,\"335559740\":259}\"> <\/span><\/p>\n<p><span data-contrast=\"auto\">Todas las tarifas deben pagarse en libras esterlinas (GBP \u00a3) y deben recibirse en su totalidad al menos 8 semanas antes del inicio del curso.<\/span><span data-ccp-props=\"{\"201341983\":0,\"335559739\":160,\"335559740\":259}\"> <\/span><\/p>\n<p><span data-contrast=\"auto\">Las tarifas no son transferibles a otros estudiantes.<\/span><span data-ccp-props=\"{\"201341983\":0,\"335559739\":160,\"335559740\":259}\"> <\/span><\/p>\n<p><span data-contrast=\"auto\">Samiad Ltd se reserva el derecho de cancelar o modificar un curso.<\/span><span data-ccp-props=\"{\"201341983\":0,\"335559739\":160,\"335559740\":259}\"> <\/span><\/p>\n<p><b><span data-contrast=\"auto\">Pol\u00edtica de cancelaci\u00f3n y reembolso<\/span><\/b><br \/>\n<span data-contrast=\"auto\">Todas las cancelaciones deben realizarse por escrito a Samiad Ltd. Se podr\u00e1n realizar reembolsos tras la recepci\u00f3n de la cancelaci\u00f3n por escrito. Los criterios de reembolso se basan en el per\u00edodo de preaviso previo al inicio del curso, de la siguiente manera:  <\/span><span data-ccp-props=\"{\"201341983\":0,\"335559739\":160,\"335559740\":259}\"> <\/span><\/p>\n<table data-tablestyle=\"MsoTableGrid\" data-tablelook=\"1184\" aria-rowcount=\"6\">\n<tbody>\n<tr aria-rowindex=\"1\">\n<td data-celllook=\"4369\"><b><span data-contrast=\"auto\">Aviso dado antes de la fecha de llegada<\/span><\/b><span data-ccp-props=\"{\"201341983\":0,\"335559740\":259}\"> <\/span><\/td>\n<td data-celllook=\"4369\"><b><span data-contrast=\"auto\">Cargo por cancelaci\u00f3n<\/span><\/b><span data-ccp-props=\"{\"201341983\":0,\"335559740\":259}\"> <\/span><\/td>\n<\/tr>\n<tr aria-rowindex=\"2\">\n<td data-celllook=\"4369\"><span data-contrast=\"auto\">M\u00e1s de 61 d\u00edas<\/span><span data-ccp-props=\"{\"201341983\":0,\"335559740\":259}\"> <\/span><\/td>\n<td data-celllook=\"4369\"><span data-contrast=\"auto\">150 \u00a3<\/span><span data-ccp-props=\"{\"201341983\":0,\"335559740\":259}\"> <\/span><\/td>\n<\/tr>\n<tr aria-rowindex=\"3\">\n<td data-celllook=\"4369\"><span data-contrast=\"auto\">De 31 a 60 d\u00edas<\/span><span data-ccp-props=\"{\"201341983\":0,\"335559740\":259}\"> <\/span><\/td>\n<td data-celllook=\"4369\"><span data-contrast=\"auto\">400 \u00a3<\/span><span data-ccp-props=\"{\"201341983\":0,\"335559740\":259}\"> <\/span><\/td>\n<\/tr>\n<tr aria-rowindex=\"4\">\n<td data-celllook=\"4369\"><span data-contrast=\"auto\">De 15 a 30 d\u00edas<\/span><span data-ccp-props=\"{\"201341983\":0,\"335559740\":259}\"> <\/span><\/td>\n<td data-celllook=\"4369\"><span data-contrast=\"auto\">50% del coste del curso<\/span><span data-ccp-props=\"{\"201341983\":0,\"335559740\":259}\"> <\/span><\/td>\n<\/tr>\n<tr aria-rowindex=\"5\">\n<td data-celllook=\"4369\"><span data-contrast=\"auto\">De 0 a 14 d\u00edas <\/span><span data-ccp-props=\"{\"201341983\":0,\"335559740\":259}\"> <\/span><\/td>\n<td data-celllook=\"4369\"><span data-contrast=\"auto\">100% del coste del curso<\/span><span data-ccp-props=\"{\"201341983\":0,\"335559740\":259}\"> <\/span><\/td>\n<\/tr>\n<tr aria-rowindex=\"6\">\n<td data-celllook=\"4369\"><span data-contrast=\"auto\">Despu\u00e9s de la fecha de llegada<\/span><span data-ccp-props=\"{\"201341983\":0,\"335559740\":259}\"> <\/span><\/td>\n<td data-celllook=\"4369\"><span data-contrast=\"auto\">100% del coste del curso<\/span><span data-ccp-props=\"{\"201341983\":0,\"335559740\":259}\"> <\/span><\/td>\n<\/tr>\n<\/tbody>\n<\/table>\n<p><span data-contrast=\"auto\">Los criterios de reembolso detallados anteriormente se refieren \u00fanicamente a los programas de internado de verano. Otros programas, a lo largo del a\u00f1o, pueden estar sujetos a cargos de cancelaci\u00f3n alternativos.  <\/span><\/p>\n<p><span data-contrast=\"auto\">Todos los reembolsos se pagar\u00e1n directamente a la cuenta desde la que se realiz\u00f3 el pago y se efectuar\u00e1n en un plazo de 28 d\u00edas a partir de la recepci\u00f3n de la cancelaci\u00f3n escrita del curso.<\/span><span data-ccp-props=\"{\"201341983\":0,\"335559739\":160,\"335559740\":259}\"> <\/span><\/p>\n<p><span data-contrast=\"auto\">En caso de denegaci\u00f3n del visado, se realizar\u00e1 un reembolso si la cancelaci\u00f3n se recibe por escrito junto con una notificaci\u00f3n de denegaci\u00f3n del visado al menos 2 semanas antes de la fecha de inicio del curso. No se realizar\u00e1 ning\u00fan reembolso si la cancelaci\u00f3n se realiza con menos de 2 semanas antes del inicio del curso o si la denegaci\u00f3n del visado se basa en el incumplimiento por parte del estudiante de los criterios necesarios para la categor\u00eda de visado elegida. Todos los reembolsos basados en la denegaci\u00f3n del visado se reducir\u00e1n en una tasa de inscripci\u00f3n de 150 \u00a3.  <\/span><span data-ccp-props=\"{\"201341983\":0,\"335559739\":160,\"335559740\":259}\"> <\/span><\/p>\n<p><b><span data-contrast=\"auto\">Visados<\/span><\/b><br \/>\n<span data-contrast=\"auto\">Es su responsabilidad comprobar los requisitos de visado para entrar en el Reino Unido y, si es necesario, obtener un visado adecuado para su per\u00edodo de estudio. Puede encontrar informaci\u00f3n sobre visados en el sitio web del Ministerio del Interior del Reino Unido:  <\/span><a href=\"http:\/\/www.ukba.homeoffice.gov.uk\/\" target=\"_blank\" rel=\"noopener\"><span data-contrast=\"none\">www.ukba.homeoffice.gov.uk<\/span><\/a><span data-contrast=\"auto\"> <\/span><span data-ccp-props=\"{\"201341983\":0,\"335559739\":160,\"335559740\":259}\"> <\/span><\/p>\n<p><span data-contrast=\"auto\">Los documentos de apoyo requeridos de Samiad solo se emitir\u00e1n una vez que se haya realizado el pago en su totalidad y se haya recibido toda la documentaci\u00f3n requerida.<\/span><span data-ccp-props=\"{\"201341983\":0,\"335559739\":160,\"335559740\":259}\"> <\/span><\/p>\n<p><span data-contrast=\"auto\">Si no ha recibido su visado 2 semanas antes de la fecha de inicio del curso, debe informarnos para que podamos colaborar con usted para realizar los arreglos necesarios.<\/span><span data-ccp-props=\"{\"201341983\":0,\"335559739\":160,\"335559740\":259}\"> <\/span><\/p>\n<p><span data-contrast=\"auto\">Si un estudiante llega a uno de nuestros centros sin el visado correcto, la ley nos exige que hagamos los arreglos necesarios para que se marche lo antes posible.<\/span><span data-ccp-props=\"{\"201341983\":0,\"335559739\":160,\"335559740\":259}\"> <\/span><\/p>\n<p><span data-contrast=\"auto\">Todas las decisiones sobre las solicitudes de visado tomadas por el Ministerio del Interior del Reino Unido son definitivas.<\/span><br \/>\n<span data-ccp-props=\"{\"201341983\":0,\"335559739\":160,\"335559740\":259}\"> <\/span><\/p>\n<p><b><span data-contrast=\"auto\">Normas del curso<\/span><\/b><br \/>\n<span data-contrast=\"auto\">Samiad Summer School espera que todos los participantes disfruten de una visita agradable al Reino Unido. Para garantizar que todos los participantes tengan una buena experiencia con nosotros, se han establecido normas para garantizar la seguridad de todos los participantes durante la estancia: <\/span><span data-ccp-props=\"{\"201341983\":0,\"335559739\":160,\"335559740\":259}\"> <\/span><\/p>\n<ul>\n<li data-leveltext=\"\uf0b7\" data-font=\"Symbol\" data-listid=\"1\" data-list-defn-props=\"{\"335552541\":1,\"335559684\":-2,\"335559685\":720,\"335559991\":360,\"469769226\":\"Symbol\",\"469769242\":[8226],\"469777803\":\"left\",\"469777804\":\"\uf0b7\",\"469777815\":\"hybridMultilevel\"}\" aria-setsize=\"-1\" data-aria-posinset=\"1\" data-aria-level=\"1\"><span data-contrast=\"auto\">Se espera que los estudiantes asistan a todas las comidas, clases y actividades y excursiones organizadas.<\/span><span data-ccp-props=\"{\"201341983\":0,\"335559739\":160,\"335559740\":259}\"> <\/span><\/li>\n<li data-leveltext=\"\uf0b7\" data-font=\"Symbol\" data-listid=\"1\" data-list-defn-props=\"{\"335552541\":1,\"335559684\":-2,\"335559685\":720,\"335559991\":360,\"469769226\":\"Symbol\",\"469769242\":[8226],\"469777803\":\"left\",\"469777804\":\"\uf0b7\",\"469777815\":\"hybridMultilevel\"}\" aria-setsize=\"-1\" data-aria-posinset=\"2\" data-aria-level=\"1\"><span data-contrast=\"auto\">Los estudiantes son responsables de mantener sus habitaciones ordenadas y de hacer sus propias camas.<\/span><span data-ccp-props=\"{\"201341983\":0,\"335559739\":160,\"335559740\":259}\"> <\/span><\/li>\n<\/ul>\n<ul>\n<li data-leveltext=\"\uf0b7\" data-font=\"Symbol\" data-listid=\"1\" data-list-defn-props=\"{\"335552541\":1,\"335559684\":-2,\"335559685\":720,\"335559991\":360,\"469769226\":\"Symbol\",\"469769242\":[8226],\"469777803\":\"left\",\"469777804\":\"\uf0b7\",\"469777815\":\"hybridMultilevel\"}\" aria-setsize=\"-1\" data-aria-posinset=\"1\" data-aria-level=\"1\"><span data-contrast=\"auto\">Todos los da\u00f1os a la propiedad, el equipo y las habitaciones se cargar\u00e1n al estudiante.<\/span><span data-ccp-props=\"{\"201341983\":0,\"335559739\":160,\"335559740\":259}\"> <\/span><\/li>\n<li data-leveltext=\"\uf0b7\" data-font=\"Symbol\" data-listid=\"1\" data-list-defn-props=\"{\"335552541\":1,\"335559684\":-2,\"335559685\":720,\"335559991\":360,\"469769226\":\"Symbol\",\"469769242\":[8226],\"469777803\":\"left\",\"469777804\":\"\uf0b7\",\"469777815\":\"hybridMultilevel\"}\" aria-setsize=\"-1\" data-aria-posinset=\"2\" data-aria-level=\"1\"><span data-contrast=\"auto\">Los da\u00f1os gratuitos o intencionados a la propiedad de la escuela, a la propiedad p\u00fablica o a la propiedad de otros estudiantes pueden resultar en la expulsi\u00f3n del curso.<\/span><span data-ccp-props=\"{\"201341983\":0,\"335559739\":160,\"335559740\":259}\"> <\/span><\/li>\n<li data-leveltext=\"\uf0b7\" data-font=\"Symbol\" data-listid=\"1\" data-list-defn-props=\"{\"335552541\":1,\"335559684\":-2,\"335559685\":720,\"335559991\":360,\"469769226\":\"Symbol\",\"469769242\":[8226],\"469777803\":\"left\",\"469777804\":\"\uf0b7\",\"469777815\":\"hybridMultilevel\"}\" aria-setsize=\"-1\" data-aria-posinset=\"3\" data-aria-level=\"1\"><span data-contrast=\"auto\">No se permite el consumo o la posesi\u00f3n de alcohol por parte de estudiantes de ninguna edad.<\/span><span data-ccp-props=\"{\"201341983\":0,\"335559739\":160,\"335559740\":259}\"> <\/span><\/li>\n<li data-leveltext=\"\uf0b7\" data-font=\"Symbol\" data-listid=\"1\" data-list-defn-props=\"{\"335552541\":1,\"335559684\":-2,\"335559685\":720,\"335559991\":360,\"469769226\":\"Symbol\",\"469769242\":[8226],\"469777803\":\"left\",\"469777804\":\"\uf0b7\",\"469777815\":\"hybridMultilevel\"}\" aria-setsize=\"-1\" data-aria-posinset=\"4\" data-aria-level=\"1\"><span data-contrast=\"auto\">El consumo de drogas o la posesi\u00f3n de drogas resultar\u00e1 en la expulsi\u00f3n inmediata del curso.<\/span><span data-ccp-props=\"{\"201341983\":0,\"335559739\":160,\"335559740\":259}\"> <\/span><\/li>\n<li data-leveltext=\"\uf0b7\" data-font=\"Symbol\" data-listid=\"1\" data-list-defn-props=\"{\"335552541\":1,\"335559684\":-2,\"335559685\":720,\"335559991\":360,\"469769226\":\"Symbol\",\"469769242\":[8226],\"469777803\":\"left\",\"469777804\":\"\uf0b7\",\"469777815\":\"hybridMultilevel\"}\" aria-setsize=\"-1\" data-aria-posinset=\"5\" data-aria-level=\"1\"><span data-contrast=\"auto\">No est\u00e1 permitido fumar en ninguno de los edificios de la escuela ni en los terrenos de la escuela.<\/span><span data-ccp-props=\"{\"201341983\":0,\"335559739\":160,\"335559740\":259}\"> <\/span><\/li>\n<\/ul>\n<ul>\n<li data-leveltext=\"\uf0b7\" data-font=\"Symbol\" data-listid=\"1\" data-list-defn-props=\"{\"335552541\":1,\"335559684\":-2,\"335559685\":720,\"335559991\":360,\"469769226\":\"Symbol\",\"469769242\":[8226],\"469777803\":\"left\",\"469777804\":\"\uf0b7\",\"469777815\":\"hybridMultilevel\"}\" aria-setsize=\"-1\" data-aria-posinset=\"1\" data-aria-level=\"1\"><span data-contrast=\"auto\">El comportamiento racista o intimidatorio hacia otro estudiante o miembro del personal resultar\u00e1 en la expulsi\u00f3n del curso.<\/span><span data-ccp-props=\"{\"201341983\":0,\"335559739\":160,\"335559740\":259}\"> <\/span><\/li>\n<li data-leveltext=\"\uf0b7\" data-font=\"Symbol\" data-listid=\"1\" data-list-defn-props=\"{\"335552541\":1,\"335559684\":-2,\"335559685\":720,\"335559991\":360,\"469769226\":\"Symbol\",\"469769242\":[8226],\"469777803\":\"left\",\"469777804\":\"\uf0b7\",\"469777815\":\"hybridMultilevel\"}\" aria-setsize=\"-1\" data-aria-posinset=\"2\" data-aria-level=\"1\"><span data-contrast=\"auto\">En las residencias, las chicas y los chicos solo pueden mezclarse en las zonas de recreo designadas.<\/span><span data-ccp-props=\"{\"201341983\":0,\"335559739\":160,\"335559740\":259}\"> <\/span><\/li>\n<li data-leveltext=\"\uf0b7\" data-font=\"Symbol\" data-listid=\"1\" data-list-defn-props=\"{\"335552541\":1,\"335559684\":-2,\"335559685\":720,\"335559991\":360,\"469769226\":\"Symbol\",\"469769242\":[8226],\"469777803\":\"left\",\"469777804\":\"\uf0b7\",\"469777815\":\"hybridMultilevel\"}\" aria-setsize=\"-1\" data-aria-posinset=\"3\" data-aria-level=\"1\"><span data-contrast=\"auto\">Cualquier estudiante que salga de su casa despu\u00e9s de apagar las luces puede ser expulsado del curso.<\/span><span data-ccp-props=\"{\"201341983\":0,\"335559739\":160,\"335559740\":259}\"> <\/span><\/li>\n<li data-leveltext=\"\uf0b7\" data-font=\"Symbol\" data-listid=\"1\" data-list-defn-props=\"{\"335552541\":1,\"335559684\":-2,\"335559685\":720,\"335559991\":360,\"469769226\":\"Symbol\",\"469769242\":[8226],\"469777803\":\"left\",\"469777804\":\"\uf0b7\",\"469777815\":\"hybridMultilevel\"}\" aria-setsize=\"-1\" data-aria-posinset=\"4\" data-aria-level=\"1\"><span data-contrast=\"auto\">Los tel\u00e9fonos m\u00f3viles personales deben estar apagados durante todas las clases y actividades programadas.<\/span><br \/>\n<span data-ccp-props=\"{\"201341983\":0,\"335559739\":160,\"335559740\":259}\"> <\/span><\/li>\n<\/ul>\n<p><b><span data-contrast=\"auto\">Materiales promocionales<\/span><\/b><br \/>\n<span data-contrast=\"auto\">Ocasionalmente, en los cursos de Samiad, un fot\u00f3grafo profesional tomar\u00e1 fotograf\u00edas y v\u00eddeos promocionales para su uso durante la comercializaci\u00f3n de futuros cursos. Los padres pueden optar por no participar en ninguna fotograf\u00eda promocional de sus hijos marcando la casilla correspondiente en el formulario de solicitud. <\/span><br \/>\n<span data-ccp-props=\"{\"201341983\":0,\"335559739\":160,\"335559740\":259}\"> <\/span><\/p>\n<p><b><span data-contrast=\"auto\">Organizaci\u00f3n de viajes<\/span><\/b><br \/>\n<span data-contrast=\"auto\">Debe enviar los detalles del viaje lo antes posible. Si los detalles del viaje no se proporcionan al menos 1 semana antes de la llegada, no podemos garantizar que el estudiante sea recogido en el aeropuerto por el personal de Samiad. Nos reservamos el derecho de cobrar una tasa administrativa por la presentaci\u00f3n tard\u00eda de los detalles del viaje.  <\/span><span data-ccp-props=\"{\"201341983\":0,\"335559739\":160,\"335559740\":259}\"> <\/span><\/p>\n<p><span data-contrast=\"auto\">Los traslados al aeropuerto est\u00e1n disponibles, consulte nuestro sitio web para conocer los \u00faltimos precios. Se enviar\u00e1 una confirmaci\u00f3n del traslado despu\u00e9s de recibir los detalles de su viaje y el pago correspondiente. <\/span><span data-ccp-props=\"{\"201341983\":0,\"335559739\":160,\"335559740\":259}\"> <\/span><\/p>\n<p><span data-contrast=\"auto\">Algunas aerol\u00edneas no permiten que los ni\u00f1os menores de 16 a\u00f1os viajen sin un adulto. Debe consultar las directrices actuales antes de reservar cualquier vuelo. <\/span><span data-ccp-props=\"{\"201341983\":0,\"335559739\":160,\"335559740\":259}\"> <\/span><\/p>\n<p><span data-contrast=\"auto\">Si elige hacer sus propios arreglos de viaje y llegar al centro directamente, inf\u00f3rmenos de su hora de llegada prevista. A su llegada, los estudiantes deben entregar sus pasaportes, billetes de avi\u00f3n, dinero de bolsillo (o cheques de viajero) y cualquier medicamento a la oficina del curso. <\/span><span data-ccp-props=\"{\"201341983\":0,\"335559739\":160,\"335559740\":259}\"> <\/span><\/p>\n<p><span data-contrast=\"auto\">Si un estudiante se marcha antes del final del per\u00edodo de estudio y necesita un traslado de salida, organizaremos el traslado al punto de partida del estudiante por una tarifa adicional.<\/span><span data-ccp-props=\"{\"201341983\":0,\"335559739\":160,\"335559740\":259}\"> <\/span><\/p>\n<p><span data-contrast=\"auto\">Si la salida de un estudiante al final del per\u00edodo de estudio se retrasa debido a circunstancias ajenas a su control, Samiad seguir\u00e1 ofreciendo alojamiento y supervisi\u00f3n en r\u00e9gimen de pensi\u00f3n completa hasta que los padres o tutores del estudiante puedan organizar la salida. Por cada noche adicional, Samiad cobrar\u00e1 100 \u00a3 adem\u00e1s de las tasas de traslado. <\/span><span data-ccp-props=\"{\"201341983\":0,\"335559739\":160,\"335559740\":259}\"> <\/span><\/p>\n<p><b><span data-contrast=\"auto\">Seguros<\/span><\/b><br \/>\n<span data-contrast=\"auto\">Todos los estudiantes deben tener un seguro antes de llegar a Samiad Summer School para cubrir posibles eventualidades como gastos m\u00e9dicos, p\u00e9rdida de equipaje, vuelos cancelados o retrasados.<\/span><span data-ccp-props=\"{\"201341983\":0,\"335559739\":160,\"335559740\":259}\"> <\/span><\/p>\n<p><span data-contrast=\"auto\">Samiad ofrece un seguro por una tarifa adicional de 10 \u00a3 por semana. Puede encontrar m\u00e1s detalles aqu\u00ed. <\/span><br \/>\n<span data-ccp-props=\"{\"201341983\":0,\"335559739\":160,\"335559740\":259}\"> <\/span><\/p>\n<p><b><span data-contrast=\"auto\">M\u00e9dico<\/span><\/b><br \/>\n<span data-contrast=\"auto\">Debe informarnos de cualquier requisito m\u00e9dico o diet\u00e9tico que pueda afectar a la capacidad del estudiante para participar en el curso antes de que este comience. Cualquier estudiante que llegue con una afecci\u00f3n m\u00e9dica grave no comunicada previamente, que requiera la supervisi\u00f3n regular del personal, puede ser enviado a casa sin reembolso de las tasas. <\/span><span data-ccp-props=\"{\"201341983\":0,\"335559739\":160,\"335559740\":259}\"> <\/span><\/p>\n<p><span data-contrast=\"auto\">Los estudiantes deben entregar cualquier medicamento que traigan consigo al personal del curso a su llegada. Los medicamentos ser\u00e1n administrados bajo la supervisi\u00f3n del personal del curso. <\/span><span data-ccp-props=\"{\"201341983\":0,\"335559739\":160,\"335559740\":259}\"> <\/span><\/p>\n<p><span data-contrast=\"auto\">En caso de emergencia m\u00e9dica, si no se puede contactar con los padres\/tutores del estudiante, Samiad actuar\u00e1 en loco parentis y har\u00e1 los arreglos necesarios para que un m\u00e9dico le proporcione cualquier tratamiento m\u00e9dico que se considere necesario, as\u00ed como para autorizar la administraci\u00f3n de anestesia y la operaci\u00f3n.<\/span><br \/>\n<span data-ccp-props=\"{\"201341983\":0,\"335559739\":160,\"335559740\":259}\"> <\/span><\/p>\n<p><b><span data-contrast=\"auto\">Procedimiento de reclamaci\u00f3n<\/span><\/b><span data-ccp-props=\"{\"201341983\":0,\"335559739\":160,\"335559740\":259}\"> <\/span><\/p>\n<p><span data-contrast=\"auto\">Todas las reclamaciones ser\u00e1n respondidas en un plazo de 5 d\u00edas laborables a partir de la recepci\u00f3n de la reclamaci\u00f3n original.<\/span><span data-ccp-props=\"{\"201341983\":0,\"335559739\":160,\"335559740\":259}\"> <\/span><\/p>\n<p><span data-contrast=\"auto\">Las reclamaciones se dividen en las siguientes \u00e1reas: antes del curso, durante el curso y despu\u00e9s del curso.<\/span><span data-ccp-props=\"{\"201341983\":0,\"335559739\":160,\"335559740\":259}\"> <\/span><\/p>\n<p><span data-contrast=\"auto\">Las reclamaciones previas y posteriores al curso deben dirigirse a su asesor de admisiones para los clientes, o a su gestor de cuentas para los agentes y socios. Si considera que no se ha dado una soluci\u00f3n razonable, su reclamaci\u00f3n se remitir\u00e1 a un gestor dentro de la divisi\u00f3n. Si a\u00fan no est\u00e1 satisfecho con la respuesta, su reclamaci\u00f3n se remitir\u00e1 a un director de Samiad.  <\/span><span data-ccp-props=\"{\"201341983\":0,\"335559739\":160,\"335559740\":259}\"> <\/span><\/p>\n<p><span data-contrast=\"auto\">Las reclamaciones realizadas durante un curso deben dirigirse a un miembro del personal o directamente al responsable del centro. Todas las reclamaciones se remitir\u00e1n al responsable del centro, quien, en la medida de lo posible, llegar\u00e1 a una soluci\u00f3n satisfactoria para todas las partes. Si considera que su reclamaci\u00f3n no se ha gestionado de forma satisfactoria, su reclamaci\u00f3n se remitir\u00e1 a un director de Samiad.  <\/span><br \/>\n<span data-ccp-props=\"{\"201341983\":0,\"335559739\":160,\"335559740\":259}\"> <\/span><\/p>\n<p><b><span data-contrast=\"auto\">Descargos de responsabilidad<\/span><\/b><br \/>\n<span data-contrast=\"auto\">Samiad no promete que el sitio web est\u00e9 libre de errores o interrupciones.<\/span><span data-ccp-props=\"{\"201341983\":0,\"335559739\":160,\"335559740\":259}\"> <\/span><\/p>\n<p><span data-contrast=\"auto\">Samiad no promete que las im\u00e1genes y descripciones de productos y servicios del sitio web sean en todo momento un reflejo o presentaci\u00f3n exactos de los productos y servicios ofrecidos por o disponibles en Samad Summer School. El sitio web y su contenido est\u00e1n sujetos a cambios sin previo aviso. Samiad declina toda responsabilidad o garant\u00eda, expresa o impl\u00edcita, basada en cualquier diferencia de cualquier tipo entre las descripciones de productos y servicios en el sitio web y las caracter\u00edsticas reales de los productos y servicios ofrecidos por o disponibles en Samiad Summer School.    <\/span><span data-ccp-props=\"{\"201341983\":0,\"335559739\":160,\"335559740\":259}\"> <\/span><\/p>\n<p><span data-contrast=\"auto\">En particular, los servicios y el funcionamiento de las instalaciones deportivas y de ocio en Samiad, as\u00ed como otras instalaciones utilizadas como parte de nuestro programa de excursiones, pueden cambiar en funci\u00f3n de las condiciones meteorol\u00f3gicas y otras circunstancias imprevistas.<\/span><span data-ccp-props=\"{\"201341983\":0,\"335559739\":160,\"335559740\":259}\"> <\/span><\/p>\n<p><b><span data-contrast=\"auto\">Cambios en los T\u00e9rminos y condiciones  <\/span><\/b><br \/>\n<span data-contrast=\"auto\">Estos T\u00e9rminos y condiciones pueden ser modificados de vez en cuando. Cualquier cambio de este tipo se publicar\u00e1 en esta p\u00e1gina.  <\/span><span data-ccp-props=\"{\"201341983\":0,\"335559739\":160,\"335559740\":259}\"> <\/span><\/p>\n<p><span data-contrast=\"auto\">La fecha de entrada en vigor de estos T\u00e9rminos y condiciones es el 22 de febrero de 2024<\/span><span data-contrast=\"auto\">.<\/span><span data-ccp-props=\"{\"201341983\":0,\"335559739\":160,\"335559740\":259}\"> <\/span><\/p>\n<p><span data-ccp-props=\"{\"201341983\":0,\"335559739\":160,\"335559740\":259}\"> <\/span>[\/vc_column_text][\/vc_column][\/vc_row]<\/p>\n<\/div>","protected":false},"excerpt":{"rendered":"<p>[vc_row css=\u00bb.vc_custom_1680087657818{padding-top: 35px !important;}\u00bb][vc_column][vc_column_text] T\u00e9rminos y condiciones Para asegurar una plaza en un curso, se debe completar un formulario de solicitud y enviarlo a Samiad Ltd o a un agente\/socio reconocido. Tras la recepci\u00f3n del formulario de solicitud, se le enviar\u00e1 una carta de oferta confirmando que hay una plaza disponible y destacando las instrucciones&hellip;&nbsp;<a href=\"https:\/\/www.samiad.com\/es\/terms-and-conditions\/\" rel=\"bookmark\">Leer m\u00e1s &raquo;<span class=\"screen-reader-text\">T\u00e9rminos y condiciones<\/span><\/a><\/p>\n","protected":false},"author":1,"featured_media":0,"parent":0,"menu_order":0,"comment_status":"closed","ping_status":"closed","template":"","meta":{"_acf_changed":false,"neve_meta_sidebar":"","neve_meta_container":"","neve_meta_enable_content_width":"off","neve_meta_content_width":100,"neve_meta_title_alignment":"","neve_meta_author_avatar":"","neve_post_elements_order":"","neve_meta_disable_header":"","neve_meta_disable_footer":"","neve_meta_disable_title":"","neve_meta_reading_time":"","footnotes":""},"class_list":["post-8288","page","type-page","status-publish","hentry"],"acf":[],"_links":{"self":[{"href":"https:\/\/www.samiad.com\/es\/wp-json\/wp\/v2\/pages\/8288","targetHints":{"allow":["GET"]}}],"collection":[{"href":"https:\/\/www.samiad.com\/es\/wp-json\/wp\/v2\/pages"}],"about":[{"href":"https:\/\/www.samiad.com\/es\/wp-json\/wp\/v2\/types\/page"}],"author":[{"embeddable":true,"href":"https:\/\/www.samiad.com\/es\/wp-json\/wp\/v2\/users\/1"}],"replies":[{"embeddable":true,"href":"https:\/\/www.samiad.com\/es\/wp-json\/wp\/v2\/comments?post=8288"}],"version-history":[{"count":0,"href":"https:\/\/www.samiad.com\/es\/wp-json\/wp\/v2\/pages\/8288\/revisions"}],"wp:attachment":[{"href":"https:\/\/www.samiad.com\/es\/wp-json\/wp\/v2\/media?parent=8288"}],"curies":[{"name":"wp","href":"https:\/\/api.w.org\/{rel}","templated":true}]}}