{"id":8292,"date":"2024-06-12T12:00:15","date_gmt":"2024-06-12T12:00:15","guid":{"rendered":"https:\/\/www.samiad.com\/training\/"},"modified":"2025-12-15T16:34:13","modified_gmt":"2025-12-15T16:34:13","slug":"formacion","status":"publish","type":"page","link":"https:\/\/www.samiad.com\/es\/formacion\/","title":{"rendered":"Entrenamiento"},"content":{"rendered":"<div class=\"wpb-content-wrapper\"><p>[vc_row][vc_column]\n\t\t\t<!-- START eLearning REVOLUTION SLIDER 6.6.18 --><p class=\"rs-p-wp-fix\"><\/p>\n\t\t\t<rs-module-wrap id=\"rev_slider_70_1_wrapper\" data-source=\"gallery\" style=\"visibility:hidden;background:transparent;padding:0;margin:0px auto;margin-top:0;margin-bottom:0;\">\n\t\t\t\t<rs-module id=\"rev_slider_70_1\" style=\"\" data-version=\"6.6.18\">\n\t\t\t\t\t<rs-slides style=\"overflow: hidden; position: absolute;\">\n\t\t\t\t\t\t<rs-slide style=\"position: absolute;\" data-key=\"rs-201\" data-title=\"Slide\" data-anim=\"e:slidingoverlay;ms:2000;\" data-in=\"o:1;x:-100%;\" data-out=\"a:false;\">\n\t\t\t\t\t\t\t<img decoding=\"async\" src=\"\/\/www.samiad.com\/wp-content\/plugins\/revslider\/public\/assets\/assets\/dummy.png\" alt=\"\" title=\"SAFEGUARDING\" width=\"1748\" height=\"1240\" class=\"rev-slidebg tp-rs-img rs-lazyload\" data-lazyload=\"\/\/samiad.com\/wp-content\/uploads\/2024\/06\/SAFEGUARDING.png\" data-no-retina>\n<!--\n\t\t\t\t\t\t\t--><rs-layer\n\t\t\t\t\t\t\t\tid=\"slider-70-slide-201-layer-0\" \n\t\t\t\t\t\t\t\tdata-type=\"text\"\n\t\t\t\t\t\t\t\tdata-rsp_ch=\"on\"\n\t\t\t\t\t\t\t\tdata-xy=\"x:c;xo:-244px,-244px,-244px,0;y:m;yo:175px,175px,175px,110px;\"\n\t\t\t\t\t\t\t\tdata-text=\"w:normal;s:51,51,51,39;l:70,70,70,41;a:left,left,left,center;\"\n\t\t\t\t\t\t\t\tdata-dim=\"w:830px,830px,830px,343px;h:228px,228px,228px,265px;\"\n\t\t\t\t\t\t\t\tdata-frame_0=\"x:0,0,0,0px;y:0,0,0,0px;o:1;\"\n\t\t\t\t\t\t\t\tdata-frame_0_chars=\"d:5;x:0,0,0,0px;y:0,0,0,0px;o:0;rX:-90deg;oZ:-50;\"\n\t\t\t\t\t\t\t\tdata-frame_1=\"x:1px,1px,1px,0px;y:-1px,-1px,-1px,0px;e:default;sp:1750;\"\n\t\t\t\t\t\t\t\tdata-frame_1_chars=\"e:power4.inOut;d:10;x:0,0,0,0px;y:0,0,0,0px;oZ:-50;\"\n\t\t\t\t\t\t\t\tdata-frame_999=\"x:-50,-50,-50,-10px;o:0;st:9800;sp:2500;sR:4750;\"\n\t\t\t\t\t\t\t\tdata-tloop=\"t:frame_1;\"\n\t\t\t\t\t\t\t\tstyle=\"z-index:7;font-family:'Playfair Display';text-transform:uppercase;\"\n\t\t\t\t\t\t\t>Samiad Summer School Staff Safeguarding & Pre Summer Training \n\t\t\t\t\t\t\t<\/rs-layer><!--\n\n\t\t\t\t\t\t\t--><rs-layer\n\t\t\t\t\t\t\t\tid=\"slider-70-slide-201-layer-3\" \n\t\t\t\t\t\t\t\tdata-type=\"shape\"\n\t\t\t\t\t\t\t\tdata-rsp_ch=\"on\"\n\t\t\t\t\t\t\t\tdata-xy=\"xo:274px,274px,274px,-72px;yo:443px,443px,443px,89px;\"\n\t\t\t\t\t\t\t\tdata-text=\"w:normal;s:20,20,20,4;l:0,0,0,6;\"\n\t\t\t\t\t\t\t\tdata-dim=\"w:1px;h:252px,252px,252px,62px;\"\n\t\t\t\t\t\t\t\tdata-frame_0=\"y:-50,-50,-50,-11;\"\n\t\t\t\t\t\t\t\tdata-frame_1=\"sp:1000;\"\n\t\t\t\t\t\t\t\tdata-frame_999=\"o:0;st:w;sR:9000;\"\n\t\t\t\t\t\t\t\tstyle=\"z-index:8;background-color:#ffffff;\"\n\t\t\t\t\t\t\t> \n\t\t\t\t\t\t\t<\/rs-layer><!--\n\n\t\t\t\t\t\t\t--><rs-layer\n\t\t\t\t\t\t\t\tid=\"slider-70-slide-201-layer-4\" \n\t\t\t\t\t\t\t\tdata-type=\"shape\"\n\t\t\t\t\t\t\t\tdata-rsp_ch=\"on\"\n\t\t\t\t\t\t\t\tdata-xy=\"x:c;xo:-95px,-95px,-95px,-22px;y:m;yo:-120px,-120px,-120px,-29px;\"\n\t\t\t\t\t\t\t\tdata-text=\"w:normal;s:20,20,20,4;l:0,0,0,6;\"\n\t\t\t\t\t\t\t\tdata-dim=\"w:2880px,2880px,2880px,936px;h:1200px,1200px,1200px,905px;\"\n\t\t\t\t\t\t\t\tdata-vbility=\"f,f,f,f\"\n\t\t\t\t\t\t\t\tdata-frame_0=\"y:50,50,50,11;\"\n\t\t\t\t\t\t\t\tdata-frame_1=\"sp:1000;\"\n\t\t\t\t\t\t\t\tdata-frame_999=\"o:0;st:w;sR:9000;\"\n\t\t\t\t\t\t\t\tstyle=\"z-index:6;background-color:rgba(0,0,0,0.5);\"\n\t\t\t\t\t\t\t> \n\t\t\t\t\t\t\t<\/rs-layer><!--\n-->\t\t\t\t\t\t<\/rs-slide>\n\t\t\t\t\t<\/rs-slides>\n\t\t\t\t<\/rs-module>\n\t\t\t\t<script>\n\t\t\t\t\tsetREVStartSize({c: 'rev_slider_70_1',rl:[1240,1240,1240,480],el:[800,800,800,720],gw:[1920,1920,1920,480],gh:[800,800,800,720],type:'standard',justify:'',layout:'fullwidth',mh:\"0\"});if (window.RS_MODULES!==undefined && window.RS_MODULES.modules!==undefined && window.RS_MODULES.modules[\"revslider701\"]!==undefined) {window.RS_MODULES.modules[\"revslider701\"].once = false;window.revapi70 = undefined;if (window.RS_MODULES.checkMinimal!==undefined) window.RS_MODULES.checkMinimal()}\n\t\t\t\t<\/script>\n\t\t\t<\/rs-module-wrap>\n\t\t\t<!-- END REVOLUTION SLIDER -->\n[\/vc_column][\/vc_row][vc_row css=\u00bb.vc_custom_1718123694687{padding-top: 60px !important;padding-bottom: 60px !important;}\u00bb][vc_column][vc_column_text css=\u00bb.vc_custom_1717584549251{padding-top: 25px !important;padding-bottom: 25px !important;}\u00bb]<\/p>\n<h2 style=\"text-align: center;\">\u00a1Bienvenido al equipo!<\/h2>\n<p>[\/vc_column_text][vc_column_text css=\u00bb.vc_custom_1745419707883{padding-top: 25px !important;padding-bottom: 25px !important;}\u00bb]<\/p>\n<p style=\"text-align: center;\">\u00a1Enhorabuena por haber sido aceptado en el equipo de Samiad Summer School! Estamos encantados de tenerte a bordo. Como miembro de nuestro dedicado personal, tu papel en el mantenimiento de un entorno seguro, de apoyo e inspirador para nuestros estudiantes es vital. En esta p\u00e1gina, encontrar\u00e1s recursos esenciales, incluyendo nuestro <g id=\"gid_0\">Test de Protecci\u00f3n<\/g> y la <g id=\"gid_1\">Formaci\u00f3n Inicial General<\/g>, dise\u00f1ados para prepararte para el verano. La protecci\u00f3n est\u00e1 en el coraz\u00f3n de todo lo que hacemos, y tu comprensi\u00f3n y compromiso son clave para garantizar el bienestar tanto de los estudiantes como del personal.    <\/p>\n<p style=\"text-align: center;\">Gracias por unirte a nosotros, \u00a1y por ayudar a hacer de Samiad un lugar donde la seguridad, el cuidado y la aventura se unen!<\/p>\n<p>[\/vc_column_text][\/vc_column][\/vc_row][vc_row css=\u00bb.vc_custom_1718122863377{padding-top: 75px !important;}\u00bb][vc_column][vc_empty_space height=\u00bb30px\u00bb][vc_column_text]<\/p>\n<h2 style=\"text-align: center;\">TEST DE PROTECCI\u00d3N<\/h2>\n<p>[\/vc_column_text][vc_empty_space height=\u00bb45px\u00bb][\/vc_column][\/vc_row][vc_row gap=\u00bb30&#8243; css=\u00bb.vc_custom_1718122831558{padding-bottom: 90px !important;}\u00bb][vc_column width=\u00bb1\/4&#8243;][vc_icon icon_fontawesome=\u00bbfas fa-sign-in-alt\u00bb color=\u00bbcustom\u00bb size=\u00bblg\u00bb align=\u00bbcenter\u00bb custom_color=\u00bb#652582&#8243;][vc_empty_space height=\u00bb15px\u00bb][vc_column_text]<\/p>\n<h3 style=\"text-align: center;\">Registro<\/h3>\n<p style=\"text-align: center;\">Para registrarte, haz clic en la pantalla de abajo y se te pedir\u00e1 que proporciones tu nombre y direcci\u00f3n de correo electr\u00f3nico.<\/p>\n<p>[\/vc_column_text][\/vc_column][vc_column width=\u00bb1\/4&#8243;][vc_icon icon_fontawesome=\u00bbfas fa-laptop\u00bb color=\u00bbcustom\u00bb size=\u00bblg\u00bb align=\u00bbcenter\u00bb custom_color=\u00bb#652582&#8243;][vc_empty_space height=\u00bb15px\u00bb][vc_column_text]<\/p>\n<h3 style=\"text-align: center;\">Requisitos del dispositivo<\/h3>\n<p style=\"text-align: center;\" data-pm-slice=\"1 1 []\">El test se puede realizar en cualquier dispositivo que tenga acceso a Internet, pero ser\u00e1 m\u00e1s f\u00e1cil usar un ordenador port\u00e1til o un iPad.<\/p>\n<p>[\/vc_column_text][\/vc_column][vc_column width=\u00bb1\/4&#8243;][vc_icon icon_fontawesome=\u00bbfas fa-clock\u00bb color=\u00bbcustom\u00bb size=\u00bblg\u00bb align=\u00bbcenter\u00bb custom_color=\u00bb#652582&#8243;][vc_empty_space height=\u00bb15px\u00bb][vc_column_text]<\/p>\n<h3 style=\"text-align: center;\">Duraci\u00f3n del test<\/h3>\n<p style=\"text-align: center;\">Es probable que el test en s\u00ed tarde 30 minutos en completarse; por favor, no te apresures, ya que las preguntas est\u00e1n ah\u00ed para ayudarte a entender las respuestas y c\u00f3mo se relacionan con ciertas situaciones. Si tienes alg\u00fan problema t\u00e9cnico o necesitas pausar el test, no hay problema, puedes volver a donde lo dejaste en cualquier momento, y puedes reiniciar el test tantas veces como quieras. <\/p>\n<p>[\/vc_column_text][\/vc_column][vc_column width=\u00bb1\/4&#8243;][vc_icon icon_fontawesome=\u00bbfas fa-poll-h\u00bb color=\u00bbcustom\u00bb size=\u00bblg\u00bb align=\u00bbcenter\u00bb custom_color=\u00bb#652582&#8243;][vc_empty_space height=\u00bb15px\u00bb][vc_column_text]<\/p>\n<h3 style=\"text-align: center;\">Tus resultados<\/h3>\n<p style=\"text-align: center;\" data-pm-slice=\"1 1 []\">Para poder continuar, necesitamos que cada miembro del personal obtenga una puntuaci\u00f3n de al menos el 70% en el test de protecci\u00f3n. Si obtienes una puntuaci\u00f3n inferior, no te preocupes, puedes volver a realizar el test tantas veces como quieras. <\/p>\n<p>[\/vc_column_text][\/vc_column][vc_column][vc_btn title=\u00bb\u00a1HAZ EL TEST!\u00bb style=\u00bbcustom\u00bb custom_background=\u00bb#652487&#8243; custom_text=\u00bb#ffffff\u00bb shape=\u00bbsquare\u00bb align=\u00bbcenter\u00bb link=\u00bburl:https%3A%2F%2Facc-69061.ispring.com%2Fapp%2Fpreview%2F8d8f1b82-3bb3-11f0-be4d-f6a34c7dd83a|title:%C2%A1HAZ%20EL%20TEST%21|target:_blank|\u00bb css=\u00bb.vc_custom_1748446867107{padding-top: 30px !important;}\u00bb][\/vc_column][\/vc_row][vc_row css=\u00bb.vc_custom_1718122863377{padding-top: 75px !important;}\u00bb][vc_column][vc_column_text]<\/p>\n<h2 style=\"text-align: center;\">TU TRAYECTORIA DE FORMACI\u00d3N EN SAMIAD<\/h2>\n<p>Para asegurarnos de que est\u00e1s completamente preparado y seguro en tu puesto, todo el personal completar\u00e1 un proceso de formaci\u00f3n de tres pasos antes de empezar en Samiad Summer School. Esta formaci\u00f3n est\u00e1 dise\u00f1ada para darte el conocimiento, las herramientas y el apoyo que necesitas para tener \u00e9xito y para ayudarnos a ofrecer la experiencia segura y enriquecedora por la que somos conocidos.[\/vc_column_text][vc_empty_space height=\u00bb45px\u00bb][\/vc_column][\/vc_row][vc_row gap=\u00bb30&#8243; css=\u00bb.vc_custom_1718122831558{padding-bottom: 90px !important;}\u00bb][vc_column][vc_empty_space height=\u00bb15px\u00bb][vc_column_text]<\/p>\n<h3 style=\"text-align: center;\"><strong>Paso 1: formaci\u00f3n online<\/strong><\/h3>\n<p style=\"text-align: center;\">Empieza por completar nuestro m\u00f3dulo b\u00e1sico de formaci\u00f3n online (enlace abajo). Este curso a tu propio ritmo proporciona una visi\u00f3n general de Samiad, nuestras pol\u00edticas y lo que puedes esperar durante tu tiempo con nosotros. La formaci\u00f3n incluye preguntas tipo test para ayudarte a reforzar tu comprensi\u00f3n.  <\/p>\n<p>[\/vc_column_text][vc_btn title=\u00bb\u00a1HAZ EL TEST!\u00bb style=\u00bbcustom\u00bb custom_background=\u00bb#652487&#8243; custom_text=\u00bb#ffffff\u00bb shape=\u00bbsquare\u00bb align=\u00bbcenter\u00bb link=\u00bburl:https%3A%2F%2Facc-69061.ispring.com%2Fapp%2Fpreview%2F6a7d2ef4-21b9-11f0-909c-1a4b24d144d3|title:%C2%A1HAZ%20EL%20TEST%21|target:_blank|\u00bb css=\u00bb.vc_custom_1745580482764{padding-top: 30px !important;}\u00bb][vc_empty_space height=\u00bb15px\u00bb][vc_column_text]<\/p>\n<h3 style=\"text-align: center;\"><strong><br \/>Paso 2: sesi\u00f3n de formaci\u00f3n online en directo<\/strong><\/h3>\n<p style=\"text-align: center;\" data-pm-slice=\"1 1 []\">A continuaci\u00f3n, participar\u00e1s en una sesi\u00f3n online interactiva en directo dirigida por un miembro de nuestro equipo directivo. Esta formaci\u00f3n profundiza en tu puesto espec\u00edfico y te da la oportunidad de hacer preguntas e interactuar con otros nuevos miembros del equipo. Recibir\u00e1s una invitaci\u00f3n por correo electr\u00f3nico con detalles sobre la fecha y la hora de tu sesi\u00f3n.  <\/p>\n<p>[\/vc_column_text][vc_empty_space height=\u00bb15px\u00bb][vc_column_text]<\/p>\n<h3 style=\"text-align: center;\"><strong><br \/>Paso 3: formaci\u00f3n in situ<\/strong><\/h3>\n<p style=\"text-align: center;\">Cuando llegues al centro, empezar\u00e1s con la formaci\u00f3n presencial al inicio de tu periodo de pr\u00e1cticas acordado. Esto incluye una mezcla de sesiones para todo el personal, reuniones informativas y preparaci\u00f3n espec\u00edfica para el puesto para asegurarnos de que est\u00e1s completamente listo para empezar con buen pie. <\/p>\n<p>[\/vc_column_text][\/vc_column][\/vc_row][vc_row full_width=\u00bbstretch_row\u00bb css=\u00bb.vc_custom_1718123721774{padding-top: 60px !important;padding-bottom: 60px !important;background-color: #e6e1d6 !important;}\u00bb][vc_column][vc_row_inner css=\u00bb.vc_custom_1718121670789{padding-left: 30px !important;}\u00bb][vc_column_inner][vc_column_text]<\/p>\n<h2 style=\"text-align: center;\">ANTES DE LLEGAR AL CAMPUS<\/h2>\n<p>[\/vc_column_text][vc_empty_space height=\u00bb15px\u00bb][vc_column_text]<\/p>\n<p style=\"text-align: center;\">Adem\u00e1s de completar nuestra formaci\u00f3n online de protecci\u00f3n, por favor, t\u00f3mate el tiempo de leer los documentos de abajo, ya que dan informaci\u00f3n \u00fatil para el personal de la escuela de verano y nuestras pol\u00edticas.<\/p>\n<p>[\/vc_column_text][\/vc_column_inner][\/vc_row_inner][vc_empty_space height=\u00bb30px\u00bb][vc_row_inner][vc_column_inner width=\u00bb1\/3&#8243;][vc_single_image image=\u00bb7149&#8243; img_size=\u00bbmedium\u00bb alignment=\u00bbcenter\u00bb onclick=\u00bbcustom_link\u00bb img_link_target=\u00bb_blank\u00bb css_animation=\u00bbslideInLeft\u00bb link=\u00bbhttps:\/\/samiad.com\/wp-content\/uploads\/2025\/04\/Policies-2.pdf\u00bb][\/vc_column_inner][vc_column_inner width=\u00bb1\/3&#8243;][vc_single_image image=\u00bb7150&#8243; img_size=\u00bbmedium\u00bb alignment=\u00bbcenter\u00bb onclick=\u00bbcustom_link\u00bb img_link_target=\u00bb_blank\u00bb css_animation=\u00bbslideInLeft\u00bb link=\u00bbhttps:\/\/samiad.com\/wp-content\/uploads\/2025\/04\/Samiad-Safe-Guarding.pdf\u00bb][\/vc_column_inner][vc_column_inner width=\u00bb1\/3&#8243;][vc_single_image image=\u00bb7148&#8243; img_size=\u00bbmedium\u00bb alignment=\u00bbcenter\u00bb onclick=\u00bbcustom_link\u00bb img_link_target=\u00bb_blank\u00bb css_animation=\u00bbslideInLeft\u00bb link=\u00bbhttps:\/\/samiad.com\/wp-content\/uploads\/2025\/04\/Useful-information-1.pdf\u00bb][\/vc_column_inner][\/vc_row_inner][\/vc_column][\/vc_row][vc_row full_width=\u00bbstretch_row_content_no_spaces\u00bb css=\u00bb.vc_custom_1717586842639{background-color: #251e1e !important;}\u00bb][vc_column][vc_empty_space height=\u00bb160px\u00bb css=\u00bb.vc_custom_1718278947459{background-color: #251e1e !important;background-position: center !important;background-repeat: no-repeat !important;background-size: cover !important;}\u00bb][\/vc_column][\/vc_row]<\/p>\n<\/div>","protected":false},"excerpt":{"rendered":"<p>[vc_row][vc_column][\/vc_column][\/vc_row][vc_row css=\u00bb.vc_custom_1718123694687{padding-top: 60px !important;padding-bottom: 60px !important;}\u00bb][vc_column][vc_column_text css=\u00bb.vc_custom_1717584549251{padding-top: 25px !important;padding-bottom: 25px !important;}\u00bb] \u00a1Bienvenido al equipo! [\/vc_column_text][vc_column_text css=\u00bb.vc_custom_1745419707883{padding-top: 25px !important;padding-bottom: 25px !important;}\u00bb] \u00a1Enhorabuena por haber sido aceptado en el equipo de Samiad Summer School! Estamos encantados de tenerte a bordo. Como miembro de nuestro dedicado personal, tu papel en el mantenimiento de un entorno seguro, de apoyo&hellip;&nbsp;<a href=\"https:\/\/www.samiad.com\/es\/formacion\/\" rel=\"bookmark\">Leer m\u00e1s &raquo;<span class=\"screen-reader-text\">Entrenamiento<\/span><\/a><\/p>\n","protected":false},"author":4,"featured_media":0,"parent":0,"menu_order":0,"comment_status":"closed","ping_status":"closed","template":"","meta":{"_acf_changed":false,"neve_meta_sidebar":"","neve_meta_container":"","neve_meta_enable_content_width":"off","neve_meta_content_width":100,"neve_meta_title_alignment":"","neve_meta_author_avatar":"","neve_post_elements_order":"","neve_meta_disable_header":"","neve_meta_disable_footer":"","neve_meta_disable_title":"","neve_meta_reading_time":"","footnotes":""},"class_list":["post-8292","page","type-page","status-publish","hentry"],"acf":[],"_links":{"self":[{"href":"https:\/\/www.samiad.com\/es\/wp-json\/wp\/v2\/pages\/8292","targetHints":{"allow":["GET"]}}],"collection":[{"href":"https:\/\/www.samiad.com\/es\/wp-json\/wp\/v2\/pages"}],"about":[{"href":"https:\/\/www.samiad.com\/es\/wp-json\/wp\/v2\/types\/page"}],"author":[{"embeddable":true,"href":"https:\/\/www.samiad.com\/es\/wp-json\/wp\/v2\/users\/4"}],"replies":[{"embeddable":true,"href":"https:\/\/www.samiad.com\/es\/wp-json\/wp\/v2\/comments?post=8292"}],"version-history":[{"count":0,"href":"https:\/\/www.samiad.com\/es\/wp-json\/wp\/v2\/pages\/8292\/revisions"}],"wp:attachment":[{"href":"https:\/\/www.samiad.com\/es\/wp-json\/wp\/v2\/media?parent=8292"}],"curies":[{"name":"wp","href":"https:\/\/api.w.org\/{rel}","templated":true}]}}