{"id":8295,"date":"2023-10-03T16:01:12","date_gmt":"2023-10-03T16:01:12","guid":{"rendered":"https:\/\/www.samiad.com\/transaction-failed\/"},"modified":"2025-07-18T07:40:45","modified_gmt":"2025-07-18T07:40:45","slug":"transaction-failed","status":"publish","type":"page","link":"https:\/\/www.samiad.com\/es\/booking-confirmation\/transaction-failed\/","title":{"rendered":"Transacci\u00f3n fallida"},"content":{"rendered":"<p>Desafortunadamente, no se puede completar su transacci\u00f3n en este momento. Vuelva a intentarlo o p\u00f3ngase en contacto con nosotros. <\/p>\n","protected":false},"excerpt":{"rendered":"<p>Desafortunadamente, no se puede completar su transacci\u00f3n en este momento. Vuelva a intentarlo o p\u00f3ngase en contacto con nosotros.<\/p>\n","protected":false},"author":1,"featured_media":0,"parent":8304,"menu_order":0,"comment_status":"closed","ping_status":"closed","template":"","meta":{"_acf_changed":false,"neve_meta_sidebar":"","neve_meta_container":"","neve_meta_enable_content_width":"","neve_meta_content_width":0,"neve_meta_title_alignment":"","neve_meta_author_avatar":"","neve_post_elements_order":"","neve_meta_disable_header":"","neve_meta_disable_footer":"","neve_meta_disable_title":"","neve_meta_reading_time":"","footnotes":""},"class_list":["post-8295","page","type-page","status-publish","hentry"],"acf":[],"_links":{"self":[{"href":"https:\/\/www.samiad.com\/es\/wp-json\/wp\/v2\/pages\/8295","targetHints":{"allow":["GET"]}}],"collection":[{"href":"https:\/\/www.samiad.com\/es\/wp-json\/wp\/v2\/pages"}],"about":[{"href":"https:\/\/www.samiad.com\/es\/wp-json\/wp\/v2\/types\/page"}],"author":[{"embeddable":true,"href":"https:\/\/www.samiad.com\/es\/wp-json\/wp\/v2\/users\/1"}],"replies":[{"embeddable":true,"href":"https:\/\/www.samiad.com\/es\/wp-json\/wp\/v2\/comments?post=8295"}],"version-history":[{"count":0,"href":"https:\/\/www.samiad.com\/es\/wp-json\/wp\/v2\/pages\/8295\/revisions"}],"up":[{"embeddable":true,"href":"https:\/\/www.samiad.com\/es\/wp-json\/wp\/v2\/pages\/8304"}],"wp:attachment":[{"href":"https:\/\/www.samiad.com\/es\/wp-json\/wp\/v2\/media?parent=8295"}],"curies":[{"name":"wp","href":"https:\/\/api.w.org\/{rel}","templated":true}]}}