{"id":8319,"date":"2024-06-07T12:09:10","date_gmt":"2024-06-07T12:09:10","guid":{"rendered":"https:\/\/www.samiad.com\/year-round-experiences\/"},"modified":"2025-12-15T17:11:03","modified_gmt":"2025-12-15T17:11:03","slug":"experiencias-durante-todo-el-ano","status":"publish","type":"page","link":"https:\/\/www.samiad.com\/es\/experiencias-durante-todo-el-ano\/","title":{"rendered":"Experiencias durante todo el a\u00f1o"},"content":{"rendered":"<div class=\"wpb-content-wrapper\"><p>[vc_row][vc_column]\n\t\t\t<!-- START Year Round Experiences REVOLUTION SLIDER 6.6.18 --><p class=\"rs-p-wp-fix\"><\/p>\n\t\t\t<rs-module-wrap id=\"rev_slider_71_1_wrapper\" data-source=\"gallery\" style=\"visibility:hidden;background:transparent;padding:0;margin:0px auto;margin-top:0;margin-bottom:0;\">\n\t\t\t\t<rs-module id=\"rev_slider_71_1\" style=\"\" data-version=\"6.6.18\">\n\t\t\t\t\t<rs-slides style=\"overflow: hidden; position: absolute;\">\n\t\t\t\t\t\t<rs-slide style=\"position: absolute;\" data-key=\"rs-202\" data-title=\"Slide\" data-anim=\"e:slidingoverlay;ms:2000;\" data-in=\"o:1;x:-100%;\" data-out=\"a:false;\">\n\t\t\t\t\t\t\t<img decoding=\"async\" src=\"\/\/www.samiad.com\/wp-content\/plugins\/revslider\/public\/assets\/assets\/dummy.png\" alt=\"\" title=\"SAMIAD BY THE SEA 1\" width=\"1748\" height=\"1240\" class=\"rev-slidebg tp-rs-img rs-lazyload\" data-lazyload=\"\/\/samiad.com\/wp-content\/uploads\/2024\/06\/SAMIAD-BY-THE-SEA-1.png\" data-no-retina>\n<!--\n\t\t\t\t\t\t\t--><rs-layer\n\t\t\t\t\t\t\t\tid=\"slider-71-slide-202-layer-0\" \n\t\t\t\t\t\t\t\tdata-type=\"text\"\n\t\t\t\t\t\t\t\tdata-rsp_ch=\"on\"\n\t\t\t\t\t\t\t\tdata-xy=\"x:c;xo:-244px,-244px,-244px,0;y:m;yo:104px,104px,104px,171px;\"\n\t\t\t\t\t\t\t\tdata-text=\"w:normal;s:51,51,51,39;l:70,70,70,41;a:left,left,left,center;\"\n\t\t\t\t\t\t\t\tdata-dim=\"w:830px,830px,830px,417px;h:235px,235px,235px,auto;\"\n\t\t\t\t\t\t\t\tdata-frame_0=\"x:0,0,0,0px;y:0,0,0,0px;o:1;\"\n\t\t\t\t\t\t\t\tdata-frame_0_chars=\"d:5;x:0,0,0,0px;y:0,0,0,0px;o:0;rX:-90deg;oZ:-50;\"\n\t\t\t\t\t\t\t\tdata-frame_1=\"x:1px,1px,1px,0px;y:-1px,-1px,-1px,0px;e:default;sp:1750;\"\n\t\t\t\t\t\t\t\tdata-frame_1_chars=\"e:power4.inOut;d:10;x:0,0,0,0px;y:0,0,0,0px;oZ:-50;\"\n\t\t\t\t\t\t\t\tdata-frame_999=\"x:-50,-50,-50,-10px;o:0;st:9800;sp:2500;sR:4750;\"\n\t\t\t\t\t\t\t\tdata-tloop=\"t:frame_1;\"\n\t\t\t\t\t\t\t\tstyle=\"z-index:7;font-family:'Playfair Display';text-transform:uppercase;\"\n\t\t\t\t\t\t\t>LEADING SUMMER SCHOOL NOW OFFERING YEAR-ROUND EXPERIENCES \n\t\t\t\t\t\t\t<\/rs-layer><!--\n\n\t\t\t\t\t\t\t--><a id=\"slider-71-slide-202-layer-1\" class=\"rs-layer rev-btn\" href=\"https:\/\/samiad.com\/wp-content\/uploads\/2024\/06\/Samiad-A4-Pre-arrival-and-Student-Handbook-2024.pdf\" target=\"_blank\" rel=\"noopener\" data-type=\"button\" data-rsp_ch=\"on\" data-xy=\"x:l,l,l,c;xo:305px,305px,305px,0;yo:648px,648px,648px,612px;\" data-text=\"w:normal;s:17,17,17,13;l:40,40,40,29;fw:500;\" data-dim=\"minh:0px,0px,0px,none;\" data-padding=\"r:25,25,25,20;l:25,25,25,20;\" data-border=\"bos:solid;boc:#ffffff;bow:1px,1px,1px,1px;\" data-frame_0=\"y:50,50,50,11;\" data-frame_1=\"st:990;sp:1000;sR:990;\" data-frame_999=\"o:0;st:w;sR:8010;\" data-frame_hover=\"bgc:rgba(0,0,0,0);boc:rgba(255,255,255,0.75);bor:0px,0px,0px,0px;bos:solid;bow:1px,1px,1px,1px;e:power1.inOut;\" style=\"z-index:9;background-color:rgba(0,0,0,0);font-family:&#039;Roboto&#039;;\">DOWNLOAD STUDENT HANDBOOK \n\t\t\t\t\t\t\t<\/a><!--\n\n\t\t\t\t\t\t\t--><rs-layer\n\t\t\t\t\t\t\t\tid=\"slider-71-slide-202-layer-3\" \n\t\t\t\t\t\t\t\tdata-type=\"shape\"\n\t\t\t\t\t\t\t\tdata-rsp_ch=\"on\"\n\t\t\t\t\t\t\t\tdata-xy=\"xo:274px,274px,274px,-72px;yo:387px,387px,387px,89px;\"\n\t\t\t\t\t\t\t\tdata-text=\"w:normal;s:20,20,20,4;l:0,0,0,6;\"\n\t\t\t\t\t\t\t\tdata-dim=\"w:1px;h:306px,306px,306px,75px;\"\n\t\t\t\t\t\t\t\tdata-frame_0=\"y:-50,-50,-50,-11;\"\n\t\t\t\t\t\t\t\tdata-frame_1=\"sp:1000;\"\n\t\t\t\t\t\t\t\tdata-frame_999=\"o:0;st:w;sR:9000;\"\n\t\t\t\t\t\t\t\tstyle=\"z-index:8;background-color:#ffffff;\"\n\t\t\t\t\t\t\t> \n\t\t\t\t\t\t\t<\/rs-layer><!--\n\n\t\t\t\t\t\t\t--><rs-layer\n\t\t\t\t\t\t\t\tid=\"slider-71-slide-202-layer-4\" \n\t\t\t\t\t\t\t\tdata-type=\"shape\"\n\t\t\t\t\t\t\t\tdata-rsp_ch=\"on\"\n\t\t\t\t\t\t\t\tdata-xy=\"x:c;xo:38px,38px,38px,9px;y:m;yo:-160px,-160px,-160px,-39px;\"\n\t\t\t\t\t\t\t\tdata-text=\"w:normal;s:20,20,20,4;l:0,0,0,6;\"\n\t\t\t\t\t\t\t\tdata-dim=\"w:2880px,2880px,2880px,936px;h:1200px,1200px,1200px,905px;\"\n\t\t\t\t\t\t\t\tdata-vbility=\"f,f,f,f\"\n\t\t\t\t\t\t\t\tdata-frame_0=\"y:50,50,50,11;\"\n\t\t\t\t\t\t\t\tdata-frame_1=\"sp:1000;\"\n\t\t\t\t\t\t\t\tdata-frame_999=\"o:0;st:w;sR:9000;\"\n\t\t\t\t\t\t\t\tstyle=\"z-index:6;background-color:rgba(0,0,0,0.5);\"\n\t\t\t\t\t\t\t> \n\t\t\t\t\t\t\t<\/rs-layer><!--\n-->\t\t\t\t\t\t<\/rs-slide>\n\t\t\t\t\t<\/rs-slides>\n\t\t\t\t<\/rs-module>\n\t\t\t\t<script>\n\t\t\t\t\tsetREVStartSize({c: 'rev_slider_71_1',rl:[1240,1240,1240,480],el:[800,800,800,720],gw:[1920,1920,1920,480],gh:[800,800,800,720],type:'standard',justify:'',layout:'fullwidth',mh:\"0\"});if (window.RS_MODULES!==undefined && window.RS_MODULES.modules!==undefined && window.RS_MODULES.modules[\"revslider711\"]!==undefined) {window.RS_MODULES.modules[\"revslider711\"].once = false;window.revapi71 = undefined;if (window.RS_MODULES.checkMinimal!==undefined) window.RS_MODULES.checkMinimal()}\n\t\t\t\t<\/script>\n\t\t\t<\/rs-module-wrap>\n\t\t\t<!-- END REVOLUTION SLIDER -->\n[\/vc_column][\/vc_row][vc_row full_width=\u00bbstretch_row\u00bb css=\u00bb.vc_custom_1717756854588{padding-top: 100px !important;padding-bottom: 60px !important;background-color: #e6e1d6 !important;}\u00bb][vc_column][vc_empty_space height=\u00bb15px\u00bb][vc_column_text]<\/p>\n<h2 style=\"text-align: center;\"><strong>\u00a1Samiad junto al mar!<\/strong><\/h2>\n<p>[\/vc_column_text][vc_empty_space height=\u00bb15px\u00bb][vc_column_text]<\/p>\n<div class=\"TypographyPresentation TypographyPresentation--m RichText3-paragraph--withVSpacingNormal RichText3-paragraph\" style=\"text-align: center;\">\u00a1Experimente los programas \u00fanicos de Samiad durante todo el a\u00f1o! Ahora disponibles para grupos escolares, nuestros programas personalizados incluyen: <\/div>\n<p>[\/vc_column_text][\/vc_column][\/vc_row][vc_row full_width=\u00bbstretch_row\u00bb css=\u00bb.vc_custom_1717756909124{padding-bottom: 90px !important;background-color: #e6e1d6 !important;}\u00bb][vc_column width=\u00bb1\/4&#8243;][vc_empty_space height=\u00bb15px\u00bb][vc_icon icon_fontawesome=\u00bbfas fa-hotel\u00bb color=\u00bbcustom\u00bb size=\u00bblg\u00bb align=\u00bbcenter\u00bb custom_color=\u00bb#652582&#8243;][vc_empty_space height=\u00bb15px\u00bb][vc_column_text]<\/p>\n<h3 style=\"text-align: center;\">Alojamiento<\/h3>\n<p style=\"text-align: center;\">Alojamiento con pensi\u00f3n completa en la prestigiosa Wellesley Haddon Dean School.<\/p>\n<p>[\/vc_column_text][\/vc_column][vc_column width=\u00bb1\/4&#8243;][vc_empty_space height=\u00bb15px\u00bb][vc_icon icon_fontawesome=\u00bbfas fa-water\u00bb color=\u00bbcustom\u00bb size=\u00bblg\u00bb align=\u00bbcenter\u00bb custom_color=\u00bb#652582&#8243;][vc_empty_space height=\u00bb15px\u00bb][vc_column_text]<\/p>\n<h3 style=\"text-align: center;\">Instalaciones<\/h3>\n<p style=\"text-align: center;\">Acceso a instalaciones de primera clase y a las hermosas e hist\u00f3ricas ciudades de Canterbury, Londres y la costa.<\/p>\n<p>[\/vc_column_text][\/vc_column][vc_column width=\u00bb1\/4&#8243;][vc_empty_space height=\u00bb15px\u00bb][vc_icon icon_fontawesome=\u00bbfas fa-hiking\u00bb color=\u00bbcustom\u00bb size=\u00bblg\u00bb align=\u00bbcenter\u00bb custom_color=\u00bb#652582&#8243;][vc_empty_space height=\u00bb15px\u00bb][vc_column_text]<\/p>\n<h3 style=\"text-align: center;\">Actividades<\/h3>\n<p style=\"text-align: center;\">Una mezcla de cursos educativos, excursiones culturales, visitas a universidades y actividades de primera clase.<\/p>\n<p>[\/vc_column_text][\/vc_column][vc_column width=\u00bb1\/4&#8243;][vc_empty_space height=\u00bb15px\u00bb][vc_icon icon_fontawesome=\u00bbfas fa-user-graduate\u00bb color=\u00bbcustom\u00bb size=\u00bblg\u00bb align=\u00bbcenter\u00bb custom_color=\u00bb#652582&#8243;][vc_empty_space height=\u00bb15px\u00bb][vc_column_text]<\/p>\n<h3 style=\"text-align: center;\">Experiencias<\/h3>\n<p style=\"text-align: center;\">Tanto si busca enriquecer la educaci\u00f3n de sus alumnos como proporcionarles experiencias culturales inolvidables, Samiad junto al mar ofrece la combinaci\u00f3n perfecta de aprendizaje y aventura.<\/p>\n<p>[\/vc_column_text][\/vc_column][\/vc_row][vc_row][vc_column][vc_empty_space height=\u00bb30px\u00bb][vc_row_inner content_placement=\u00bbmiddle\u00bb gap=\u00bb35&#8243;][vc_column_inner width=\u00bb1\/2&#8243;][vc_column_text]<\/p>\n<h2><strong>Inmersiones en internados del Reino Unido<\/strong><\/h2>\n<p>\u00a1Ofrezca a sus alumnos la mejor experiencia en un internado del Reino Unido! Con ubicaciones en Shropshire y Kent, nuestros programas de inmersi\u00f3n permiten a los estudiantes: <\/p>\n<ul>\n<li>Estudiar junto con estudiantes de escuelas del Reino Unido y participar en el horario escolar tanto como desee.<\/li>\n<li>Experimentar la vida en internados de primera clase con una flexibilidad y un apoyo incomparables.<\/li>\n<li>Disfrutar de un aut\u00e9ntico entorno educativo del Reino Unido, dise\u00f1ado para enriquecer sus habilidades acad\u00e9micas y sociales.<\/li>\n<\/ul>\n<p>[\/vc_column_text][\/vc_column_inner][vc_column_inner width=\u00bb1\/2&#8243; css=\u00bb.vc_custom_1677239832236{padding-top: 50px !important;}\u00bb][vc_single_image image=\u00bb2791&#8243; img_size=\u00bbfull\u00bb alignment=\u00bbcenter\u00bb onclick=\u00bbcustom_link\u00bb img_link_target=\u00bb_blank\u00bb css_animation=\u00bbslideInRight\u00bb][\/vc_column_inner][\/vc_row_inner][vc_empty_space height=\u00bb30px\u00bb][vc_row_inner content_placement=\u00bbmiddle\u00bb gap=\u00bb35&#8243;][vc_column_inner width=\u00bb1\/2&#8243;][vc_single_image image=\u00bb2796&#8243; img_size=\u00bbfull\u00bb alignment=\u00bbcenter\u00bb onclick=\u00bblink_image\u00bb css_animation=\u00bbslideInLeft\u00bb][\/vc_column_inner][vc_column_inner width=\u00bb1\/2&#8243; css=\u00bb.vc_custom_1677239832236{padding-top: 50px !important;}\u00bb][vc_column_text]<\/p>\n<h2><b>\u00bfPor qu\u00e9 elegir Samiad?<\/b><\/h2>\n<p>Experiencia inigualable: Como una de las principales escuelas de verano, Samiad ofrece experiencias \u00fanicas y enriquecedoras para ni\u00f1os y adolescentes.<\/p>\n<p>Ubicaciones privilegiadas: Disfrute aprendiendo en entornos hist\u00f3ricos y pintorescos con acceso a los principales lugares de inter\u00e9s cultural.<\/p>\n<p>Programas personalizados: Adapte la experiencia para que se ajuste a las necesidades de su grupo escolar, garantizando el m\u00e1ximo beneficio y disfrute.[\/vc_column_text][\/vc_column_inner][\/vc_row_inner][vc_empty_space height=\u00bb30px\u00bb][\/vc_column][\/vc_row][vc_row][vc_column][vc_empty_space height=\u00bb30px\u00bb][vc_row_inner content_placement=\u00bbmiddle\u00bb gap=\u00bb35&#8243; css=\u00bb.vc_custom_1717758796290{padding-bottom: 120px !important;}\u00bb][vc_column_inner css=\u00bb.vc_custom_1677239832236{padding-top: 50px !important;}\u00bb][vc_column_text]<\/p>\n<h2 style=\"text-align: center;\"><b>\u00a1P\u00f3ngase en contacto con nosotros hoy mismo!<\/b><\/h2>\n<p style=\"text-align: center;\">Descubra m\u00e1s sobre estos nuevos e interesantes programas y c\u00f3mo podemos crear una experiencia inolvidable para sus alumnos.<\/p>\n<p style=\"text-align: center;\">Visite nuestro sitio web o ll\u00e1menos al +44 (0)121 250 5738<\/p>\n<p>[\/vc_column_text][vc_empty_space height=\u00bb30px\u00bb][vc_btn title=\u00bbPreguntar ahora\u00bb style=\u00bbcustom\u00bb custom_background=\u00bb#ad986e\u00bb custom_text=\u00bb#ffffff\u00bb shape=\u00bbsquare\u00bb align=\u00bbcenter\u00bb link=\u00bburl:https%3A%2F%2Fsamiad.zostro.com%2Fenquire-now%2F|title:Preguntar%20ahora|\u00bb][\/vc_column_inner][\/vc_row_inner][\/vc_column][\/vc_row]<\/p>\n<\/div>","protected":false},"excerpt":{"rendered":"<p>[vc_row][vc_column][\/vc_column][\/vc_row][vc_row full_width=\u00bbstretch_row\u00bb css=\u00bb.vc_custom_1717756854588{padding-top: 100px !important;padding-bottom: 60px !important;background-color: #e6e1d6 !important;}\u00bb][vc_column][vc_empty_space height=\u00bb15px\u00bb][vc_column_text] \u00a1Samiad junto al mar! [\/vc_column_text][vc_empty_space height=\u00bb15px\u00bb][vc_column_text] \u00a1Experimente los programas \u00fanicos de Samiad durante todo el a\u00f1o! Ahora disponibles para grupos escolares, nuestros programas personalizados incluyen: [\/vc_column_text][\/vc_column][\/vc_row][vc_row full_width=\u00bbstretch_row\u00bb css=\u00bb.vc_custom_1717756909124{padding-bottom: 90px !important;background-color: #e6e1d6 !important;}\u00bb][vc_column width=\u00bb1\/4&#8243;][vc_empty_space height=\u00bb15px\u00bb][vc_icon icon_fontawesome=\u00bbfas fa-hotel\u00bb color=\u00bbcustom\u00bb size=\u00bblg\u00bb align=\u00bbcenter\u00bb custom_color=\u00bb#652582&#8243;][vc_empty_space height=\u00bb15px\u00bb][vc_column_text] Alojamiento Alojamiento con pensi\u00f3n&hellip;&nbsp;<a href=\"https:\/\/www.samiad.com\/es\/experiencias-durante-todo-el-ano\/\" rel=\"bookmark\">Leer m\u00e1s &raquo;<span class=\"screen-reader-text\">Experiencias durante todo el a\u00f1o<\/span><\/a><\/p>\n","protected":false},"author":4,"featured_media":0,"parent":0,"menu_order":0,"comment_status":"closed","ping_status":"closed","template":"","meta":{"_acf_changed":false,"neve_meta_sidebar":"","neve_meta_container":"","neve_meta_enable_content_width":"off","neve_meta_content_width":100,"neve_meta_title_alignment":"","neve_meta_author_avatar":"","neve_post_elements_order":"","neve_meta_disable_header":"","neve_meta_disable_footer":"","neve_meta_disable_title":"","neve_meta_reading_time":"","footnotes":""},"class_list":["post-8319","page","type-page","status-publish","hentry"],"acf":[],"_links":{"self":[{"href":"https:\/\/www.samiad.com\/es\/wp-json\/wp\/v2\/pages\/8319","targetHints":{"allow":["GET"]}}],"collection":[{"href":"https:\/\/www.samiad.com\/es\/wp-json\/wp\/v2\/pages"}],"about":[{"href":"https:\/\/www.samiad.com\/es\/wp-json\/wp\/v2\/types\/page"}],"author":[{"embeddable":true,"href":"https:\/\/www.samiad.com\/es\/wp-json\/wp\/v2\/users\/4"}],"replies":[{"embeddable":true,"href":"https:\/\/www.samiad.com\/es\/wp-json\/wp\/v2\/comments?post=8319"}],"version-history":[{"count":0,"href":"https:\/\/www.samiad.com\/es\/wp-json\/wp\/v2\/pages\/8319\/revisions"}],"wp:attachment":[{"href":"https:\/\/www.samiad.com\/es\/wp-json\/wp\/v2\/media?parent=8319"}],"curies":[{"name":"wp","href":"https:\/\/api.w.org\/{rel}","templated":true}]}}