{"id":8323,"date":"2024-06-06T12:45:29","date_gmt":"2024-06-06T12:45:29","guid":{"rendered":"https:\/\/www.samiad.com\/pre-arrival\/"},"modified":"2026-01-09T10:32:35","modified_gmt":"2026-01-09T10:32:35","slug":"antes-de-la-llegada","status":"publish","type":"page","link":"https:\/\/www.samiad.com\/es\/antes-de-la-llegada\/","title":{"rendered":"Antes de la llegada"},"content":{"rendered":"<div class=\"wpb-content-wrapper\"><p>[vc_row][vc_column]\n\t\t\t<!-- START prearrival REVOLUTION SLIDER 6.6.18 --><p class=\"rs-p-wp-fix\"><\/p>\n\t\t\t<rs-module-wrap id=\"rev_slider_52_1_wrapper\" data-source=\"gallery\" style=\"visibility:hidden;background:transparent;padding:0;margin:0px auto;margin-top:0;margin-bottom:0;\">\n\t\t\t\t<rs-module id=\"rev_slider_52_1\" style=\"\" data-version=\"6.6.18\">\n\t\t\t\t\t<rs-slides style=\"overflow: hidden; position: absolute;\">\n\t\t\t\t\t\t<rs-slide style=\"position: absolute;\" data-key=\"rs-157\" data-title=\"Slide\" data-anim=\"e:slidingoverlay;ms:2000;\" data-in=\"o:1;x:-100%;\" data-out=\"a:false;\">\n\t\t\t\t\t\t\t<img decoding=\"async\" src=\"\/\/www.samiad.com\/wp-content\/plugins\/revslider\/public\/assets\/assets\/dummy.png\" alt=\"\" title=\"banner_0003_Build-confidence-etc\" width=\"1920\" height=\"800\" class=\"rev-slidebg tp-rs-img rs-lazyload\" data-lazyload=\"\/\/samiad.com\/wp-content\/uploads\/2023\/02\/banner_0003_Build-confidence-etc.png\" data-no-retina>\n<!--\n\t\t\t\t\t\t\t--><h1\n\t\t\t\t\t\t\t\tid=\"slider-52-slide-157-layer-0\" \n\t\t\t\t\t\t\t\tclass=\"rs-layer\"\n\t\t\t\t\t\t\t\tdata-type=\"text\"\n\t\t\t\t\t\t\t\tdata-rsp_ch=\"on\"\n\t\t\t\t\t\t\t\tdata-xy=\"x:c;xo:-244px,-244px,-244px,0;y:m;yo:161px,161px,161px,171px;\"\n\t\t\t\t\t\t\t\tdata-text=\"w:normal;s:51,51,51,39;l:70,70,70,41;a:left,left,left,center;\"\n\t\t\t\t\t\t\t\tdata-dim=\"w:830px,830px,830px,417px;h:146px,146px,146px,auto;\"\n\t\t\t\t\t\t\t\tdata-frame_0=\"x:0,0,0,0px;y:0,0,0,0px;o:1;\"\n\t\t\t\t\t\t\t\tdata-frame_0_chars=\"d:5;x:0,0,0,0px;y:0,0,0,0px;o:0;rX:-90deg;oZ:-50;\"\n\t\t\t\t\t\t\t\tdata-frame_1=\"x:1px,1px,1px,0px;y:-1px,-1px,-1px,0px;e:default;sp:1750;\"\n\t\t\t\t\t\t\t\tdata-frame_1_chars=\"e:power4.inOut;d:10;x:0,0,0,0px;y:0,0,0,0px;oZ:-50;\"\n\t\t\t\t\t\t\t\tdata-frame_999=\"x:-50,-50,-50,-10px;o:0;st:9800;sp:2500;sR:4750;\"\n\t\t\t\t\t\t\t\tdata-tloop=\"t:frame_1;\"\n\t\t\t\t\t\t\t\tstyle=\"z-index:7;font-family:'Playfair Display';text-transform:uppercase;\"\n\t\t\t\t\t\t\t>SUMMER SCHOOL PRE ARRIVAL INFORMATION \n\t\t\t\t\t\t\t<\/h1><!--\n\n\t\t\t\t\t\t\t--><a\n\t\t\t\t\t\t\t\tid=\"slider-52-slide-157-layer-1\" \n\t\t\t\t\t\t\t\tclass=\"rs-layer rev-btn\"\n\t\t\t\t\t\t\t\thref=\"https:\/\/www.samiad.com\/wp-content\/uploads\/2025\/05\/Samiad-Pre-Arrival-and-Student-Handbook-2025.pdf\" target=\"_blank\" rel=\"noopener\"\n\t\t\t\t\t\t\t\tdata-type=\"button\"\n\t\t\t\t\t\t\t\tdata-rsp_ch=\"on\"\n\t\t\t\t\t\t\t\tdata-xy=\"x:l,l,l,c;xo:305px,305px,305px,0;yo:648px,648px,648px,612px;\"\n\t\t\t\t\t\t\t\tdata-text=\"w:normal;s:17,17,17,13;l:40,40,40,29;fw:500;\"\n\t\t\t\t\t\t\t\tdata-dim=\"minh:0px,0px,0px,none;\"\n\t\t\t\t\t\t\t\tdata-padding=\"r:25,25,25,20;l:25,25,25,20;\"\n\t\t\t\t\t\t\t\tdata-border=\"bos:solid;boc:#ffffff;bow:1px,1px,1px,1px;\"\n\t\t\t\t\t\t\t\tdata-frame_0=\"y:50,50,50,11;\"\n\t\t\t\t\t\t\t\tdata-frame_1=\"st:990;sp:1000;sR:990;\"\n\t\t\t\t\t\t\t\tdata-frame_999=\"o:0;st:w;sR:8010;\"\n\t\t\t\t\t\t\t\tdata-frame_hover=\"bgc:rgba(0,0,0,0);boc:rgba(255,255,255,0.75);bor:0px,0px,0px,0px;bos:solid;bow:1px,1px,1px,1px;e:power1.inOut;\"\n\t\t\t\t\t\t\t\tstyle=\"z-index:9;background-color:rgba(0,0,0,0);font-family:'Roboto';\"\n\t\t\t\t\t\t\t>DOWNLOAD STUDENT HANDBOOK \n\t\t\t\t\t\t\t<\/a><!--\n\n\t\t\t\t\t\t\t--><rs-layer\n\t\t\t\t\t\t\t\tid=\"slider-52-slide-157-layer-3\" \n\t\t\t\t\t\t\t\tdata-type=\"shape\"\n\t\t\t\t\t\t\t\tdata-rsp_ch=\"on\"\n\t\t\t\t\t\t\t\tdata-xy=\"xo:274px,274px,274px,-72px;yo:498px,498px,498px,89px;\"\n\t\t\t\t\t\t\t\tdata-text=\"w:normal;s:20,20,20,4;l:0,0,0,6;\"\n\t\t\t\t\t\t\t\tdata-dim=\"w:1px;h:200px,200px,200px,49px;\"\n\t\t\t\t\t\t\t\tdata-frame_0=\"y:-50,-50,-50,-11;\"\n\t\t\t\t\t\t\t\tdata-frame_1=\"sp:1000;\"\n\t\t\t\t\t\t\t\tdata-frame_999=\"o:0;st:w;sR:9000;\"\n\t\t\t\t\t\t\t\tstyle=\"z-index:8;background-color:#ffffff;\"\n\t\t\t\t\t\t\t> \n\t\t\t\t\t\t\t<\/rs-layer><!--\n\n\t\t\t\t\t\t\t--><rs-layer\n\t\t\t\t\t\t\t\tid=\"slider-52-slide-157-layer-4\" \n\t\t\t\t\t\t\t\tdata-type=\"shape\"\n\t\t\t\t\t\t\t\tdata-rsp_ch=\"on\"\n\t\t\t\t\t\t\t\tdata-xy=\"x:c;xo:38px,38px,38px,9px;y:m;yo:-160px,-160px,-160px,-39px;\"\n\t\t\t\t\t\t\t\tdata-text=\"w:normal;s:20,20,20,4;l:0,0,0,6;\"\n\t\t\t\t\t\t\t\tdata-dim=\"w:2880px,2880px,2880px,936px;h:1200px,1200px,1200px,905px;\"\n\t\t\t\t\t\t\t\tdata-vbility=\"f,f,f,f\"\n\t\t\t\t\t\t\t\tdata-frame_0=\"y:50,50,50,11;\"\n\t\t\t\t\t\t\t\tdata-frame_1=\"sp:1000;\"\n\t\t\t\t\t\t\t\tdata-frame_999=\"o:0;st:w;sR:9000;\"\n\t\t\t\t\t\t\t\tstyle=\"z-index:6;background-color:rgba(0,0,0,0.5);\"\n\t\t\t\t\t\t\t> \n\t\t\t\t\t\t\t<\/rs-layer><!--\n-->\t\t\t\t\t\t<\/rs-slide>\n\t\t\t\t\t<\/rs-slides>\n\t\t\t\t<\/rs-module>\n\t\t\t\t<script>\n\t\t\t\t\tsetREVStartSize({c: 'rev_slider_52_1',rl:[1240,1240,1240,480],el:[800,800,800,720],gw:[1920,1920,1920,480],gh:[800,800,800,720],type:'standard',justify:'',layout:'fullwidth',mh:\"0\"});if (window.RS_MODULES!==undefined && window.RS_MODULES.modules!==undefined && window.RS_MODULES.modules[\"revslider521\"]!==undefined) {window.RS_MODULES.modules[\"revslider521\"].once = false;window.revapi52 = undefined;if (window.RS_MODULES.checkMinimal!==undefined) window.RS_MODULES.checkMinimal()}\n\t\t\t\t<\/script>\n\t\t\t<\/rs-module-wrap>\n\t\t\t<!-- END REVOLUTION SLIDER -->\n[\/vc_column][\/vc_row][vc_row][vc_column][vc_empty_space height=\u00bb15px\u00bb][vc_row_inner content_placement=\u00bbmiddle\u00bb gap=\u00bb35&#8243;][vc_column_inner width=\u00bb1\/2&#8243;][vc_single_image image=\u00bb7794&#8243; img_size=\u00bbfull\u00bb alignment=\u00bbcenter\u00bb onclick=\u00bbcustom_link\u00bb img_link_target=\u00bb_blank\u00bb css_animation=\u00bbslideInLeft\u00bb link=\u00bbhttps:\/\/www.samiad.com\/wp-content\/uploads\/2025\/05\/Samiad-Pre-Arrival-and-Student-Handbook-2025.pdf\u00bb][\/vc_column_inner][vc_column_inner width=\u00bb1\/2&#8243; css=\u00bb.vc_custom_1677239832236{padding-top: 50px !important;}\u00bb][vc_column_text]<\/p>\n<h2>Aventura en el campamento de verano de Samiad<\/h2>\n<p>\u00a1Tu viaje al campamento de verano de Samiad se acerca cada d\u00eda m\u00e1s! Lo entendemos, probablemente tengas un mont\u00f3n de preguntas y sientas curiosidad por lo que te espera. No te preocupes, hemos creado esta p\u00e1gina para darte todos los detalles y ayudarte a prepararte.  <\/p>\n<p>Lo primero es lo primero, aqu\u00ed tienes un enlace a nuestra gu\u00eda previa a la llegada. Es muy \u00fatil tanto para los estudiantes como para los padres. \u00c9chale un buen vistazo para asegurarte de que tienes todo lo que necesitas para tu pr\u00f3xima aventura.[\/vc_column_text][vc_btn title=\u00bbDescarga el manual del estudiante\u00bb style=\u00bbcustom\u00bb custom_background=\u00bb#ad986e\u00bb custom_text=\u00bb#ffffff\u00bb shape=\u00bbsquare\u00bb align=\u00bbleft\u00bb link=\u00bburl:https%3A%2F%2Fwww.samiad.com%2Fwp-content%2Fuploads%2F2025%2F05%2FSamiad-Pre-Arrival-and-Student-Handbook-2025.pdf|title:Descargar|target:_blank|\u00bb css=\u00bb.vc_custom_1748534079164{padding-top: 30px !important;}\u00bb][\/vc_column_inner][\/vc_row_inner][\/vc_column][\/vc_row][vc_row][vc_column][vc_empty_space height=\u00bb30px\u00bb][\/vc_column][\/vc_row][vc_row][vc_column][vc_column_text css=\u00bb.vc_custom_1686213095858{padding-top: 25px !important;padding-bottom: 25px !important;}\u00bb]<\/p>\n<h2 style=\"text-align: center;\">V\u00eddeos previos a la llegada<\/h2>\n<p>[\/vc_column_text][vc_column_text css=\u00bb.vc_custom_1697198838301{padding-top: 25px !important;padding-bottom: 25px !important;}\u00bb]<\/p>\n<p style=\"text-align: center;\">Por \u00faltimo, hemos preparado algunos v\u00eddeos que responden a las preguntas m\u00e1s frecuentes y que te ayudar\u00e1n a prepararte para tu aventura en el campamento de verano. Si todav\u00eda no est\u00e1s seguro de algo antes de tu llegada, ponte en contacto con nosotros a trav\u00e9s de tu representante de Samiad o utilizando la p\u00e1gina de &#8216;contacto&#8217; de nuestra p\u00e1gina web. <\/p>\n<p style=\"text-align: center;\">\u00a1Estamos deseando darte la bienvenida pronto!<\/p>\n<p>[\/vc_column_text][\/vc_column][\/vc_row][vc_row gap=\u00bb30&#8243;][vc_column width=\u00bb1\/3&#8243;][vc_column_text]<iframe title=\"Reproductor de v\u00eddeo de YouTube\" src=\"https:\/\/www.youtube.com\/embed\/sCEwHysIXD0\" width=\"560\" height=\"315\" frameborder=\"0\" allowfullscreen=\"allowfullscreen\"><\/iframe>[\/vc_column_text][\/vc_column][vc_column width=\u00bb1\/3&#8243;][vc_column_text]<iframe title=\"Reproductor de v\u00eddeo de YouTube\" src=\"https:\/\/www.youtube.com\/embed\/RYKXTnWo8Mg\" width=\"560\" height=\"315\" frameborder=\"0\" allowfullscreen=\"allowfullscreen\"><\/iframe>[\/vc_column_text][\/vc_column][vc_column width=\u00bb1\/3&#8243;][vc_column_text]<iframe title=\"Reproductor de v\u00eddeo de YouTube\" src=\"https:\/\/www.youtube.com\/embed\/rfweGnQz4Sk\" width=\"560\" height=\"315\" frameborder=\"0\" allowfullscreen=\"allowfullscreen\"><\/iframe>[\/vc_column_text][\/vc_column][\/vc_row][vc_row gap=\u00bb30&#8243;][vc_column width=\u00bb1\/3&#8243;][vc_column_text]<iframe title=\"Reproductor de v\u00eddeo de YouTube\" src=\"https:\/\/www.youtube.com\/embed\/hxQXI9dOZU8\" width=\"560\" height=\"315\" frameborder=\"0\" allowfullscreen=\"allowfullscreen\"><\/iframe>[\/vc_column_text][\/vc_column][vc_column width=\u00bb1\/3&#8243;][vc_column_text]<iframe title=\"Reproductor de v\u00eddeo de YouTube\" src=\"https:\/\/www.youtube.com\/embed\/itmTEnMg410\" width=\"560\" height=\"315\" frameborder=\"0\" allowfullscreen=\"allowfullscreen\"><\/iframe>[\/vc_column_text][\/vc_column][vc_column width=\u00bb1\/3&#8243;][vc_column_text]<iframe title=\"Reproductor de v\u00eddeo de YouTube\" src=\"https:\/\/www.youtube.com\/embed\/scXn6POj92A\" width=\"560\" height=\"315\" frameborder=\"0\" allowfullscreen=\"allowfullscreen\"><\/iframe>[\/vc_column_text][\/vc_column][\/vc_row][vc_row][vc_column][vc_empty_space height=\u00bb30px\u00bb][\/vc_column][\/vc_row][vc_row full_width=\u00bbstretch_row\u00bb css=\u00bb.vc_custom_1686233776102{padding-top: 100px !important;padding-bottom: 100px !important;background-color: #e6e1d6 !important;}\u00bb][vc_column][vc_empty_space height=\u00bb15px\u00bb][vc_column_text]<\/p>\n<h2 style=\"text-align: center;\">\u00a1Bienvenido al cuestionario de ingl\u00e9s previo a la llegada del campamento de verano de Samiad<br \/>\n!<\/h2>\n<p>[\/vc_column_text][vc_empty_space height=\u00bb15px\u00bb][vc_column_text]<\/p>\n<div class=\"TypographyPresentation TypographyPresentation--m RichText3-paragraph--withVSpacingNormal RichText3-paragraph\" style=\"text-align: center;\">\u00a1Estamos encantados de darte la bienvenida al campamento de verano de Samiad! Para asegurarnos de que te colocamos en la clase adecuada para tu nivel de ingl\u00e9s, te pedimos que completes este cuestionario en l\u00ednea r\u00e1pido y sencillo antes de tu llegada. No hay necesidad de preocuparse, este cuestionario es solo para ayudarnos a entender tu nivel actual de ingl\u00e9s. No se puede aprobar o suspender, y es importante que lo hagas sin ninguna ayuda para darnos una imagen precisa de tus habilidades.   <\/div>\n<div><\/div>\n<div>\n<div class=\"TypographyPresentation TypographyPresentation--m RichText3-paragraph--withVSpacingNormal RichText3-paragraph\" style=\"text-align: center;\">Aqu\u00ed tienes algunos puntos importantes que debes tener en cuenta:<\/div>\n<\/div>\n<p>[\/vc_column_text][vc_empty_space height=\u00bb15px\u00bb][\/vc_column][\/vc_row][vc_row][vc_column][vc_empty_space height=\u00bb30px\u00bb][\/vc_column][\/vc_row][vc_row][vc_column width=\u00bb1\/4&#8243;][vc_empty_space height=\u00bb15px\u00bb][vc_icon icon_fontawesome=\u00bbfas fa-sign-in-alt\u00bb color=\u00bbcustom\u00bb size=\u00bblg\u00bb align=\u00bbcenter\u00bb custom_color=\u00bb#652582&#8243;][vc_empty_space height=\u00bb15px\u00bb][vc_column_text]<\/p>\n<h3 style=\"text-align: center;\">Inicio de sesi\u00f3n<\/h3>\n<p style=\"text-align: center;\">Para acceder al cuestionario, tendr\u00e1s que utilizar tu n\u00famero de referencia de tus cartas de Samiad. Deber\u00eda tener este aspecto: <strong>2024??XXXXX<\/strong>. <\/p>\n<p>[\/vc_column_text][\/vc_column][vc_column width=\u00bb1\/4&#8243;][vc_empty_space height=\u00bb15px\u00bb][vc_icon icon_fontawesome=\u00bbfas fa-laptop\u00bb color=\u00bbcustom\u00bb size=\u00bblg\u00bb align=\u00bbcenter\u00bb custom_color=\u00bb#652582&#8243;][vc_empty_space height=\u00bb15px\u00bb][vc_column_text]<\/p>\n<h3 style=\"text-align: center;\">Requisitos del dispositivo<\/h3>\n<p style=\"text-align: center;\">El cuestionario es en l\u00ednea, por lo que necesitar\u00e1s un dispositivo que pueda conectarse a Internet. Puedes utilizar un tel\u00e9fono m\u00f3vil, un iPad o un ordenador. Si pierdes la conexi\u00f3n o necesitas reiniciar, puedes simplemente volver a empezar el cuestionario.  <\/p>\n<p>[\/vc_column_text][\/vc_column][vc_column width=\u00bb1\/4&#8243;][vc_empty_space height=\u00bb15px\u00bb][vc_icon icon_fontawesome=\u00bbfas fa-key\u00bb color=\u00bbcustom\u00bb size=\u00bblg\u00bb align=\u00bbcenter\u00bb custom_color=\u00bb#652582&#8243;][vc_empty_space height=\u00bb15px\u00bb][vc_column_text]<\/p>\n<h3 style=\"text-align: center;\">La honestidad es clave<\/h3>\n<p style=\"text-align: center;\">Es importante que completes el cuestionario por tu cuenta, sin ninguna ayuda. Aunque puedes hacer el cuestionario m\u00e1s de una vez, por favor, intenta hacerlo lo mejor posible la primera vez para asegurarnos de que obtenemos una evaluaci\u00f3n precisa de tu nivel de ingl\u00e9s. <\/p>\n<p>[\/vc_column_text][\/vc_column][vc_column width=\u00bb1\/4&#8243;][vc_empty_space height=\u00bb15px\u00bb][vc_icon icon_fontawesome=\u00bbfas fa-poll-h\u00bb color=\u00bbcustom\u00bb size=\u00bblg\u00bb align=\u00bbcenter\u00bb custom_color=\u00bb#652582&#8243;][vc_empty_space height=\u00bb15px\u00bb][vc_column_text]<\/p>\n<h3 style=\"text-align: center;\">Resultados<\/h3>\n<p style=\"text-align: center;\">No mostramos tus resultados al final del cuestionario. La puntuaci\u00f3n es solo para uso interno para asegurarnos de que te colocamos en una clase con estudiantes de edad y capacidad similares. <\/p>\n<p>[\/vc_column_text][\/vc_column][\/vc_row][vc_row][vc_column][vc_empty_space height=\u00bb30px\u00bb][\/vc_column][\/vc_row][vc_row css=\u00bb.vc_custom_1686213030287{padding-top: 0px !important;padding-bottom: 50px !important;}\u00bb][vc_column][vc_empty_space height=\u00bb30px\u00bb][vc_column_text]<\/p>\n<h2 style=\"text-align: center;\">\u00a1Haz el cuestionario!<\/h2>\n<p>[\/vc_column_text][vc_empty_space height=\u00bb15px\u00bb][\/vc_column][\/vc_row][vc_row css=\u00bb.vc_custom_1750427824881{padding-top: 0px !important;padding-bottom: 30px !important;}\u00bb][vc_column][vc_single_image image=\u00bb2041&#8243; img_size=\u00bbfull\u00bb alignment=\u00bbcenter\u00bb style=\u00bbvc_box_shadow_3d\u00bb onclick=\u00bbcustom_link\u00bb img_link_target=\u00bb_blank\u00bb link=\u00bbhttps:\/\/samiad.com\/folder\/directory\/story.html\u00bb][vc_empty_space height=\u00bb15px\u00bb][\/vc_column][\/vc_row][vc_row css=\u00bb.vc_custom_1717590916202{padding-bottom: 30px !important;}\u00bb][vc_column][vc_empty_space height=\u00bb30px\u00bb][vc_column_text]<\/p>\n<h2 style=\"text-align: center;\">\u00a1Gracias por tu cooperaci\u00f3n!<\/h2>\n<p>[\/vc_column_text][vc_column_text]<\/p>\n<div class=\"TypographyPresentation TypographyPresentation--m RichText3-paragraph--withVSpacingNormal RichText3-paragraph\" style=\"text-align: center;\">\u00a1Estamos deseando verte pronto y esperamos que lo pases de maravilla en el campamento de verano de Samiad!<\/div>\n<p>[\/vc_column_text][vc_empty_space height=\u00bb80px\u00bb][\/vc_column][\/vc_row]<\/p>\n<\/div>","protected":false},"excerpt":{"rendered":"<p>[vc_row][vc_column][\/vc_column][\/vc_row][vc_row][vc_column][vc_empty_space height=\u00bb15px\u00bb][vc_row_inner content_placement=\u00bbmiddle\u00bb gap=\u00bb35&#8243;][vc_column_inner width=\u00bb1\/2&#8243;][vc_single_image image=\u00bb7794&#8243; img_size=\u00bbfull\u00bb alignment=\u00bbcenter\u00bb onclick=\u00bbcustom_link\u00bb img_link_target=\u00bb_blank\u00bb css_animation=\u00bbslideInLeft\u00bb link=\u00bbhttps:\/\/www.samiad.com\/wp-content\/uploads\/2025\/05\/Samiad-Pre-Arrival-and-Student-Handbook-2025.pdf\u00bb][\/vc_column_inner][vc_column_inner width=\u00bb1\/2&#8243; css=\u00bb.vc_custom_1677239832236{padding-top: 50px !important;}\u00bb][vc_column_text] Aventura en el campamento de verano de Samiad \u00a1Tu viaje al campamento de verano de Samiad se acerca cada d\u00eda m\u00e1s! Lo entendemos, probablemente tengas un mont\u00f3n de preguntas y sientas curiosidad por lo que te espera. No te&hellip;&nbsp;<a href=\"https:\/\/www.samiad.com\/es\/antes-de-la-llegada\/\" rel=\"bookmark\">Leer m\u00e1s &raquo;<span class=\"screen-reader-text\">Antes de la llegada<\/span><\/a><\/p>\n","protected":false},"author":4,"featured_media":0,"parent":0,"menu_order":0,"comment_status":"closed","ping_status":"closed","template":"","meta":{"_acf_changed":false,"neve_meta_sidebar":"","neve_meta_container":"","neve_meta_enable_content_width":"off","neve_meta_content_width":100,"neve_meta_title_alignment":"","neve_meta_author_avatar":"","neve_post_elements_order":"","neve_meta_disable_header":"","neve_meta_disable_footer":"","neve_meta_disable_title":"","neve_meta_reading_time":"","footnotes":""},"class_list":["post-8323","page","type-page","status-publish","hentry"],"acf":[],"_links":{"self":[{"href":"https:\/\/www.samiad.com\/es\/wp-json\/wp\/v2\/pages\/8323","targetHints":{"allow":["GET"]}}],"collection":[{"href":"https:\/\/www.samiad.com\/es\/wp-json\/wp\/v2\/pages"}],"about":[{"href":"https:\/\/www.samiad.com\/es\/wp-json\/wp\/v2\/types\/page"}],"author":[{"embeddable":true,"href":"https:\/\/www.samiad.com\/es\/wp-json\/wp\/v2\/users\/4"}],"replies":[{"embeddable":true,"href":"https:\/\/www.samiad.com\/es\/wp-json\/wp\/v2\/comments?post=8323"}],"version-history":[{"count":0,"href":"https:\/\/www.samiad.com\/es\/wp-json\/wp\/v2\/pages\/8323\/revisions"}],"wp:attachment":[{"href":"https:\/\/www.samiad.com\/es\/wp-json\/wp\/v2\/media?parent=8323"}],"curies":[{"name":"wp","href":"https:\/\/api.w.org\/{rel}","templated":true}]}}