{"id":8407,"date":"2025-03-12T15:13:13","date_gmt":"2025-03-12T15:13:13","guid":{"rendered":"https:\/\/www.samiad.com\/programmes\/samiad-signature-programme\/"},"modified":"2026-01-09T12:17:10","modified_gmt":"2026-01-09T12:17:10","slug":"samiad-signature-programme","status":"publish","type":"page","link":"https:\/\/www.samiad.com\/es\/programas\/samiad-signature-programme\/","title":{"rendered":"Programa exclusivo de Samiad"},"content":{"rendered":"<div class=\"wpb-content-wrapper\"><p>[vc_row][vc_column]\t\t\t<rs-module-wrap id=\"rev_slider_error_1_wrapper\">\n\t\t\t\t<rs-module id=\"rev_slider_error_1\">\n\t\t\t\t\t<div class=\"rs_error_message_box\">\n\t\t\t\t\t\t<div class=\"rs_error_message_oops\">There is nothing to show here!<\/div>\n\t\t\t\t\t\t<div class=\"rs_error_message_content\">Slider with alias signature-programme-es not found.<\/div>\n\t\t\t\t\t<\/div>\n\t\t\t\t<\/rs-module>\n\t\t\t<\/rs-module-wrap>\n\t\t\t<script>\n\t\t\t\tvar rs_eslider = document.getElementById(\"rev_slider_error_1\");\n\t\t\t\trs_eslider.style.display = \"none\";\n\t\t\t\tconsole.log(\"Slider with alias signature-programme-es not found.\");\n\t\t\t<\/script>\n[\/vc_column][\/vc_row][vc_row gap=\u00bb35&#8243; css=\u00bb.vc_custom_1677503075899{padding-top: 50px !important;}\u00bb el_id=\u00bbmultiactividad\u00bb][vc_column width=\u00bb1\/2&#8243;][vc_column_text]<\/p>\n<h2>Ubicaci\u00f3n<\/h2>\n<ul>\n<li>Eton College<\/li>\n<\/ul>\n<h2>Fechas<\/h2>\n<ul>\n<li>Del 1 al 15 de julio de 2025<\/li>\n<\/ul>\n<h2>Edades<\/h2>\n<ul>\n<li>12 \u2013 17 a\u00f1os<\/li>\n<\/ul>\n<p>[\/vc_column_text][\/vc_column][vc_column width=\u00bb1\/2&#8243;][vc_column_text]<\/p>\n<h2 class=\"secondary-h1\">Programa exclusivo de Samiad<\/h2>\n<h2>Resumen<\/h2>\n<p>Presentamos nuestro nuevo y exclusivo programa Samiad Signature, que se celebra en el prestigioso Eton College.<\/p>\n<p>Dise\u00f1ado para j\u00f3venes estudiantes ambiciosos, el programa Samiad Signature combina actividades de \u00e9lite, excursiones inspiradoras y un aprendizaje inmersivo del idioma ingl\u00e9s. Los estudiantes desarrollar\u00e1n habilidades de confianza, liderazgo y trabajo en equipo a trav\u00e9s de un programa cuidadosamente dise\u00f1ado que incluye deportes, artes creativas, desaf\u00edos al aire libre y experiencias culturales.<\/p>\n<p>Incluye visitas a los estudios de Harry Potter y a un espect\u00e1culo del West End, as\u00ed como experiencias brit\u00e1nicas cl\u00e1sicas, visitando la ciudad de Oxford y el Castillo de Windsor.<\/p>\n<p>Con un enfoque en la excelencia, este programa \u00fanico garantiza una experiencia de verano inolvidable, donde los estudiantes hacen amistades para toda la vida, desbloquean todo su potencial y crean recuerdos inolvidables en el internado m\u00e1s deseado de Europa.<\/p>\n<h2>Aspectos Destacados<\/h2>\n<p>[\/vc_column_text][vc_row_inner][vc_column_inner width=\u00bb1\/2&#8243;][vc_column_text]<\/p>\n<ul>\n<li>Alojamiento residencial<\/li>\n<li>Pensi\u00f3n completa<\/li>\n<li>15 horas de clases de ingl\u00e9s por semana<\/li>\n<li>Programa completo de actividades<\/li>\n<\/ul>\n<p>[\/vc_column_text][\/vc_column_inner][vc_column_inner width=\u00bb1\/2&#8243;][vc_column_text]<\/p>\n<ul>\n<li>Supervisi\u00f3n las 24 horas<\/li>\n<li>3 excursiones por semana<\/li>\n<li>Proporci\u00f3n de personal por estudiante de 1:6<\/li>\n<li>Tama\u00f1o medio de las clases de 15 alumnos<\/li>\n<\/ul>\n<p>[\/vc_column_text][\/vc_column_inner][\/vc_row_inner][\/vc_column][\/vc_row][vc_row css=\u00bb.vc_custom_1677508408073{padding-top: 50px !important;padding-bottom: 50px !important;}\u00bb][vc_column][vc_btn title=\u00bbPreguntar ahora\u00bb style=\u00bbcustom\u00bb custom_background=\u00bb#ad986e\u00bb custom_text=\u00bb#ffffff\u00bb shape=\u00bbsquare\u00bb align=\u00bbcenter\u00bb el_id=\u00bbbutton-main\u00bb link=\u00bburl:https%3A%2F%2Fwww.samiad.com%2Fes%2Fenquire-now%2F|title:Preguntar%20ahora|\u00bb][\/vc_column][\/vc_row][vc_row gap=\u00bb35&#8243; css=\u00bb.vc_custom_1677503087496{border-bottom-width: 50px !important;padding-top: 50px !important;}\u00bb el_id=\u00bbblock-area\u00bb][vc_column width=\u00bb1\/2&#8243;][vc_column_text css=\u00bb.vc_custom_1743166865141{padding-top: 30px !important;padding-right: 30px !important;padding-bottom: 30px !important;padding-left: 30px !important;background-color: #ffffff !important;}\u00bb el_class=\u00bbwhite-box\u00bb]<\/p>\n<h2>\u00a1Un equilibrio perfecto!<\/h2>\n<p>Entre el aula, los campos deportivos y los espacios sociales, nuestros estudiantes encontrar\u00e1n nuevos amigos de todo el mundo. Los estudiantes se colocan de acuerdo con su edad y nivel de habilidad y una mezcla cuidadosamente seleccionada de nacionalidades, los estudiantes construir\u00e1n amistades para toda la vida en un entorno internacional inspirador.<\/p>\n<p>El programa ofrece la oportunidad de seguir los pasos de muchos miembros de la Familia Real, ganadores del Premio Nobel y Primeros Ministros, que han estudiado en los venerables salones de Eton College.[\/vc_column_text][vc_single_image image=\u00bb3763&#8243; img_size=\u00bbfull\u00bb el_id=\u00bbwhite-box-image\u00bb][\/vc_column][vc_column width=\u00bb1\/2&#8243;][vc_single_image image=\u00bb3764&#8243; img_size=\u00bbfull\u00bb alignment=\u00bbright\u00bb el_id=\u00bbwhite-box-image-right\u00bb][vc_column_text css=\u00bb.vc_custom_1741790093252{padding-top: 30px !important;padding-right: 30px !important;padding-bottom: 30px !important;padding-left: 30px !important;background-color: #ffffff !important;}\u00bb el_class=\u00bbwhite-box-right\u00bb]<\/p>\n<h2>Clases de ingl\u00e9s<\/h2>\n<p><span style=\"font-weight: 400;\">Impartida por educadores nativos de habla inglesa expertos, cada lecci\u00f3n est\u00e1 dise\u00f1ada para acelerar la fluidez a trav\u00e9s de proyectos interactivos.<\/span><\/p>\n<h2>Para todas las edades<\/h2>\n<p><span style=\"font-weight: 400;\">Dise\u00f1ado para estudiantes de 12 a 17 a\u00f1os, el programa re\u00fane una mezcla de edades, fomentando el aprendizaje entre compa\u00f1eros, el intercambio cultural y las experiencias compartidas que crear\u00e1n recuerdos incre\u00edbles para toda la vida.<\/span>[\/vc_column_text][\/vc_column][\/vc_row][vc_row full_width=\u00bbstretch_row\u00bb css=\u00bb.vc_custom_1677509492784{padding-top: 100px !important;padding-bottom: 100px !important;background-color: #e6e1d6 !important;}\u00bb][vc_column][vc_row_inner content_placement=\u00bbmiddle\u00bb gap=\u00bb35&#8243;][vc_column_inner width=\u00bb1\/2&#8243;][vc_single_image image=\u00bb3767&#8243; img_size=\u00bbfull\u00bb alignment=\u00bbcenter\u00bb css_animation=\u00bbslideInLeft\u00bb][\/vc_column_inner][vc_column_inner width=\u00bb1\/2&#8243;][vc_column_text]<\/p>\n<h2>DISFRUTA DE LAS VISTAS<\/h2>\n<p><span style=\"font-weight: 400;\">Samiad es m\u00e1s conocido por las exclusivas excursiones que ofrecemos como parte de nuestros programas. Hemos elegido cuidadosamente las excursiones para ofrecer una mezcla de historia, cultura y entretenimiento. Haga un recorrido en barco por Oxford, explore los lugares m\u00e1s famosos de Londres y disfrute de la magia absoluta del Mundo de Harry Potter. <\/span><\/p>\n<p><span style=\"font-weight: 400;\">Solo hay 80 plazas para este programa, as\u00ed que p\u00f3ngase en contacto con nosotros hoy mismo y hable con nosotros sobre c\u00f3mo asegurar su plaza.<\/span>[\/vc_column_text][\/vc_column_inner][\/vc_row_inner][\/vc_column][\/vc_row][vc_row full_width=\u00bbstretch_row\u00bb gap=\u00bb35&#8243; css=\u00bb.vc_custom_1678269198217{padding-top: 50px !important;padding-bottom: 50px !important;background-color: #ebebeb !important;}\u00bb][vc_column el_id=\u00bbno-padding\u00bb][vc_column_text css=\u00bb.vc_custom_1678269135934{padding-top: 30px !important;padding-bottom: 30px !important;}\u00bb]<\/p>\n<h2 style=\"text-align: center;\">Ubicaciones<\/h2>\n<p>[\/vc_column_text][vc_row_inner gap=\u00bb35&#8243;][vc_column_inner width=\u00bb1\/4&#8243; css=\u00bb.vc_custom_1727698382721{background-color: #ebebeb !important;}\u00bb][\/vc_column_inner][vc_column_inner width=\u00bb1\/2&#8243; css=\u00bb.vc_custom_1727698436307{background-color: #ffffff !important;}\u00bb][vc_single_image image=\u00bb3761&#8243; img_size=\u00bb900&#215;600&#8243; alignment=\u00bbcenter\u00bb][vc_column_text css=\u00bb.vc_custom_1742906130553{padding-top: 20px !important;padding-right: 20px !important;padding-bottom: 20px !important;padding-left: 20px !important;}\u00bb]<\/p>\n<p style=\"text-align: center;\">WINDSOR<\/p>\n<h2 style=\"text-align: center;\">ETON COLLEGE<\/h2>\n<p style=\"text-align: center;\">Martes 1 de julio \u2013 Martes 15 de julio<\/p>\n<p style=\"text-align: center;\"><strong>4.600 \u00a3 por 14 noches<\/strong><\/p>\n<p style=\"text-align: center;\"><a href=\"https:\/\/samiad.com\/enquire-now\/\" target=\"_blank\" rel=\"noopener\">Preguntar ahora<\/a><\/p>\n<p style=\"text-align: center;\"><a href=\"https:\/\/samiad.com\/eton-college\/\" target=\"_blank\" rel=\"noopener\">Descubra m\u00e1s<\/a><\/p>\n<p>[\/vc_column_text][\/vc_column_inner][vc_column_inner width=\u00bb1\/4&#8243; css=\u00bb.vc_custom_1727698397976{background-color: #ebebeb !important;}\u00bb][\/vc_column_inner][\/vc_row_inner][\/vc_column][\/vc_row]<\/p>\n<\/div>","protected":false},"excerpt":{"rendered":"<p>Con un enfoque en la excelencia, este programa \u00fanico garantiza una experiencia de verano inolvidable en el internado m\u00e1s deseado de Europa.<\/p>\n","protected":false},"author":4,"featured_media":7089,"parent":8198,"menu_order":0,"comment_status":"closed","ping_status":"closed","template":"","meta":{"_acf_changed":false,"neve_meta_sidebar":"","neve_meta_container":"","neve_meta_enable_content_width":"off","neve_meta_content_width":100,"neve_meta_title_alignment":"","neve_meta_author_avatar":"","neve_post_elements_order":"","neve_meta_disable_header":"","neve_meta_disable_footer":"","neve_meta_disable_title":"","neve_meta_reading_time":"","footnotes":""},"class_list":["post-8407","page","type-page","status-publish","has-post-thumbnail","hentry"],"acf":[],"_links":{"self":[{"href":"https:\/\/www.samiad.com\/es\/wp-json\/wp\/v2\/pages\/8407","targetHints":{"allow":["GET"]}}],"collection":[{"href":"https:\/\/www.samiad.com\/es\/wp-json\/wp\/v2\/pages"}],"about":[{"href":"https:\/\/www.samiad.com\/es\/wp-json\/wp\/v2\/types\/page"}],"author":[{"embeddable":true,"href":"https:\/\/www.samiad.com\/es\/wp-json\/wp\/v2\/users\/4"}],"replies":[{"embeddable":true,"href":"https:\/\/www.samiad.com\/es\/wp-json\/wp\/v2\/comments?post=8407"}],"version-history":[{"count":0,"href":"https:\/\/www.samiad.com\/es\/wp-json\/wp\/v2\/pages\/8407\/revisions"}],"up":[{"embeddable":true,"href":"https:\/\/www.samiad.com\/es\/wp-json\/wp\/v2\/pages\/8198"}],"wp:featuredmedia":[{"embeddable":true,"href":"https:\/\/www.samiad.com\/es\/wp-json\/wp\/v2\/media\/7089"}],"wp:attachment":[{"href":"https:\/\/www.samiad.com\/es\/wp-json\/wp\/v2\/media?parent=8407"}],"curies":[{"name":"wp","href":"https:\/\/api.w.org\/{rel}","templated":true}]}}