{"id":8410,"date":"2024-11-20T09:00:20","date_gmt":"2024-11-20T09:00:20","guid":{"rendered":"https:\/\/www.samiad.com\/programmes\/tennis\/"},"modified":"2026-04-14T15:38:14","modified_gmt":"2026-04-14T15:38:14","slug":"tennis","status":"publish","type":"page","link":"https:\/\/www.samiad.com\/es\/programas\/tennis\/","title":{"rendered":"Tenis"},"content":{"rendered":"<div class=\"wpb-content-wrapper\"><p>[vc_row][vc_column]\n\t\t\t<!-- START tennis REVOLUTION SLIDER 6.6.18 --><p class=\"rs-p-wp-fix\"><\/p>\n\t\t\t<rs-module-wrap id=\"rev_slider_9_1_wrapper\" data-source=\"gallery\" style=\"visibility:hidden;background:transparent;padding:0;margin:0px auto;margin-top:0;margin-bottom:0;\">\n\t\t\t\t<rs-module id=\"rev_slider_9_1\" style=\"\" data-version=\"6.6.18\">\n\t\t\t\t\t<rs-slides style=\"overflow: hidden; position: absolute;\">\n\t\t\t\t\t\t<rs-slide style=\"position: absolute;\" data-key=\"rs-24\" data-title=\"Slide\" data-in=\"o:0;\" data-out=\"a:false;\">\n\t\t\t\t\t\t\t<img decoding=\"async\" src=\"\/\/www.samiad.com\/wp-content\/plugins\/revslider\/public\/assets\/assets\/dummy.png\" alt=\"\" title=\"tennis-banner\" width=\"1920\" height=\"1000\" class=\"rev-slidebg tp-rs-img rs-lazyload\" data-lazyload=\"\/\/samiad.com\/wp-content\/uploads\/2023\/03\/tennis-banner.jpg\" data-no-retina>\n<!--\n\t\t\t\t\t\t\t--><h1\n\t\t\t\t\t\t\t\tid=\"slider-9-slide-24-layer-0\" \n\t\t\t\t\t\t\t\tclass=\"rs-layer\"\n\t\t\t\t\t\t\t\tdata-type=\"text\"\n\t\t\t\t\t\t\t\tdata-rsp_ch=\"on\"\n\t\t\t\t\t\t\t\tdata-xy=\"x:c;xo:-284px,-284px,-284px,18px;y:m;yo:295px,295px,295px,182px;\"\n\t\t\t\t\t\t\t\tdata-text=\"w:normal;s:70,70,70,65;l:70,70,70,65;\"\n\t\t\t\t\t\t\t\tdata-dim=\"w:789px,789px,789px,404px;\"\n\t\t\t\t\t\t\t\tdata-frame_0=\"x:0,0,0,0px;y:0,0,0,0px;o:1;\"\n\t\t\t\t\t\t\t\tdata-frame_0_chars=\"d:5;x:0,0,0,0px;y:0,0,0,0px;o:0;rX:-90deg;oZ:-50;\"\n\t\t\t\t\t\t\t\tdata-frame_1=\"x:0,0,0,0px;y:0,0,0,0px;sp:1750;\"\n\t\t\t\t\t\t\t\tdata-frame_1_chars=\"e:power4.inOut;d:10;x:0,0,0,0px;y:0,0,0,0px;oZ:-50;\"\n\t\t\t\t\t\t\t\tdata-frame_999=\"o:0;st:w;sR:150;\"\n\t\t\t\t\t\t\t\tstyle=\"z-index:7;font-family:'Playfair Display';\"\n\t\t\t\t\t\t\t>Learn Tennis  at our Summer School \n\t\t\t\t\t\t\t<\/h1><!--\n\n\t\t\t\t\t\t\t--><rs-layer\n\t\t\t\t\t\t\t\tid=\"slider-9-slide-24-layer-1\" \n\t\t\t\t\t\t\t\tdata-type=\"shape\"\n\t\t\t\t\t\t\t\tdata-rsp_ch=\"on\"\n\t\t\t\t\t\t\t\tdata-xy=\"x:c;y:m;\"\n\t\t\t\t\t\t\t\tdata-text=\"w:normal;s:20,20,20,4;l:0,0,0,6;\"\n\t\t\t\t\t\t\t\tdata-dim=\"w:2880px,2880px,2880px,720px;h:1500px,1500px,1500px,727px;\"\n\t\t\t\t\t\t\t\tdata-frame_999=\"o:0;st:w;\"\n\t\t\t\t\t\t\t\tstyle=\"z-index:6;background-color:rgba(0,0,0,0.36);\"\n\t\t\t\t\t\t\t> \n\t\t\t\t\t\t\t<\/rs-layer><!--\n\n\t\t\t\t\t\t\t--><rs-layer\n\t\t\t\t\t\t\t\tid=\"slider-9-slide-24-layer-2\" \n\t\t\t\t\t\t\t\tdata-type=\"text\"\n\t\t\t\t\t\t\t\tdata-rsp_ch=\"on\"\n\t\t\t\t\t\t\t\tdata-xy=\"xo:306px,306px,306px,75px;yo:863px,863px,863px,215px;\"\n\t\t\t\t\t\t\t\tdata-text=\"w:normal;s:20,20,20,4;l:25,25,25,6;fw:300;\"\n\t\t\t\t\t\t\t\tdata-frame_999=\"o:0;st:w;\"\n\t\t\t\t\t\t\t\tstyle=\"z-index:9;font-family:'Poppins';font-style:italic;\"\n\t\t\t\t\t\t\t> \n\t\t\t\t\t\t\t<\/rs-layer><!--\n\n\t\t\t\t\t\t\t--><rs-layer\n\t\t\t\t\t\t\t\tid=\"slider-9-slide-24-layer-3\" \n\t\t\t\t\t\t\t\tdata-type=\"shape\"\n\t\t\t\t\t\t\t\tdata-rsp_ch=\"on\"\n\t\t\t\t\t\t\t\tdata-xy=\"xo:251px,251px,251px,38px;yo:677px,677px,677px,480px;\"\n\t\t\t\t\t\t\t\tdata-text=\"w:normal;s:20,20,20,4;l:0,0,0,6;\"\n\t\t\t\t\t\t\t\tdata-dim=\"w:1px;h:245px,245px,245px,133px;\"\n\t\t\t\t\t\t\t\tdata-frame_0=\"y:-50,-50,-50,-11;\"\n\t\t\t\t\t\t\t\tdata-frame_1=\"sp:1000;\"\n\t\t\t\t\t\t\t\tdata-frame_999=\"o:0;st:w;sR:4000;\"\n\t\t\t\t\t\t\t\tstyle=\"z-index:8;background-color:#ffffff;\"\n\t\t\t\t\t\t\t> \n\t\t\t\t\t\t\t<\/rs-layer><!--\n-->\t\t\t\t\t\t<\/rs-slide>\n\t\t\t\t\t<\/rs-slides>\n\t\t\t\t<\/rs-module>\n\t\t\t\t<script>\n\t\t\t\t\tsetREVStartSize({c: 'rev_slider_9_1',rl:[1240,1240,1240,480],el:[1000,1000,1000,720],gw:[1920,1920,1920,480],gh:[1000,1000,1000,720],type:'standard',justify:'',layout:'fullwidth',mh:\"0\"});if (window.RS_MODULES!==undefined && window.RS_MODULES.modules!==undefined && window.RS_MODULES.modules[\"revslider91\"]!==undefined) {window.RS_MODULES.modules[\"revslider91\"].once = false;window.revapi9 = undefined;if (window.RS_MODULES.checkMinimal!==undefined) window.RS_MODULES.checkMinimal()}\n\t\t\t\t<\/script>\n\t\t\t<\/rs-module-wrap>\n\t\t\t<!-- END REVOLUTION SLIDER -->\n[\/vc_column][\/vc_row][vc_row gap=\u00bb35&#8243; css=\u00bb.vc_custom_1677503075899{padding-top: 50px !important;}\u00bb el_id=\u00bbmultiactividad\u00bb][vc_column width=\u00bb1\/2&#8243;][vc_column_text]<\/p>\n<h2>Ubicaci\u00f3n<\/h2>\n<p>&#8211;  <a href=\"https:\/\/www.samiad.com\/es\/the-oratory-school\/\">Oratory School<\/a><br \/>\n&#8211;  <a href=\"https:\/\/www.samiad.com\/es\/trent-college\/\">Trent College<\/a><\/p>\n<h2>Fechas<\/h2>\n<p>Domingo, 5 de julio de 2026 \u2013 Domingo, 23 de agosto de 2026<\/p>\n<h2>Edades<\/h2>\n<p>De 6 a 17 a\u00f1os[\/vc_column_text][\/vc_column][vc_column width=\u00bb1\/2&#8243;][vc_column_text]<\/p>\n<h2 class=\"secondary-h1\"><span data-sheets-root=\"1\">Programa de tenis Samiad (incluido ingl\u00e9s)<\/span><\/h2>\n<h2>Resumen<\/h2>\n<p>\u00bfInspirado por Novak Djokovic o Carlos Alcaraz? Nuestro programa de tenis es la opci\u00f3n ideal para ti. Cubrir\u00e1s una variedad de habilidades, m\u00e9todos y t\u00e1cticas dirigidas por nuestros entrenadores internos aprobados por la LTA. \u00a1Desde el juego posicional hasta la t\u00e9cnica, y desde perfeccionar el juego de pies hasta ejecutar el golpe ganador! Nuestros entrenadores trabajan con jugadores de todas las habilidades y adaptan las sesiones a cada nivel.    <\/p>\n<h2>Aspectos Destacados<\/h2>\n<p>[\/vc_column_text][vc_row_inner][vc_column_inner width=\u00bb1\/2&#8243;][vc_column_text]<\/p>\n<ul>\n<li>Alojamiento residencial<\/li>\n<li>Pensi\u00f3n completa<\/li>\n<li>15 horas de clases de ingl\u00e9s por semana<\/li>\n<li>12 horas de entrenamiento de tenis profesional<\/li>\n<\/ul>\n<p>[\/vc_column_text][\/vc_column_inner][vc_column_inner width=\u00bb1\/2&#8243;][vc_column_text]<\/p>\n<ul>\n<li>Supervisi\u00f3n las 24 horas<\/li>\n<li>Dos excursiones por semana<\/li>\n<li>\u00a1Una excursi\u00f3n de una noche!<\/li>\n<li>Proporci\u00f3n de personal por estudiante de 1:6<\/li>\n<\/ul>\n<p>[\/vc_column_text][\/vc_column_inner][\/vc_row_inner][\/vc_column][\/vc_row][vc_row css=\u00bb.vc_custom_1677508408073{padding-top: 50px !important;padding-bottom: 50px !important;}\u00bb][vc_column][vc_btn title=\u00bbEnquire Now\u00bb style=\u00bbcustom\u00bb custom_background=\u00bb#ad986e\u00bb custom_text=\u00bb#ffffff\u00bb shape=\u00bbsquare\u00bb align=\u00bbcenter\u00bb el_id=\u00bbbutton-main\u00bb link=\u00bburl:https%3A%2F%2Fwww.samiad.com%2Fes%2Fsolicitar-informacion-ahora%2F|title:Enquire%20Now|\u00bb][\/vc_column][\/vc_row][vc_row full_width=\u00bbstretch_row\u00bb css=\u00bb.vc_custom_1679928878363{padding-top: 50px !important;padding-bottom: 50px !important;background-color: #eae3ee !important;}\u00bb el_id=\u00bbcolor-block\u00bb][vc_column][vc_row_inner content_placement=\u00bbmiddle\u00bb gap=\u00bb35&#8243;][vc_column_inner width=\u00bb1\/4&#8243;][vc_single_image image=\u00bb4814&#8243; img_size=\u00bbfull\u00bb alignment=\u00bbcenter\u00bb css_animation=\u00bbslideInUp\u00bb][\/vc_column_inner][vc_column_inner width=\u00bb1\/4&#8243; css=\u00bb.vc_custom_1677239832236{padding-top: 50px !important;}\u00bb][vc_single_image image=\u00bb4829&#8243; img_size=\u00bbfull\u00bb alignment=\u00bbcenter\u00bb css_animation=\u00bbslideInDown\u00bb css=\u00bb.vc_custom_1678709292217{padding-top: 30px !important;}\u00bb][\/vc_column_inner][vc_column_inner width=\u00bb1\/2&#8243;][vc_column_text css_animation=\u00bbslideInRight\u00bb css=\u00bb.vc_custom_1680080743301{padding-top: 100px !important;}\u00bb]<\/p>\n<h2>\u00a1Sirviendo un verano de ACE!<\/h2>\n<p>Sum\u00e9rgete en un programa de entrenamiento intensivo como un aspirante a jugador profesional. Utilizando las instalaciones de tenis de \u00faltima generaci\u00f3n en Trent College, nuestros entrenadores de tenis dise\u00f1ar\u00e1n un plan personal para que mejores durante tu tiempo con nosotros.[\/vc_column_text][\/vc_column_inner][\/vc_row_inner][\/vc_column][\/vc_row][vc_row gap=\u00bb35&#8243; css=\u00bb.vc_custom_1677503087496{border-bottom-width: 50px !important;padding-top: 50px !important;}\u00bb el_id=\u00bbblock-area\u00bb][vc_column width=\u00bb1\/2&#8243;][vc_column_text css=\u00bb.vc_custom_1763471597029{padding-top: 30px !important;padding-right: 30px !important;padding-bottom: 30px !important;padding-left: 30px !important;background-color: #ffffff !important;}\u00bb el_class=\u00bbwhite-box\u00bb]<\/p>\n<h2>Clases de ingl\u00e9s<\/h2>\n<p>Sum\u00e9rgete en clases impartidas por un equipo de profesores de ingl\u00e9s cualificados TEFL, con experiencia y entusiasmo.<\/p>\n<p>&nbsp;<\/p>\n<p><a href=\"https:\/\/samiad.com\/english-lessons\/\" target=\"_blank\" rel=\"noopener\">Descubra m\u00e1s<\/a>[\/vc_column_text][vc_single_image image=\u00bb4834&#8243; img_size=\u00bbfull\u00bb el_id=\u00bbwhite-box-image\u00bb][\/vc_column][vc_column width=\u00bb1\/2&#8243;][vc_single_image image=\u00bb6579&#8243; img_size=\u00bbfull\u00bb alignment=\u00bbright\u00bb el_id=\u00bbwhite-box-image-right\u00bb][vc_column_text css=\u00bb.vc_custom_1700151295910{padding-top: 30px !important;padding-right: 30px !important;padding-bottom: 30px !important;padding-left: 30px !important;background-color: #ffffff !important;}\u00bb el_class=\u00bbwhite-box-right\u00bb]<\/p>\n<h2>Para todas las edades<\/h2>\n<p>Despu\u00e9s de una dura tarde en las canchas, rel\u00e1jate con el resto de los estudiantes en nuestro entretenimiento y actividades nocturnas. Baila en una discoteca, refr\u00e9scate en nuestra piscina o rel\u00e1jate con tus nuevos amigos. <\/p>\n<p><a href=\"https:\/\/samiad.com\/wp-content\/uploads\/2023\/11\/Tennis-Schedule-2024-3-4.pdf\" target=\"_blank\" rel=\"noopener\">Ver programa<\/a>[\/vc_column_text][\/vc_column][\/vc_row][vc_row full_width=\u00bbstretch_row\u00bb css=\u00bb.vc_custom_1677509492784{padding-top: 100px !important;padding-bottom: 100px !important;background-color: #e6e1d6 !important;}\u00bb][vc_column][vc_row_inner content_placement=\u00bbmiddle\u00bb gap=\u00bb35&#8243;][vc_column_inner width=\u00bb1\/2&#8243;][vc_single_image image=\u00bb4519&#8243; img_size=\u00bbfull\u00bb alignment=\u00bbcenter\u00bb css_animation=\u00bbslideInLeft\u00bb][\/vc_column_inner][vc_column_inner width=\u00bb1\/2&#8243; css=\u00bb.vc_custom_1677239832236{padding-top: 50px !important;}\u00bb][vc_column_text]<\/p>\n<h2>DISFRUTA DE LAS VISTAS<\/h2>\n<p><a href=\"https:\/\/www.samiad.com\/es\/\">Samiad international summer school uk<\/a> es m\u00e1s conocido por las exclusivas excursiones que ofrecemos como parte de nuestros programas. Hemos elegido cuidadosamente las excursiones para ofrecer una mezcla de historia, cultura y entretenimiento. <\/p>\n<p>Haz un recorrido en barco por Cambridge, explora los monumentos m\u00e1s famosos de Londres y disfruta de nuestra espectacular estancia de una noche en un castillo medieval.<\/p>\n<p>Vuelve a casa con recuerdos de los que no puedes esperar a hablar.[\/vc_column_text][\/vc_column_inner][\/vc_row_inner][\/vc_column][\/vc_row][vc_row full_width=\u00bbstretch_row\u00bb gap=\u00bb35&#8243; css=\u00bb.vc_custom_1678269198217{padding-top: 50px !important;padding-bottom: 50px !important;background-color: #ebebeb !important;}\u00bb][vc_column el_id=\u00bbno-padding\u00bb][vc_column_text css=\u00bb.vc_custom_1678269135934{padding-top: 30px !important;padding-bottom: 30px !important;}\u00bb]<\/p>\n<h2 style=\"text-align: center;\">Ubicaciones<\/h2>\n<p>[\/vc_column_text][vc_row_inner gap=\u00bb35&#8243;][vc_column_inner width=\u00bb1\/2&#8243; css=\u00bb.vc_custom_1678269183727{background-color: #ffffff !important;}\u00bb][vc_single_image image=\u00bb5129&#8243; img_size=\u00bbfull\u00bb alignment=\u00bbcenter\u00bb][vc_column_text css=\u00bb.vc_custom_1760522036913{padding-top: 20px !important;padding-right: 20px !important;padding-bottom: 20px !important;padding-left: 20px !important;}\u00bb]<\/p>\n<p style=\"text-align: center;\">OXFORDSHIRE<\/p>\n<h2 style=\"text-align: center;\">ORATORY SCHOOL<\/h2>\n<p style=\"text-align: center;\">Del domingo, 5 de julio de 2026 al domingo, 9 de agosto de 2026<\/p>\n<p style=\"text-align: center;\"><strong>4200 \u00a3 por 14 noches<\/strong><\/p>\n<p style=\"text-align: center;\"><a href=\"https:\/\/samiad.com\/enquire-now\/\" target=\"_blank\" rel=\"noopener\">Preguntar ahora<\/a><\/p>\n<p style=\"text-align: center;\"><a href=\"https:\/\/samiad.com\/the-oratory-school\/\" target=\"_blank\" rel=\"noopener\">Descubra m\u00e1s<\/a><\/p>\n<p>[\/vc_column_text][\/vc_column_inner][vc_column_inner width=\u00bb1\/2&#8243;][vc_single_image image=\u00bb6144&#8243; img_size=\u00bb900&#215;600&#8243; alignment=\u00bbcenter\u00bb][vc_column_text css=\u00bb.vc_custom_1770973696637{padding-top: 20px !important;padding-right: 20px !important;padding-bottom: 20px !important;padding-left: 20px !important;background-color: #ffffff !important;}\u00bb]<\/p>\n<p style=\"text-align: center;\">NOTTINGHAM<\/p>\n<h2 style=\"text-align: center;\">TRENT COLLEGE<\/h2>\n<p style=\"text-align: center;\">Domingo, 5 de julio de 2026 \u2013 Domingo, 23 de agosto de 2026<\/p>\n<p style=\"text-align: center;\"><strong>4050 \u00a3 por 14 noches<\/strong><\/p>\n<p style=\"text-align: center;\"><a href=\"https:\/\/samiad.com\/enquire-now\/\" target=\"_blank\" rel=\"noopener\">Preguntar ahora<\/a><\/p>\n<p style=\"text-align: center;\"><a href=\"https:\/\/samiad.com\/trent-college\/\" target=\"_blank\" rel=\"noopener\">Descubra m\u00e1s<\/a><\/p>\n<p>[\/vc_column_text][\/vc_column_inner][\/vc_row_inner][\/vc_column][\/vc_row][vc_row][vc_column]\t\t\t<rs-module-wrap id=\"rev_slider_error_2_wrapper\">\n\t\t\t\t<rs-module id=\"rev_slider_error_2\">\n\t\t\t\t\t<div class=\"rs_error_message_box\">\n\t\t\t\t\t\t<div class=\"rs_error_message_oops\">There is nothing to show here!<\/div>\n\t\t\t\t\t\t<div class=\"rs_error_message_content\">Slider with alias tennis-bottom not found.<\/div>\n\t\t\t\t\t<\/div>\n\t\t\t\t<\/rs-module>\n\t\t\t<\/rs-module-wrap>\n\t\t\t<script>\n\t\t\t\tvar rs_eslider = document.getElementById(\"rev_slider_error_2\");\n\t\t\t\trs_eslider.style.display = \"none\";\n\t\t\t\tconsole.log(\"Slider with alias tennis-bottom not found.\");\n\t\t\t<\/script>\n[\/vc_column][\/vc_row]<\/p>\n<\/div>","protected":false},"excerpt":{"rendered":"<p>\u00a1La especializaci\u00f3n en tenis de Samiad es una opci\u00f3n fant\u00e1stica para cualquier joven aspirante a tenista! Impartidas por entrenadores LTA altamente cualificados, las sesiones de tenis tienen lugar cada tarde y est\u00e1n dise\u00f1adas para mejorar las habilidades de los participantes en todos los aspectos del juego. <\/p>\n","protected":false},"author":4,"featured_media":5424,"parent":8198,"menu_order":0,"comment_status":"closed","ping_status":"closed","template":"","meta":{"_acf_changed":false,"neve_meta_sidebar":"","neve_meta_container":"","neve_meta_enable_content_width":"off","neve_meta_content_width":100,"neve_meta_title_alignment":"","neve_meta_author_avatar":"","neve_post_elements_order":"","neve_meta_disable_header":"","neve_meta_disable_footer":"","neve_meta_disable_title":"","neve_meta_reading_time":"","footnotes":""},"class_list":["post-8410","page","type-page","status-publish","has-post-thumbnail","hentry"],"acf":[],"_links":{"self":[{"href":"https:\/\/www.samiad.com\/es\/wp-json\/wp\/v2\/pages\/8410","targetHints":{"allow":["GET"]}}],"collection":[{"href":"https:\/\/www.samiad.com\/es\/wp-json\/wp\/v2\/pages"}],"about":[{"href":"https:\/\/www.samiad.com\/es\/wp-json\/wp\/v2\/types\/page"}],"author":[{"embeddable":true,"href":"https:\/\/www.samiad.com\/es\/wp-json\/wp\/v2\/users\/4"}],"replies":[{"embeddable":true,"href":"https:\/\/www.samiad.com\/es\/wp-json\/wp\/v2\/comments?post=8410"}],"version-history":[{"count":10,"href":"https:\/\/www.samiad.com\/es\/wp-json\/wp\/v2\/pages\/8410\/revisions"}],"predecessor-version":[{"id":17333,"href":"https:\/\/www.samiad.com\/es\/wp-json\/wp\/v2\/pages\/8410\/revisions\/17333"}],"up":[{"embeddable":true,"href":"https:\/\/www.samiad.com\/es\/wp-json\/wp\/v2\/pages\/8198"}],"wp:featuredmedia":[{"embeddable":true,"href":"https:\/\/www.samiad.com\/es\/wp-json\/wp\/v2\/media\/5424"}],"wp:attachment":[{"href":"https:\/\/www.samiad.com\/es\/wp-json\/wp\/v2\/media?parent=8410"}],"curies":[{"name":"wp","href":"https:\/\/api.w.org\/{rel}","templated":true}]}}