{"id":8462,"date":"2024-11-20T08:26:56","date_gmt":"2024-11-20T08:26:56","guid":{"rendered":"https:\/\/www.samiad.com\/programmes\/robotics\/"},"modified":"2025-12-15T10:13:53","modified_gmt":"2025-12-15T10:13:53","slug":"robotics","status":"publish","type":"page","link":"https:\/\/www.samiad.com\/es\/programas\/robotics\/","title":{"rendered":"Rob\u00f3tica"},"content":{"rendered":"<div class=\"wpb-content-wrapper\"><p>[vc_row][vc_column]\n\t\t\t<!-- START Robotics  es REVOLUTION SLIDER 6.6.18 --><p class=\"rs-p-wp-fix\"><\/p>\n\t\t\t<rs-module-wrap id=\"rev_slider_183_1_wrapper\" data-source=\"gallery\" style=\"visibility:hidden;background:transparent;padding:0;margin:0px auto;margin-top:0;margin-bottom:0;\">\n\t\t\t\t<rs-module id=\"rev_slider_183_1\" style=\"\" data-version=\"6.6.18\">\n\t\t\t\t\t<rs-slides style=\"overflow: hidden; position: absolute;\">\n\t\t\t\t\t\t<rs-slide style=\"position: absolute;\" data-key=\"rs-517\" data-title=\"Slide\" data-in=\"o:0;\" data-out=\"a:false;\">\n\t\t\t\t\t\t\t<img decoding=\"async\" src=\"\/\/www.samiad.com\/wp-content\/plugins\/revslider\/public\/assets\/assets\/dummy.png\" alt=\"Robotics\" title=\"Roboticsbanner\" width=\"1920\" height=\"1000\" class=\"rev-slidebg tp-rs-img rs-lazyload\" data-lazyload=\"\/\/samiad.com\/wp-content\/uploads\/2023\/03\/Roboticsbanner.jpg\" data-no-retina>\n<!--\n\t\t\t\t\t\t\t--><h1\n\t\t\t\t\t\t\t\tid=\"slider-183-slide-517-layer-0\" \n\t\t\t\t\t\t\t\tclass=\"rs-layer\"\n\t\t\t\t\t\t\t\tdata-type=\"text\"\n\t\t\t\t\t\t\t\tdata-rsp_ch=\"on\"\n\t\t\t\t\t\t\t\tdata-xy=\"x:c;xo:-93px,-93px,-93px,65px;y:m;yo:287px,287px,287px,167px;\"\n\t\t\t\t\t\t\t\tdata-text=\"w:normal;s:70,70,70,65;l:70,70,70,65;\"\n\t\t\t\t\t\t\t\tdata-dim=\"w:1194px,1194px,1194px,519px;\"\n\t\t\t\t\t\t\t\tdata-frame_0=\"x:0,0,0,0px;y:0,0,0,0px;o:1;\"\n\t\t\t\t\t\t\t\tdata-frame_0_chars=\"d:5;x:0,0,0,0px;y:0,0,0,0px;o:0;rX:-90deg;oZ:-50;\"\n\t\t\t\t\t\t\t\tdata-frame_1=\"x:0,0,0,0px;y:0,0,0,0px;sp:1750;\"\n\t\t\t\t\t\t\t\tdata-frame_1_chars=\"e:power4.inOut;d:10;x:0,0,0,0px;y:0,0,0,0px;oZ:-50;\"\n\t\t\t\t\t\t\t\tdata-frame_999=\"o:0;st:w;sR:150;\"\n\t\t\t\t\t\t\t\tstyle=\"z-index:7;font-family:'Playfair Display';\"\n\t\t\t\t\t\t\t>Escuela de verano de rob\u00f3tica y programaci\u00f3n \n\t\t\t\t\t\t\t<\/h1><!--\n\n\t\t\t\t\t\t\t--><rs-layer\n\t\t\t\t\t\t\t\tid=\"slider-183-slide-517-layer-1\" \n\t\t\t\t\t\t\t\tdata-type=\"shape\"\n\t\t\t\t\t\t\t\tdata-rsp_ch=\"on\"\n\t\t\t\t\t\t\t\tdata-xy=\"x:c;y:m;\"\n\t\t\t\t\t\t\t\tdata-text=\"w:normal;s:20,20,20,4;l:0,0,0,6;\"\n\t\t\t\t\t\t\t\tdata-dim=\"w:2880px,2880px,2880px,720px;h:1500px,1500px,1500px,757px;\"\n\t\t\t\t\t\t\t\tdata-frame_999=\"o:0;st:w;\"\n\t\t\t\t\t\t\t\tstyle=\"z-index:6;background-color:rgba(0,0,0,0.36);\"\n\t\t\t\t\t\t\t> \n\t\t\t\t\t\t\t<\/rs-layer><!--\n\n\t\t\t\t\t\t\t--><rs-layer\n\t\t\t\t\t\t\t\tid=\"slider-183-slide-517-layer-3\" \n\t\t\t\t\t\t\t\tdata-type=\"shape\"\n\t\t\t\t\t\t\t\tdata-rsp_ch=\"on\"\n\t\t\t\t\t\t\t\tdata-xy=\"xo:251px,251px,251px,23px;yo:677px,677px,677px,433px;\"\n\t\t\t\t\t\t\t\tdata-text=\"w:normal;s:20,20,20,4;l:0,0,0,6;\"\n\t\t\t\t\t\t\t\tdata-dim=\"w:1px;h:245px,245px,245px,217px;\"\n\t\t\t\t\t\t\t\tdata-frame_0=\"y:-50,-50,-50,-11;\"\n\t\t\t\t\t\t\t\tdata-frame_1=\"sp:1000;\"\n\t\t\t\t\t\t\t\tdata-frame_999=\"o:0;st:w;sR:4000;\"\n\t\t\t\t\t\t\t\tstyle=\"z-index:8;background-color:#ffffff;\"\n\t\t\t\t\t\t\t> \n\t\t\t\t\t\t\t<\/rs-layer><!--\n\n\t\t\t\t\t\t\t--><rs-layer\n\t\t\t\t\t\t\t\tid=\"slider-183-slide-517-layer-4\" \n\t\t\t\t\t\t\t\tdata-type=\"text\"\n\t\t\t\t\t\t\t\tdata-rsp_ch=\"on\"\n\t\t\t\t\t\t\t\tdata-xy=\"xo:273px,273px,273px,67px;yo:849px,849px,849px,211px;\"\n\t\t\t\t\t\t\t\tdata-text=\"w:normal;s:20,20,20,4;l:25,25,25,6;fw:300;\"\n\t\t\t\t\t\t\t\tdata-frame_999=\"o:0;st:w;\"\n\t\t\t\t\t\t\t\tstyle=\"z-index:9;font-family:'Poppins';font-style:italic;\"\n\t\t\t\t\t\t\t> \n\t\t\t\t\t\t\t<\/rs-layer><!--\n-->\t\t\t\t\t\t<\/rs-slide>\n\t\t\t\t\t<\/rs-slides>\n\t\t\t\t<\/rs-module>\n\t\t\t\t<script>\n\t\t\t\t\tsetREVStartSize({c: 'rev_slider_183_1',rl:[1240,1240,1240,480],el:[1000,1000,1000,720],gw:[1920,1920,1920,480],gh:[1000,1000,1000,720],type:'standard',justify:'',layout:'fullwidth',mh:\"0\"});if (window.RS_MODULES!==undefined && window.RS_MODULES.modules!==undefined && window.RS_MODULES.modules[\"revslider1831\"]!==undefined) {window.RS_MODULES.modules[\"revslider1831\"].once = false;window.revapi183 = undefined;if (window.RS_MODULES.checkMinimal!==undefined) window.RS_MODULES.checkMinimal()}\n\t\t\t\t<\/script>\n\t\t\t<\/rs-module-wrap>\n\t\t\t<!-- END REVOLUTION SLIDER -->\n[\/vc_column][\/vc_row][vc_row gap=\u00bb35&#8243; css=\u00bb.vc_custom_1677503075899{padding-top: 50px !important;}\u00bb el_id=\u00bbmultiactividad\u00bb][vc_column width=\u00bb1\/2&#8243;][vc_column_text]<\/p>\n<h2>Ubicaci\u00f3n<\/h2>\n<p>&#8211; Marlborough College<\/p>\n<h2>Fechas<\/h2>\n<p>Del martes, 7 de julio de 2026 al martes, 11 de agosto de 2026<\/p>\n<h2>Edades<\/h2>\n<p>11 \u2013 16 a\u00f1os[\/vc_column_text][\/vc_column][vc_column width=\u00bb1\/2&#8243;][vc_column_text]<\/p>\n<h2 class=\"secondary-h1\">Programa de rob\u00f3tica y programaci\u00f3n de Samiad (incluido ingl\u00e9s)<\/h2>\n<h2>Resumen<\/h2>\n<p>En este programa interactivo y pr\u00e1ctico, los estudiantes aprender\u00e1n habilidades de programaci\u00f3n y rob\u00f3tica de la mano de expertos. Dise\u00f1a y personaliza; construye y crea; programa y controla: \u00a1nuestros incre\u00edbles robots Edison funcionan a todos los niveles!<\/p>\n<p>Este programa es una forma pr\u00e1ctica y divertida para que los j\u00f3venes aprendan conceptos STEM de la manera m\u00e1s atractiva. \u00bfAlguna vez te has preguntado c\u00f3mo se hace Wallace y Gromit? Utilizando los modelos proporcionados o produciendo sus propias animaciones de arcilla, los estudiantes pueden crear incre\u00edbles pel\u00edculas de animaci\u00f3n que pueden guardar y volver a ver.<\/p>\n<h2>Aspectos Destacados<\/h2>\n<p>[\/vc_column_text][vc_row_inner][vc_column_inner width=\u00bb1\/2&#8243;][vc_column_text]<\/p>\n<ul>\n<li>Alojamiento residencial<\/li>\n<li>Pensi\u00f3n completa<\/li>\n<li>12 horas de talleres de rob\u00f3tica y programaci\u00f3n<\/li>\n<li>Programa completo de actividades<\/li>\n<\/ul>\n<p>[\/vc_column_text][\/vc_column_inner][vc_column_inner width=\u00bb1\/2&#8243;][vc_column_text]<\/p>\n<ul>\n<li>Supervisi\u00f3n las 24 horas<\/li>\n<li>Dos excursiones por semana<\/li>\n<li>\u00a1Una excursi\u00f3n de una noche!<\/li>\n<li>Proporci\u00f3n de personal por estudiante de 1:6<\/li>\n<\/ul>\n<p>[\/vc_column_text][\/vc_column_inner][\/vc_row_inner][\/vc_column][\/vc_row][vc_row css=\u00bb.vc_custom_1677508408073{padding-top: 50px !important;padding-bottom: 50px !important;}\u00bb][vc_column][vc_btn title=\u00bbPreguntar ahora\u00bb style=\u00bbcustom\u00bb custom_background=\u00bb#ad986e\u00bb custom_text=\u00bb#ffffff\u00bb shape=\u00bbsquare\u00bb align=\u00bbcenter\u00bb el_id=\u00bbbutton-main\u00bb link=\u00bburl:https%3A%2F%2Fwww.samiad.com%2Fes%2Fenquire-now%2F|title:Preguntar%20ahora|\u00bb][\/vc_column][\/vc_row][vc_row full_width=\u00bbstretch_row\u00bb css=\u00bb.vc_custom_1679928825189{padding-top: 50px !important;padding-bottom: 50px !important;background-color: #eae3ee !important;}\u00bb el_id=\u00bbcolor-block\u00bb][vc_column][vc_row_inner content_placement=\u00bbmiddle\u00bb gap=\u00bb35&#8243;][vc_column_inner width=\u00bb1\/4&#8243;][vc_single_image image=\u00bb790&#8243; img_size=\u00bbfull\u00bb alignment=\u00bbcenter\u00bb css_animation=\u00bbslideInUp\u00bb][\/vc_column_inner][vc_column_inner width=\u00bb1\/4&#8243; css=\u00bb.vc_custom_1677239832236{padding-top: 50px !important;}\u00bb][vc_single_image image=\u00bb791&#8243; img_size=\u00bbfull\u00bb alignment=\u00bbcenter\u00bb css_animation=\u00bbslideInDown\u00bb css=\u00bb.vc_custom_1678723823692{padding-top: 30px !important;}\u00bb][\/vc_column_inner][vc_column_inner width=\u00bb1\/2&#8243;][vc_column_text css_animation=\u00bbslideInRight\u00bb css=\u00bb.vc_custom_1680016759077{padding-top: 100px !important;}\u00bb]<\/p>\n<h2>\u00a1DESCIFRA EL C\u00d3DIGO!<\/h2>\n<p>Tus inventos solo est\u00e1n limitados por tu imaginaci\u00f3n.<\/p>\n<ul>\n<li>Programa tu robot para que responda a luces y sonidos, siga l\u00edneas y navegue por una pista de obst\u00e1culos.<\/li>\n<li>Construye e inventa tus propios proyectos de ingenier\u00eda incorporando ladrillos Lego a tu robot.<\/li>\n<li>Crea un tanque teledirigido, tu propia gr\u00faa o una garra rob\u00f3tica.<\/li>\n<\/ul>\n<p>[\/vc_column_text][\/vc_column_inner][\/vc_row_inner][\/vc_column][\/vc_row][vc_row gap=\u00bb35&#8243; css=\u00bb.vc_custom_1677503087496{border-bottom-width: 50px !important;padding-top: 50px !important;}\u00bb el_id=\u00bbblock-area\u00bb][vc_column width=\u00bb1\/2&#8243;][vc_column_text css=\u00bb.vc_custom_1763471578932{padding-top: 30px !important;padding-right: 30px !important;padding-bottom: 30px !important;padding-left: 30px !important;background-color: #ffffff !important;}\u00bb el_class=\u00bbwhite-box\u00bb]<\/p>\n<h2>Clases de ingl\u00e9s<\/h2>\n<p>Sum\u00e9rgete en clases impartidas por un equipo de profesores de ingl\u00e9s cualificados TEFL, con experiencia y entusiasmo.<\/p>\n<p>&nbsp;<\/p>\n<p><a href=\"https:\/\/samiad.com\/english-lessons\/\" target=\"_blank\" rel=\"noopener\">Descubra m\u00e1s<\/a>[\/vc_column_text][vc_single_image image=\u00bb793&#8243; img_size=\u00bbfull\u00bb el_id=\u00bbwhite-box-image\u00bb][\/vc_column][vc_column width=\u00bb1\/2&#8243;][vc_single_image image=\u00bb792&#8243; img_size=\u00bbfull\u00bb alignment=\u00bbright\u00bb el_id=\u00bbwhite-box-image-right\u00bb][vc_column_text css=\u00bb.vc_custom_1700151024883{padding-top: 30px !important;padding-right: 30px !important;padding-bottom: 30px !important;padding-left: 30px !important;background-color: #ffffff !important;}\u00bb el_class=\u00bbwhite-box-right\u00bb]<\/p>\n<h2>Para todas las edades<\/h2>\n<p>Este programa es perfecto para desarrollar el trabajo en equipo, el pensamiento cr\u00edtico y las habilidades de resoluci\u00f3n de problemas a medida que los estudiantes exploran soluciones y depuran sus programas para completar sus proyectos de equipo. Luego, rel\u00e1jate y disfruta de las variadas actividades que ofrecemos en nuestro programa nocturno, como nataci\u00f3n, discotecas y deportes.<\/p>\n<p>&nbsp;<\/p>\n<p><a href=\"https:\/\/samiad.com\/wp-content\/uploads\/2023\/11\/Robotics-Schedule-2024-3-4.pdf\" target=\"_blank\" rel=\"noopener\">Ver programa<\/a>[\/vc_column_text][\/vc_column][\/vc_row][vc_row full_width=\u00bbstretch_row\u00bb css=\u00bb.vc_custom_1677509492784{padding-top: 100px !important;padding-bottom: 100px !important;background-color: #e6e1d6 !important;}\u00bb][vc_column][vc_row_inner content_placement=\u00bbmiddle\u00bb gap=\u00bb35&#8243;][vc_column_inner width=\u00bb1\/2&#8243;][vc_single_image image=\u00bb384&#8243; img_size=\u00bbfull\u00bb alignment=\u00bbcenter\u00bb css_animation=\u00bbslideInLeft\u00bb][\/vc_column_inner][vc_column_inner width=\u00bb1\/2&#8243; css=\u00bb.vc_custom_1677239832236{padding-top: 50px !important;}\u00bb][vc_column_text]<\/p>\n<h2>DISFRUTA DE LAS VISTAS<\/h2>\n<p>Samiad es m\u00e1s conocido por las exclusivas excursiones que ofrecemos como parte de nuestros programas. Hemos elegido cuidadosamente las excursiones para ofrecer una combinaci\u00f3n de historia, cultura y entretenimiento.<\/p>\n<p>Haz un recorrido en barco por Cambridge, explora los monumentos m\u00e1s famosos de Londres y disfruta de nuestra espectacular estancia de una noche en un castillo medieval.<\/p>\n<p>Vuelve a casa con recuerdos de los que no puedes esperar a hablar.[\/vc_column_text][\/vc_column_inner][\/vc_row_inner][\/vc_column][\/vc_row][vc_row full_width=\u00bbstretch_row\u00bb gap=\u00bb35&#8243; css=\u00bb.vc_custom_1678269198217{padding-top: 50px !important;padding-bottom: 50px !important;background-color: #ebebeb !important;}\u00bb][vc_column el_id=\u00bbno-padding\u00bb][vc_column_text css=\u00bb.vc_custom_1678269135934{padding-top: 30px !important;padding-bottom: 30px !important;}\u00bb]<\/p>\n<h2 style=\"text-align: center;\">Ubicaciones<\/h2>\n<p>[\/vc_column_text][vc_row_inner gap=\u00bb35&#8243;][vc_column_inner width=\u00bb1\/4&#8243; css=\u00bb.vc_custom_1727698860889{background-color: #ebebeb !important;}\u00bb][\/vc_column_inner][vc_column_inner width=\u00bb1\/2&#8243; css=\u00bb.vc_custom_1727698904717{background-color: #ffffff !important;}\u00bb][vc_single_image image=\u00bb3908&#8243; img_size=\u00bbfull\u00bb alignment=\u00bbcenter\u00bb el_id=\u00bbno-padding\u00bb][vc_column_text css=\u00bb.vc_custom_1760521926995{padding-top: 20px !important;padding-right: 20px !important;padding-bottom: 20px !important;padding-left: 20px !important;}\u00bb]<\/p>\n<p style=\"text-align: center;\">WILTSHIRE<\/p>\n<h2 style=\"text-align: center;\">MARLBROUGH COLLEGE<\/h2>\n<p style=\"text-align: center;\">Del martes, 7 de julio de 2026 al martes, 11 de agosto de 2026<\/p>\n<p style=\"text-align: center;\"><strong>4200 \u00a3 por 14 noches<\/strong><\/p>\n<p style=\"text-align: center;\"><a href=\"https:\/\/samiad.com\/wells-cathedral-school\/\" target=\"_blank\" rel=\"noopener\">Descubra m\u00e1s<\/a><\/p>\n<p>[\/vc_column_text][\/vc_column_inner][vc_column_inner width=\u00bb1\/4&#8243; css=\u00bb.vc_custom_1727698871951{background-color: #ebebeb !important;}\u00bb][\/vc_column_inner][\/vc_row_inner][\/vc_column][\/vc_row][vc_row][vc_column]\n\t\t\t<!-- START Coding and roboticses REVOLUTION SLIDER 6.6.18 --><p class=\"rs-p-wp-fix\"><\/p>\n\t\t\t<rs-module-wrap id=\"rev_slider_156_2_wrapper\" data-source=\"gallery\" style=\"visibility:hidden;background:transparent;padding:0;margin:0px auto;margin-top:0;margin-bottom:0;\">\n\t\t\t\t<rs-module id=\"rev_slider_156_2\" style=\"\" data-version=\"6.6.18\">\n\t\t\t\t\t<rs-slides style=\"overflow: hidden; position: absolute;\">\n\t\t\t\t\t\t<rs-slide style=\"position: absolute;\" data-key=\"rs-453\" data-title=\"Slide\" data-thumb=\"\/\/samiad.com\/wp-content\/uploads\/2023\/03\/roboticsbottom1.jpg\" data-anim=\"e:slidingoverlay;ms:2000;\" data-in=\"o:1;x:-100%;\" data-out=\"a:false;\">\n\t\t\t\t\t\t\t<img decoding=\"async\" src=\"\/\/www.samiad.com\/wp-content\/plugins\/revslider\/public\/assets\/assets\/dummy.png\" alt=\"Robotics\" title=\"roboticsbottom1\" width=\"1920\" height=\"800\" class=\"rev-slidebg tp-rs-img rs-lazyload\" data-lazyload=\"\/\/samiad.com\/wp-content\/uploads\/2023\/03\/roboticsbottom1.jpg\" data-no-retina>\n<!--\n\t\t\t\t\t\t\t--><rs-layer\n\t\t\t\t\t\t\t\tid=\"slider-156-slide-453-layer-0\" \n\t\t\t\t\t\t\t\tdata-type=\"text\"\n\t\t\t\t\t\t\t\tdata-rsp_ch=\"on\"\n\t\t\t\t\t\t\t\tdata-xy=\"x:c;xo:-225px,-225px,-225px,0;y:m;yo:169px,169px,169px,45px;\"\n\t\t\t\t\t\t\t\tdata-text=\"w:normal;s:51,51,51,46;l:70,70,70,46;a:left,left,left,center;\"\n\t\t\t\t\t\t\t\tdata-dim=\"w:906px,906px,906px,auto;\"\n\t\t\t\t\t\t\t\tdata-frame_0=\"o:1;\"\n\t\t\t\t\t\t\t\tdata-frame_0_chars=\"d:5;o:0;rX:-90deg;oZ:-50;\"\n\t\t\t\t\t\t\t\tdata-frame_1=\"sp:1500;\"\n\t\t\t\t\t\t\t\tdata-frame_1_chars=\"e:power4.inOut;d:10;oZ:-50;\"\n\t\t\t\t\t\t\t\tdata-frame_999=\"x:-50,-50,-50,-11;o:0;st:w;sp:1000;\"\n\t\t\t\t\t\t\t\tstyle=\"z-index:7;font-family:'Playfair Display';text-transform:uppercase;\"\n\t\t\t\t\t\t\t>Las escuelas de verano mejoran el ingl\u00e9s, aumentan la confianza, proporcionan nuevas experiencias <br \/>\ny permiten hacer nuevos amigos. \n\t\t\t\t\t\t\t<\/rs-layer><!--\n\n\t\t\t\t\t\t\t--><rs-layer\n\t\t\t\t\t\t\t\tid=\"slider-156-slide-453-layer-3\" \n\t\t\t\t\t\t\t\tdata-type=\"shape\"\n\t\t\t\t\t\t\t\tdata-rsp_ch=\"on\"\n\t\t\t\t\t\t\t\tdata-xy=\"xo:273px,273px,273px,67px;yo:360px,360px,360px,89px;\"\n\t\t\t\t\t\t\t\tdata-text=\"w:normal;s:20,20,20,4;l:0,0,0,6;\"\n\t\t\t\t\t\t\t\tdata-dim=\"w:1px;h:406px,406px,406px,101px;\"\n\t\t\t\t\t\t\t\tdata-frame_0=\"y:-50,-50,-50,-11;\"\n\t\t\t\t\t\t\t\tdata-frame_1=\"sp:1000;\"\n\t\t\t\t\t\t\t\tdata-frame_999=\"o:0;st:w;sR:4000;\"\n\t\t\t\t\t\t\t\tstyle=\"z-index:8;background-color:#ffffff;\"\n\t\t\t\t\t\t\t> \n\t\t\t\t\t\t\t<\/rs-layer><!--\n\n\t\t\t\t\t\t\t--><rs-layer\n\t\t\t\t\t\t\t\tid=\"slider-156-slide-453-layer-4\" \n\t\t\t\t\t\t\t\tdata-type=\"shape\"\n\t\t\t\t\t\t\t\tdata-rsp_ch=\"on\"\n\t\t\t\t\t\t\t\tdata-xy=\"x:c;xo:7px,7px,7px,1px;y:m;yo:-98px,-98px,-98px,-24px;\"\n\t\t\t\t\t\t\t\tdata-text=\"w:normal;s:20,20,20,4;l:0,0,0,6;\"\n\t\t\t\t\t\t\t\tdata-dim=\"w:2880px,2880px,2880px,936px;h:1200px,1200px,1200px,905px;\"\n\t\t\t\t\t\t\t\tdata-vbility=\"f,f,f,f\"\n\t\t\t\t\t\t\t\tdata-frame_0=\"x:0,0,0,0px;y:0,0,0,0px;\"\n\t\t\t\t\t\t\t\tdata-frame_1=\"x:0,0,0,0px;y:0,0,0,0px;\"\n\t\t\t\t\t\t\t\tdata-frame_999=\"o:0;st:w;sR:4700;\"\n\t\t\t\t\t\t\t\tstyle=\"z-index:6;background-color:rgba(0,0,0,0.5);\"\n\t\t\t\t\t\t\t> \n\t\t\t\t\t\t\t<\/rs-layer><!--\n-->\t\t\t\t\t\t<\/rs-slide>\n\t\t\t\t\t\t<rs-slide style=\"position: absolute;\" data-key=\"rs-454\" data-title=\"Slide\" data-thumb=\"\/\/samiad.com\/wp-content\/uploads\/2023\/03\/roboticsbottom2.jpg\" data-anim=\"e:slidingoverlay;ms:2000;\" data-in=\"o:1;x:100%;\" data-out=\"a:false;\">\n\t\t\t\t\t\t\t<img decoding=\"async\" src=\"\/\/www.samiad.com\/wp-content\/plugins\/revslider\/public\/assets\/assets\/dummy.png\" alt=\"\" title=\"roboticsbottom2\" width=\"1920\" height=\"800\" class=\"rev-slidebg tp-rs-img rs-lazyload\" data-lazyload=\"\/\/samiad.com\/wp-content\/uploads\/2023\/03\/roboticsbottom2.jpg\" data-no-retina>\n<!--\n\t\t\t\t\t\t\t--><rs-layer\n\t\t\t\t\t\t\t\tid=\"slider-156-slide-454-layer-0\" \n\t\t\t\t\t\t\t\tdata-type=\"text\"\n\t\t\t\t\t\t\t\tdata-rsp_ch=\"on\"\n\t\t\t\t\t\t\t\tdata-xy=\"x:c;xo:-244px,-244px,-244px,0;y:m;yo:174px,174px,174px,45px;\"\n\t\t\t\t\t\t\t\tdata-text=\"w:normal;s:51,51,51,46;l:70,70,70,46;a:left,left,left,center;\"\n\t\t\t\t\t\t\t\tdata-dim=\"w:830px,830px,830px,auto;h:143px,143px,143px,auto;\"\n\t\t\t\t\t\t\t\tdata-frame_0=\"o:1;\"\n\t\t\t\t\t\t\t\tdata-frame_0_chars=\"d:5;o:0;rX:-90deg;oZ:-50;\"\n\t\t\t\t\t\t\t\tdata-frame_1=\"sp:1500;\"\n\t\t\t\t\t\t\t\tdata-frame_1_chars=\"e:power4.inOut;d:10;oZ:-50;\"\n\t\t\t\t\t\t\t\tdata-frame_999=\"o:0;st:5000;sR:150;\"\n\t\t\t\t\t\t\t\tstyle=\"z-index:7;font-family:'Playfair Display';text-transform:uppercase;\"\n\t\t\t\t\t\t\t>Las escuelas de verano de Samiad no transigen en materia de seguridad. \n\t\t\t\t\t\t\t<\/rs-layer><!--\n\n\t\t\t\t\t\t\t--><rs-layer\n\t\t\t\t\t\t\t\tid=\"slider-156-slide-454-layer-3\" \n\t\t\t\t\t\t\t\tdata-type=\"shape\"\n\t\t\t\t\t\t\t\tdata-rsp_ch=\"on\"\n\t\t\t\t\t\t\t\tdata-xy=\"xo:273px,273px,273px,67px;yo:360px,360px,360px,89px;\"\n\t\t\t\t\t\t\t\tdata-text=\"w:normal;s:20,20,20,4;l:0,0,0,6;\"\n\t\t\t\t\t\t\t\tdata-dim=\"w:1px;h:406px,406px,406px,101px;\"\n\t\t\t\t\t\t\t\tdata-frame_0=\"y:-50,-50,-50,-11;\"\n\t\t\t\t\t\t\t\tdata-frame_1=\"sp:1000;\"\n\t\t\t\t\t\t\t\tdata-frame_999=\"o:0;st:5000;sR:4000;\"\n\t\t\t\t\t\t\t\tstyle=\"z-index:8;background-color:#ffffff;\"\n\t\t\t\t\t\t\t> \n\t\t\t\t\t\t\t<\/rs-layer><!--\n\n\t\t\t\t\t\t\t--><rs-layer\n\t\t\t\t\t\t\t\tid=\"slider-156-slide-454-layer-4\" \n\t\t\t\t\t\t\t\tdata-type=\"shape\"\n\t\t\t\t\t\t\t\tdata-rsp_ch=\"on\"\n\t\t\t\t\t\t\t\tdata-xy=\"x:c;xo:7px,7px,7px,1px;y:m;yo:-98px,-98px,-98px,-24px;\"\n\t\t\t\t\t\t\t\tdata-text=\"w:normal;s:20,20,20,4;l:0,0,0,6;\"\n\t\t\t\t\t\t\t\tdata-dim=\"w:2880px,2880px,2880px,936px;h:1200px,1200px,1200px,905px;\"\n\t\t\t\t\t\t\t\tdata-vbility=\"f,f,f,f\"\n\t\t\t\t\t\t\t\tdata-frame_0=\"x:0,0,0,0px;y:0,0,0,0px;\"\n\t\t\t\t\t\t\t\tdata-frame_1=\"x:0,0,0,0px;y:0,0,0,0px;\"\n\t\t\t\t\t\t\t\tdata-frame_999=\"o:0;st:5000;sR:4700;\"\n\t\t\t\t\t\t\t\tstyle=\"z-index:6;background-color:rgba(0,0,0,0.5);\"\n\t\t\t\t\t\t\t> \n\t\t\t\t\t\t\t<\/rs-layer><!--\n-->\t\t\t\t\t\t<\/rs-slide>\n\t\t\t\t\t<\/rs-slides>\n\t\t\t\t<\/rs-module>\n\t\t\t\t<script>\n\t\t\t\t\tsetREVStartSize({c: 'rev_slider_156_2',rl:[1240,1240,1240,480],el:[800,800,800,720],gw:[1920,1920,1920,480],gh:[800,800,800,720],type:'standard',justify:'',layout:'fullwidth',mh:\"0\"});if (window.RS_MODULES!==undefined && window.RS_MODULES.modules!==undefined && window.RS_MODULES.modules[\"revslider1562\"]!==undefined) {window.RS_MODULES.modules[\"revslider1562\"].once = false;window.revapi156 = undefined;if (window.RS_MODULES.checkMinimal!==undefined) window.RS_MODULES.checkMinimal()}\n\t\t\t\t<\/script>\n\t\t\t<\/rs-module-wrap>\n\t\t\t<!-- END REVOLUTION SLIDER -->\n[\/vc_column][\/vc_row]<\/p>\n<\/div>","protected":false},"excerpt":{"rendered":"<p>\u00a1Como novedad para 2023, Samiad se complace en anunciar nuestro nuevo programa de ingl\u00e9s + rob\u00f3tica y programaci\u00f3n! Desarrolla habilidades en Python, rob\u00f3tica Lego y software de creaci\u00f3n de aplicaciones. <\/p>\n","protected":false},"author":4,"featured_media":5429,"parent":8198,"menu_order":0,"comment_status":"closed","ping_status":"closed","template":"","meta":{"_acf_changed":false,"neve_meta_sidebar":"","neve_meta_container":"","neve_meta_enable_content_width":"off","neve_meta_content_width":100,"neve_meta_title_alignment":"","neve_meta_author_avatar":"","neve_post_elements_order":"","neve_meta_disable_header":"","neve_meta_disable_footer":"","neve_meta_disable_title":"","neve_meta_reading_time":"","footnotes":""},"class_list":["post-8462","page","type-page","status-publish","has-post-thumbnail","hentry"],"acf":[],"_links":{"self":[{"href":"https:\/\/www.samiad.com\/es\/wp-json\/wp\/v2\/pages\/8462","targetHints":{"allow":["GET"]}}],"collection":[{"href":"https:\/\/www.samiad.com\/es\/wp-json\/wp\/v2\/pages"}],"about":[{"href":"https:\/\/www.samiad.com\/es\/wp-json\/wp\/v2\/types\/page"}],"author":[{"embeddable":true,"href":"https:\/\/www.samiad.com\/es\/wp-json\/wp\/v2\/users\/4"}],"replies":[{"embeddable":true,"href":"https:\/\/www.samiad.com\/es\/wp-json\/wp\/v2\/comments?post=8462"}],"version-history":[{"count":0,"href":"https:\/\/www.samiad.com\/es\/wp-json\/wp\/v2\/pages\/8462\/revisions"}],"up":[{"embeddable":true,"href":"https:\/\/www.samiad.com\/es\/wp-json\/wp\/v2\/pages\/8198"}],"wp:featuredmedia":[{"embeddable":true,"href":"https:\/\/www.samiad.com\/es\/wp-json\/wp\/v2\/media\/5429"}],"wp:attachment":[{"href":"https:\/\/www.samiad.com\/es\/wp-json\/wp\/v2\/media?parent=8462"}],"curies":[{"name":"wp","href":"https:\/\/api.w.org\/{rel}","templated":true}]}}