{"id":7305,"date":"2023-03-15T12:28:20","date_gmt":"2023-03-15T12:28:20","guid":{"rendered":"https:\/\/www.samiad.com\/privacy-policy-2\/"},"modified":"2025-06-25T13:29:41","modified_gmt":"2025-06-25T13:29:41","slug":"politique-de-confidentialite-2","status":"publish","type":"page","link":"https:\/\/www.samiad.com\/fr\/politique-de-confidentialite-2\/","title":{"rendered":"Politique de confidentialit\u00e9"},"content":{"rendered":"<div class=\"wpb-content-wrapper\"><p>[vc_row][vc_column][vc_column_text]<\/p>\n<h1>Politique de confidentialit\u00e9<\/h1>\n<p>www.samiad.com est un site internet exploit\u00e9 par Samiad limited. Nous sommes enregistr\u00e9s au Royaume-Uni sous le num\u00e9ro d&rsquo;entreprise 08718466. Notre adresse commerciale est Samiad Ltd, 403\/4b, JQ Modern, 120 Vyse St, Hockley, Birmingham B18 6NF  <\/p>\n<p>Cette politique de confidentialit\u00e9 couvre le site internet de Samiad Ltd et la mani\u00e8re dont nous collectons les informations aupr\u00e8s des utilisateurs, accompagn\u00e9e d&rsquo;une explication sur notre conformit\u00e9 au RGPD (R\u00e8glement G\u00e9n\u00e9ral sur la Protection des Donn\u00e9es), \u00e0 la DPA (Loi sur la Protection des Donn\u00e9es) et aux PECR (R\u00e9glementations sur la Protection de la Vie Priv\u00e9e et les Communications \u00c9lectroniques).<\/p>\n<p>Les informations que vous nous fournissez seront utilis\u00e9es pour r\u00e9pondre aux demandes re\u00e7ues sur le site internet. Nous prenons votre vie priv\u00e9e tr\u00e8s au s\u00e9rieux et si vous nous fournissez des informations lors de votre visite sur notre site internet, nous ne vendrons, n&rsquo;\u00e9changerons ni ne divulguerons vos informations personnelles (nom, adresse \u00e9lectronique, adresse postale, etc.) \u00e0 aucun tiers pour qu&rsquo;ils les utilisent \u00e0 des fins de marketing, sans votre accord. <\/p>\n<p>Si vous ne souhaitez plus que vos informations personnelles figurent dans notre base de donn\u00e9es, vous avez le droit de nous demander de les supprimer en nous contactant \u00e0 l&rsquo;adresse indiqu\u00e9e ci-dessous.<\/p>\n<p>Utilisation de notre site internet<br \/>\nTous les fichiers t\u00e9l\u00e9chargeables et autres m\u00e9dias mis \u00e0 disposition sur notre site internet sont utilis\u00e9s \u00e0 vos propres risques. Nous mettrons tout en \u0153uvre pour garantir que ces fichiers sont s\u00fbrs et exempts de virus ; cependant, il est de votre responsabilit\u00e9 de prendre vos propres pr\u00e9cautions en utilisant un logiciel antivirus. <\/p>\n<p>Des liens vers des sites internet externes sont parfois inclus sur nos pages web. Nous v\u00e9rifions ces liens pour nous assurer qu&rsquo;ils sont s\u00fbrs, cependant, il est conseill\u00e9 aux utilisateurs de proc\u00e9der avec prudence lorsqu&rsquo;ils cliquent sur des liens externes. <\/p>\n<p>Nous n&rsquo;acceptons aucune responsabilit\u00e9 pour toute perte ou dommage que vous pourriez subir en utilisant ou en agissant selon les informations contenues dans ce site internet.<\/p>\n<p>Nous nous r\u00e9servons le droit de modifier tout aspect de ce site internet ou des services fournis.<\/p>\n<p>Quelles informations recueillons-nous ?<br \/>\n1. Formulaire de demande<br \/>\nLes informations recueillies sur les formulaires de demande de notre site internet seront utilis\u00e9es pour r\u00e9pondre \u00e0 votre demande et fournir les informations suppl\u00e9mentaires n\u00e9cessaires pour r\u00e9pondre \u00e0 votre requ\u00eate et y donner suite.<\/p>\n<p>Vous aurez toujours la possibilit\u00e9 de vous d\u00e9sabonner de la r\u00e9ception de futurs courriels chaque fois que vous recevrez une communication de notre part et vous pouvez demander \u00e0 ce que vos coordonn\u00e9es soient supprim\u00e9es de notre base de donn\u00e9es de newsletter \u00e0 tout moment en nous envoyant un courriel \u00e0 l&rsquo;adresse ci-dessous.<\/p>\n<p>2. Clients de Samiad ltd<br \/>\nLorsque nous avons re\u00e7u vos coordonn\u00e9es lors d&rsquo;une vente ou de la n\u00e9gociation d&rsquo;une vente, vous serez \u00e9galement inclus dans notre base de donn\u00e9es pour recevoir r\u00e9guli\u00e8rement des nouvelles et des mises \u00e0 jour de notre part concernant des services similaires \u00e0 ceux d\u00e9j\u00e0 fournis.<\/p>\n<p>Dans chaque bulletin d&rsquo;information \u00e9lectronique que nous envoyons, vous pouvez choisir de ne plus recevoir de futurs bulletins d&rsquo;information \u00e9lectroniques de notre part en cliquant simplement sur le bouton de d\u00e9sabonnement au bas du courriel.<\/p>\n<p>Vous pouvez demander que vos informations soient supprim\u00e9es, ou rectifi\u00e9es si elles sont inexactes ou incompl\u00e8tes, \u00e0 tout moment en nous envoyant un courriel \u00e0 l&rsquo;adresse ci-dessous.<\/p>\n<p>3. Documents requis lors de la candidature<br \/>\nEn tant que prestataire de services \u00e9ducatifs, nous sommes tenus de v\u00e9rifier et de conserver une copie des d\u00e9tails du passeport de chaque \u00e9tudiant ainsi qu&rsquo;une photocopie de chaque passeport. Toutes les informations personnelles et les photocopies sont stock\u00e9es dans notre base de donn\u00e9es d&rsquo;entreprise, accessible uniquement par le personnel permanent de Samiad. Toutes les informations et photocopies des passeports sont supprim\u00e9es de cette base de donn\u00e9es dans les deux mois suivant la date de fin de votre cours.  <\/p>\n<p>Les cookies et leur utilisation<br \/>\nNous n&rsquo;utilisons pas de cookies sur notre site internet et nous ne placerons pas de cookies sur votre ordinateur lorsque vous acc\u00e9dez \u00e0 notre site internet.<br \/>\nCependant, il y a une exception lorsque les cookies sont essentiels pour fournir un service en ligne tel que le commerce \u00e9lectronique ; vous pouvez en savoir plus ici https:\/\/ico.org.uk\/for-organisations\/guide-to-pecr\/cookies-and-similar-technologies\/<\/p>\n<p>Nous utilisons Google Analytics pour analyser l&rsquo;activit\u00e9 des utilisateurs et obtenir des informations pour nous aider \u00e0 am\u00e9liorer notre site internet. Vous pouvez en savoir plus sur la fa\u00e7on dont Google utilise les donn\u00e9es en visitant leur page web situ\u00e9e \u00e0 www.google.com\/policies\/privacy\/partners\/ ou tout autre URL que Google pourrait fournir de temps \u00e0 autre. <\/p>\n<p>Vous pouvez prendre des mesures pour bloquer les cookies en utilisant les param\u00e8tres de s\u00e9curit\u00e9 de votre navigateur web.<\/p>\n<p>S\u00e9curit\u00e9 des donn\u00e9es<br \/>\nNous nous conformons aux exigences du RGPD concernant la gestion, le traitement et la s\u00e9curit\u00e9 de vos donn\u00e9es personnelles. Nous avons effectu\u00e9 un audit de toutes les donn\u00e9es personnelles d\u00e9tenues sur nos serveurs et de la fa\u00e7on dont nous les traitons pour le compte de nos clients. <\/p>\n<p>Nous ne transf\u00e9rerons pas de donn\u00e9es \u00e0 des tiers sauf si vous le demandez.<\/p>\n<p>Les informations que vous nous fournissez sont stock\u00e9es sur nos propres serveurs s\u00e9curis\u00e9s ou sur des serveurs exploit\u00e9s par un tiers (veuillez consulter la section Traitement des donn\u00e9es par les fournisseurs ci-dessous).<\/p>\n<p>Notre infrastructure est h\u00e9berg\u00e9e dans une installation sp\u00e9cialis\u00e9e qui fournit l&rsquo;environnement physique n\u00e9cessaire pour garantir la disponibilit\u00e9 de votre site 24 heures sur 24, 7 jours sur 7. L&rsquo;installation est \u00e9quip\u00e9e de syst\u00e8mes de suppression d&rsquo;incendie sur mesure, de mesures de s\u00e9curit\u00e9 et d&rsquo;une alimentation de secours pour assurer la continuit\u00e9. La s\u00e9curit\u00e9 est assur\u00e9e par un pare-feu transparent de niveau entreprise.  <\/p>\n<p>Les donn\u00e9es stock\u00e9es par nos soins sont g\u00e9r\u00e9es de mani\u00e8re \u00e0 minimiser les risques de perte ou de vol.<\/p>\n<p>Traitement des donn\u00e9es par les fournisseurs<br \/>\nNous faisons appel \u00e0 divers fournisseurs pour assurer un soutien suppl\u00e9mentaire dans le cadre de l&rsquo;exploitation de l&rsquo;entreprise et des services aux clients. Les syst\u00e8mes de messagerie \u00e9lectronique, la comptabilit\u00e9 et le stockage des actifs sont quelques-unes des plateformes de support tierces que nous utilisons. Nous veillerons \u00e0 ce que ces fournisseurs et tout futur fournisseur se conforment au RGPD. Si vous avez des questions concernant notre traitement des donn\u00e9es, veuillez nous contacter pour obtenir de plus amples informations.  <\/p>\n<p>Droits d&rsquo;auteur<br \/>\nLes informations contenues sur ce site web sont la propri\u00e9t\u00e9 de Samiad ltd et vous n&rsquo;\u00eates pas autoris\u00e9 \u00e0 utiliser ce contenu \u00e0 des fins commerciales personnelles.[\/vc_column_text][\/vc_column][\/vc_row]<\/p>\n<\/div>","protected":false},"excerpt":{"rendered":"<p>[vc_row][vc_column][vc_column_text] Politique de confidentialit\u00e9 www.samiad.com est un site internet exploit\u00e9 par Samiad limited. Nous sommes enregistr\u00e9s au Royaume-Uni sous le num\u00e9ro d&rsquo;entreprise 08718466. Notre adresse commerciale est Samiad Ltd, 403\/4b, JQ Modern, 120 Vyse St, Hockley, Birmingham B18 6NF Cette politique de confidentialit\u00e9 couvre le site internet de Samiad Ltd et la mani\u00e8re dont nous&hellip;&nbsp;<a href=\"https:\/\/www.samiad.com\/fr\/politique-de-confidentialite-2\/\" rel=\"bookmark\">Read More &raquo;<span class=\"screen-reader-text\">Politique de confidentialit\u00e9<\/span><\/a><\/p>\n","protected":false},"author":1,"featured_media":0,"parent":0,"menu_order":0,"comment_status":"closed","ping_status":"closed","template":"","meta":{"_acf_changed":false,"neve_meta_sidebar":"","neve_meta_container":"","neve_meta_enable_content_width":"off","neve_meta_content_width":100,"neve_meta_title_alignment":"","neve_meta_author_avatar":"","neve_post_elements_order":"","neve_meta_disable_header":"","neve_meta_disable_footer":"","neve_meta_disable_title":"","neve_meta_reading_time":"","footnotes":""},"class_list":["post-7305","page","type-page","status-publish","hentry"],"acf":[],"_links":{"self":[{"href":"https:\/\/www.samiad.com\/fr\/wp-json\/wp\/v2\/pages\/7305","targetHints":{"allow":["GET"]}}],"collection":[{"href":"https:\/\/www.samiad.com\/fr\/wp-json\/wp\/v2\/pages"}],"about":[{"href":"https:\/\/www.samiad.com\/fr\/wp-json\/wp\/v2\/types\/page"}],"author":[{"embeddable":true,"href":"https:\/\/www.samiad.com\/fr\/wp-json\/wp\/v2\/users\/1"}],"replies":[{"embeddable":true,"href":"https:\/\/www.samiad.com\/fr\/wp-json\/wp\/v2\/comments?post=7305"}],"version-history":[{"count":0,"href":"https:\/\/www.samiad.com\/fr\/wp-json\/wp\/v2\/pages\/7305\/revisions"}],"wp:attachment":[{"href":"https:\/\/www.samiad.com\/fr\/wp-json\/wp\/v2\/media?parent=7305"}],"curies":[{"name":"wp","href":"https:\/\/api.w.org\/{rel}","templated":true}]}}