{"id":7366,"date":"2025-03-12T15:13:13","date_gmt":"2025-03-12T15:13:13","guid":{"rendered":"https:\/\/www.samiad.com\/programmes\/samiad-signature-programme\/"},"modified":"2026-01-09T12:17:12","modified_gmt":"2026-01-09T12:17:12","slug":"samiad-programme-phare","status":"publish","type":"page","link":"https:\/\/www.samiad.com\/fr\/programmes\/samiad-programme-phare\/","title":{"rendered":"Programme signature de Samiad"},"content":{"rendered":"<div class=\"wpb-content-wrapper\"><p>[vc_row][vc_column]\n\t\t\t<!-- START Signature Programme (hero)fr REVOLUTION SLIDER 6.6.18 --><p class=\"rs-p-wp-fix\"><\/p>\n\t\t\t<rs-module-wrap id=\"rev_slider_142_1_wrapper\" data-source=\"gallery\" style=\"visibility:hidden;background:transparent;padding:0;margin:0px auto;margin-top:0;margin-bottom:0;\">\n\t\t\t\t<rs-module id=\"rev_slider_142_1\" style=\"\" data-version=\"6.6.18\">\n\t\t\t\t\t<rs-slides style=\"overflow: hidden; position: absolute;\">\n\t\t\t\t\t\t<rs-slide style=\"position: absolute;\" data-key=\"rs-417\" data-title=\"Slide\" data-in=\"o:0;\" data-out=\"a:false;\">\n\t\t\t\t\t\t\t<img decoding=\"async\" src=\"\/\/www.samiad.com\/wp-content\/plugins\/revslider\/public\/assets\/assets\/dummy.png\" alt=\"\" title=\"Eton 8\" width=\"2560\" height=\"1703\" class=\"rev-slidebg tp-rs-img rs-lazyload\" data-lazyload=\"\/\/samiad.com\/wp-content\/uploads\/2025\/03\/Eton-8-scaled.jpg\" data-no-retina>\n<!--\n\t\t\t\t\t\t\t--><h1\n\t\t\t\t\t\t\t\tid=\"slider-142-slide-417-layer-0\" \n\t\t\t\t\t\t\t\tclass=\"rs-layer\"\n\t\t\t\t\t\t\t\tdata-type=\"text\"\n\t\t\t\t\t\t\t\tdata-rsp_ch=\"on\"\n\t\t\t\t\t\t\t\tdata-xy=\"x:c;xo:-443px,-443px,-443px,88px;y:m;yo:301px,301px,301px,183px;\"\n\t\t\t\t\t\t\t\tdata-text=\"w:normal;s:70,70,70,65;l:70,70,70,65;\"\n\t\t\t\t\t\t\t\tdata-dim=\"w:440px,440px,440px,519px;\"\n\t\t\t\t\t\t\t\tdata-frame_0=\"x:0,0,0,0px;y:0,0,0,0px;o:1;\"\n\t\t\t\t\t\t\t\tdata-frame_0_chars=\"d:5;x:0,0,0,0px;y:0,0,0,0px;o:0;rX:-90deg;oZ:-50;\"\n\t\t\t\t\t\t\t\tdata-frame_1=\"x:0,0,0,0px;y:0,0,0,0px;sp:1750;\"\n\t\t\t\t\t\t\t\tdata-frame_1_chars=\"e:power4.inOut;d:10;x:0,0,0,0px;y:0,0,0,0px;oZ:-50;\"\n\t\t\t\t\t\t\t\tdata-frame_999=\"o:0;st:w;sR:150;\"\n\t\t\t\t\t\t\t\tstyle=\"z-index:7;font-family:'Playfair Display';\"\n\t\t\t\t\t\t\t>Samiad<br \/>\nSignature<br \/>\nProgramme \n\t\t\t\t\t\t\t<\/h1><!--\n\n\t\t\t\t\t\t\t--><rs-layer\n\t\t\t\t\t\t\t\tid=\"slider-142-slide-417-layer-1\" \n\t\t\t\t\t\t\t\tdata-type=\"shape\"\n\t\t\t\t\t\t\t\tdata-rsp_ch=\"on\"\n\t\t\t\t\t\t\t\tdata-xy=\"x:c;y:m;\"\n\t\t\t\t\t\t\t\tdata-text=\"w:normal;s:20,20,20,4;l:0,0,0,6;\"\n\t\t\t\t\t\t\t\tdata-dim=\"w:2880px,2880px,2880px,720px;h:1500px,1500px,1500px,727px;\"\n\t\t\t\t\t\t\t\tdata-frame_999=\"o:0;st:w;\"\n\t\t\t\t\t\t\t\tstyle=\"z-index:6;background-color:rgba(0,0,0,0.36);\"\n\t\t\t\t\t\t\t> \n\t\t\t\t\t\t\t<\/rs-layer><!--\n\n\t\t\t\t\t\t\t--><rs-layer\n\t\t\t\t\t\t\t\tid=\"slider-142-slide-417-layer-2\" \n\t\t\t\t\t\t\t\tdata-type=\"text\"\n\t\t\t\t\t\t\t\tdata-rsp_ch=\"on\"\n\t\t\t\t\t\t\t\tdata-xy=\"xo:306px,306px,306px,75px;yo:863px,863px,863px,215px;\"\n\t\t\t\t\t\t\t\tdata-text=\"w:normal;s:20,20,20,4;l:25,25,25,6;fw:300;\"\n\t\t\t\t\t\t\t\tdata-frame_999=\"o:0;st:w;\"\n\t\t\t\t\t\t\t\tstyle=\"z-index:9;font-family:'Poppins';font-style:italic;\"\n\t\t\t\t\t\t\t> \n\t\t\t\t\t\t\t<\/rs-layer><!--\n\n\t\t\t\t\t\t\t--><rs-layer\n\t\t\t\t\t\t\t\tid=\"slider-142-slide-417-layer-3\" \n\t\t\t\t\t\t\t\tdata-type=\"shape\"\n\t\t\t\t\t\t\t\tdata-rsp_ch=\"on\"\n\t\t\t\t\t\t\t\tdata-xy=\"xo:251px,251px,251px,38px;yo:677px,677px,677px,480px;\"\n\t\t\t\t\t\t\t\tdata-text=\"w:normal;s:20,20,20,4;l:0,0,0,6;\"\n\t\t\t\t\t\t\t\tdata-dim=\"w:1px;h:245px,245px,245px,133px;\"\n\t\t\t\t\t\t\t\tdata-frame_0=\"y:-50,-50,-50,-11;\"\n\t\t\t\t\t\t\t\tdata-frame_1=\"sp:1000;\"\n\t\t\t\t\t\t\t\tdata-frame_999=\"o:0;st:w;sR:4000;\"\n\t\t\t\t\t\t\t\tstyle=\"z-index:8;background-color:#ffffff;\"\n\t\t\t\t\t\t\t> \n\t\t\t\t\t\t\t<\/rs-layer><!--\n-->\t\t\t\t\t\t<\/rs-slide>\n\t\t\t\t\t<\/rs-slides>\n\t\t\t\t<\/rs-module>\n\t\t\t\t<script>\n\t\t\t\t\tsetREVStartSize({c: 'rev_slider_142_1',rl:[1240,1240,1240,480],el:[1000,1000,1000,720],gw:[1920,1920,1920,480],gh:[1000,1000,1000,720],type:'standard',justify:'',layout:'fullwidth',mh:\"0\"});if (window.RS_MODULES!==undefined && window.RS_MODULES.modules!==undefined && window.RS_MODULES.modules[\"revslider1421\"]!==undefined) {window.RS_MODULES.modules[\"revslider1421\"].once = false;window.revapi142 = undefined;if (window.RS_MODULES.checkMinimal!==undefined) window.RS_MODULES.checkMinimal()}\n\t\t\t\t<\/script>\n\t\t\t<\/rs-module-wrap>\n\t\t\t<!-- END REVOLUTION SLIDER -->\n[\/vc_column][\/vc_row][vc_row gap=\u00a0\u00bb35&Prime; css=\u00a0\u00bb.vc_custom_1677503075899{padding-top: 50px !important;}\u00a0\u00bb el_id=\u00a0\u00bbmulti-activit\u00e9s\u00a0\u00bb][vc_column width=\u00a0\u00bb1\/2&Prime;][vc_column_text]<\/p>\n<h2>Emplacement<\/h2>\n<ul>\n<li>Coll\u00e8ge d&rsquo;Eton<\/li>\n<\/ul>\n<h2>Dates<\/h2>\n<ul>\n<li>Du 1er au 15 juillet 2025<\/li>\n<\/ul>\n<h2>\u00c2ges<\/h2>\n<ul>\n<li>12 &#8211; 17 ans<\/li>\n<\/ul>\n<p>[\/vc_column_text][\/vc_column][vc_column width=\u00a0\u00bb1\/2&Prime;][vc_column_text]<\/p>\n<h2 class=\"secondary-h1\">Programme signature de Samiad<\/h2>\n<h2>Aper\u00e7u<\/h2>\n<p>Nous avons l&rsquo;honneur de vous pr\u00e9senter notre tout nouveau et exclusif Programme Signature de Samiad, organis\u00e9 au prestigieux Coll\u00e8ge d&rsquo;Eton.<\/p>\n<p>Con\u00e7u pour les jeunes apprenants ambitieux, le Programme Signature de Samiad allie des activit\u00e9s d&rsquo;\u00e9lite, des excursions inspirantes et un apprentissage immersif de la langue anglaise. Les \u00e9tudiants d\u00e9velopperont leur confiance en soi, leurs comp\u00e9tences en leadership et en travail d&rsquo;\u00e9quipe gr\u00e2ce \u00e0 un programme soigneusement \u00e9labor\u00e9 comprenant des activit\u00e9s sportives, artistiques, des d\u00e9fis en plein air et des exp\u00e9riences culturelles.<\/p>\n<p>Le programme inclut des visites aux Studios Harry Potter et \u00e0 un spectacle du West End, ainsi que des exp\u00e9riences britanniques classiques, avec des visites de la ville d&rsquo;Oxford et du Ch\u00e2teau de Windsor.<\/p>\n<p>Ax\u00e9 sur l&rsquo;excellence, ce programme unique garantit une exp\u00e9rience estivale exceptionnelle, o\u00f9 les \u00e9tudiants nouent des amiti\u00e9s durables, lib\u00e8rent leur plein potentiel et cr\u00e9ent des souvenirs inoubliables dans l&rsquo;\u00e9tablissement scolaire le plus convoit\u00e9 d&rsquo;Europe.<\/p>\n<h2>Points saillants<\/h2>\n<p>[\/vc_column_text][vc_row_inner][vc_column_inner width=\u00a0\u00bb1\/2&Prime;][vc_column_text]<\/p>\n<ul>\n<li>H\u00e9bergement en pension compl\u00e8te<\/li>\n<li>Pension compl\u00e8te<\/li>\n<li>15 heures de cours d&rsquo;anglais par semaine<\/li>\n<li>Programme complet d&rsquo;activit\u00e9s<\/li>\n<\/ul>\n<p>[\/vc_column_text][\/vc_column_inner][vc_column_inner width=\u00a0\u00bb1\/2&Prime;][vc_column_text]<\/p>\n<ul>\n<li>Supervision 24 heures sur 24<\/li>\n<li>3 excursions par semaine<\/li>\n<li>Ratio personnel\/\u00e9tudiants de 1:6<\/li>\n<li>Taille moyenne des classes de 15 \u00e9l\u00e8ves<\/li>\n<\/ul>\n<p>[\/vc_column_text][\/vc_column_inner][\/vc_row_inner][\/vc_column][\/vc_row][vc_row css=\u00a0\u00bb.vc_custom_1677508408073{padding-top: 50px !important;padding-bottom: 50px !important;}\u00a0\u00bb][vc_column][vc_btn title=\u00a0\u00bbDemander des renseignements d\u00e8s maintenant\u00a0\u00bb style=\u00a0\u00bbcustom\u00a0\u00bb custom_background=\u00a0\u00bb#ad986e\u00a0\u00bb custom_text=\u00a0\u00bb#ffffff\u00a0\u00bb shape=\u00a0\u00bbsquare\u00a0\u00bb align=\u00a0\u00bbcenter\u00a0\u00bb el_id=\u00a0\u00bbbutton-main\u00a0\u00bb link=\u00a0\u00bburl:https%3A%2F%2Fwww.samiad.com%2Ffr%2Fdemander-des-informations%2F|title:Demander%20des%20renseignements%20d%C3%A8s%20maintenant|\u00a0\u00bb][\/vc_column][\/vc_row][vc_row gap=\u00a0\u00bb35&Prime; css=\u00a0\u00bb.vc_custom_1677503087496{border-bottom-width: 50px !important;padding-top: 50px !important;}\u00a0\u00bb el_id=\u00a0\u00bbblock-area\u00a0\u00bb][vc_column width=\u00a0\u00bb1\/2&Prime;][vc_column_text css=\u00a0\u00bb.vc_custom_1743166865141{padding-top: 30px !important;padding-right: 30px !important;padding-bottom: 30px !important;padding-left: 30px !important;background-color: #ffffff !important;}\u00a0\u00bb el_class=\u00a0\u00bbwhite-box\u00a0\u00bb]<\/p>\n<h2>Un \u00e9quilibre parfait !<\/h2>\n<p>Entre la salle de classe, les terrains de sport et les espaces de socialisation, nos \u00e9tudiants se feront de nouveaux amis venus du monde entier. Les \u00e9tudiants sont plac\u00e9s selon leur \u00e2ge et leur niveau de comp\u00e9tence, dans un m\u00e9lange soigneusement \u00e9labor\u00e9 de nationalit\u00e9s, ils forgeront des amiti\u00e9s durables dans un environnement international inspirant.<\/p>\n<p>Le programme offre la possibilit\u00e9 de suivre les traces de nombreux membres de la famille royale, de laur\u00e9ats du prix Nobel et de Premiers ministres qui ont \u00e9tudi\u00e9 dans les v\u00e9n\u00e9rables salles du Coll\u00e8ge d&rsquo;Eton.[\/vc_column_text][vc_single_image image=\u00a0\u00bb3763&Prime; img_size=\u00a0\u00bbfull\u00a0\u00bb el_id=\u00a0\u00bbwhite-box-image\u00a0\u00bb][\/vc_column][vc_column width=\u00a0\u00bb1\/2&Prime;][vc_single_image image=\u00a0\u00bb3764&Prime; img_size=\u00a0\u00bbfull\u00a0\u00bb alignment=\u00a0\u00bbright\u00a0\u00bb el_id=\u00a0\u00bbwhite-box-image-right\u00a0\u00bb][vc_column_text css=\u00a0\u00bb.vc_custom_1741790093252{padding-top: 30px !important;padding-right: 30px !important;padding-bottom: 30px !important;padding-left: 30px !important;background-color: #ffffff !important;}\u00a0\u00bb el_class=\u00a0\u00bbwhite-box-right\u00a0\u00bb]<\/p>\n<h2>Cours d&rsquo;anglais<\/h2>\n<p><span style=\"font-weight: 400;\">Dispens\u00e9s par des \u00e9ducateurs anglophones natifs experts, chaque cours est con\u00e7u pour acc\u00e9l\u00e9rer la ma\u00eetrise de la langue \u00e0 travers des projets interactifs.<\/span><\/p>\n<h2>Pour tous les \u00e2ges<\/h2>\n<p><span style=\"font-weight: 400;\">Con\u00e7u pour les \u00e9tudiants \u00e2g\u00e9s de 12 \u00e0 17 ans, le programme rassemble un m\u00e9lange d&rsquo;\u00e2ges, encourageant l&rsquo;apprentissage entre pairs, l&rsquo;\u00e9change culturel et le partage d&rsquo;exp\u00e9riences qui cr\u00e9eront des souvenirs incroyables pour la vie.<\/span>[\/vc_column_text][\/vc_column][\/vc_row][vc_row full_width=\u00a0\u00bbstretch_row\u00a0\u00bb css=\u00a0\u00bb.vc_custom_1677509492784{padding-top: 100px !important;padding-bottom: 100px !important;background-color: #e6e1d6 !important;}\u00a0\u00bb][vc_column][vc_row_inner content_placement=\u00a0\u00bbmiddle\u00a0\u00bb gap=\u00a0\u00bb35&Prime;][vc_column_inner width=\u00a0\u00bb1\/2&Prime;][vc_single_image image=\u00a0\u00bb3767&Prime; img_size=\u00a0\u00bbfull\u00a0\u00bb alignment=\u00a0\u00bbcenter\u00a0\u00bb css_animation=\u00a0\u00bbslideInLeft\u00a0\u00bb][\/vc_column_inner][vc_column_inner width=\u00a0\u00bb1\/2&Prime;][vc_column_text]<\/p>\n<h2>D\u00c9COUVREZ LES SITES<\/h2>\n<p><span style=\"font-weight: 400;\">Samiad est particuli\u00e8rement reconnu pour les excursions exclusives que nous proposons dans le cadre de nos programmes. Nous avons soigneusement s\u00e9lectionn\u00e9 les excursions pour offrir un m\u00e9lange d&rsquo;histoire, de culture et de divertissement. Profitez d&rsquo;une visite en bateau \u00e0 Oxford, explorez les monuments les plus c\u00e9l\u00e8bres de Londres et vivez la magie absolue du monde de Harry Potter. <\/span><\/p>\n<p><span style=\"font-weight: 400;\">Il n&rsquo;y a que 80 places disponibles pour ce programme, veuillez donc nous contacter d\u00e8s aujourd&rsquo;hui pour nous parler de la r\u00e9servation de votre place !<\/span>[\/vc_column_text][\/vc_column_inner][\/vc_row_inner][\/vc_column][\/vc_row][vc_row full_width=\u00a0\u00bbstretch_row\u00a0\u00bb gap=\u00a0\u00bb35&Prime; css=\u00a0\u00bb.vc_custom_1678269198217{padding-top: 50px !important;padding-bottom: 50px !important;background-color: #ebebeb !important;}\u00a0\u00bb][vc_column el_id=\u00a0\u00bbno-padding\u00a0\u00bb][vc_column_text css=\u00a0\u00bb.vc_custom_1678269135934{padding-top: 30px !important;padding-bottom: 30px !important;}\u00a0\u00bb]<\/p>\n<h2 style=\"text-align: center;\">Emplacements<\/h2>\n<p>[\/vc_column_text][vc_row_inner gap=\u00a0\u00bb35&Prime;][vc_column_inner width=\u00a0\u00bb1\/4&Prime; css=\u00a0\u00bb.vc_custom_1727698382721{background-color: #ebebeb !important;}\u00a0\u00bb][\/vc_column_inner][vc_column_inner width=\u00a0\u00bb1\/2&Prime; css=\u00a0\u00bb.vc_custom_1727698436307{background-color: #ffffff !important;}\u00a0\u00bb][vc_single_image image=\u00a0\u00bb3761&Prime; img_size=\u00a0\u00bb900&#215;600&Prime; alignment=\u00a0\u00bbcenter\u00a0\u00bb][vc_column_text css=\u00a0\u00bb.vc_custom_1742906130553{padding-top: 20px !important;padding-right: 20px !important;padding-bottom: 20px !important;padding-left: 20px !important;}\u00a0\u00bb]<\/p>\n<p style=\"text-align: center;\">WINDSOR<\/p>\n<h2 style=\"text-align: center;\">COLL\u00c8GE D&rsquo;ETON<\/h2>\n<p style=\"text-align: center;\">Du mardi 1er juillet au mardi 15 juillet<\/p>\n<p style=\"text-align: center;\"><strong>4 600 \u00a3 pour 14 nuits<\/strong><\/p>\n<p style=\"text-align: center;\"><a href=\"https:\/\/samiad.com\/enquire-now\/\" target=\"_blank\" rel=\"noopener\">Demander des renseignements d\u00e8s maintenant<\/a><\/p>\n<p style=\"text-align: center;\"><a href=\"https:\/\/samiad.com\/eton-college\/\" target=\"_blank\" rel=\"noopener\">En savoir plus<\/a><\/p>\n<p>[\/vc_column_text][\/vc_column_inner][vc_column_inner width=\u00a0\u00bb1\/4&Prime; css=\u00a0\u00bb.vc_custom_1727698397976{background-color: #ebebeb !important;}\u00a0\u00bb][\/vc_column_inner][\/vc_row_inner][\/vc_column][\/vc_row]<\/p>\n<\/div>","protected":false},"excerpt":{"rendered":"<p>Ax\u00e9 sur l&rsquo;excellence, ce programme unique garantit une exp\u00e9rience estivale exceptionnelle dans l&rsquo;\u00e9tablissement scolaire le plus convoit\u00e9 d&rsquo;Europe.<\/p>\n","protected":false},"author":4,"featured_media":7086,"parent":7268,"menu_order":0,"comment_status":"closed","ping_status":"closed","template":"","meta":{"_acf_changed":false,"neve_meta_sidebar":"","neve_meta_container":"","neve_meta_enable_content_width":"off","neve_meta_content_width":100,"neve_meta_title_alignment":"","neve_meta_author_avatar":"","neve_post_elements_order":"","neve_meta_disable_header":"","neve_meta_disable_footer":"","neve_meta_disable_title":"","neve_meta_reading_time":"","footnotes":""},"class_list":["post-7366","page","type-page","status-publish","has-post-thumbnail","hentry"],"acf":[],"_links":{"self":[{"href":"https:\/\/www.samiad.com\/fr\/wp-json\/wp\/v2\/pages\/7366","targetHints":{"allow":["GET"]}}],"collection":[{"href":"https:\/\/www.samiad.com\/fr\/wp-json\/wp\/v2\/pages"}],"about":[{"href":"https:\/\/www.samiad.com\/fr\/wp-json\/wp\/v2\/types\/page"}],"author":[{"embeddable":true,"href":"https:\/\/www.samiad.com\/fr\/wp-json\/wp\/v2\/users\/4"}],"replies":[{"embeddable":true,"href":"https:\/\/www.samiad.com\/fr\/wp-json\/wp\/v2\/comments?post=7366"}],"version-history":[{"count":0,"href":"https:\/\/www.samiad.com\/fr\/wp-json\/wp\/v2\/pages\/7366\/revisions"}],"up":[{"embeddable":true,"href":"https:\/\/www.samiad.com\/fr\/wp-json\/wp\/v2\/pages\/7268"}],"wp:featuredmedia":[{"embeddable":true,"href":"https:\/\/www.samiad.com\/fr\/wp-json\/wp\/v2\/media\/7086"}],"wp:attachment":[{"href":"https:\/\/www.samiad.com\/fr\/wp-json\/wp\/v2\/media?parent=7366"}],"curies":[{"name":"wp","href":"https:\/\/api.w.org\/{rel}","templated":true}]}}