{"id":7432,"date":"2024-06-07T12:09:10","date_gmt":"2024-06-07T12:09:10","guid":{"rendered":"https:\/\/www.samiad.com\/year-round-experiences\/"},"modified":"2025-12-15T17:09:17","modified_gmt":"2025-12-15T17:09:17","slug":"experiences-tout-au-long-de-lannee","status":"publish","type":"page","link":"https:\/\/www.samiad.com\/fr\/experiences-tout-au-long-de-lannee\/","title":{"rendered":"Exp\u00e9riences tout au long de l&rsquo;ann\u00e9e"},"content":{"rendered":"<div class=\"wpb-content-wrapper\"><p>[vc_row][vc_column]\n\t\t\t<!-- START Year Round Experiencesfr REVOLUTION SLIDER 6.6.18 --><p class=\"rs-p-wp-fix\"><\/p>\n\t\t\t<rs-module-wrap id=\"rev_slider_204_1_wrapper\" data-source=\"gallery\" style=\"visibility:hidden;background:transparent;padding:0;margin:0px auto;margin-top:0;margin-bottom:0;\">\n\t\t\t\t<rs-module id=\"rev_slider_204_1\" style=\"\" data-version=\"6.6.18\">\n\t\t\t\t\t<rs-slides style=\"overflow: hidden; position: absolute;\">\n\t\t\t\t\t\t<rs-slide style=\"position: absolute;\" data-key=\"rs-576\" data-title=\"Slide\" data-anim=\"e:slidingoverlay;ms:2000;\" data-in=\"o:1;x:-100%;\" data-out=\"a:false;\">\n\t\t\t\t\t\t\t<img decoding=\"async\" src=\"\/\/www.samiad.com\/wp-content\/plugins\/revslider\/public\/assets\/assets\/dummy.png\" alt=\"\" title=\"SAMIAD BY THE SEA 1\" width=\"1748\" height=\"1240\" class=\"rev-slidebg tp-rs-img rs-lazyload\" data-lazyload=\"\/\/samiad.com\/wp-content\/uploads\/2024\/06\/SAMIAD-BY-THE-SEA-1.png\" data-no-retina>\n<!--\n\t\t\t\t\t\t\t--><rs-layer\n\t\t\t\t\t\t\t\tid=\"slider-204-slide-576-layer-0\" \n\t\t\t\t\t\t\t\tdata-type=\"text\"\n\t\t\t\t\t\t\t\tdata-rsp_ch=\"on\"\n\t\t\t\t\t\t\t\tdata-xy=\"x:c;xo:-244px,-244px,-244px,0;y:m;yo:104px,104px,104px,171px;\"\n\t\t\t\t\t\t\t\tdata-text=\"w:normal;s:51,51,51,39;l:70,70,70,41;a:left,left,left,center;\"\n\t\t\t\t\t\t\t\tdata-dim=\"w:830px,830px,830px,417px;h:235px,235px,235px,auto;\"\n\t\t\t\t\t\t\t\tdata-frame_0=\"x:0,0,0,0px;y:0,0,0,0px;o:1;\"\n\t\t\t\t\t\t\t\tdata-frame_0_chars=\"d:5;x:0,0,0,0px;y:0,0,0,0px;o:0;rX:-90deg;oZ:-50;\"\n\t\t\t\t\t\t\t\tdata-frame_1=\"x:1px,1px,1px,0px;y:-1px,-1px,-1px,0px;e:default;sp:1750;\"\n\t\t\t\t\t\t\t\tdata-frame_1_chars=\"e:power4.inOut;d:10;x:0,0,0,0px;y:0,0,0,0px;oZ:-50;\"\n\t\t\t\t\t\t\t\tdata-frame_999=\"x:-50,-50,-50,-10px;o:0;st:9800;sp:2500;sR:4750;\"\n\t\t\t\t\t\t\t\tdata-tloop=\"t:frame_1;\"\n\t\t\t\t\t\t\t\tstyle=\"z-index:7;font-family:'Playfair Display';text-transform:uppercase;\"\n\t\t\t\t\t\t\t>UNE \u00c9COLE D'\u00c9T\u00c9 DE POINTE OFFRE D\u00c9SORMAIS DES EXP\u00c9RIENCES TOUTE L'ANN\u00c9E \n\t\t\t\t\t\t\t<\/rs-layer><!--\n\n\t\t\t\t\t\t\t--><a id=\"slider-204-slide-576-layer-1\" class=\"rs-layer rev-btn\" href=\"https:\/\/samiad.com\/wp-content\/uploads\/2024\/06\/Samiad-A4-Pre-arrival-and-Student-Handbook-2024.pdf\" target=\"_blank\" rel=\"noopener\" data-type=\"button\" data-rsp_ch=\"on\" data-xy=\"x:l,l,l,c;xo:305px,305px,305px,0;yo:648px,648px,648px,612px;\" data-text=\"w:normal;s:17,17,17,13;l:40,40,40,29;fw:500;\" data-dim=\"minh:0px,0px,0px,none;\" data-padding=\"r:25,25,25,20;l:25,25,25,20;\" data-border=\"bos:solid;boc:#ffffff;bow:1px,1px,1px,1px;\" data-frame_0=\"y:50,50,50,11;\" data-frame_1=\"st:990;sp:1000;sR:990;\" data-frame_999=\"o:0;st:w;sR:8010;\" data-frame_hover=\"bgc:rgba(0,0,0,0);boc:rgba(255,255,255,0.75);bor:0px,0px,0px,0px;bos:solid;bow:1px,1px,1px,1px;e:power1.inOut;\" style=\"z-index:9;background-color:rgba(0,0,0,0);font-family:&#039;Roboto&#039;;\">T\u00c9L\u00c9CHARGER LE GUIDE DE L'\u00c9TUDIANT \n\t\t\t\t\t\t\t<\/a><!--\n\n\t\t\t\t\t\t\t--><rs-layer\n\t\t\t\t\t\t\t\tid=\"slider-204-slide-576-layer-3\" \n\t\t\t\t\t\t\t\tdata-type=\"shape\"\n\t\t\t\t\t\t\t\tdata-rsp_ch=\"on\"\n\t\t\t\t\t\t\t\tdata-xy=\"xo:274px,274px,274px,-72px;yo:387px,387px,387px,89px;\"\n\t\t\t\t\t\t\t\tdata-text=\"w:normal;s:20,20,20,4;l:0,0,0,6;\"\n\t\t\t\t\t\t\t\tdata-dim=\"w:1px;h:306px,306px,306px,75px;\"\n\t\t\t\t\t\t\t\tdata-frame_0=\"y:-50,-50,-50,-11;\"\n\t\t\t\t\t\t\t\tdata-frame_1=\"sp:1000;\"\n\t\t\t\t\t\t\t\tdata-frame_999=\"o:0;st:w;sR:9000;\"\n\t\t\t\t\t\t\t\tstyle=\"z-index:8;background-color:#ffffff;\"\n\t\t\t\t\t\t\t> \n\t\t\t\t\t\t\t<\/rs-layer><!--\n\n\t\t\t\t\t\t\t--><rs-layer\n\t\t\t\t\t\t\t\tid=\"slider-204-slide-576-layer-4\" \n\t\t\t\t\t\t\t\tdata-type=\"shape\"\n\t\t\t\t\t\t\t\tdata-rsp_ch=\"on\"\n\t\t\t\t\t\t\t\tdata-xy=\"x:c;xo:38px,38px,38px,9px;y:m;yo:-160px,-160px,-160px,-39px;\"\n\t\t\t\t\t\t\t\tdata-text=\"w:normal;s:20,20,20,4;l:0,0,0,6;\"\n\t\t\t\t\t\t\t\tdata-dim=\"w:2880px,2880px,2880px,936px;h:1200px,1200px,1200px,905px;\"\n\t\t\t\t\t\t\t\tdata-vbility=\"f,f,f,f\"\n\t\t\t\t\t\t\t\tdata-frame_0=\"y:50,50,50,11;\"\n\t\t\t\t\t\t\t\tdata-frame_1=\"sp:1000;\"\n\t\t\t\t\t\t\t\tdata-frame_999=\"o:0;st:w;sR:9000;\"\n\t\t\t\t\t\t\t\tstyle=\"z-index:6;background-color:rgba(0,0,0,0.5);\"\n\t\t\t\t\t\t\t> \n\t\t\t\t\t\t\t<\/rs-layer><!--\n-->\t\t\t\t\t\t<\/rs-slide>\n\t\t\t\t\t<\/rs-slides>\n\t\t\t\t<\/rs-module>\n\t\t\t\t<script>\n\t\t\t\t\tsetREVStartSize({c: 'rev_slider_204_1',rl:[1240,1240,1240,480],el:[800,800,800,720],gw:[1920,1920,1920,480],gh:[800,800,800,720],type:'standard',justify:'',layout:'fullwidth',mh:\"0\"});if (window.RS_MODULES!==undefined && window.RS_MODULES.modules!==undefined && window.RS_MODULES.modules[\"revslider2041\"]!==undefined) {window.RS_MODULES.modules[\"revslider2041\"].once = false;window.revapi204 = undefined;if (window.RS_MODULES.checkMinimal!==undefined) window.RS_MODULES.checkMinimal()}\n\t\t\t\t<\/script>\n\t\t\t<\/rs-module-wrap>\n\t\t\t<!-- END REVOLUTION SLIDER -->\n[\/vc_column][\/vc_row][vc_row full_width=\u00a0\u00bbstretch_row\u00a0\u00bb css=\u00a0\u00bb.vc_custom_1717756854588{padding-top: 100px !important;padding-bottom: 60px !important;background-color: #e6e1d6 !important;}\u00a0\u00bb][vc_column][vc_empty_space height=\u00a0\u00bb15px\u00a0\u00bb][vc_column_text]<\/p>\n<h2 style=\"text-align: center;\"><strong>Samiad au bord de la mer !<\/strong><\/h2>\n<p>[\/vc_column_text][vc_empty_space height=\u00a0\u00bb15px\u00a0\u00bb][vc_column_text]<\/p>\n<div class=\"TypographyPresentation TypographyPresentation--m RichText3-paragraph--withVSpacingNormal RichText3-paragraph\" style=\"text-align: center;\">D\u00e9couvrez les programmes uniques de Samiad tout au long de l&rsquo;ann\u00e9e ! D\u00e9sormais disponibles pour les groupes scolaires, nos programmes sur mesure comprennent :<\/div>\n<p>[\/vc_column_text][\/vc_column][\/vc_row][vc_row full_width=\u00a0\u00bbstretch_row\u00a0\u00bb css=\u00a0\u00bb.vc_custom_1717756909124{padding-bottom: 90px !important;background-color: #e6e1d6 !important;}\u00a0\u00bb][vc_column width=\u00a0\u00bb1\/4&Prime;][vc_empty_space height=\u00a0\u00bb15px\u00a0\u00bb][vc_icon icon_fontawesome=\u00a0\u00bbfas fa-hotel\u00a0\u00bb color=\u00a0\u00bbcustom\u00a0\u00bb size=\u00a0\u00bblg\u00a0\u00bb align=\u00a0\u00bbcenter\u00a0\u00bb custom_color=\u00a0\u00bb#652582&Prime;][vc_empty_space height=\u00a0\u00bb15px\u00a0\u00bb][vc_column_text]<\/p>\n<h3 style=\"text-align: center;\">H\u00e9bergement<\/h3>\n<p style=\"text-align: center;\">H\u00e9bergement en pension compl\u00e8te \u00e0 la prestigieuse \u00e9cole Wellesley Haddon Dean.<\/p>\n<p>[\/vc_column_text][\/vc_column][vc_column width=\u00a0\u00bb1\/4&Prime;][vc_empty_space height=\u00a0\u00bb15px\u00a0\u00bb][vc_icon icon_fontawesome=\u00a0\u00bbfas fa-water\u00a0\u00bb color=\u00a0\u00bbcustom\u00a0\u00bb size=\u00a0\u00bblg\u00a0\u00bb align=\u00a0\u00bbcenter\u00a0\u00bb custom_color=\u00a0\u00bb#652582&Prime;][vc_empty_space height=\u00a0\u00bb15px\u00a0\u00bb][vc_column_text]<\/p>\n<h3 style=\"text-align: center;\">Installations<\/h3>\n<p style=\"text-align: center;\">Acc\u00e8s \u00e0 des installations de premier ordre et aux magnifiques villes historiques de Canterbury, Londres et du bord de mer.<\/p>\n<p>[\/vc_column_text][\/vc_column][vc_column width=\u00a0\u00bb1\/4&Prime;][vc_empty_space height=\u00a0\u00bb15px\u00a0\u00bb][vc_icon icon_fontawesome=\u00a0\u00bbfas fa-hiking\u00a0\u00bb color=\u00a0\u00bbcustom\u00a0\u00bb size=\u00a0\u00bblg\u00a0\u00bb align=\u00a0\u00bbcenter\u00a0\u00bb custom_color=\u00a0\u00bb#652582&Prime;][vc_empty_space height=\u00a0\u00bb15px\u00a0\u00bb][vc_column_text]<\/p>\n<h3 style=\"text-align: center;\">Activit\u00e9s<\/h3>\n<p style=\"text-align: center;\">Un m\u00e9lange de cours \u00e9ducatifs, d&rsquo;excursions culturelles, de visites universitaires et d&rsquo;activit\u00e9s de classe mondiale.<\/p>\n<p>[\/vc_column_text][\/vc_column][vc_column width=\u00a0\u00bb1\/4&Prime;][vc_empty_space height=\u00a0\u00bb15px\u00a0\u00bb][vc_icon icon_fontawesome=\u00a0\u00bbfas fa-user-graduate\u00a0\u00bb color=\u00a0\u00bbcustom\u00a0\u00bb size=\u00a0\u00bblg\u00a0\u00bb align=\u00a0\u00bbcenter\u00a0\u00bb custom_color=\u00a0\u00bb#652582&Prime;][vc_empty_space height=\u00a0\u00bb15px\u00a0\u00bb][vc_column_text]<\/p>\n<h3 style=\"text-align: center;\">Exp\u00e9riences<\/h3>\n<p style=\"text-align: center;\">Que vous cherchiez \u00e0 enrichir l&rsquo;\u00e9ducation de vos \u00e9l\u00e8ves ou \u00e0 leur offrir des exp\u00e9riences culturelles inoubliables, Samiad au bord de la mer propose le m\u00e9lange parfait d&rsquo;apprentissage et d&rsquo;aventure.<\/p>\n<p>[\/vc_column_text][\/vc_column][\/vc_row][vc_row][vc_column][vc_empty_space height=\u00a0\u00bb30px\u00a0\u00bb][vc_row_inner content_placement=\u00a0\u00bbmiddle\u00a0\u00bb gap=\u00a0\u00bb35&Prime;][vc_column_inner width=\u00a0\u00bb1\/2&Prime;][vc_column_text]<\/p>\n<h2><strong>Immersions dans les pensionnats britanniques<\/strong><\/h2>\n<p>Offrez \u00e0 vos \u00e9l\u00e8ves l&rsquo;exp\u00e9rience ultime d&rsquo;un pensionnat britannique ! Avec des sites dans le Shropshire et le Kent, nos programmes d&rsquo;immersion permettent aux \u00e9l\u00e8ves de :<\/p>\n<ul>\n<li>\u00c9tudier aux c\u00f4t\u00e9s d&rsquo;\u00e9l\u00e8ves britanniques et participer au programme scolaire autant ou aussi peu que vous le souhaitez.<\/li>\n<li>Exp\u00e9rimenter la vie dans des pensionnats de premier ordre avec une flexibilit\u00e9 et un soutien in\u00e9gal\u00e9s.<\/li>\n<li>Profiter d&rsquo;un authentique environnement \u00e9ducatif britannique, con\u00e7u pour enrichir leurs comp\u00e9tences acad\u00e9miques et sociales.<\/li>\n<\/ul>\n<p>[\/vc_column_text][\/vc_column_inner][vc_column_inner width=\u00a0\u00bb1\/2&Prime; css=\u00a0\u00bb.vc_custom_1677239832236{padding-top: 50px !important;}\u00a0\u00bb][vc_single_image image=\u00a0\u00bb2791&Prime; img_size=\u00a0\u00bbfull\u00a0\u00bb alignment=\u00a0\u00bbcenter\u00a0\u00bb onclick=\u00a0\u00bbcustom_link\u00a0\u00bb img_link_target=\u00a0\u00bb_blank\u00a0\u00bb css_animation=\u00a0\u00bbslideInRight\u00a0\u00bb][\/vc_column_inner][\/vc_row_inner][vc_empty_space height=\u00a0\u00bb30px\u00a0\u00bb][vc_row_inner content_placement=\u00a0\u00bbmiddle\u00a0\u00bb gap=\u00a0\u00bb35&Prime;][vc_column_inner width=\u00a0\u00bb1\/2&Prime;][vc_single_image image=\u00a0\u00bb2796&Prime; img_size=\u00a0\u00bbfull\u00a0\u00bb alignment=\u00a0\u00bbcenter\u00a0\u00bb onclick=\u00a0\u00bblink_image\u00a0\u00bb css_animation=\u00a0\u00bbslideInLeft\u00a0\u00bb][\/vc_column_inner][vc_column_inner width=\u00a0\u00bb1\/2&Prime; css=\u00a0\u00bb.vc_custom_1677239832236{padding-top: 50px !important;}\u00a0\u00bb][vc_column_text]<\/p>\n<h2><b>Pourquoi choisir Samiad ?<\/b><\/h2>\n<p>Exp\u00e9rience in\u00e9gal\u00e9e : En tant que l&rsquo;une des principales \u00e9coles d&rsquo;\u00e9t\u00e9, Samiad offre des exp\u00e9riences uniques et enrichissantes pour les enfants et les adolescents.<\/p>\n<p>Emplacements de choix : Profitez de l&rsquo;apprentissage dans des cadres historiques et pittoresques avec un acc\u00e8s aux principaux sites culturels.<\/p>\n<p>Programmes personnalis\u00e9s : Adaptez l&rsquo;exp\u00e9rience aux besoins de votre groupe scolaire, assurant ainsi un b\u00e9n\u00e9fice et un plaisir maximaux.[\/vc_column_text][\/vc_column_inner][\/vc_row_inner][vc_empty_space height=\u00a0\u00bb30px\u00a0\u00bb][\/vc_column][\/vc_row][vc_row][vc_column][vc_empty_space height=\u00a0\u00bb30px\u00a0\u00bb][vc_row_inner content_placement=\u00a0\u00bbmiddle\u00a0\u00bb gap=\u00a0\u00bb35&Prime; css=\u00a0\u00bb.vc_custom_1717758796290{padding-bottom: 120px !important;}\u00a0\u00bb][vc_column_inner css=\u00a0\u00bb.vc_custom_1677239832236{padding-top: 50px !important;}\u00a0\u00bb][vc_column_text]<\/p>\n<h2 style=\"text-align: center;\"><b>Contactez-nous d\u00e8s aujourd&rsquo;hui !<\/b><\/h2>\n<p style=\"text-align: center;\">D\u00e9couvrez davantage sur ces nouveaux programmes passionnants et sur la mani\u00e8re dont nous pouvons cr\u00e9er une exp\u00e9rience inoubliable pour vos \u00e9l\u00e8ves.<\/p>\n<p style=\"text-align: center;\">Visitez notre site web ou appelez-nous au +44 (0)121 250 5738<\/p>\n<p>[\/vc_column_text][vc_empty_space height=\u00a0\u00bb30px\u00a0\u00bb][vc_btn title=\u00a0\u00bbDemander des renseignements d\u00e8s maintenant\u00a0\u00bb style=\u00a0\u00bbcustom\u00a0\u00bb custom_background=\u00a0\u00bb#ad986e\u00a0\u00bb custom_text=\u00a0\u00bb#ffffff\u00a0\u00bb shape=\u00a0\u00bbsquare\u00a0\u00bb align=\u00a0\u00bbcenter\u00a0\u00bb link=\u00a0\u00bburl:https%3A%2F%2Fsamiad.zostro.com%2Fenquire-now%2F|title:Demander%20des%20renseignements%20d%C3%A8s%20maintenant|\u00a0\u00bb][\/vc_column_inner][\/vc_row_inner][\/vc_column][\/vc_row]<\/p>\n<\/div>","protected":false},"excerpt":{"rendered":"<p>[vc_row][vc_column][\/vc_column][\/vc_row][vc_row full_width=\u00a0\u00bbstretch_row\u00a0\u00bb css=\u00a0\u00bb.vc_custom_1717756854588{padding-top: 100px !important;padding-bottom: 60px !important;background-color: #e6e1d6 !important;}\u00a0\u00bb][vc_column][vc_empty_space height=\u00a0\u00bb15px\u00a0\u00bb][vc_column_text] Samiad au bord de la mer ! [\/vc_column_text][vc_empty_space height=\u00a0\u00bb15px\u00a0\u00bb][vc_column_text] D\u00e9couvrez les programmes uniques de Samiad tout au long de l&rsquo;ann\u00e9e ! D\u00e9sormais disponibles pour les groupes scolaires, nos programmes sur mesure comprennent : [\/vc_column_text][\/vc_column][\/vc_row][vc_row full_width=\u00a0\u00bbstretch_row\u00a0\u00bb css=\u00a0\u00bb.vc_custom_1717756909124{padding-bottom: 90px !important;background-color: #e6e1d6 !important;}\u00a0\u00bb][vc_column width=\u00a0\u00bb1\/4&Prime;][vc_empty_space height=\u00a0\u00bb15px\u00a0\u00bb][vc_icon icon_fontawesome=\u00a0\u00bbfas fa-hotel\u00a0\u00bb color=\u00a0\u00bbcustom\u00a0\u00bb&hellip;&nbsp;<a href=\"https:\/\/www.samiad.com\/fr\/experiences-tout-au-long-de-lannee\/\" rel=\"bookmark\">Read More &raquo;<span class=\"screen-reader-text\">Exp\u00e9riences tout au long de l&rsquo;ann\u00e9e<\/span><\/a><\/p>\n","protected":false},"author":4,"featured_media":0,"parent":0,"menu_order":0,"comment_status":"closed","ping_status":"closed","template":"","meta":{"_acf_changed":false,"neve_meta_sidebar":"","neve_meta_container":"","neve_meta_enable_content_width":"off","neve_meta_content_width":100,"neve_meta_title_alignment":"","neve_meta_author_avatar":"","neve_post_elements_order":"","neve_meta_disable_header":"","neve_meta_disable_footer":"","neve_meta_disable_title":"","neve_meta_reading_time":"","footnotes":""},"class_list":["post-7432","page","type-page","status-publish","hentry"],"acf":[],"_links":{"self":[{"href":"https:\/\/www.samiad.com\/fr\/wp-json\/wp\/v2\/pages\/7432","targetHints":{"allow":["GET"]}}],"collection":[{"href":"https:\/\/www.samiad.com\/fr\/wp-json\/wp\/v2\/pages"}],"about":[{"href":"https:\/\/www.samiad.com\/fr\/wp-json\/wp\/v2\/types\/page"}],"author":[{"embeddable":true,"href":"https:\/\/www.samiad.com\/fr\/wp-json\/wp\/v2\/users\/4"}],"replies":[{"embeddable":true,"href":"https:\/\/www.samiad.com\/fr\/wp-json\/wp\/v2\/comments?post=7432"}],"version-history":[{"count":0,"href":"https:\/\/www.samiad.com\/fr\/wp-json\/wp\/v2\/pages\/7432\/revisions"}],"wp:attachment":[{"href":"https:\/\/www.samiad.com\/fr\/wp-json\/wp\/v2\/media?parent=7432"}],"curies":[{"name":"wp","href":"https:\/\/api.w.org\/{rel}","templated":true}]}}