{"id":7437,"date":"2024-06-06T12:45:29","date_gmt":"2024-06-06T12:45:29","guid":{"rendered":"https:\/\/www.samiad.com\/pre-arrival\/"},"modified":"2025-06-27T09:04:23","modified_gmt":"2025-06-27T09:04:23","slug":"pre-arrivee","status":"publish","type":"page","link":"https:\/\/www.samiad.com\/fr\/pre-arrivee\/","title":{"rendered":"Pr\u00e9-arriv\u00e9e"},"content":{"rendered":"<div class=\"wpb-content-wrapper\"><p>[vc_row][vc_column]\n\t\t\t<!-- START prearrivalfr REVOLUTION SLIDER 6.6.18 --><p class=\"rs-p-wp-fix\"><\/p>\n\t\t\t<rs-module-wrap id=\"rev_slider_140_1_wrapper\" data-source=\"gallery\" style=\"visibility:hidden;background:transparent;padding:0;margin:0px auto;margin-top:0;margin-bottom:0;\">\n\t\t\t\t<rs-module id=\"rev_slider_140_1\" style=\"\" data-version=\"6.6.18\">\n\t\t\t\t\t<rs-slides style=\"overflow: hidden; position: absolute;\">\n\t\t\t\t\t\t<rs-slide style=\"position: absolute;\" data-key=\"rs-415\" data-title=\"Slide\" data-anim=\"e:slidingoverlay;ms:2000;\" data-in=\"o:1;x:-100%;\" data-out=\"a:false;\">\n\t\t\t\t\t\t\t<img decoding=\"async\" src=\"\/\/www.samiad.com\/wp-content\/plugins\/revslider\/public\/assets\/assets\/dummy.png\" alt=\"\" title=\"banner_0003_Build-confidence-etc\" width=\"1920\" height=\"800\" class=\"rev-slidebg tp-rs-img rs-lazyload\" data-lazyload=\"\/\/samiad.com\/wp-content\/uploads\/2023\/02\/banner_0003_Build-confidence-etc.png\" data-no-retina>\n<!--\n\t\t\t\t\t\t\t--><h1\n\t\t\t\t\t\t\t\tid=\"slider-140-slide-415-layer-0\" \n\t\t\t\t\t\t\t\tclass=\"rs-layer\"\n\t\t\t\t\t\t\t\tdata-type=\"text\"\n\t\t\t\t\t\t\t\tdata-rsp_ch=\"on\"\n\t\t\t\t\t\t\t\tdata-xy=\"x:c;xo:-244px,-244px,-244px,0;y:m;yo:163px,163px,163px,171px;\"\n\t\t\t\t\t\t\t\tdata-text=\"w:normal;s:51,51,51,39;l:70,70,70,41;a:left,left,left,center;\"\n\t\t\t\t\t\t\t\tdata-dim=\"w:830px,830px,830px,417px;h:146px,146px,146px,auto;\"\n\t\t\t\t\t\t\t\tdata-frame_0=\"x:0,0,0,0px;y:0,0,0,0px;o:1;\"\n\t\t\t\t\t\t\t\tdata-frame_0_chars=\"d:5;x:0,0,0,0px;y:0,0,0,0px;o:0;rX:-90deg;oZ:-50;\"\n\t\t\t\t\t\t\t\tdata-frame_1=\"x:1px,1px,1px,0px;y:-1px,-1px,-1px,0px;e:default;sp:1750;\"\n\t\t\t\t\t\t\t\tdata-frame_1_chars=\"e:power4.inOut;d:10;x:0,0,0,0px;y:0,0,0,0px;oZ:-50;\"\n\t\t\t\t\t\t\t\tdata-frame_999=\"x:-50,-50,-50,-10px;o:0;st:9800;sp:2500;sR:4750;\"\n\t\t\t\t\t\t\t\tdata-tloop=\"t:frame_1;\"\n\t\t\t\t\t\t\t\tstyle=\"z-index:7;font-family:'Playfair Display';text-transform:uppercase;\"\n\t\t\t\t\t\t\t>INFORMATIONS AVANT L'ARRIV\u00c9E \u00c0 L'\u00c9COLE D'\u00c9T\u00c9 \n\t\t\t\t\t\t\t<\/h1><!--\n\n\t\t\t\t\t\t\t--><a\n\t\t\t\t\t\t\t\tid=\"slider-140-slide-415-layer-1\" \n\t\t\t\t\t\t\t\tclass=\"rs-layer rev-btn\"\n\t\t\t\t\t\t\t\thref=\"https:\/\/www.samiad.com\/wp-content\/uploads\/2025\/05\/Samiad-Pre-Arrival-and-Student-Handbook-2025.pdf\" target=\"_blank\" rel=\"noopener\"\n\t\t\t\t\t\t\t\tdata-type=\"button\"\n\t\t\t\t\t\t\t\tdata-rsp_ch=\"on\"\n\t\t\t\t\t\t\t\tdata-xy=\"x:l,l,l,c;xo:305px,305px,305px,0;yo:648px,648px,648px,612px;\"\n\t\t\t\t\t\t\t\tdata-text=\"w:normal;s:17,17,17,13;l:40,40,40,29;fw:500;\"\n\t\t\t\t\t\t\t\tdata-dim=\"minh:0px,0px,0px,none;\"\n\t\t\t\t\t\t\t\tdata-padding=\"r:25,25,25,20;l:25,25,25,20;\"\n\t\t\t\t\t\t\t\tdata-border=\"bos:solid;boc:#ffffff;bow:1px,1px,1px,1px;\"\n\t\t\t\t\t\t\t\tdata-frame_0=\"y:50,50,50,11;\"\n\t\t\t\t\t\t\t\tdata-frame_1=\"st:990;sp:1000;sR:990;\"\n\t\t\t\t\t\t\t\tdata-frame_999=\"o:0;st:w;sR:8010;\"\n\t\t\t\t\t\t\t\tdata-frame_hover=\"bgc:rgba(0,0,0,0);boc:rgba(255,255,255,0.75);bor:0px,0px,0px,0px;bos:solid;bow:1px,1px,1px,1px;e:power1.inOut;\"\n\t\t\t\t\t\t\t\tstyle=\"z-index:9;background-color:rgba(0,0,0,0);font-family:'Roboto';\"\n\t\t\t\t\t\t\t>T\u00c9L\u00c9CHARGER LE GUIDE DE L'\u00c9TUDIANT \n\t\t\t\t\t\t\t<\/a><!--\n\n\t\t\t\t\t\t\t--><rs-layer\n\t\t\t\t\t\t\t\tid=\"slider-140-slide-415-layer-3\" \n\t\t\t\t\t\t\t\tdata-type=\"shape\"\n\t\t\t\t\t\t\t\tdata-rsp_ch=\"on\"\n\t\t\t\t\t\t\t\tdata-xy=\"xo:274px,274px,274px,-72px;yo:498px,498px,498px,89px;\"\n\t\t\t\t\t\t\t\tdata-text=\"w:normal;s:20,20,20,4;l:0,0,0,6;\"\n\t\t\t\t\t\t\t\tdata-dim=\"w:1px;h:200px,200px,200px,49px;\"\n\t\t\t\t\t\t\t\tdata-frame_0=\"y:-50,-50,-50,-11;\"\n\t\t\t\t\t\t\t\tdata-frame_1=\"sp:1000;\"\n\t\t\t\t\t\t\t\tdata-frame_999=\"o:0;st:w;sR:9000;\"\n\t\t\t\t\t\t\t\tstyle=\"z-index:8;background-color:#ffffff;\"\n\t\t\t\t\t\t\t> \n\t\t\t\t\t\t\t<\/rs-layer><!--\n\n\t\t\t\t\t\t\t--><rs-layer\n\t\t\t\t\t\t\t\tid=\"slider-140-slide-415-layer-4\" \n\t\t\t\t\t\t\t\tdata-type=\"shape\"\n\t\t\t\t\t\t\t\tdata-rsp_ch=\"on\"\n\t\t\t\t\t\t\t\tdata-xy=\"x:c;xo:38px,38px,38px,9px;y:m;yo:-160px,-160px,-160px,-39px;\"\n\t\t\t\t\t\t\t\tdata-text=\"w:normal;s:20,20,20,4;l:0,0,0,6;\"\n\t\t\t\t\t\t\t\tdata-dim=\"w:2880px,2880px,2880px,936px;h:1200px,1200px,1200px,905px;\"\n\t\t\t\t\t\t\t\tdata-vbility=\"f,f,f,f\"\n\t\t\t\t\t\t\t\tdata-frame_0=\"y:50,50,50,11;\"\n\t\t\t\t\t\t\t\tdata-frame_1=\"sp:1000;\"\n\t\t\t\t\t\t\t\tdata-frame_999=\"o:0;st:w;sR:9000;\"\n\t\t\t\t\t\t\t\tstyle=\"z-index:6;background-color:rgba(0,0,0,0.5);\"\n\t\t\t\t\t\t\t> \n\t\t\t\t\t\t\t<\/rs-layer><!--\n-->\t\t\t\t\t\t<\/rs-slide>\n\t\t\t\t\t<\/rs-slides>\n\t\t\t\t<\/rs-module>\n\t\t\t\t<script>\n\t\t\t\t\tsetREVStartSize({c: 'rev_slider_140_1',rl:[1240,1240,1240,480],el:[800,800,800,720],gw:[1920,1920,1920,480],gh:[800,800,800,720],type:'standard',justify:'',layout:'fullwidth',mh:\"0\"});if (window.RS_MODULES!==undefined && window.RS_MODULES.modules!==undefined && window.RS_MODULES.modules[\"revslider1401\"]!==undefined) {window.RS_MODULES.modules[\"revslider1401\"].once = false;window.revapi140 = undefined;if (window.RS_MODULES.checkMinimal!==undefined) window.RS_MODULES.checkMinimal()}\n\t\t\t\t<\/script>\n\t\t\t<\/rs-module-wrap>\n\t\t\t<!-- END REVOLUTION SLIDER -->\n[\/vc_column][\/vc_row][vc_row][vc_column][vc_empty_space height=\u00a0\u00bb15px\u00a0\u00bb][vc_row_inner content_placement=\u00a0\u00bbmiddle\u00a0\u00bb gap=\u00a0\u00bb35&Prime;][vc_column_inner width=\u00a0\u00bb1\/2&Prime;][vc_single_image image=\u00a0\u00bb7794&Prime; img_size=\u00a0\u00bbfull\u00a0\u00bb alignment=\u00a0\u00bbcenter\u00a0\u00bb onclick=\u00a0\u00bbcustom_link\u00a0\u00bb img_link_target=\u00a0\u00bb_blank\u00a0\u00bb css_animation=\u00a0\u00bbslideInLeft\u00a0\u00bb link=\u00a0\u00bbhttps:\/\/www.samiad.com\/wp-content\/uploads\/2025\/05\/Samiad-Pre-Arrival-and-Student-Handbook-2025.pdf\u00a0\u00bb][\/vc_column_inner][vc_column_inner width=\u00a0\u00bb1\/2&Prime; css=\u00a0\u00bb.vc_custom_1677239832236{padding-top: 50px !important;}\u00a0\u00bb][vc_column_text]<\/p>\n<h2>Aventure \u00e0 l&rsquo;\u00e9cole d&rsquo;\u00e9t\u00e9 Samiad<\/h2>\n<p>Votre s\u00e9jour \u00e0 l&rsquo;\u00e9cole d&rsquo;\u00e9t\u00e9 Samiad approche \u00e0 grands pas ! Nous comprenons que vous ayez probablement de nombreuses questions et que vous soyez curieux de savoir ce qui vous attend. Ne vous inqui\u00e9tez pas, nous avons \u00e9labor\u00e9 cette page pour vous informer et vous aider \u00e0 vous pr\u00e9parer.<\/p>\n<p>Tout d&rsquo;abord, voici un lien vers notre guide de pr\u00e9-arriv\u00e9e. Il est extr\u00eamement utile tant pour les \u00e9tudiants que pour les parents. Veuillez l&rsquo;examiner attentivement afin de vous assurer que vous disposez de tout le n\u00e9cessaire pour votre prochaine aventure.[\/vc_column_text][vc_btn title=\u00a0\u00bbT\u00e9l\u00e9charger le manuel de l&rsquo;\u00e9tudiant\u00a0\u00bb style=\u00a0\u00bbcustom\u00a0\u00bb custom_background=\u00a0\u00bb#ad986e\u00a0\u00bb custom_text=\u00a0\u00bb#ffffff\u00a0\u00bb shape=\u00a0\u00bbsquare\u00a0\u00bb align=\u00a0\u00bbleft\u00a0\u00bb link=\u00a0\u00bburl:https%3A%2F%2Fwww.samiad.com%2Fwp-content%2Fuploads%2F2025%2F05%2FSamiad-Pre-Arrival-and-Student-Handbook-2025.pdf|title:T%C3%A9l%C3%A9charger|target:_blank|\u00a0\u00bb css=\u00a0\u00bb.vc_custom_1748534079164{padding-top: 30px !important;}\u00a0\u00bb][\/vc_column_inner][\/vc_row_inner][\/vc_column][\/vc_row][vc_row][vc_column][vc_empty_space height=\u00a0\u00bb30px\u00a0\u00bb][\/vc_column][\/vc_row][vc_row][vc_column][vc_column_text css=\u00a0\u00bb.vc_custom_1686213095858{padding-top: 25px !important;padding-bottom: 25px !important;}\u00a0\u00bb]<\/p>\n<h2 style=\"text-align: center;\">Vid\u00e9os de pr\u00e9-arriv\u00e9e<\/h2>\n<p>[\/vc_column_text][vc_column_text css=\u00a0\u00bb.vc_custom_1697198838301{padding-top: 25px !important;padding-bottom: 25px !important;}\u00a0\u00bb]<\/p>\n<p style=\"text-align: center;\">Enfin, nous avons pr\u00e9par\u00e9 quelques vid\u00e9os r\u00e9pondant aux questions fr\u00e9quemment pos\u00e9es qui vous aideront \u00e0 vous pr\u00e9parer pour votre aventure \u00e0 l&rsquo;\u00e9cole d&rsquo;\u00e9t\u00e9. Si vous avez encore des incertitudes avant votre arriv\u00e9e, n&rsquo;h\u00e9sitez pas \u00e0 nous contacter via votre repr\u00e9sentant Samiad ou en utilisant la page &lsquo;Contactez-nous&rsquo; sur notre site web.<\/p>\n<p style=\"text-align: center;\">Nous avons h\u00e2te de vous accueillir prochainement !<\/p>\n<p>[\/vc_column_text][\/vc_column][\/vc_row][vc_row gap=\u00a0\u00bb30&Prime;][vc_column width=\u00a0\u00bb1\/3&Prime;][vc_column_text]<iframe title=\"Lecteur vid\u00e9o YouTube\" src=\"https:\/\/www.youtube.com\/embed\/sCEwHysIXD0\" width=\"560\" height=\"315\" frameborder=\"0\" allowfullscreen=\"allowfullscreen\"><\/iframe>[\/vc_column_text][\/vc_column][vc_column width=\u00a0\u00bb1\/3&Prime;][vc_column_text]<iframe title=\"Lecteur vid\u00e9o YouTube\" src=\"https:\/\/www.youtube.com\/embed\/RYKXTnWo8Mg\" width=\"560\" height=\"315\" frameborder=\"0\" allowfullscreen=\"allowfullscreen\"><\/iframe>[\/vc_column_text][\/vc_column][vc_column width=\u00a0\u00bb1\/3&Prime;][vc_column_text]<iframe title=\"Lecteur vid\u00e9o YouTube\" src=\"https:\/\/www.youtube.com\/embed\/rfweGnQz4Sk\" width=\"560\" height=\"315\" frameborder=\"0\" allowfullscreen=\"allowfullscreen\"><\/iframe>[\/vc_column_text][\/vc_column][\/vc_row][vc_row gap=\u00a0\u00bb30&Prime;][vc_column width=\u00a0\u00bb1\/3&Prime;][vc_column_text]<iframe title=\"Lecteur vid\u00e9o YouTube\" src=\"https:\/\/www.youtube.com\/embed\/hxQXI9dOZU8\" width=\"560\" height=\"315\" frameborder=\"0\" allowfullscreen=\"allowfullscreen\"><\/iframe>[\/vc_column_text][\/vc_column][vc_column width=\u00a0\u00bb1\/3&Prime;][vc_column_text]<iframe title=\"Lecteur vid\u00e9o YouTube\" src=\"https:\/\/www.youtube.com\/embed\/itmTEnMg410\" width=\"560\" height=\"315\" frameborder=\"0\" allowfullscreen=\"allowfullscreen\"><\/iframe>[\/vc_column_text][\/vc_column][vc_column width=\u00a0\u00bb1\/3&Prime;][vc_column_text]<iframe title=\"Lecteur vid\u00e9o YouTube\" src=\"https:\/\/www.youtube.com\/embed\/scXn6POj92A\" width=\"560\" height=\"315\" frameborder=\"0\" allowfullscreen=\"allowfullscreen\"><\/iframe>[\/vc_column_text][\/vc_column][\/vc_row][vc_row][vc_column][vc_empty_space height=\u00a0\u00bb30px\u00a0\u00bb][\/vc_column][\/vc_row][vc_row full_width=\u00a0\u00bbstretch_row\u00a0\u00bb css=\u00a0\u00bb.vc_custom_1686233776102{padding-top: 100px !important;padding-bottom: 100px !important;background-color: #e6e1d6 !important;}\u00a0\u00bb][vc_column][vc_empty_space height=\u00a0\u00bb15px\u00a0\u00bb][vc_column_text]<\/p>\n<h2 style=\"text-align: center;\">Bienvenue au quiz d&rsquo;anglais de pr\u00e9-arriv\u00e9e de l&rsquo;\u00e9cole d&rsquo;\u00e9t\u00e9 Samiad<\/h2>\n<p>[\/vc_column_text][vc_empty_space height=\u00a0\u00bb15px\u00a0\u00bb][vc_column_text]<\/p>\n<div class=\"TypographyPresentation TypographyPresentation--m RichText3-paragraph--withVSpacingNormal RichText3-paragraph\" style=\"text-align: center;\">Nous sommes ravis de vous accueillir \u00e0 l&rsquo;\u00e9cole d&rsquo;\u00e9t\u00e9 Samiad ! Afin de nous assurer que vous serez plac\u00e9 dans la classe appropri\u00e9e \u00e0 votre niveau d&rsquo;anglais, nous vous demandons de compl\u00e9ter ce quiz en ligne rapide et facile avant votre arriv\u00e9e. Il n&rsquo;y a pas lieu de s&rsquo;inqui\u00e9ter \u2014 ce quiz vise simplement \u00e0 nous permettre de comprendre votre niveau actuel d&rsquo;anglais. Vous ne pouvez ni r\u00e9ussir ni \u00e9chouer, et il est important que vous le fassiez sans aucune assistance afin de nous donner une image pr\u00e9cise de vos capacit\u00e9s.<\/div>\n<div><\/div>\n<div>\n<div class=\"TypographyPresentation TypographyPresentation--m RichText3-paragraph--withVSpacingNormal RichText3-paragraph\" style=\"text-align: center;\">Voici quelques points importants \u00e0 garder \u00e0 l&rsquo;esprit :<\/div>\n<\/div>\n<p>[\/vc_column_text][vc_empty_space height=\u00a0\u00bb15px\u00a0\u00bb][\/vc_column][\/vc_row][vc_row][vc_column][vc_empty_space height=\u00a0\u00bb30px\u00a0\u00bb][\/vc_column][\/vc_row][vc_row][vc_column width=\u00a0\u00bb1\/4&Prime;][vc_empty_space height=\u00a0\u00bb15px\u00a0\u00bb][vc_icon icon_fontawesome=\u00a0\u00bbfas fa-sign-in-alt\u00a0\u00bb color=\u00a0\u00bbcustom\u00a0\u00bb size=\u00a0\u00bblg\u00a0\u00bb align=\u00a0\u00bbcenter\u00a0\u00bb custom_color=\u00a0\u00bb#652582&Prime;][vc_empty_space height=\u00a0\u00bb15px\u00a0\u00bb][vc_column_text]<\/p>\n<h3 style=\"text-align: center;\">Connexion<\/h3>\n<p style=\"text-align: center;\">Pour acc\u00e9der au quiz, vous devrez utiliser votre num\u00e9ro de r\u00e9f\u00e9rence figurant sur vos courriers Samiad. Il devrait se pr\u00e9senter ainsi : <strong>2024??XXXXX<\/strong>.<\/p>\n<p>[\/vc_column_text][\/vc_column][vc_column width=\u00a0\u00bb1\/4&Prime;][vc_empty_space height=\u00a0\u00bb15px\u00a0\u00bb][vc_icon icon_fontawesome=\u00a0\u00bbfas fa-laptop\u00a0\u00bb color=\u00a0\u00bbcustom\u00a0\u00bb size=\u00a0\u00bblg\u00a0\u00bb align=\u00a0\u00bbcenter\u00a0\u00bb custom_color=\u00a0\u00bb#652582&Prime;][vc_empty_space height=\u00a0\u00bb15px\u00a0\u00bb][vc_column_text]<\/p>\n<h3 style=\"text-align: center;\">Exigences relatives aux appareils<\/h3>\n<p style=\"text-align: center;\">Le quiz est en ligne, vous aurez donc besoin d&rsquo;un appareil pouvant se connecter \u00e0 Internet. Vous pouvez utiliser un t\u00e9l\u00e9phone mobile, un iPad ou un ordinateur. Si vous perdez la connexion ou devez recommencer, vous pouvez simplement reprendre le quiz depuis le d\u00e9but.<\/p>\n<p>[\/vc_column_text][\/vc_column][vc_column width=\u00a0\u00bb1\/4&Prime;][vc_empty_space height=\u00a0\u00bb15px\u00a0\u00bb][vc_icon icon_fontawesome=\u00a0\u00bbfas fa-key\u00a0\u00bb color=\u00a0\u00bbcustom\u00a0\u00bb size=\u00a0\u00bblg\u00a0\u00bb align=\u00a0\u00bbcenter\u00a0\u00bb custom_color=\u00a0\u00bb#652582&Prime;][vc_empty_space height=\u00a0\u00bb15px\u00a0\u00bb][vc_column_text]<\/p>\n<h3 style=\"text-align: center;\">L&rsquo;honn\u00eatet\u00e9 est primordiale<\/h3>\n<p style=\"text-align: center;\">Il est important de compl\u00e9ter le quiz par vous-m\u00eame, sans aucune aide. Bien que vous puissiez passer le quiz plus d&rsquo;une fois, veuillez essayer de faire de votre mieux d\u00e8s la premi\u00e8re tentative afin que nous obtenions une \u00e9valuation pr\u00e9cise de votre niveau d&rsquo;anglais.<\/p>\n<p>[\/vc_column_text][\/vc_column][vc_column width=\u00a0\u00bb1\/4&Prime;][vc_empty_space height=\u00a0\u00bb15px\u00a0\u00bb][vc_icon icon_fontawesome=\u00a0\u00bbfas fa-poll-h\u00a0\u00bb color=\u00a0\u00bbcustom\u00a0\u00bb size=\u00a0\u00bblg\u00a0\u00bb align=\u00a0\u00bbcenter\u00a0\u00bb custom_color=\u00a0\u00bb#652582&Prime;][vc_empty_space height=\u00a0\u00bb15px\u00a0\u00bb][vc_column_text]<\/p>\n<h3 style=\"text-align: center;\">R\u00e9sultats<\/h3>\n<p style=\"text-align: center;\">Nous ne montrons pas vos r\u00e9sultats \u00e0 la fin du quiz. Le score est uniquement destin\u00e9 \u00e0 un usage interne pour nous assurer que vous serez plac\u00e9 dans une classe avec des \u00e9tudiants d&rsquo;\u00e2ge et de capacit\u00e9s similaires.<\/p>\n<p>[\/vc_column_text][\/vc_column][\/vc_row][vc_row][vc_column][vc_empty_space height=\u00a0\u00bb30px\u00a0\u00bb][\/vc_column][\/vc_row][vc_row css=\u00a0\u00bb.vc_custom_1686213030287{padding-top: 0px !important;padding-bottom: 50px !important;}\u00a0\u00bb][vc_column][vc_empty_space height=\u00a0\u00bb30px\u00a0\u00bb][vc_column_text]<\/p>\n<h2 style=\"text-align: center;\">Passez le quiz !<\/h2>\n<p>[\/vc_column_text][vc_empty_space height=\u00a0\u00bb15px\u00a0\u00bb][\/vc_column][\/vc_row][vc_row css=\u00a0\u00bb.vc_custom_1750427824881{padding-top: 0px !important;padding-bottom: 30px !important;}\u00a0\u00bb][vc_column][vc_single_image image=\u00a0\u00bb2041&Prime; img_size=\u00a0\u00bbfull\u00a0\u00bb alignment=\u00a0\u00bbcenter\u00a0\u00bb style=\u00a0\u00bbvc_box_shadow_3d\u00a0\u00bb onclick=\u00a0\u00bbcustom_link\u00a0\u00bb img_link_target=\u00a0\u00bb_blank\u00a0\u00bb link=\u00a0\u00bbhttps:\/\/samiad.com\/folder\/directory\/story.html\u00a0\u00bb][vc_empty_space height=\u00a0\u00bb15px\u00a0\u00bb][\/vc_column][\/vc_row][vc_row css=\u00a0\u00bb.vc_custom_1717590916202{padding-bottom: 30px !important;}\u00a0\u00bb][vc_column][vc_empty_space height=\u00a0\u00bb30px\u00a0\u00bb][vc_column_text]<\/p>\n<h2 style=\"text-align: center;\">Nous vous remercions de votre coop\u00e9ration !<\/h2>\n<p>[\/vc_column_text][vc_column_text]<\/p>\n<div class=\"TypographyPresentation TypographyPresentation--m RichText3-paragraph--withVSpacingNormal RichText3-paragraph\" style=\"text-align: center;\">Nous avons h\u00e2te de vous voir bient\u00f4t et esp\u00e9rons que vous passerez un moment fantastique \u00e0 l&rsquo;\u00e9cole d&rsquo;\u00e9t\u00e9 Samiad !<\/div>\n<p>[\/vc_column_text][vc_empty_space height=\u00a0\u00bb80px\u00a0\u00bb][\/vc_column][\/vc_row]<\/p>\n<\/div>","protected":false},"excerpt":{"rendered":"<p>[vc_row][vc_column][\/vc_column][\/vc_row][vc_row][vc_column][vc_empty_space height=\u00a0\u00bb15px\u00a0\u00bb][vc_row_inner content_placement=\u00a0\u00bbmiddle\u00a0\u00bb gap=\u00a0\u00bb35&Prime;][vc_column_inner width=\u00a0\u00bb1\/2&Prime;][vc_single_image image=\u00a0\u00bb7794&Prime; img_size=\u00a0\u00bbfull\u00a0\u00bb alignment=\u00a0\u00bbcenter\u00a0\u00bb onclick=\u00a0\u00bbcustom_link\u00a0\u00bb img_link_target=\u00a0\u00bb_blank\u00a0\u00bb css_animation=\u00a0\u00bbslideInLeft\u00a0\u00bb link=\u00a0\u00bbhttps:\/\/www.samiad.com\/wp-content\/uploads\/2025\/05\/Samiad-Pre-Arrival-and-Student-Handbook-2025.pdf\u00a0\u00bb][\/vc_column_inner][vc_column_inner width=\u00a0\u00bb1\/2&Prime; css=\u00a0\u00bb.vc_custom_1677239832236{padding-top: 50px !important;}\u00a0\u00bb][vc_column_text] Aventure \u00e0 l&rsquo;\u00e9cole d&rsquo;\u00e9t\u00e9 Samiad Votre s\u00e9jour \u00e0 l&rsquo;\u00e9cole d&rsquo;\u00e9t\u00e9 Samiad approche \u00e0 grands pas ! Nous comprenons que vous ayez probablement de nombreuses questions et que vous soyez curieux de savoir ce qui vous attend. Ne vous inqui\u00e9tez&hellip;&nbsp;<a href=\"https:\/\/www.samiad.com\/fr\/pre-arrivee\/\" rel=\"bookmark\">Read More &raquo;<span class=\"screen-reader-text\">Pr\u00e9-arriv\u00e9e<\/span><\/a><\/p>\n","protected":false},"author":4,"featured_media":0,"parent":0,"menu_order":0,"comment_status":"closed","ping_status":"closed","template":"","meta":{"_acf_changed":false,"neve_meta_sidebar":"","neve_meta_container":"","neve_meta_enable_content_width":"off","neve_meta_content_width":100,"neve_meta_title_alignment":"","neve_meta_author_avatar":"","neve_post_elements_order":"","neve_meta_disable_header":"","neve_meta_disable_footer":"","neve_meta_disable_title":"","neve_meta_reading_time":"","footnotes":""},"class_list":["post-7437","page","type-page","status-publish","hentry"],"acf":[],"_links":{"self":[{"href":"https:\/\/www.samiad.com\/fr\/wp-json\/wp\/v2\/pages\/7437","targetHints":{"allow":["GET"]}}],"collection":[{"href":"https:\/\/www.samiad.com\/fr\/wp-json\/wp\/v2\/pages"}],"about":[{"href":"https:\/\/www.samiad.com\/fr\/wp-json\/wp\/v2\/types\/page"}],"author":[{"embeddable":true,"href":"https:\/\/www.samiad.com\/fr\/wp-json\/wp\/v2\/users\/4"}],"replies":[{"embeddable":true,"href":"https:\/\/www.samiad.com\/fr\/wp-json\/wp\/v2\/comments?post=7437"}],"version-history":[{"count":0,"href":"https:\/\/www.samiad.com\/fr\/wp-json\/wp\/v2\/pages\/7437\/revisions"}],"wp:attachment":[{"href":"https:\/\/www.samiad.com\/fr\/wp-json\/wp\/v2\/media?parent=7437"}],"curies":[{"name":"wp","href":"https:\/\/api.w.org\/{rel}","templated":true}]}}