{"id":7451,"date":"2024-06-12T12:00:15","date_gmt":"2024-06-12T12:00:15","guid":{"rendered":"https:\/\/www.samiad.com\/training\/"},"modified":"2025-06-05T11:36:31","modified_gmt":"2025-06-05T11:36:31","slug":"formation","status":"publish","type":"page","link":"https:\/\/www.samiad.com\/fr\/formation\/","title":{"rendered":"Formation"},"content":{"rendered":"<div class=\"wpb-content-wrapper\"><p>[vc_row][vc_column]\n\t\t\t<!-- START eLearning REVOLUTION SLIDER 6.6.18 --><p class=\"rs-p-wp-fix\"><\/p>\n\t\t\t<rs-module-wrap id=\"rev_slider_70_1_wrapper\" data-source=\"gallery\" style=\"visibility:hidden;background:transparent;padding:0;margin:0px auto;margin-top:0;margin-bottom:0;\">\n\t\t\t\t<rs-module id=\"rev_slider_70_1\" style=\"\" data-version=\"6.6.18\">\n\t\t\t\t\t<rs-slides style=\"overflow: hidden; position: absolute;\">\n\t\t\t\t\t\t<rs-slide style=\"position: absolute;\" data-key=\"rs-201\" data-title=\"Slide\" data-anim=\"e:slidingoverlay;ms:2000;\" data-in=\"o:1;x:-100%;\" data-out=\"a:false;\">\n\t\t\t\t\t\t\t<img decoding=\"async\" src=\"\/\/www.samiad.com\/wp-content\/plugins\/revslider\/public\/assets\/assets\/dummy.png\" alt=\"\" title=\"SAFEGUARDING\" width=\"1748\" height=\"1240\" class=\"rev-slidebg tp-rs-img rs-lazyload\" data-lazyload=\"\/\/samiad.com\/wp-content\/uploads\/2024\/06\/SAFEGUARDING.png\" data-no-retina>\n<!--\n\t\t\t\t\t\t\t--><rs-layer\n\t\t\t\t\t\t\t\tid=\"slider-70-slide-201-layer-0\" \n\t\t\t\t\t\t\t\tdata-type=\"text\"\n\t\t\t\t\t\t\t\tdata-rsp_ch=\"on\"\n\t\t\t\t\t\t\t\tdata-xy=\"x:c;xo:-244px,-244px,-244px,0;y:m;yo:175px,175px,175px,110px;\"\n\t\t\t\t\t\t\t\tdata-text=\"w:normal;s:51,51,51,39;l:70,70,70,41;a:left,left,left,center;\"\n\t\t\t\t\t\t\t\tdata-dim=\"w:830px,830px,830px,343px;h:228px,228px,228px,265px;\"\n\t\t\t\t\t\t\t\tdata-frame_0=\"x:0,0,0,0px;y:0,0,0,0px;o:1;\"\n\t\t\t\t\t\t\t\tdata-frame_0_chars=\"d:5;x:0,0,0,0px;y:0,0,0,0px;o:0;rX:-90deg;oZ:-50;\"\n\t\t\t\t\t\t\t\tdata-frame_1=\"x:1px,1px,1px,0px;y:-1px,-1px,-1px,0px;e:default;sp:1750;\"\n\t\t\t\t\t\t\t\tdata-frame_1_chars=\"e:power4.inOut;d:10;x:0,0,0,0px;y:0,0,0,0px;oZ:-50;\"\n\t\t\t\t\t\t\t\tdata-frame_999=\"x:-50,-50,-50,-10px;o:0;st:9800;sp:2500;sR:4750;\"\n\t\t\t\t\t\t\t\tdata-tloop=\"t:frame_1;\"\n\t\t\t\t\t\t\t\tstyle=\"z-index:7;font-family:'Playfair Display';text-transform:uppercase;\"\n\t\t\t\t\t\t\t>Samiad Summer School Staff Safeguarding & Pre Summer Training \n\t\t\t\t\t\t\t<\/rs-layer><!--\n\n\t\t\t\t\t\t\t--><rs-layer\n\t\t\t\t\t\t\t\tid=\"slider-70-slide-201-layer-3\" \n\t\t\t\t\t\t\t\tdata-type=\"shape\"\n\t\t\t\t\t\t\t\tdata-rsp_ch=\"on\"\n\t\t\t\t\t\t\t\tdata-xy=\"xo:274px,274px,274px,-72px;yo:443px,443px,443px,89px;\"\n\t\t\t\t\t\t\t\tdata-text=\"w:normal;s:20,20,20,4;l:0,0,0,6;\"\n\t\t\t\t\t\t\t\tdata-dim=\"w:1px;h:252px,252px,252px,62px;\"\n\t\t\t\t\t\t\t\tdata-frame_0=\"y:-50,-50,-50,-11;\"\n\t\t\t\t\t\t\t\tdata-frame_1=\"sp:1000;\"\n\t\t\t\t\t\t\t\tdata-frame_999=\"o:0;st:w;sR:9000;\"\n\t\t\t\t\t\t\t\tstyle=\"z-index:8;background-color:#ffffff;\"\n\t\t\t\t\t\t\t> \n\t\t\t\t\t\t\t<\/rs-layer><!--\n\n\t\t\t\t\t\t\t--><rs-layer\n\t\t\t\t\t\t\t\tid=\"slider-70-slide-201-layer-4\" \n\t\t\t\t\t\t\t\tdata-type=\"shape\"\n\t\t\t\t\t\t\t\tdata-rsp_ch=\"on\"\n\t\t\t\t\t\t\t\tdata-xy=\"x:c;xo:-95px,-95px,-95px,-22px;y:m;yo:-120px,-120px,-120px,-29px;\"\n\t\t\t\t\t\t\t\tdata-text=\"w:normal;s:20,20,20,4;l:0,0,0,6;\"\n\t\t\t\t\t\t\t\tdata-dim=\"w:2880px,2880px,2880px,936px;h:1200px,1200px,1200px,905px;\"\n\t\t\t\t\t\t\t\tdata-vbility=\"f,f,f,f\"\n\t\t\t\t\t\t\t\tdata-frame_0=\"y:50,50,50,11;\"\n\t\t\t\t\t\t\t\tdata-frame_1=\"sp:1000;\"\n\t\t\t\t\t\t\t\tdata-frame_999=\"o:0;st:w;sR:9000;\"\n\t\t\t\t\t\t\t\tstyle=\"z-index:6;background-color:rgba(0,0,0,0.5);\"\n\t\t\t\t\t\t\t> \n\t\t\t\t\t\t\t<\/rs-layer><!--\n-->\t\t\t\t\t\t<\/rs-slide>\n\t\t\t\t\t<\/rs-slides>\n\t\t\t\t<\/rs-module>\n\t\t\t\t<script>\n\t\t\t\t\tsetREVStartSize({c: 'rev_slider_70_1',rl:[1240,1240,1240,480],el:[800,800,800,720],gw:[1920,1920,1920,480],gh:[800,800,800,720],type:'standard',justify:'',layout:'fullwidth',mh:\"0\"});if (window.RS_MODULES!==undefined && window.RS_MODULES.modules!==undefined && window.RS_MODULES.modules[\"revslider701\"]!==undefined) {window.RS_MODULES.modules[\"revslider701\"].once = false;window.revapi70 = undefined;if (window.RS_MODULES.checkMinimal!==undefined) window.RS_MODULES.checkMinimal()}\n\t\t\t\t<\/script>\n\t\t\t<\/rs-module-wrap>\n\t\t\t<!-- END REVOLUTION SLIDER -->\n[\/vc_column][\/vc_row][vc_row css=\u00a0\u00bb.vc_custom_1718123694687{padding-top: 60px !important;padding-bottom: 60px !important;}\u00a0\u00bb][vc_column][vc_column_text css=\u00a0\u00bb.vc_custom_1717584549251{padding-top: 25px !important;padding-bottom: 25px !important;}\u00a0\u00bb]<\/p>\n<h2 style=\"text-align: center;\">Bienvenue dans l&rsquo;\u00e9quipe !<\/h2>\n<p>[\/vc_column_text][vc_column_text css=\u00a0\u00bb.vc_custom_1745419707883{padding-top: 25px !important;padding-bottom: 25px !important;}\u00a0\u00bb]<\/p>\n<p style=\"text-align: center;\">Nous vous f\u00e9licitons pour votre admission au sein de l&rsquo;\u00e9quipe de l&rsquo;\u00c9cole d&rsquo;\u00c9t\u00e9 Samiad ! Nous sommes ravis de vous accueillir parmi nous. En tant que membre de notre personnel d\u00e9vou\u00e9, votre r\u00f4le dans le maintien d&rsquo;un environnement s\u00fbr, bienveillant et inspirant pour nos \u00e9tudiants est primordial. Sur cette page, vous trouverez des ressources essentielles, notamment notre <em>Test de Protection<\/em> et notre <em>Formation Initiale d&rsquo;Aper\u00e7u<\/em>, con\u00e7us pour vous pr\u00e9parer \u00e0 l&rsquo;\u00e9t\u00e9 \u00e0 venir. La protection est au c\u0153ur de tout ce que nous entreprenons, et votre compr\u00e9hension ainsi que votre engagement sont essentiels pour garantir le bien-\u00eatre des \u00e9tudiants et du personnel.    <\/p>\n<p style=\"text-align: center;\">Nous vous remercions de vous joindre \u00e0 nous et de contribuer \u00e0 faire de Samiad un lieu o\u00f9 la s\u00e9curit\u00e9, l&rsquo;attention et l&rsquo;aventure se conjuguent harmonieusement !<\/p>\n<p>[\/vc_column_text][\/vc_column][\/vc_row][vc_row css=\u00a0\u00bb.vc_custom_1718122863377{padding-top: 75px !important;}\u00a0\u00bb][vc_column][vc_empty_space height=\u00a0\u00bb30px\u00a0\u00bb][vc_column_text]<\/p>\n<h2 style=\"text-align: center;\">TEST DE PROTECTION<\/h2>\n<p>[\/vc_column_text][vc_empty_space height=\u00a0\u00bb45px\u00a0\u00bb][\/vc_column][\/vc_row][vc_row gap=\u00a0\u00bb30&Prime; css=\u00a0\u00bb.vc_custom_1718122831558{padding-bottom: 90px !important;}\u00a0\u00bb][vc_column width=\u00a0\u00bb1\/4&Prime;][vc_icon icon_fontawesome=\u00a0\u00bbfas fa-sign-in-alt\u00a0\u00bb color=\u00a0\u00bbcustom\u00a0\u00bb size=\u00a0\u00bblg\u00a0\u00bb align=\u00a0\u00bbcenter\u00a0\u00bb custom_color=\u00a0\u00bb#652582&Prime;][vc_empty_space height=\u00a0\u00bb15px\u00a0\u00bb][vc_column_text]<\/p>\n<h3 style=\"text-align: center;\">Inscription<\/h3>\n<p style=\"text-align: center;\">Pour vous inscrire, veuillez cliquer sur l&rsquo;\u00e9cran ci-dessous. Il vous sera demand\u00e9 de fournir votre nom et votre adresse \u00e9lectronique.<\/p>\n<p>[\/vc_column_text][\/vc_column][vc_column width=\u00a0\u00bb1\/4&Prime;][vc_icon icon_fontawesome=\u00a0\u00bbfas fa-laptop\u00a0\u00bb color=\u00a0\u00bbcustom\u00a0\u00bb size=\u00a0\u00bblg\u00a0\u00bb align=\u00a0\u00bbcenter\u00a0\u00bb custom_color=\u00a0\u00bb#652582&Prime;][vc_empty_space height=\u00a0\u00bb15px\u00a0\u00bb][vc_column_text]<\/p>\n<h3 style=\"text-align: center;\">Exigences relatives aux appareils<\/h3>\n<p style=\"text-align: center;\" data-pm-slice=\"1 1 []\">Le test peut \u00eatre effectu\u00e9 sur tout dispositif ayant acc\u00e8s \u00e0 Internet, mais il sera plus ais\u00e9 d&rsquo;utiliser un ordinateur portable ou une tablette.<\/p>\n<p>[\/vc_column_text][\/vc_column][vc_column width=\u00a0\u00bb1\/4&Prime;][vc_icon icon_fontawesome=\u00a0\u00bbfas fa-clock\u00a0\u00bb color=\u00a0\u00bbcustom\u00a0\u00bb size=\u00a0\u00bblg\u00a0\u00bb align=\u00a0\u00bbcenter\u00a0\u00bb custom_color=\u00a0\u00bb#652582&Prime;][vc_empty_space height=\u00a0\u00bb15px\u00a0\u00bb][vc_column_text]<\/p>\n<h3 style=\"text-align: center;\">Dur\u00e9e du test<\/h3>\n<p style=\"text-align: center;\">Le test en lui-m\u00eame prendra vraisemblablement 30 minutes \u00e0 compl\u00e9ter. Nous vous prions de ne pas vous h\u00e2ter, car les questions sont con\u00e7ues pour vous aider \u00e0 comprendre les r\u00e9ponses et leur pertinence dans certaines situations. En cas de probl\u00e8mes techniques ou si vous devez interrompre le test, cela ne pose aucun probl\u00e8me : vous pourrez reprendre l\u00e0 o\u00f9 vous vous \u00eates arr\u00eat\u00e9 \u00e0 tout moment, et vous pouvez recommencer le test autant de fois que vous le souhaitez. <\/p>\n<p>[\/vc_column_text][\/vc_column][vc_column width=\u00a0\u00bb1\/4&Prime;][vc_icon icon_fontawesome=\u00a0\u00bbfas fa-poll-h\u00a0\u00bb color=\u00a0\u00bbcustom\u00a0\u00bb size=\u00a0\u00bblg\u00a0\u00bb align=\u00a0\u00bbcenter\u00a0\u00bb custom_color=\u00a0\u00bb#652582&Prime;][vc_empty_space height=\u00a0\u00bb15px\u00a0\u00bb][vc_column_text]<\/p>\n<h3 style=\"text-align: center;\">Vos r\u00e9sultats<\/h3>\n<p style=\"text-align: center;\" data-pm-slice=\"1 1 []\">Afin de pouvoir poursuivre, nous exigeons que chaque membre du personnel obtienne un score d&rsquo;au moins 70% au test de protection. Si votre score est inf\u00e9rieur \u00e0 ce seuil, ne vous inqui\u00e9tez pas, vous pouvez repasser le test autant de fois que n\u00e9cessaire. <\/p>\n<p>[\/vc_column_text][\/vc_column][vc_column][vc_btn title=\u00a0\u00bbPASSEZ LE TEST !\u00a0\u00bb style=\u00a0\u00bbcustom\u00a0\u00bb custom_background=\u00a0\u00bb#652487&Prime; custom_text=\u00a0\u00bb#ffffff\u00a0\u00bb shape=\u00a0\u00bbsquare\u00a0\u00bb align=\u00a0\u00bbcenter\u00a0\u00bb link=\u00a0\u00bburl:https%3A%2F%2Facc-69061.ispring.com%2Fapp%2Fpreview%2F8d8f1b82-3bb3-11f0-be4d-f6a34c7dd83a|title:PASSEZ%20LE%20TEST%20%21|target:_blank|\u00a0\u00bb css=\u00a0\u00bb.vc_custom_1748446867107{padding-top: 30px !important;}\u00a0\u00bb][\/vc_column][\/vc_row][vc_row css=\u00a0\u00bb.vc_custom_1718122863377{padding-top: 75px !important;}\u00a0\u00bb][vc_column][vc_column_text]<\/p>\n<h2 style=\"text-align: center;\">VOTRE PARCOURS DE FORMATION CHEZ SAMIAD<\/h2>\n<p>Afin de vous assurer que vous \u00eates pleinement pr\u00e9par\u00e9 et confiant dans votre r\u00f4le, l&rsquo;ensemble du personnel suivra un processus de formation en trois \u00e9tapes avant de d\u00e9buter \u00e0 l&rsquo;\u00c9cole d&rsquo;\u00c9t\u00e9 Samiad. Cette formation est con\u00e7ue pour vous fournir les connaissances, les outils et le soutien dont vous avez besoin pour r\u00e9ussir et nous aider \u00e0 offrir l&rsquo;exp\u00e9rience s\u00fbre et enrichissante pour laquelle nous sommes reconnus.[\/vc_column_text][vc_empty_space height=\u00a0\u00bb45px\u00a0\u00bb][\/vc_column][\/vc_row][vc_row gap=\u00a0\u00bb30&Prime; css=\u00a0\u00bb.vc_custom_1718122831558{padding-bottom: 90px !important;}\u00a0\u00bb][vc_column][vc_empty_space height=\u00a0\u00bb15px\u00a0\u00bb][vc_column_text]<\/p>\n<h3 style=\"text-align: center;\"><strong>\u00c9tape 1 : formation en ligne<\/strong><\/h3>\n<p style=\"text-align: center;\">Commencez par compl\u00e9ter notre module de formation en ligne de base (lien ci-dessous). Ce cours \u00e0 votre rythme fournit un aper\u00e7u g\u00e9n\u00e9ral de Samiad, de nos politiques et de ce \u00e0 quoi vous pouvez vous attendre durant votre s\u00e9jour parmi nous. La formation comprend des questions de quiz tout au long du parcours pour renforcer votre compr\u00e9hension.  <\/p>\n<p>[\/vc_column_text][vc_btn title=\u00a0\u00bbPASSEZ LE TEST !\u00a0\u00bb style=\u00a0\u00bbcustom\u00a0\u00bb custom_background=\u00a0\u00bb#652487&Prime; custom_text=\u00a0\u00bb#ffffff\u00a0\u00bb shape=\u00a0\u00bbsquare\u00a0\u00bb align=\u00a0\u00bbcenter\u00a0\u00bb link=\u00a0\u00bburl:https%3A%2F%2Facc-69061.ispring.com%2Fapp%2Fpreview%2F6a7d2ef4-21b9-11f0-909c-1a4b24d144d3|title:PASSEZ%20LE%20TEST%20%21|target:_blank|\u00a0\u00bb css=\u00a0\u00bb.vc_custom_1745580482764{padding-top: 30px !important;}\u00a0\u00bb][vc_empty_space height=\u00a0\u00bb15px\u00a0\u00bb][vc_column_text]<\/p>\n<h3 style=\"text-align: center;\"><strong><br \/>\u00c9tape 2 : session de formation en ligne en direct<\/strong><\/h3>\n<p style=\"text-align: center;\" data-pm-slice=\"1 1 []\">Ensuite, vous participerez \u00e0 une session en ligne interactive en direct, dirig\u00e9e par un membre de notre \u00e9quipe de direction. Cette formation approfondit votre r\u00f4le sp\u00e9cifique et vous donne l&rsquo;opportunit\u00e9 de poser des questions et d&rsquo;interagir avec d&rsquo;autres nouveaux membres de l&rsquo;\u00e9quipe. Vous recevrez une invitation par courriel avec les d\u00e9tails concernant la date et l&rsquo;heure de votre session.  <\/p>\n<p>[\/vc_column_text][vc_empty_space height=\u00a0\u00bb15px\u00a0\u00bb][vc_column_text]<\/p>\n<h3 style=\"text-align: center;\"><strong><br \/>\u00c9tape 3 : formation sur site<\/strong><\/h3>\n<p style=\"text-align: center;\">\u00c0 votre arriv\u00e9e sur le site, vous commencerez par une formation en personne au d\u00e9but de votre affectation convenue. Cela comprend un m\u00e9lange de sessions pour tout le personnel, de briefings et de pr\u00e9paration cibl\u00e9e sp\u00e9cifique \u00e0 votre r\u00f4le pour s&rsquo;assurer que vous \u00eates pleinement pr\u00eat \u00e0 d\u00e9buter efficacement. <\/p>\n<p>[\/vc_column_text][\/vc_column][\/vc_row][vc_row full_width=\u00a0\u00bbstretch_row\u00a0\u00bb css=\u00a0\u00bb.vc_custom_1718123721774{padding-top: 60px !important;padding-bottom: 60px !important;background-color: #e6e1d6 !important;}\u00a0\u00bb][vc_column][vc_row_inner css=\u00a0\u00bb.vc_custom_1718121670789{padding-left: 30px !important;}\u00a0\u00bb][vc_column_inner][vc_column_text]<\/p>\n<h2 style=\"text-align: center;\">AVANT D&rsquo;ARRIVER SUR LE CAMPUS<\/h2>\n<p>[\/vc_column_text][vc_empty_space height=\u00a0\u00bb15px\u00a0\u00bb][vc_column_text]<\/p>\n<p style=\"text-align: center;\">En plus de compl\u00e9ter notre formation en ligne sur la protection, veuillez prendre le temps de lire les documents ci-dessous. Ils fournissent des informations utiles pour le personnel de l&rsquo;\u00e9cole d&rsquo;\u00e9t\u00e9 et nos politiques.<\/p>\n<p>[\/vc_column_text][\/vc_column_inner][\/vc_row_inner][vc_empty_space height=\u00a0\u00bb30px\u00a0\u00bb][vc_row_inner][vc_column_inner width=\u00a0\u00bb1\/3&Prime;][vc_single_image image=\u00a0\u00bb7149&Prime; img_size=\u00a0\u00bbmedium\u00a0\u00bb alignment=\u00a0\u00bbcenter\u00a0\u00bb onclick=\u00a0\u00bbcustom_link\u00a0\u00bb img_link_target=\u00a0\u00bb_blank\u00a0\u00bb css_animation=\u00a0\u00bbslideInLeft\u00a0\u00bb link=\u00a0\u00bbhttps:\/\/samiad.com\/wp-content\/uploads\/2025\/04\/Policies-2.pdf\u00a0\u00bb][\/vc_column_inner][vc_column_inner width=\u00a0\u00bb1\/3&Prime;][vc_single_image image=\u00a0\u00bb7150&Prime; img_size=\u00a0\u00bbmedium\u00a0\u00bb alignment=\u00a0\u00bbcenter\u00a0\u00bb onclick=\u00a0\u00bbcustom_link\u00a0\u00bb img_link_target=\u00a0\u00bb_blank\u00a0\u00bb css_animation=\u00a0\u00bbslideInLeft\u00a0\u00bb link=\u00a0\u00bbhttps:\/\/samiad.com\/wp-content\/uploads\/2025\/04\/Samiad-Safe-Guarding.pdf\u00a0\u00bb][\/vc_column_inner][vc_column_inner width=\u00a0\u00bb1\/3&Prime;][vc_single_image image=\u00a0\u00bb7148&Prime; img_size=\u00a0\u00bbmedium\u00a0\u00bb alignment=\u00a0\u00bbcenter\u00a0\u00bb onclick=\u00a0\u00bbcustom_link\u00a0\u00bb img_link_target=\u00a0\u00bb_blank\u00a0\u00bb css_animation=\u00a0\u00bbslideInLeft\u00a0\u00bb link=\u00a0\u00bbhttps:\/\/samiad.com\/wp-content\/uploads\/2025\/04\/Useful-information-1.pdf\u00a0\u00bb][\/vc_column_inner][\/vc_row_inner][\/vc_column][\/vc_row][vc_row full_width=\u00a0\u00bbstretch_row_content_no_spaces\u00a0\u00bb css=\u00a0\u00bb.vc_custom_1717586842639{background-color: #251e1e !important;}\u00a0\u00bb][vc_column][vc_empty_space height=\u00a0\u00bb160px\u00a0\u00bb css=\u00a0\u00bb.vc_custom_1718278947459{background-color: #251e1e !important;background-position: center !important;background-repeat: no-repeat !important;background-size: cover !important;}\u00a0\u00bb][\/vc_column][\/vc_row]<\/p>\n<\/div>","protected":false},"excerpt":{"rendered":"<p>[vc_row][vc_column][\/vc_column][\/vc_row][vc_row css=\u00a0\u00bb.vc_custom_1718123694687{padding-top: 60px !important;padding-bottom: 60px !important;}\u00a0\u00bb][vc_column][vc_column_text css=\u00a0\u00bb.vc_custom_1717584549251{padding-top: 25px !important;padding-bottom: 25px !important;}\u00a0\u00bb] Bienvenue dans l&rsquo;\u00e9quipe ! [\/vc_column_text][vc_column_text css=\u00a0\u00bb.vc_custom_1745419707883{padding-top: 25px !important;padding-bottom: 25px !important;}\u00a0\u00bb] Nous vous f\u00e9licitons pour votre admission au sein de l&rsquo;\u00e9quipe de l&rsquo;\u00c9cole d&rsquo;\u00c9t\u00e9 Samiad ! Nous sommes ravis de vous accueillir parmi nous. En tant que membre de notre personnel d\u00e9vou\u00e9, votre r\u00f4le dans&hellip;&nbsp;<a href=\"https:\/\/www.samiad.com\/fr\/formation\/\" rel=\"bookmark\">Read More &raquo;<span class=\"screen-reader-text\">Formation<\/span><\/a><\/p>\n","protected":false},"author":4,"featured_media":0,"parent":0,"menu_order":0,"comment_status":"closed","ping_status":"closed","template":"","meta":{"_acf_changed":false,"neve_meta_sidebar":"","neve_meta_container":"","neve_meta_enable_content_width":"off","neve_meta_content_width":100,"neve_meta_title_alignment":"","neve_meta_author_avatar":"","neve_post_elements_order":"","neve_meta_disable_header":"","neve_meta_disable_footer":"","neve_meta_disable_title":"","neve_meta_reading_time":"","footnotes":""},"class_list":["post-7451","page","type-page","status-publish","hentry"],"acf":[],"_links":{"self":[{"href":"https:\/\/www.samiad.com\/fr\/wp-json\/wp\/v2\/pages\/7451","targetHints":{"allow":["GET"]}}],"collection":[{"href":"https:\/\/www.samiad.com\/fr\/wp-json\/wp\/v2\/pages"}],"about":[{"href":"https:\/\/www.samiad.com\/fr\/wp-json\/wp\/v2\/types\/page"}],"author":[{"embeddable":true,"href":"https:\/\/www.samiad.com\/fr\/wp-json\/wp\/v2\/users\/4"}],"replies":[{"embeddable":true,"href":"https:\/\/www.samiad.com\/fr\/wp-json\/wp\/v2\/comments?post=7451"}],"version-history":[{"count":0,"href":"https:\/\/www.samiad.com\/fr\/wp-json\/wp\/v2\/pages\/7451\/revisions"}],"wp:attachment":[{"href":"https:\/\/www.samiad.com\/fr\/wp-json\/wp\/v2\/media?parent=7451"}],"curies":[{"name":"wp","href":"https:\/\/api.w.org\/{rel}","templated":true}]}}