{"id":8657,"date":"2023-03-15T12:28:20","date_gmt":"2023-03-15T12:28:20","guid":{"rendered":"https:\/\/www.samiad.com\/privacy-policy-2\/"},"modified":"2025-08-27T07:52:26","modified_gmt":"2025-08-27T07:52:26","slug":"privacy-policy-2","status":"publish","type":"page","link":"https:\/\/www.samiad.com\/it\/privacy-policy-2\/","title":{"rendered":"Informativa sulla privacy"},"content":{"rendered":"<div class=\"wpb-content-wrapper\"><p>[vc_row][vc_column][vc_column_text]<\/p>\n<h1>Informativa sulla privacy<\/h1>\n<p>www.samiad.com \u00e8 un sito web gestito da Samiad limited. Siamo registrati nel Regno Unito con il numero di societ\u00e0 08718466. La nostra sede operativa \u00e8 Samiad Ltd, 403\/4b, JQ Modern, 120 Vyse St, Hockley, Birmingham B18 6NF  <\/p>\n<p>Questa informativa sulla privacy riguarda il sito web di Samiad Ltd e il modo in cui raccogliamo informazioni dagli utenti, insieme a una spiegazione su come ci conformeremo al GDPR (Regolamento generale sulla protezione dei dati), al DPA (Data Protection Act) e al PECR (Privacy and Electronic Communications Regulations).<\/p>\n<p>Le informazioni che ci fornite verranno utilizzate per rispondere alle richieste ricevute sul sito web. Prendiamo molto sul serio la vostra privacy e, se ci fornite informazioni durante la vostra visita al nostro sito web, non venderemo, scambieremo o rilasceremo le vostre informazioni personali (nome, indirizzo e-mail, indirizzo postale, ecc.) a terzi affinch\u00e9 le utilizzino per scopi di marketing, senza il vostro consenso. <\/p>\n<p>Se non desiderate pi\u00f9 che le vostre informazioni personali siano contenute nel nostro database, avete il diritto di chiederci di rimuovere tali informazioni contattandoci all&#8217;indirizzo indicato di seguito.<\/p>\n<p>Utilizzo del nostro sito web<br \/>\nQualsiasi file scaricabile e altro materiale multimediale reso disponibile sul nostro sito web viene utilizzato a vostro rischio e pericolo. Faremo ogni sforzo per garantire che questi file siano sicuri e privi di virus; tuttavia, \u00e8 vostra responsabilit\u00e0 prendere le vostre precauzioni utilizzando un software antivirus. <\/p>\n<p>A volte sui nostri siti web sono inclusi link a siti web esterni. Controlliamo questi link per garantire che siano sicuri, tuttavia si consiglia agli utenti di procedere con cautela quando si fa clic su qualsiasi link esterno. <\/p>\n<p>Non ci assumiamo alcuna responsabilit\u00e0 per eventuali perdite o danni subiti dall&#8217;utente durante l&#8217;utilizzo o l&#8217;azione in base alle informazioni contenute all&#8217;interno di questo sito web.<\/p>\n<p>Ci riserviamo il diritto di modificare qualsiasi aspetto di questo sito web o dei servizi forniti.<\/p>\n<p>Quali informazioni raccogliamo?<br \/>\n1. Modulo di richiesta<br \/>\nLe informazioni raccolte sui moduli di richiesta sul nostro sito web verranno utilizzate per rispondere alla vostra richiesta e fornire ulteriori informazioni necessarie per soddisfare e dare seguito alla vostra richiesta.<\/p>\n<p>Avrete sempre l&#8217;opportunit\u00e0 di rinunciare a ricevere e-mail future ogni volta che ricevete una comunicazione da noi e potete richiedere che i vostri dati vengano rimossi dal nostro database di newsletter in qualsiasi momento inviandoci un&#8217;e-mail all&#8217;indirizzo indicato di seguito.<\/p>\n<p>2. Clienti di Samiad ltd<br \/>\nLaddove abbiamo ricevuto i vostri dati di contatto durante una vendita o una negoziazione di una vendita, sarete inclusi anche nel nostro database per ricevere regolarmente notizie e aggiornamenti da noi riguardanti servizi simili a quelli gi\u00e0 forniti.<\/p>\n<p>In ogni newsletter che inviamo via e-mail, potete rinunciare a ricevere future newsletter via e-mail da noi semplicemente cliccando sul pulsante di annullamento dell&#8217;iscrizione in fondo all&#8217;e-mail.<\/p>\n<p>Potete richiedere che le vostre informazioni vengano rimosse o rettificate se sono inaccurate o incomplete, in qualsiasi momento inviandoci un&#8217;e-mail all&#8217;indirizzo indicato di seguito.<\/p>\n<p>3. Documenti richiesti durante la domanda<br \/>\nIn qualit\u00e0 di fornitore di istruzione, siamo tenuti a controllare e conservare una copia dei dettagli del passaporto di ogni studente e una fotocopia di ogni passaporto. Tutte le informazioni personali e le fotocopie sono archiviate nel database della nostra azienda, accessibile solo al personale Samiad a tempo pieno. Tutte le informazioni sul passaporto e le fotocopie vengono rimosse da questo database entro due mesi dalla data di partenza del corso.  <\/p>\n<p>Cookie e come li utilizziamo<br \/>\nNon utilizziamo cookie sul nostro sito web e non inseriremo cookie sul vostro computer quando accedete al nostro sito web.<br \/>\nTuttavia, c&#8217;\u00e8 un&#8217;eccezione quando i cookie sono essenziali per fornire un servizio online come l&#8217;eCommerce; potete saperne di pi\u00f9 qui https:\/\/ico.org.uk\/for-organisations\/guide-to-pecr\/cookies-and-similar-technologies\/<\/p>\n<p>Utilizziamo Google Analytics per analizzare l&#8217;attivit\u00e0 degli utenti e ottenere informazioni utili per aiutarci a migliorare il nostro sito web. Potete saperne di pi\u00f9 su come Google utilizza i dati visitando la loro pagina web all&#8217;indirizzo www.google.com\/policies\/privacy\/partners\/ o qualsiasi altro URL che Google possa fornire di volta in volta. <\/p>\n<p>Potete adottare misure per bloccare i cookie utilizzando le impostazioni di sicurezza del vostro browser web.<\/p>\n<p>Sicurezza dei dati<br \/>\nRispettiamo i requisiti del GDPR in merito alla gestione, all&#8217;elaborazione e alla sicurezza dei vostri dati personali. Abbiamo condotto un audit di tutti i dati personali conservati sui nostri server e di come li elaboriamo per conto dei nostri clienti. <\/p>\n<p>Non trasferiremo i dati a terzi a meno che non sia richiesto da voi.<\/p>\n<p>Le informazioni che ci fornite sono archiviate sui nostri server sicuri o su server gestiti da terzi (vedere Gestione dei dati da parte dei fornitori di seguito).<\/p>\n<p>Il nostro rack \u00e8 ospitato in una struttura speciale che fornisce l&#8217;ambiente fisico necessario per garantire che il vostro sito sia disponibile 24 ore al giorno, 7 giorni alla settimana. La struttura fornisce sistemi antincendio personalizzati, misure di sicurezza e alimentazione di riserva per garantire la continuit\u00e0. La sicurezza \u00e8 fornita da un firewall trasparente a livello aziendale.  <\/p>\n<p>I dati da noi archiviati sono gestiti in modo da ridurre al minimo il rischio di perdita o furto.<\/p>\n<p>Gestione dei dati da parte dei fornitori<br \/>\nUtilizziamo una variet\u00e0 di fornitori per fornire supporto aggiuntivo per la gestione dell&#8217;attivit\u00e0 e i servizi ai clienti. Sistemi di posta elettronica, contabilit\u00e0 e archiviazione di risorse sono alcune delle piattaforme di supporto di terze parti che utilizziamo. Garantiremo che questi fornitori e qualsiasi futuro fornitore rispettino il GDPR. In caso di domande sulla nostra elaborazione dei dati, contattateci per maggiori informazioni.  <\/p>\n<p>Copyright<br \/>\nLe informazioni contenute in questo sito web sono di propriet\u00e0 di Samiad ltd e non potete utilizzare nessuno di questi contenuti per il vostro uso commerciale.[\/vc_column_text][\/vc_column][\/vc_row]<\/p>\n<\/div>","protected":false},"excerpt":{"rendered":"<p>[vc_row][vc_column][vc_column_text] Informativa sulla privacy www.samiad.com \u00e8 un sito web gestito da Samiad limited. Siamo registrati nel Regno Unito con il numero di societ\u00e0 08718466. La nostra sede operativa \u00e8 Samiad Ltd, 403\/4b, JQ Modern, 120 Vyse St, Hockley, Birmingham B18 6NF Questa informativa sulla privacy riguarda il sito web di Samiad Ltd e il modo&hellip;&nbsp;<a href=\"https:\/\/www.samiad.com\/it\/privacy-policy-2\/\" rel=\"bookmark\">Read More &raquo;<span class=\"screen-reader-text\">Informativa sulla privacy<\/span><\/a><\/p>\n","protected":false},"author":1,"featured_media":0,"parent":0,"menu_order":0,"comment_status":"closed","ping_status":"closed","template":"","meta":{"_acf_changed":false,"neve_meta_sidebar":"","neve_meta_container":"","neve_meta_enable_content_width":"off","neve_meta_content_width":100,"neve_meta_title_alignment":"","neve_meta_author_avatar":"","neve_post_elements_order":"","neve_meta_disable_header":"","neve_meta_disable_footer":"","neve_meta_disable_title":"","neve_meta_reading_time":"","footnotes":""},"class_list":["post-8657","page","type-page","status-publish","hentry"],"acf":[],"_links":{"self":[{"href":"https:\/\/www.samiad.com\/it\/wp-json\/wp\/v2\/pages\/8657","targetHints":{"allow":["GET"]}}],"collection":[{"href":"https:\/\/www.samiad.com\/it\/wp-json\/wp\/v2\/pages"}],"about":[{"href":"https:\/\/www.samiad.com\/it\/wp-json\/wp\/v2\/types\/page"}],"author":[{"embeddable":true,"href":"https:\/\/www.samiad.com\/it\/wp-json\/wp\/v2\/users\/1"}],"replies":[{"embeddable":true,"href":"https:\/\/www.samiad.com\/it\/wp-json\/wp\/v2\/comments?post=8657"}],"version-history":[{"count":0,"href":"https:\/\/www.samiad.com\/it\/wp-json\/wp\/v2\/pages\/8657\/revisions"}],"wp:attachment":[{"href":"https:\/\/www.samiad.com\/it\/wp-json\/wp\/v2\/media?parent=8657"}],"curies":[{"name":"wp","href":"https:\/\/api.w.org\/{rel}","templated":true}]}}