{"id":8817,"date":"2024-06-12T12:00:15","date_gmt":"2024-06-12T12:00:15","guid":{"rendered":"https:\/\/www.samiad.com\/training\/"},"modified":"2025-12-18T13:55:47","modified_gmt":"2025-12-18T13:55:47","slug":"formazione","status":"publish","type":"page","link":"https:\/\/www.samiad.com\/it\/formazione\/","title":{"rendered":"Formazione"},"content":{"rendered":"<div class=\"wpb-content-wrapper\"><p>[vc_row][vc_column]\n\t\t\t<!-- START eLearning REVOLUTION SLIDER 6.6.18 --><p class=\"rs-p-wp-fix\"><\/p>\n\t\t\t<rs-module-wrap id=\"rev_slider_70_1_wrapper\" data-source=\"gallery\" style=\"visibility:hidden;background:transparent;padding:0;margin:0px auto;margin-top:0;margin-bottom:0;\">\n\t\t\t\t<rs-module id=\"rev_slider_70_1\" style=\"\" data-version=\"6.6.18\">\n\t\t\t\t\t<rs-slides style=\"overflow: hidden; position: absolute;\">\n\t\t\t\t\t\t<rs-slide style=\"position: absolute;\" data-key=\"rs-201\" data-title=\"Slide\" data-anim=\"e:slidingoverlay;ms:2000;\" data-in=\"o:1;x:-100%;\" data-out=\"a:false;\">\n\t\t\t\t\t\t\t<img decoding=\"async\" src=\"\/\/www.samiad.com\/wp-content\/plugins\/revslider\/public\/assets\/assets\/dummy.png\" alt=\"\" title=\"SAFEGUARDING\" width=\"1748\" height=\"1240\" class=\"rev-slidebg tp-rs-img rs-lazyload\" data-lazyload=\"\/\/samiad.com\/wp-content\/uploads\/2024\/06\/SAFEGUARDING.png\" data-no-retina>\n<!--\n\t\t\t\t\t\t\t--><rs-layer\n\t\t\t\t\t\t\t\tid=\"slider-70-slide-201-layer-0\" \n\t\t\t\t\t\t\t\tdata-type=\"text\"\n\t\t\t\t\t\t\t\tdata-rsp_ch=\"on\"\n\t\t\t\t\t\t\t\tdata-xy=\"x:c;xo:-244px,-244px,-244px,0;y:m;yo:175px,175px,175px,110px;\"\n\t\t\t\t\t\t\t\tdata-text=\"w:normal;s:51,51,51,39;l:70,70,70,41;a:left,left,left,center;\"\n\t\t\t\t\t\t\t\tdata-dim=\"w:830px,830px,830px,343px;h:228px,228px,228px,265px;\"\n\t\t\t\t\t\t\t\tdata-frame_0=\"x:0,0,0,0px;y:0,0,0,0px;o:1;\"\n\t\t\t\t\t\t\t\tdata-frame_0_chars=\"d:5;x:0,0,0,0px;y:0,0,0,0px;o:0;rX:-90deg;oZ:-50;\"\n\t\t\t\t\t\t\t\tdata-frame_1=\"x:1px,1px,1px,0px;y:-1px,-1px,-1px,0px;e:default;sp:1750;\"\n\t\t\t\t\t\t\t\tdata-frame_1_chars=\"e:power4.inOut;d:10;x:0,0,0,0px;y:0,0,0,0px;oZ:-50;\"\n\t\t\t\t\t\t\t\tdata-frame_999=\"x:-50,-50,-50,-10px;o:0;st:9800;sp:2500;sR:4750;\"\n\t\t\t\t\t\t\t\tdata-tloop=\"t:frame_1;\"\n\t\t\t\t\t\t\t\tstyle=\"z-index:7;font-family:'Playfair Display';text-transform:uppercase;\"\n\t\t\t\t\t\t\t>Samiad Summer School Staff Safeguarding & Pre Summer Training \n\t\t\t\t\t\t\t<\/rs-layer><!--\n\n\t\t\t\t\t\t\t--><rs-layer\n\t\t\t\t\t\t\t\tid=\"slider-70-slide-201-layer-3\" \n\t\t\t\t\t\t\t\tdata-type=\"shape\"\n\t\t\t\t\t\t\t\tdata-rsp_ch=\"on\"\n\t\t\t\t\t\t\t\tdata-xy=\"xo:274px,274px,274px,-72px;yo:443px,443px,443px,89px;\"\n\t\t\t\t\t\t\t\tdata-text=\"w:normal;s:20,20,20,4;l:0,0,0,6;\"\n\t\t\t\t\t\t\t\tdata-dim=\"w:1px;h:252px,252px,252px,62px;\"\n\t\t\t\t\t\t\t\tdata-frame_0=\"y:-50,-50,-50,-11;\"\n\t\t\t\t\t\t\t\tdata-frame_1=\"sp:1000;\"\n\t\t\t\t\t\t\t\tdata-frame_999=\"o:0;st:w;sR:9000;\"\n\t\t\t\t\t\t\t\tstyle=\"z-index:8;background-color:#ffffff;\"\n\t\t\t\t\t\t\t> \n\t\t\t\t\t\t\t<\/rs-layer><!--\n\n\t\t\t\t\t\t\t--><rs-layer\n\t\t\t\t\t\t\t\tid=\"slider-70-slide-201-layer-4\" \n\t\t\t\t\t\t\t\tdata-type=\"shape\"\n\t\t\t\t\t\t\t\tdata-rsp_ch=\"on\"\n\t\t\t\t\t\t\t\tdata-xy=\"x:c;xo:-95px,-95px,-95px,-22px;y:m;yo:-120px,-120px,-120px,-29px;\"\n\t\t\t\t\t\t\t\tdata-text=\"w:normal;s:20,20,20,4;l:0,0,0,6;\"\n\t\t\t\t\t\t\t\tdata-dim=\"w:2880px,2880px,2880px,936px;h:1200px,1200px,1200px,905px;\"\n\t\t\t\t\t\t\t\tdata-vbility=\"f,f,f,f\"\n\t\t\t\t\t\t\t\tdata-frame_0=\"y:50,50,50,11;\"\n\t\t\t\t\t\t\t\tdata-frame_1=\"sp:1000;\"\n\t\t\t\t\t\t\t\tdata-frame_999=\"o:0;st:w;sR:9000;\"\n\t\t\t\t\t\t\t\tstyle=\"z-index:6;background-color:rgba(0,0,0,0.5);\"\n\t\t\t\t\t\t\t> \n\t\t\t\t\t\t\t<\/rs-layer><!--\n-->\t\t\t\t\t\t<\/rs-slide>\n\t\t\t\t\t<\/rs-slides>\n\t\t\t\t<\/rs-module>\n\t\t\t\t<script>\n\t\t\t\t\tsetREVStartSize({c: 'rev_slider_70_1',rl:[1240,1240,1240,480],el:[800,800,800,720],gw:[1920,1920,1920,480],gh:[800,800,800,720],type:'standard',justify:'',layout:'fullwidth',mh:\"0\"});if (window.RS_MODULES!==undefined && window.RS_MODULES.modules!==undefined && window.RS_MODULES.modules[\"revslider701\"]!==undefined) {window.RS_MODULES.modules[\"revslider701\"].once = false;window.revapi70 = undefined;if (window.RS_MODULES.checkMinimal!==undefined) window.RS_MODULES.checkMinimal()}\n\t\t\t\t<\/script>\n\t\t\t<\/rs-module-wrap>\n\t\t\t<!-- END REVOLUTION SLIDER -->\n[\/vc_column][\/vc_row][vc_row css=&#8221;.vc_custom_1718123694687{padding-top: 60px !important;padding-bottom: 60px !important;}&#8221;][vc_column][vc_column_text css=&#8221;.vc_custom_1717584549251{padding-top: 25px !important;padding-bottom: 25px !important;}&#8221;]<\/p>\n<h2 style=\"text-align: center;\">Benvenuto\/a nel team!<\/h2>\n<p>[\/vc_column_text][vc_column_text css=&#8221;.vc_custom_1745419707883{padding-top: 25px !important;padding-bottom: 25px !important;}&#8221;]<\/p>\n<p style=\"text-align: center;\">Congratulazioni per essere stato\/a accettato\/a nel team della Samiad Summer School! Siamo entusiasti di averti a bordo. In qualit\u00e0 di membro del nostro staff dedicato, il tuo ruolo nel mantenere un ambiente sicuro, di supporto e stimolante per i nostri studenti \u00e8 fondamentale. In questa pagina troverai risorse essenziali, tra cui il nostro <g id=\"gid_0\">Test di salvaguardia<\/g> e il <g id=\"gid_1\">Training introduttivo iniziale<\/g>, progettati per prepararti all&#8217;estate che ti aspetta. La salvaguardia \u00e8 al centro di tutto ci\u00f2 che facciamo e la tua comprensione e il tuo impegno sono fondamentali per garantire il benessere sia degli studenti che del personale.    <\/p>\n<p style=\"text-align: center;\">Grazie per unirti a noi e per contribuire a rendere Samiad un luogo dove sicurezza, cura e avventura si uniscono!<\/p>\n<p>[\/vc_column_text][\/vc_column][\/vc_row][vc_row css=&#8221;.vc_custom_1718122863377{padding-top: 75px !important;}&#8221;][vc_column][vc_empty_space height=&#8221;30px&#8221;][vc_column_text]<\/p>\n<h2 style=\"text-align: center;\">TEST DI SALVAGUARDIA<\/h2>\n<p>[\/vc_column_text][vc_empty_space height=&#8221;45px&#8221;][\/vc_column][\/vc_row][vc_row gap=&#8221;30&#8243; css=&#8221;.vc_custom_1718122831558{padding-bottom: 90px !important;}&#8221;][vc_column width=&#8221;1\/4&#8243;][vc_icon icon_fontawesome=&#8221;fas fa-sign-in-alt&#8221; color=&#8221;custom&#8221; size=&#8221;lg&#8221; align=&#8221;center&#8221; custom_color=&#8221;#652582&#8243;][vc_empty_space height=&#8221;15px&#8221;][vc_column_text]<\/p>\n<h3 style=\"text-align: center;\">Registrazione<\/h3>\n<p style=\"text-align: center;\">Per registrarti, clicca sullo schermo qui sotto e ti verr\u00e0 chiesto di fornire il tuo nome e indirizzo email.<\/p>\n<p>[\/vc_column_text][\/vc_column][vc_column width=&#8221;1\/4&#8243;][vc_icon icon_fontawesome=&#8221;fas fa-laptop&#8221; color=&#8221;custom&#8221; size=&#8221;lg&#8221; align=&#8221;center&#8221; custom_color=&#8221;#652582&#8243;][vc_empty_space height=&#8221;15px&#8221;][vc_column_text]<\/p>\n<h3 style=\"text-align: center;\">Requisiti del dispositivo<\/h3>\n<p style=\"text-align: center;\" data-pm-slice=\"1 1 []\">Il test pu\u00f2 essere eseguito su qualsiasi dispositivo che abbia accesso a Internet, ma sar\u00e0 pi\u00f9 facile utilizzare un laptop o un iPad.<\/p>\n<p>[\/vc_column_text][\/vc_column][vc_column width=&#8221;1\/4&#8243;][vc_icon icon_fontawesome=&#8221;fas fa-clock&#8221; color=&#8221;custom&#8221; size=&#8221;lg&#8221; align=&#8221;center&#8221; custom_color=&#8221;#652582&#8243;][vc_empty_space height=&#8221;15px&#8221;][vc_column_text]<\/p>\n<h3 style=\"text-align: center;\">Durata del test<\/h3>\n<p style=\"text-align: center;\">Il test stesso richieder\u00e0 probabilmente 30 minuti per essere completato, ti preghiamo di non affrettarti, poich\u00e9 le domande sono l\u00ec per aiutarti a capire le risposte e come si riferiscono a determinate situazioni. In caso di problemi tecnici o se hai bisogno di mettere in pausa il test, non \u00e8 un problema, puoi tornare da dove hai lasciato in qualsiasi momento e puoi riavviare il test tutte le volte che desideri. <\/p>\n<p>[\/vc_column_text][\/vc_column][vc_column width=&#8221;1\/4&#8243;][vc_icon icon_fontawesome=&#8221;fas fa-poll-h&#8221; color=&#8221;custom&#8221; size=&#8221;lg&#8221; align=&#8221;center&#8221; custom_color=&#8221;#652582&#8243;][vc_empty_space height=&#8221;15px&#8221;][vc_column_text]<\/p>\n<h3 style=\"text-align: center;\">I tuoi risultati<\/h3>\n<p style=\"text-align: center;\" data-pm-slice=\"1 1 []\">Per poter procedere, abbiamo bisogno che ogni membro del personale ottenga un punteggio di almeno il 70% nel test di salvaguardia. Se ottieni un punteggio inferiore, non preoccuparti, puoi ripetere il test tutte le volte che desideri. <\/p>\n<p>[\/vc_column_text][\/vc_column][vc_column][vc_btn title=&#8221;FAI IL TEST!&#8221; style=&#8221;custom&#8221; custom_background=&#8221;#652487&#8243; custom_text=&#8221;#ffffff&#8221; shape=&#8221;square&#8221; align=&#8221;center&#8221; link=&#8221;url:https%3A%2F%2Facc-69061.ispring.com%2Fapp%2Fpreview%2F8d8f1b82-3bb3-11f0-be4d-f6a34c7dd83a|title:FAI%20IL%20TEST%21|target:_blank|&#8221; css=&#8221;.vc_custom_1748446867107{padding-top: 30px !important;}&#8221;][\/vc_column][\/vc_row][vc_row css=&#8221;.vc_custom_1718122863377{padding-top: 75px !important;}&#8221;][vc_column][vc_column_text]<\/p>\n<h2 style=\"text-align: center;\">IL TUO PERCORSO DI FORMAZIONE A SAMIAD<\/h2>\n<p>Per garantire che tu sia pienamente preparato\/a e sicuro\/a del tuo ruolo, tutto il personale completer\u00e0 un processo di formazione in tre fasi prima di iniziare alla Samiad Summer School. Questa formazione \u00e8 progettata per fornirti le conoscenze, gli strumenti e il supporto necessari per avere successo e per aiutarci a offrire l&#8217;esperienza sicura e arricchente per cui siamo conosciuti.[\/vc_column_text][vc_empty_space height=&#8221;45px&#8221;][\/vc_column][\/vc_row][vc_row gap=&#8221;30&#8243; css=&#8221;.vc_custom_1718122831558{padding-bottom: 90px !important;}&#8221;][vc_column][vc_empty_space height=&#8221;15px&#8221;][vc_column_text]<\/p>\n<h3 style=\"text-align: center;\"><strong>Fase 1: formazione online<\/strong><\/h3>\n<p style=\"text-align: center;\">Inizia completando il nostro modulo di formazione online di base (link qui sotto). Questo corso, che puoi seguire secondo i tuoi ritmi, fornisce una panoramica generale di Samiad, delle nostre politiche e di cosa aspettarti durante il tuo periodo con noi. La formazione include domande a quiz per aiutarti a rafforzare la tua comprensione.  <\/p>\n<p>[\/vc_column_text][vc_btn title=&#8221;FAI IL TEST!&#8221; style=&#8221;custom&#8221; custom_background=&#8221;#652487&#8243; custom_text=&#8221;#ffffff&#8221; shape=&#8221;square&#8221; align=&#8221;center&#8221; link=&#8221;url:https%3A%2F%2Facc-69061.ispring.com%2Fapp%2Fpreview%2F6a7d2ef4-21b9-11f0-909c-1a4b24d144d3|title:FAI%20IL%20TEST%21|target:_blank|&#8221; css=&#8221;.vc_custom_1745580482764{padding-top: 30px !important;}&#8221;][vc_empty_space height=&#8221;15px&#8221;][vc_column_text]<\/p>\n<h3 style=\"text-align: center;\"><strong><br \/>Fase 2: sessione di formazione online dal vivo<\/strong><\/h3>\n<p style=\"text-align: center;\" data-pm-slice=\"1 1 []\">Successivamente, parteciperai a una sessione online interattiva dal vivo guidata da un membro del nostro team senior. Questa formazione approfondisce il tuo ruolo specifico e ti d\u00e0 la possibilit\u00e0 di porre domande e interagire con altri nuovi membri del team. Riceverai un invito via email con i dettagli sulla data e l&#8217;ora della tua sessione.  <\/p>\n<p>[\/vc_column_text][vc_empty_space height=&#8221;15px&#8221;][vc_column_text]<\/p>\n<h3 style=\"text-align: center;\"><strong><br \/>Fase 3: formazione in loco<\/strong><\/h3>\n<p style=\"text-align: center;\">Quando arriverai in loco, inizierai con la formazione di persona all&#8217;inizio del tuo periodo concordato. Questa include un mix di sessioni per tutto il personale, briefing e preparazione mirata specifica per il ruolo per assicurarti di essere completamente pronto\/a a partire subito. <\/p>\n<p>[\/vc_column_text][\/vc_column][\/vc_row][vc_row full_width=&#8221;stretch_row&#8221; css=&#8221;.vc_custom_1718123721774{padding-top: 60px !important;padding-bottom: 60px !important;background-color: #e6e1d6 !important;}&#8221;][vc_column][vc_row_inner css=&#8221;.vc_custom_1718121670789{padding-left: 30px !important;}&#8221;][vc_column_inner][vc_column_text]<\/p>\n<h2 style=\"text-align: center;\">PRIMA DI ARRIVARE AL CAMPUS<\/h2>\n<p>[\/vc_column_text][vc_empty_space height=&#8221;15px&#8221;][vc_column_text]<\/p>\n<p style=\"text-align: center;\">Oltre a completare la nostra formazione online sulla salvaguardia, ti preghiamo di dedicare del tempo alla lettura dei documenti qui sotto, che forniscono informazioni utili per il personale della scuola estiva e le nostre politiche.<\/p>\n<p>[\/vc_column_text][\/vc_column_inner][\/vc_row_inner][vc_empty_space height=&#8221;30px&#8221;][vc_row_inner][vc_column_inner width=&#8221;1\/3&#8243;][vc_single_image image=&#8221;7149&#8243; img_size=&#8221;medium&#8221; alignment=&#8221;center&#8221; onclick=&#8221;custom_link&#8221; img_link_target=&#8221;_blank&#8221; css_animation=&#8221;slideInLeft&#8221; link=&#8221;https:\/\/samiad.com\/wp-content\/uploads\/2025\/04\/Policies-2.pdf&#8221;][\/vc_column_inner][vc_column_inner width=&#8221;1\/3&#8243;][vc_single_image image=&#8221;7150&#8243; img_size=&#8221;medium&#8221; alignment=&#8221;center&#8221; onclick=&#8221;custom_link&#8221; img_link_target=&#8221;_blank&#8221; css_animation=&#8221;slideInLeft&#8221; link=&#8221;https:\/\/samiad.com\/wp-content\/uploads\/2025\/04\/Samiad-Safe-Guarding.pdf&#8221;][\/vc_column_inner][vc_column_inner width=&#8221;1\/3&#8243;][vc_single_image image=&#8221;7148&#8243; img_size=&#8221;medium&#8221; alignment=&#8221;center&#8221; onclick=&#8221;custom_link&#8221; img_link_target=&#8221;_blank&#8221; css_animation=&#8221;slideInLeft&#8221; link=&#8221;https:\/\/samiad.com\/wp-content\/uploads\/2025\/04\/Useful-information-1.pdf&#8221;][\/vc_column_inner][\/vc_row_inner][\/vc_column][\/vc_row][vc_row full_width=&#8221;stretch_row_content_no_spaces&#8221; css=&#8221;.vc_custom_1717586842639{background-color: #251e1e !important;}&#8221;][vc_column][vc_empty_space height=&#8221;160px&#8221; css=&#8221;.vc_custom_1718278947459{background-color: #251e1e !important;background-position: center !important;background-repeat: no-repeat !important;background-size: cover !important;}&#8221;][\/vc_column][\/vc_row]<\/p>\n<\/div>","protected":false},"excerpt":{"rendered":"<p>[vc_row][vc_column][\/vc_column][\/vc_row][vc_row css=&#8221;.vc_custom_1718123694687{padding-top: 60px !important;padding-bottom: 60px !important;}&#8221;][vc_column][vc_column_text css=&#8221;.vc_custom_1717584549251{padding-top: 25px !important;padding-bottom: 25px !important;}&#8221;] Benvenuto\/a nel team! [\/vc_column_text][vc_column_text css=&#8221;.vc_custom_1745419707883{padding-top: 25px !important;padding-bottom: 25px !important;}&#8221;] Congratulazioni per essere stato\/a accettato\/a nel team della Samiad Summer School! Siamo entusiasti di averti a bordo. In qualit\u00e0 di membro del nostro staff dedicato, il tuo ruolo nel mantenere un ambiente sicuro, di supporto&hellip;&nbsp;<a href=\"https:\/\/www.samiad.com\/it\/formazione\/\" rel=\"bookmark\">Read More &raquo;<span class=\"screen-reader-text\">Formazione<\/span><\/a><\/p>\n","protected":false},"author":4,"featured_media":0,"parent":0,"menu_order":0,"comment_status":"closed","ping_status":"closed","template":"","meta":{"_acf_changed":false,"neve_meta_sidebar":"","neve_meta_container":"","neve_meta_enable_content_width":"off","neve_meta_content_width":100,"neve_meta_title_alignment":"","neve_meta_author_avatar":"","neve_post_elements_order":"","neve_meta_disable_header":"","neve_meta_disable_footer":"","neve_meta_disable_title":"","neve_meta_reading_time":"","footnotes":""},"class_list":["post-8817","page","type-page","status-publish","hentry"],"acf":[],"_links":{"self":[{"href":"https:\/\/www.samiad.com\/it\/wp-json\/wp\/v2\/pages\/8817","targetHints":{"allow":["GET"]}}],"collection":[{"href":"https:\/\/www.samiad.com\/it\/wp-json\/wp\/v2\/pages"}],"about":[{"href":"https:\/\/www.samiad.com\/it\/wp-json\/wp\/v2\/types\/page"}],"author":[{"embeddable":true,"href":"https:\/\/www.samiad.com\/it\/wp-json\/wp\/v2\/users\/4"}],"replies":[{"embeddable":true,"href":"https:\/\/www.samiad.com\/it\/wp-json\/wp\/v2\/comments?post=8817"}],"version-history":[{"count":0,"href":"https:\/\/www.samiad.com\/it\/wp-json\/wp\/v2\/pages\/8817\/revisions"}],"wp:attachment":[{"href":"https:\/\/www.samiad.com\/it\/wp-json\/wp\/v2\/media?parent=8817"}],"curies":[{"name":"wp","href":"https:\/\/api.w.org\/{rel}","templated":true}]}}