{"id":8826,"date":"2023-03-29T11:01:00","date_gmt":"2023-03-29T11:01:00","guid":{"rendered":"https:\/\/www.samiad.com\/terms-and-conditions\/"},"modified":"2025-08-27T07:56:39","modified_gmt":"2025-08-27T07:56:39","slug":"terms-and-conditions","status":"publish","type":"page","link":"https:\/\/www.samiad.com\/it\/terms-and-conditions\/","title":{"rendered":"Termini e condizioni"},"content":{"rendered":"<div class=\"wpb-content-wrapper\"><p>[vc_row css=&#8221;.vc_custom_1680087657818{padding-top: 35px !important;}&#8221;][vc_column][vc_column_text]<\/p>\n<h1><b><span data-contrast=\"auto\">Termini e condizioni <\/span><\/b><\/h1>\n<p><span data-contrast=\"auto\">Per assicurarsi un posto in un corso, \u00e8 necessario compilare e inviare un modulo di domanda a Samiad Ltd o a un agente\/partner riconosciuto. In seguito alla ricezione del modulo di domanda, verr\u00e0 inviata una lettera di offerta che conferma la disponibilit\u00e0 di un posto ed evidenzia le istruzioni di pagamento, inclusi i termini e le condizioni. <\/span><span data-ccp-props=\"{\"201341983\":0,\"335559739\":160,\"335559740\":259}\"> <\/span><\/p>\n<p><span data-contrast=\"auto\">I posti vengono assegnati in base all&#8217;ordine di arrivo. Per assicurarsi un posto, \u00e8 richiesto un deposito del 50%. <\/span><span data-ccp-props=\"{\"201341983\":0,\"335559739\":160,\"335559740\":259}\"> <\/span><\/p>\n<p><span data-contrast=\"auto\">Tutte le tariffe devono essere pagate in sterline inglesi (GBP \u00a3) e devono essere ricevute integralmente almeno 8 settimane prima dell&#8217;inizio del corso.<\/span><span data-ccp-props=\"{\"201341983\":0,\"335559739\":160,\"335559740\":259}\"> <\/span><\/p>\n<p><span data-contrast=\"auto\">Le tariffe non sono trasferibili ad altri studenti.<\/span><span data-ccp-props=\"{\"201341983\":0,\"335559739\":160,\"335559740\":259}\"> <\/span><\/p>\n<p><span data-contrast=\"auto\">Samiad Ltd si riserva il diritto di annullare o modificare un corso.<\/span><span data-ccp-props=\"{\"201341983\":0,\"335559739\":160,\"335559740\":259}\"> <\/span><\/p>\n<p><b><span data-contrast=\"auto\">Politica di cancellazione e rimborso<\/span><\/b><br \/>\n<span data-contrast=\"auto\">Tutte le cancellazioni devono essere comunicate per iscritto a Samiad Ltd. I rimborsi possono essere concessi al ricevimento della cancellazione scritta. I criteri di rimborso si basano sul periodo di preavviso antecedente all&#8217;inizio del corso, come segue:  <\/span><span data-ccp-props=\"{\"201341983\":0,\"335559739\":160,\"335559740\":259}\"> <\/span><\/p>\n<table data-tablestyle=\"MsoTableGrid\" data-tablelook=\"1184\" aria-rowcount=\"6\">\n<tbody>\n<tr aria-rowindex=\"1\">\n<td data-celllook=\"4369\"><b><span data-contrast=\"auto\">Preavviso dato prima della data di arrivo<\/span><\/b><span data-ccp-props=\"{\"201341983\":0,\"335559740\":259}\"> <\/span><\/td>\n<td data-celllook=\"4369\"><b><span data-contrast=\"auto\">Spese di cancellazione<\/span><\/b><span data-ccp-props=\"{\"201341983\":0,\"335559740\":259}\"> <\/span><\/td>\n<\/tr>\n<tr aria-rowindex=\"2\">\n<td data-celllook=\"4369\"><span data-contrast=\"auto\">61+ giorni<\/span><span data-ccp-props=\"{\"201341983\":0,\"335559740\":259}\"> <\/span><\/td>\n<td data-celllook=\"4369\"><span data-contrast=\"auto\">\u00a3150<\/span><span data-ccp-props=\"{\"201341983\":0,\"335559740\":259}\"> <\/span><\/td>\n<\/tr>\n<tr aria-rowindex=\"3\">\n<td data-celllook=\"4369\"><span data-contrast=\"auto\">Da 31 a 60 giorni<\/span><span data-ccp-props=\"{\"201341983\":0,\"335559740\":259}\"> <\/span><\/td>\n<td data-celllook=\"4369\"><span data-contrast=\"auto\">\u00a3400<\/span><span data-ccp-props=\"{\"201341983\":0,\"335559740\":259}\"> <\/span><\/td>\n<\/tr>\n<tr aria-rowindex=\"4\">\n<td data-celllook=\"4369\"><span data-contrast=\"auto\">Da 15 a 30 giorni<\/span><span data-ccp-props=\"{\"201341983\":0,\"335559740\":259}\"> <\/span><\/td>\n<td data-celllook=\"4369\"><span data-contrast=\"auto\">50% del costo del corso<\/span><span data-ccp-props=\"{\"201341983\":0,\"335559740\":259}\"> <\/span><\/td>\n<\/tr>\n<tr aria-rowindex=\"5\">\n<td data-celllook=\"4369\"><span data-contrast=\"auto\">Da 0 a 14 giorni<\/span><span data-ccp-props=\"{\"201341983\":0,\"335559740\":259}\"> <\/span><\/td>\n<td data-celllook=\"4369\"><span data-contrast=\"auto\">100% del costo del corso<\/span><span data-ccp-props=\"{\"201341983\":0,\"335559740\":259}\"> <\/span><\/td>\n<\/tr>\n<tr aria-rowindex=\"6\">\n<td data-celllook=\"4369\"><span data-contrast=\"auto\">Dopo la data di arrivo<\/span><span data-ccp-props=\"{\"201341983\":0,\"335559740\":259}\"> <\/span><\/td>\n<td data-celllook=\"4369\"><span data-contrast=\"auto\">100% del costo del corso<\/span><span data-ccp-props=\"{\"201341983\":0,\"335559740\":259}\"> <\/span><\/td>\n<\/tr>\n<\/tbody>\n<\/table>\n<p><span data-contrast=\"auto\">I criteri di rimborso sopra indicati si riferiscono esclusivamente ai programmi estivi di collegio. Altri programmi, durante l&#8217;anno, possono essere soggetti a spese di cancellazione alternative.  <\/span><\/p>\n<p><span data-contrast=\"auto\">Tutti i rimborsi saranno pagati direttamente sul conto da cui \u00e8 stato effettuato il pagamento e saranno effettuati entro 28 giorni dal ricevimento della cancellazione scritta del corso.<\/span><span data-ccp-props=\"{\"201341983\":0,\"335559739\":160,\"335559740\":259}\"> <\/span><\/p>\n<p><span data-contrast=\"auto\">In caso di rifiuto del visto, verr\u00e0 concesso un rimborso se la cancellazione viene ricevuta per iscritto insieme a una notifica di rifiuto del visto almeno 2 settimane prima della data di inizio del corso. Non verr\u00e0 concesso alcun rimborso se la cancellazione viene effettuata a meno di 2 settimane dall&#8217;inizio del corso o se il rifiuto del visto si basa sul mancato rispetto da parte dello studente dei criteri necessari per la categoria di visto scelta. Tutti i rimborsi basati sul rifiuto del visto saranno al netto di una tassa di registrazione di \u00a3150.  <\/span><span data-ccp-props=\"{\"201341983\":0,\"335559739\":160,\"335559740\":259}\"> <\/span><\/p>\n<p><b><span data-contrast=\"auto\">Visti<\/span><\/b><br \/>\n<span data-contrast=\"auto\">\u00c8 responsabilit\u00e0 dello studente verificare i requisiti per l&#8217;ottenimento del visto d&#8217;ingresso nel Regno Unito e, se necessario, ottenere un visto appropriato per il periodo di studio. Le informazioni sui visti sono disponibili sul sito web del Ministero dell&#8217;Interno britannico:  <\/span><a href=\"http:\/\/www.ukba.homeoffice.gov.uk\/\" target=\"_blank\" rel=\"noopener\"><span data-contrast=\"none\">www.ukba.homeoffice.gov.uk<\/span><\/a><span data-contrast=\"auto\"> <\/span><span data-ccp-props=\"{\"201341983\":0,\"335559739\":160,\"335559740\":259}\"> <\/span><\/p>\n<p><span data-contrast=\"auto\">I documenti di supporto richiesti da Samiad saranno rilasciati solo dopo che il pagamento \u00e8 stato effettuato per intero e tutta la documentazione richiesta \u00e8 stata ricevuta.<\/span><span data-ccp-props=\"{\"201341983\":0,\"335559739\":160,\"335559740\":259}\"> <\/span><\/p>\n<p><span data-contrast=\"auto\">Se non hai ricevuto il visto 2 settimane prima della data di inizio del corso, devi informarci in modo che possiamo collaborare con te per prendere le disposizioni necessarie.<\/span><span data-ccp-props=\"{\"201341983\":0,\"335559739\":160,\"335559740\":259}\"> <\/span><\/p>\n<p><span data-contrast=\"auto\">Se uno studente arriva in uno dei nostri centri senza il visto corretto, siamo tenuti per legge a predisporre la sua partenza il prima possibile.<\/span><span data-ccp-props=\"{\"201341983\":0,\"335559739\":160,\"335559740\":259}\"> <\/span><\/p>\n<p><span data-contrast=\"auto\">Tutte le decisioni sulle domande di visto prese dal Ministero dell&#8217;Interno britannico sono definitive.<\/span><br \/>\n<span data-ccp-props=\"{\"201341983\":0,\"335559739\":160,\"335559740\":259}\"> <\/span><\/p>\n<p><b><span data-contrast=\"auto\">Regole del corso<\/span><\/b><br \/>\n<span data-contrast=\"auto\">Samiad Summer School si augura che tutti i partecipanti trascorrano un soggiorno piacevole nel Regno Unito. Per garantire che tutti i partecipanti abbiano una buona esperienza con noi, sono state stabilite delle regole del corso per garantire la sicurezza di tutti i partecipanti durante il soggiorno: <\/span><span data-ccp-props=\"{\"201341983\":0,\"335559739\":160,\"335559740\":259}\"> <\/span><\/p>\n<ul>\n<li data-leveltext=\"\uf0b7\" data-font=\"Symbol\" data-listid=\"1\" data-list-defn-props=\"{\"335552541\":1,\"335559684\":-2,\"335559685\":720,\"335559991\":360,\"469769226\":\"Symbol\",\"469769242\":[8226],\"469777803\":\"left\",\"469777804\":\"\uf0b7\",\"469777815\":\"hybridMultilevel\"}\" aria-setsize=\"-1\" data-aria-posinset=\"1\" data-aria-level=\"1\"><span data-contrast=\"auto\">Gli studenti sono tenuti a partecipare a tutti i pasti, alle lezioni, alle attivit\u00e0 organizzate e alle escursioni.<\/span><span data-ccp-props=\"{\"201341983\":0,\"335559739\":160,\"335559740\":259}\"> <\/span><\/li>\n<li data-leveltext=\"\uf0b7\" data-font=\"Symbol\" data-listid=\"1\" data-list-defn-props=\"{\"335552541\":1,\"335559684\":-2,\"335559685\":720,\"335559991\":360,\"469769226\":\"Symbol\",\"469769242\":[8226],\"469777803\":\"left\",\"469777804\":\"\uf0b7\",\"469777815\":\"hybridMultilevel\"}\" aria-setsize=\"-1\" data-aria-posinset=\"2\" data-aria-level=\"1\"><span data-contrast=\"auto\">Gli studenti sono responsabili di mantenere le proprie stanze in ordine e di rifare i propri letti.<\/span><span data-ccp-props=\"{\"201341983\":0,\"335559739\":160,\"335559740\":259}\"> <\/span><\/li>\n<\/ul>\n<ul>\n<li data-leveltext=\"\uf0b7\" data-font=\"Symbol\" data-listid=\"1\" data-list-defn-props=\"{\"335552541\":1,\"335559684\":-2,\"335559685\":720,\"335559991\":360,\"469769226\":\"Symbol\",\"469769242\":[8226],\"469777803\":\"left\",\"469777804\":\"\uf0b7\",\"469777815\":\"hybridMultilevel\"}\" aria-setsize=\"-1\" data-aria-posinset=\"1\" data-aria-level=\"1\"><span data-contrast=\"auto\">Tutti i danni a propriet\u00e0, attrezzature e stanze saranno addebitati allo studente.<\/span><span data-ccp-props=\"{\"201341983\":0,\"335559739\":160,\"335559740\":259}\"> <\/span><\/li>\n<li data-leveltext=\"\uf0b7\" data-font=\"Symbol\" data-listid=\"1\" data-list-defn-props=\"{\"335552541\":1,\"335559684\":-2,\"335559685\":720,\"335559991\":360,\"469769226\":\"Symbol\",\"469769242\":[8226],\"469777803\":\"left\",\"469777804\":\"\uf0b7\",\"469777815\":\"hybridMultilevel\"}\" aria-setsize=\"-1\" data-aria-posinset=\"2\" data-aria-level=\"1\"><span data-contrast=\"auto\">Danni gratuiti o intenzionali alla propriet\u00e0 della scuola, alla propriet\u00e0 pubblica o alla propriet\u00e0 di altri studenti possono comportare l&#8217;espulsione dal corso.<\/span><span data-ccp-props=\"{\"201341983\":0,\"335559739\":160,\"335559740\":259}\"> <\/span><\/li>\n<li data-leveltext=\"\uf0b7\" data-font=\"Symbol\" data-listid=\"1\" data-list-defn-props=\"{\"335552541\":1,\"335559684\":-2,\"335559685\":720,\"335559991\":360,\"469769226\":\"Symbol\",\"469769242\":[8226],\"469777803\":\"left\",\"469777804\":\"\uf0b7\",\"469777815\":\"hybridMultilevel\"}\" aria-setsize=\"-1\" data-aria-posinset=\"3\" data-aria-level=\"1\"><span data-contrast=\"auto\">Il consumo o il possesso di alcol da parte di studenti di qualsiasi et\u00e0 non \u00e8 consentito.<\/span><span data-ccp-props=\"{\"201341983\":0,\"335559739\":160,\"335559740\":259}\"> <\/span><\/li>\n<li data-leveltext=\"\uf0b7\" data-font=\"Symbol\" data-listid=\"1\" data-list-defn-props=\"{\"335552541\":1,\"335559684\":-2,\"335559685\":720,\"335559991\":360,\"469769226\":\"Symbol\",\"469769242\":[8226],\"469777803\":\"left\",\"469777804\":\"\uf0b7\",\"469777815\":\"hybridMultilevel\"}\" aria-setsize=\"-1\" data-aria-posinset=\"4\" data-aria-level=\"1\"><span data-contrast=\"auto\">L&#8217;assunzione o il possesso di droghe comporter\u00e0 l&#8217;espulsione immediata dal corso.<\/span><span data-ccp-props=\"{\"201341983\":0,\"335559739\":160,\"335559740\":259}\"> <\/span><\/li>\n<li data-leveltext=\"\uf0b7\" data-font=\"Symbol\" data-listid=\"1\" data-list-defn-props=\"{\"335552541\":1,\"335559684\":-2,\"335559685\":720,\"335559991\":360,\"469769226\":\"Symbol\",\"469769242\":[8226],\"469777803\":\"left\",\"469777804\":\"\uf0b7\",\"469777815\":\"hybridMultilevel\"}\" aria-setsize=\"-1\" data-aria-posinset=\"5\" data-aria-level=\"1\"><span data-contrast=\"auto\">Non \u00e8 consentito fumare in nessuno degli edifici scolastici o nel terreno della scuola.<\/span><span data-ccp-props=\"{\"201341983\":0,\"335559739\":160,\"335559740\":259}\"> <\/span><\/li>\n<\/ul>\n<ul>\n<li data-leveltext=\"\uf0b7\" data-font=\"Symbol\" data-listid=\"1\" data-list-defn-props=\"{\"335552541\":1,\"335559684\":-2,\"335559685\":720,\"335559991\":360,\"469769226\":\"Symbol\",\"469769242\":[8226],\"469777803\":\"left\",\"469777804\":\"\uf0b7\",\"469777815\":\"hybridMultilevel\"}\" aria-setsize=\"-1\" data-aria-posinset=\"1\" data-aria-level=\"1\"><span data-contrast=\"auto\">Comportamenti razzisti o intimidatori nei confronti di un altro studente o membro del personale comporteranno l&#8217;espulsione dal corso.<\/span><span data-ccp-props=\"{\"201341983\":0,\"335559739\":160,\"335559740\":259}\"> <\/span><\/li>\n<li data-leveltext=\"\uf0b7\" data-font=\"Symbol\" data-listid=\"1\" data-list-defn-props=\"{\"335552541\":1,\"335559684\":-2,\"335559685\":720,\"335559991\":360,\"469769226\":\"Symbol\",\"469769242\":[8226],\"469777803\":\"left\",\"469777804\":\"\uf0b7\",\"469777815\":\"hybridMultilevel\"}\" aria-setsize=\"-1\" data-aria-posinset=\"2\" data-aria-level=\"1\"><span data-contrast=\"auto\">Nelle residenze, ragazze e ragazzi possono frequentarsi solo nelle aree ricreative designate.<\/span><span data-ccp-props=\"{\"201341983\":0,\"335559739\":160,\"335559740\":259}\"> <\/span><\/li>\n<li data-leveltext=\"\uf0b7\" data-font=\"Symbol\" data-listid=\"1\" data-list-defn-props=\"{\"335552541\":1,\"335559684\":-2,\"335559685\":720,\"335559991\":360,\"469769226\":\"Symbol\",\"469769242\":[8226],\"469777803\":\"left\",\"469777804\":\"\uf0b7\",\"469777815\":\"hybridMultilevel\"}\" aria-setsize=\"-1\" data-aria-posinset=\"3\" data-aria-level=\"1\"><span data-contrast=\"auto\">Qualsiasi studente che lascia la propria casa dopo lo spegnimento delle luci pu\u00f2 essere espulso dal corso.<\/span><span data-ccp-props=\"{\"201341983\":0,\"335559739\":160,\"335559740\":259}\"> <\/span><\/li>\n<li data-leveltext=\"\uf0b7\" data-font=\"Symbol\" data-listid=\"1\" data-list-defn-props=\"{\"335552541\":1,\"335559684\":-2,\"335559685\":720,\"335559991\":360,\"469769226\":\"Symbol\",\"469769242\":[8226],\"469777803\":\"left\",\"469777804\":\"\uf0b7\",\"469777815\":\"hybridMultilevel\"}\" aria-setsize=\"-1\" data-aria-posinset=\"4\" data-aria-level=\"1\"><span data-contrast=\"auto\">I telefoni cellulari personali devono essere spenti durante tutte le lezioni e le attivit\u00e0 programmate.<\/span><br \/>\n<span data-ccp-props=\"{\"201341983\":0,\"335559739\":160,\"335559740\":259}\"> <\/span><\/li>\n<\/ul>\n<p><b><span data-contrast=\"auto\">Materiale promozionale<\/span><\/b><br \/>\n<span data-contrast=\"auto\">Occasionalmente, durante i corsi Samiad, un fotografo professionista scatter\u00e0 fotografie e video promozionali da utilizzare per il marketing dei corsi futuri. I genitori possono scegliere di rinunciare a qualsiasi fotografia promozionale dei propri figli spuntando la casella corrispondente sul modulo di domanda. <\/span><br \/>\n<span data-ccp-props=\"{\"201341983\":0,\"335559739\":160,\"335559740\":259}\"> <\/span><\/p>\n<p><b><span data-contrast=\"auto\">Organizzazione del viaggio<\/span><\/b><br \/>\n<span data-contrast=\"auto\">\u00c8 necessario presentare i dettagli del viaggio il prima possibile. Se i dettagli del viaggio non vengono forniti almeno 1 settimana prima dell&#8217;arrivo, non possiamo garantire che lo studente venga prelevato all&#8217;aeroporto dal personale Samiad. Ci riserviamo il diritto di addebitare una tassa amministrativa per la presentazione tardiva dei dettagli del viaggio.  <\/span><span data-ccp-props=\"{\"201341983\":0,\"335559739\":160,\"335559740\":259}\"> <\/span><\/p>\n<p><span data-contrast=\"auto\">Sono disponibili trasferimenti aeroportuali, si prega di consultare il nostro sito web per gli ultimi prezzi. Una conferma del trasferimento verr\u00e0 inviata dopo aver ricevuto i dettagli del viaggio e il relativo pagamento. <\/span><span data-ccp-props=\"{\"201341983\":0,\"335559739\":160,\"335559740\":259}\"> <\/span><\/p>\n<p><span data-contrast=\"auto\">Alcune compagnie aeree non consentono ai bambini di et\u00e0 inferiore ai 16 anni di viaggiare senza un adulto. \u00c8 necessario verificare le linee guida attuali prima di prenotare qualsiasi volo. <\/span><span data-ccp-props=\"{\"201341983\":0,\"335559739\":160,\"335559740\":259}\"> <\/span><\/p>\n<p><span data-contrast=\"auto\">Se scegli di organizzare il tuo viaggio e di arrivare direttamente al centro, ti preghiamo di comunicarci l&#8217;orario di arrivo previsto. All&#8217;arrivo, gli studenti devono consegnare il passaporto, i biglietti aerei, la paghetta (o gli assegni turistici) e qualsiasi farmaco all&#8217;ufficio del corso. <\/span><span data-ccp-props=\"{\"201341983\":0,\"335559739\":160,\"335559740\":259}\"> <\/span><\/p>\n<p><span data-contrast=\"auto\">Se uno studente parte prima della fine del periodo di studio e necessita di un trasferimento di partenza, organizzeremo il trasferimento al punto di partenza dello studente a un costo aggiuntivo.<\/span><span data-ccp-props=\"{\"201341983\":0,\"335559739\":160,\"335559740\":259}\"> <\/span><\/p>\n<p><span data-contrast=\"auto\">Qualora la partenza di uno studente al termine del periodo di studio dovesse essere ritardata a causa di circostanze al di fuori del controllo dello studente, Samiad continuer\u00e0 a offrire pensione completa e supervisione fino a quando la partenza non potr\u00e0 essere organizzata dal genitore o tutore dello studente. Per ogni notte aggiuntiva, Samiad addebiter\u00e0 \u00a3100 in aggiunta a eventuali spese di trasferimento. <\/span><span data-ccp-props=\"{\"201341983\":0,\"335559739\":160,\"335559740\":259}\"> <\/span><\/p>\n<p><b><span data-contrast=\"auto\">Assicurazione<\/span><\/b><br \/>\n<span data-contrast=\"auto\">Tutti gli studenti devono avere un&#8217;assicurazione prima di arrivare alla Samiad Summer School per coprire possibili eventualit\u00e0 come spese mediche, smarrimento del bagaglio, voli cancellati o ritardati.<\/span><span data-ccp-props=\"{\"201341983\":0,\"335559739\":160,\"335559740\":259}\"> <\/span><\/p>\n<p><span data-contrast=\"auto\">Samiad offre un&#8217;assicurazione a un costo aggiuntivo di \u00a310 a settimana. I dettagli sono disponibili qui. <\/span><br \/>\n<span data-ccp-props=\"{\"201341983\":0,\"335559739\":160,\"335559740\":259}\"> <\/span><\/p>\n<p><b><span data-contrast=\"auto\">Aspetti medici<\/span><\/b><br \/>\n<span data-contrast=\"auto\">\u00c8 necessario informarci di eventuali esigenze mediche o dietetiche che potrebbero influire sulla capacit\u00e0 dello studente di partecipare al corso prima dell&#8217;inizio del corso. Qualsiasi studente che arrivi con una grave condizione medica non precedentemente segnalata, che richieda una supervisione regolare del personale, pu\u00f2 essere rimandato a casa senza alcun rimborso delle tasse. <\/span><span data-ccp-props=\"{\"201341983\":0,\"335559739\":160,\"335559740\":259}\"> <\/span><\/p>\n<p><span data-contrast=\"auto\">Gli studenti devono consegnare qualsiasi farmaco che portano con s\u00e9 al personale del corso all&#8217;arrivo. I farmaci saranno somministrati sotto la supervisione del personale del corso. <\/span><span data-ccp-props=\"{\"201341983\":0,\"335559739\":160,\"335559740\":259}\"> <\/span><\/p>\n<p><span data-contrast=\"auto\">In caso di emergenza medica, se i genitori\/tutori dello studente non possono essere contattati, Samiad agir\u00e0 in loco parentis e provveder\u00e0 affinch\u00e9 un medico fornisca qualsiasi trattamento medico ritenuto necessario, nonch\u00e9 autorizzer\u00e0 la somministrazione di un anestetico e un&#8217;operazione.<\/span><br \/>\n<span data-ccp-props=\"{\"201341983\":0,\"335559739\":160,\"335559740\":259}\"> <\/span><\/p>\n<p><b><span data-contrast=\"auto\">Procedura di reclamo<\/span><\/b><span data-ccp-props=\"{\"201341983\":0,\"335559739\":160,\"335559740\":259}\"> <\/span><\/p>\n<p><span data-contrast=\"auto\">A tutti i reclami verr\u00e0 data risposta entro 5 giorni lavorativi dal ricevimento del reclamo originale.<\/span><span data-ccp-props=\"{\"201341983\":0,\"335559739\":160,\"335559740\":259}\"> <\/span><\/p>\n<p><span data-contrast=\"auto\">I reclami sono suddivisi nelle seguenti aree: pre-corso, durante il corso e post-corso.<\/span><span data-ccp-props=\"{\"201341983\":0,\"335559739\":160,\"335559740\":259}\"> <\/span><\/p>\n<p><span data-contrast=\"auto\">I reclami pre-corso e post-corso devono essere indirizzati al tuo consulente per le ammissioni per i clienti o al tuo account manager per agenti e partner. Se ritieni che non sia stata trovata una soluzione ragionevole, il tuo reclamo verr\u00e0 inoltrato a un responsabile all&#8217;interno della divisione. Se non sei ancora soddisfatto della risposta, il tuo reclamo verr\u00e0 inoltrato a un direttore di Samiad.  <\/span><span data-ccp-props=\"{\"201341983\":0,\"335559739\":160,\"335559740\":259}\"> <\/span><\/p>\n<p><span data-contrast=\"auto\">I reclami presentati durante un corso devono essere indirizzati a un membro del personale o direttamente al responsabile del sito. Tutti i reclami verranno quindi inoltrati al responsabile del sito che, ove possibile, trover\u00e0 una soluzione soddisfacente per tutte le parti. Qualora ritenessi che il tuo reclamo non sia stato gestito in modo soddisfacente, il tuo reclamo verr\u00e0 inoltrato a un direttore di Samiad.  <\/span><br \/>\n<span data-ccp-props=\"{\"201341983\":0,\"335559739\":160,\"335559740\":259}\"> <\/span><\/p>\n<p><b><span data-contrast=\"auto\">Esoneri di responsabilit\u00e0<\/span><\/b><br \/>\n<span data-contrast=\"auto\">Samiad non promette che il sito web sar\u00e0 privo di errori, esente da interruzioni.<\/span><span data-ccp-props=\"{\"201341983\":0,\"335559739\":160,\"335559740\":259}\"> <\/span><\/p>\n<p><span data-contrast=\"auto\">Samiad non promette che le immagini e le descrizioni dei prodotti e dei servizi del sito web siano in qualsiasi momento un riflesso o una presentazione esatta dei prodotti e dei servizi offerti o disponibili presso la Samad Summer School. Il sito web e il suo contenuto sono soggetti a modifiche senza preavviso. Samiad declina ogni responsabilit\u00e0 o garanzia, espressa o implicita, basata su qualsiasi differenza di qualsiasi tipo tra le descrizioni dei prodotti e dei servizi sul sito web e le caratteristiche effettive dei prodotti e dei servizi offerti o disponibili presso la Samiad Summer School.    <\/span><span data-ccp-props=\"{\"201341983\":0,\"335559739\":160,\"335559740\":259}\"> <\/span><\/p>\n<p><span data-contrast=\"auto\">In particolare, i servizi e il funzionamento delle strutture sportive e ricreative di Samiad, nonch\u00e9 altre strutture utilizzate come parte del nostro programma di escursioni, possono variare a seconda delle condizioni meteorologiche e di altre circostanze impreviste.<\/span><span data-ccp-props=\"{\"201341983\":0,\"335559739\":160,\"335559740\":259}\"> <\/span><\/p>\n<p><b><span data-contrast=\"auto\">Modifiche ai termini e alle condizioni <\/span><\/b><br \/>\n<span data-contrast=\"auto\">I presenti Termini e condizioni possono essere modificati di volta in volta. Eventuali modifiche saranno pubblicate su questa pagina.  <\/span><span data-ccp-props=\"{\"201341983\":0,\"335559739\":160,\"335559740\":259}\"> <\/span><\/p>\n<p><span data-contrast=\"auto\">La data di entrata in vigore dei presenti Termini e condizioni \u00e8 il 22 febbraio 2024<\/span><span data-contrast=\"auto\">.<\/span><span data-ccp-props=\"{\"201341983\":0,\"335559739\":160,\"335559740\":259}\"> <\/span><\/p>\n<p><span data-ccp-props=\"{\"201341983\":0,\"335559739\":160,\"335559740\":259}\"> <\/span>[\/vc_column_text][\/vc_column][\/vc_row]<\/p>\n<\/div>","protected":false},"excerpt":{"rendered":"<p>[vc_row css=&#8221;.vc_custom_1680087657818{padding-top: 35px !important;}&#8221;][vc_column][vc_column_text] Termini e condizioni Per assicurarsi un posto in un corso, \u00e8 necessario compilare e inviare un modulo di domanda a Samiad Ltd o a un agente\/partner riconosciuto. In seguito alla ricezione del modulo di domanda, verr\u00e0 inviata una lettera di offerta che conferma la disponibilit\u00e0 di un posto ed evidenzia le&hellip;&nbsp;<a href=\"https:\/\/www.samiad.com\/it\/terms-and-conditions\/\" rel=\"bookmark\">Read More &raquo;<span class=\"screen-reader-text\">Termini e condizioni<\/span><\/a><\/p>\n","protected":false},"author":1,"featured_media":0,"parent":0,"menu_order":0,"comment_status":"closed","ping_status":"closed","template":"","meta":{"_acf_changed":false,"neve_meta_sidebar":"","neve_meta_container":"","neve_meta_enable_content_width":"off","neve_meta_content_width":100,"neve_meta_title_alignment":"","neve_meta_author_avatar":"","neve_post_elements_order":"","neve_meta_disable_header":"","neve_meta_disable_footer":"","neve_meta_disable_title":"","neve_meta_reading_time":"","footnotes":""},"class_list":["post-8826","page","type-page","status-publish","hentry"],"acf":[],"_links":{"self":[{"href":"https:\/\/www.samiad.com\/it\/wp-json\/wp\/v2\/pages\/8826","targetHints":{"allow":["GET"]}}],"collection":[{"href":"https:\/\/www.samiad.com\/it\/wp-json\/wp\/v2\/pages"}],"about":[{"href":"https:\/\/www.samiad.com\/it\/wp-json\/wp\/v2\/types\/page"}],"author":[{"embeddable":true,"href":"https:\/\/www.samiad.com\/it\/wp-json\/wp\/v2\/users\/1"}],"replies":[{"embeddable":true,"href":"https:\/\/www.samiad.com\/it\/wp-json\/wp\/v2\/comments?post=8826"}],"version-history":[{"count":0,"href":"https:\/\/www.samiad.com\/it\/wp-json\/wp\/v2\/pages\/8826\/revisions"}],"wp:attachment":[{"href":"https:\/\/www.samiad.com\/it\/wp-json\/wp\/v2\/media?parent=8826"}],"curies":[{"name":"wp","href":"https:\/\/api.w.org\/{rel}","templated":true}]}}