{"id":8836,"date":"2024-06-06T12:45:29","date_gmt":"2024-06-06T12:45:29","guid":{"rendered":"https:\/\/www.samiad.com\/pre-arrival\/"},"modified":"2026-01-09T10:33:42","modified_gmt":"2026-01-09T10:33:42","slug":"prima-dellarrivo","status":"publish","type":"page","link":"https:\/\/www.samiad.com\/it\/prima-dellarrivo\/","title":{"rendered":"Prima dell&#8217;arrivo"},"content":{"rendered":"<div class=\"wpb-content-wrapper\"><p>[vc_row][vc_column]\n\t\t\t<!-- START prearrivalit REVOLUTION SLIDER 6.6.18 --><p class=\"rs-p-wp-fix\"><\/p>\n\t\t\t<rs-module-wrap id=\"rev_slider_237_1_wrapper\" data-source=\"gallery\" style=\"visibility:hidden;background:transparent;padding:0;margin:0px auto;margin-top:0;margin-bottom:0;\">\n\t\t\t\t<rs-module id=\"rev_slider_237_1\" style=\"\" data-version=\"6.6.18\">\n\t\t\t\t\t<rs-slides style=\"overflow: hidden; position: absolute;\">\n\t\t\t\t\t\t<rs-slide style=\"position: absolute;\" data-key=\"rs-659\" data-title=\"Slide\" data-anim=\"e:slidingoverlay;ms:2000;\" data-in=\"o:1;x:-100%;\" data-out=\"a:false;\">\n\t\t\t\t\t\t\t<img decoding=\"async\" src=\"\/\/www.samiad.com\/wp-content\/plugins\/revslider\/public\/assets\/assets\/dummy.png\" alt=\"\" title=\"banner_0003_Build-confidence-etc\" width=\"1920\" height=\"800\" class=\"rev-slidebg tp-rs-img rs-lazyload\" data-lazyload=\"\/\/samiad.com\/wp-content\/uploads\/2023\/02\/banner_0003_Build-confidence-etc.png\" data-no-retina>\n<!--\n\t\t\t\t\t\t\t--><h1\n\t\t\t\t\t\t\t\tid=\"slider-237-slide-659-layer-0\" \n\t\t\t\t\t\t\t\tclass=\"rs-layer\"\n\t\t\t\t\t\t\t\tdata-type=\"text\"\n\t\t\t\t\t\t\t\tdata-rsp_ch=\"on\"\n\t\t\t\t\t\t\t\tdata-xy=\"x:c;xo:-244px,-244px,-244px,0;y:m;yo:161px,161px,161px,171px;\"\n\t\t\t\t\t\t\t\tdata-text=\"w:normal;s:51,51,51,39;l:70,70,70,41;a:left,left,left,center;\"\n\t\t\t\t\t\t\t\tdata-dim=\"w:830px,830px,830px,417px;h:146px,146px,146px,auto;\"\n\t\t\t\t\t\t\t\tdata-frame_0=\"x:0,0,0,0px;y:0,0,0,0px;o:1;\"\n\t\t\t\t\t\t\t\tdata-frame_0_chars=\"d:5;x:0,0,0,0px;y:0,0,0,0px;o:0;rX:-90deg;oZ:-50;\"\n\t\t\t\t\t\t\t\tdata-frame_1=\"x:1px,1px,1px,0px;y:-1px,-1px,-1px,0px;e:default;sp:1750;\"\n\t\t\t\t\t\t\t\tdata-frame_1_chars=\"e:power4.inOut;d:10;x:0,0,0,0px;y:0,0,0,0px;oZ:-50;\"\n\t\t\t\t\t\t\t\tdata-frame_999=\"x:-50,-50,-50,-10px;o:0;st:9800;sp:2500;sR:4750;\"\n\t\t\t\t\t\t\t\tdata-tloop=\"t:frame_1;\"\n\t\t\t\t\t\t\t\tstyle=\"z-index:7;font-family:'Playfair Display';text-transform:uppercase;\"\n\t\t\t\t\t\t\t>INFORMAZIONI PRELIMINARI ALLA PARTECIPAZIONE ALLA SCUOLA ESTIVA \n\t\t\t\t\t\t\t<\/h1><!--\n\n\t\t\t\t\t\t\t--><a\n\t\t\t\t\t\t\t\tid=\"slider-237-slide-659-layer-1\" \n\t\t\t\t\t\t\t\tclass=\"rs-layer rev-btn\"\n\t\t\t\t\t\t\t\thref=\"https:\/\/www.samiad.com\/wp-content\/uploads\/2025\/05\/Samiad-Pre-Arrival-and-Student-Handbook-2025.pdf\" target=\"_blank\" rel=\"noopener\"\n\t\t\t\t\t\t\t\tdata-type=\"button\"\n\t\t\t\t\t\t\t\tdata-rsp_ch=\"on\"\n\t\t\t\t\t\t\t\tdata-xy=\"x:l,l,l,c;xo:305px,305px,305px,0;yo:648px,648px,648px,612px;\"\n\t\t\t\t\t\t\t\tdata-text=\"w:normal;s:17,17,17,13;l:40,40,40,29;fw:500;\"\n\t\t\t\t\t\t\t\tdata-dim=\"minh:0px,0px,0px,none;\"\n\t\t\t\t\t\t\t\tdata-padding=\"r:25,25,25,20;l:25,25,25,20;\"\n\t\t\t\t\t\t\t\tdata-border=\"bos:solid;boc:#ffffff;bow:1px,1px,1px,1px;\"\n\t\t\t\t\t\t\t\tdata-frame_0=\"y:50,50,50,11;\"\n\t\t\t\t\t\t\t\tdata-frame_1=\"st:990;sp:1000;sR:990;\"\n\t\t\t\t\t\t\t\tdata-frame_999=\"o:0;st:w;sR:8010;\"\n\t\t\t\t\t\t\t\tdata-frame_hover=\"bgc:rgba(0,0,0,0);boc:rgba(255,255,255,0.75);bor:0px,0px,0px,0px;bos:solid;bow:1px,1px,1px,1px;e:power1.inOut;\"\n\t\t\t\t\t\t\t\tstyle=\"z-index:9;background-color:rgba(0,0,0,0);font-family:'Roboto';\"\n\t\t\t\t\t\t\t>SCARICA IL MANUALE DELLO STUDENTE \n\t\t\t\t\t\t\t<\/a><!--\n\n\t\t\t\t\t\t\t--><rs-layer\n\t\t\t\t\t\t\t\tid=\"slider-237-slide-659-layer-3\" \n\t\t\t\t\t\t\t\tdata-type=\"shape\"\n\t\t\t\t\t\t\t\tdata-rsp_ch=\"on\"\n\t\t\t\t\t\t\t\tdata-xy=\"xo:274px,274px,274px,-72px;yo:498px,498px,498px,89px;\"\n\t\t\t\t\t\t\t\tdata-text=\"w:normal;s:20,20,20,4;l:0,0,0,6;\"\n\t\t\t\t\t\t\t\tdata-dim=\"w:1px;h:200px,200px,200px,49px;\"\n\t\t\t\t\t\t\t\tdata-frame_0=\"y:-50,-50,-50,-11;\"\n\t\t\t\t\t\t\t\tdata-frame_1=\"sp:1000;\"\n\t\t\t\t\t\t\t\tdata-frame_999=\"o:0;st:w;sR:9000;\"\n\t\t\t\t\t\t\t\tstyle=\"z-index:8;background-color:#ffffff;\"\n\t\t\t\t\t\t\t> \n\t\t\t\t\t\t\t<\/rs-layer><!--\n\n\t\t\t\t\t\t\t--><rs-layer\n\t\t\t\t\t\t\t\tid=\"slider-237-slide-659-layer-4\" \n\t\t\t\t\t\t\t\tdata-type=\"shape\"\n\t\t\t\t\t\t\t\tdata-rsp_ch=\"on\"\n\t\t\t\t\t\t\t\tdata-xy=\"x:c;xo:38px,38px,38px,9px;y:m;yo:-160px,-160px,-160px,-39px;\"\n\t\t\t\t\t\t\t\tdata-text=\"w:normal;s:20,20,20,4;l:0,0,0,6;\"\n\t\t\t\t\t\t\t\tdata-dim=\"w:2880px,2880px,2880px,936px;h:1200px,1200px,1200px,905px;\"\n\t\t\t\t\t\t\t\tdata-vbility=\"f,f,f,f\"\n\t\t\t\t\t\t\t\tdata-frame_0=\"y:50,50,50,11;\"\n\t\t\t\t\t\t\t\tdata-frame_1=\"sp:1000;\"\n\t\t\t\t\t\t\t\tdata-frame_999=\"o:0;st:w;sR:9000;\"\n\t\t\t\t\t\t\t\tstyle=\"z-index:6;background-color:rgba(0,0,0,0.5);\"\n\t\t\t\t\t\t\t> \n\t\t\t\t\t\t\t<\/rs-layer><!--\n-->\t\t\t\t\t\t<\/rs-slide>\n\t\t\t\t\t<\/rs-slides>\n\t\t\t\t<\/rs-module>\n\t\t\t\t<script>\n\t\t\t\t\tsetREVStartSize({c: 'rev_slider_237_1',rl:[1240,1240,1240,480],el:[800,800,800,720],gw:[1920,1920,1920,480],gh:[800,800,800,720],type:'standard',justify:'',layout:'fullwidth',mh:\"0\"});if (window.RS_MODULES!==undefined && window.RS_MODULES.modules!==undefined && window.RS_MODULES.modules[\"revslider2371\"]!==undefined) {window.RS_MODULES.modules[\"revslider2371\"].once = false;window.revapi237 = undefined;if (window.RS_MODULES.checkMinimal!==undefined) window.RS_MODULES.checkMinimal()}\n\t\t\t\t<\/script>\n\t\t\t<\/rs-module-wrap>\n\t\t\t<!-- END REVOLUTION SLIDER -->\n[\/vc_column][\/vc_row][vc_row][vc_column][vc_empty_space height=&#8221;15px&#8221;][vc_row_inner content_placement=&#8221;middle&#8221; gap=&#8221;35&#8243;][vc_column_inner width=&#8221;1\/2&#8243;][vc_single_image image=&#8221;7794&#8243; img_size=&#8221;full&#8221; alignment=&#8221;center&#8221; onclick=&#8221;custom_link&#8221; img_link_target=&#8221;_blank&#8221; css_animation=&#8221;slideInLeft&#8221; link=&#8221;https:\/\/www.samiad.com\/wp-content\/uploads\/2025\/05\/Samiad-Pre-Arrival-and-Student-Handbook-2025.pdf&#8221;][\/vc_column_inner][vc_column_inner width=&#8221;1\/2&#8243; css=&#8221;.vc_custom_1677239832236{padding-top: 50px !important;}&#8221;][vc_column_text]<\/p>\n<h2>L&#8217;avventura della scuola estiva Samiad<\/h2>\n<p>Il tuo viaggio alla scuola estiva Samiad si avvicina di giorno in giorno! Capiamo che probabilmente hai un sacco di domande e sei curioso di sapere cosa ti aspetta. Non preoccuparti, abbiamo creato questa pagina per darti tutte le informazioni e aiutarti a prepararti.  <\/p>\n<p>Prima di tutto, ecco un link alla nostra guida pre-arrivo. \u00c8 molto utile sia per gli studenti che per i genitori. Dagli un&#8217;occhiata per assicurarti di avere tutto il necessario per la tua prossima avventura.[\/vc_column_text][vc_btn title=&#8221;Scarica il manuale dello studente&#8221; style=&#8221;custom&#8221; custom_background=&#8221;#ad986e&#8221; custom_text=&#8221;#ffffff&#8221; shape=&#8221;square&#8221; align=&#8221;left&#8221; link=&#8221;url:https%3A%2F%2Fwww.samiad.com%2Fwp-content%2Fuploads%2F2025%2F05%2FSamiad-Pre-Arrival-and-Student-Handbook-2025.pdf|title:Scarica|target:_blank|&#8221; css=&#8221;.vc_custom_1748534079164{padding-top: 30px !important;}&#8221;][\/vc_column_inner][\/vc_row_inner][\/vc_column][\/vc_row][vc_row][vc_column][vc_empty_space height=&#8221;30px&#8221;][\/vc_column][\/vc_row][vc_row][vc_column][vc_column_text css=&#8221;.vc_custom_1686213095858{padding-top: 25px !important;padding-bottom: 25px !important;}&#8221;]<\/p>\n<h2 style=\"text-align: center;\">Video pre-arrivo<\/h2>\n<p>[\/vc_column_text][vc_column_text css=&#8221;.vc_custom_1697198838301{padding-top: 25px !important;padding-bottom: 25px !important;}&#8221;]<\/p>\n<p style=\"text-align: center;\">Infine, abbiamo creato alcuni video che rispondono alle domande pi\u00f9 frequenti e che ti aiuteranno a prepararti per la tua avventura alla scuola estiva. Se hai ancora dei dubbi prima del tuo arrivo, mettiti in contatto con noi tramite il tuo rappresentante Samiad o utilizzando la pagina &#8216;Contattaci&#8217; sul nostro sito web. <\/p>\n<p style=\"text-align: center;\">Non vediamo l&#8217;ora di darti il benvenuto!<\/p>\n<p>[\/vc_column_text][\/vc_column][\/vc_row][vc_row gap=&#8221;30&#8243;][vc_column width=&#8221;1\/3&#8243;][vc_column_text]<iframe title=\"Lettore video di YouTube\" src=\"https:\/\/www.youtube.com\/embed\/sCEwHysIXD0\" width=\"560\" height=\"315\" frameborder=\"0\" allowfullscreen=\"allowfullscreen\"><\/iframe>[\/vc_column_text][\/vc_column][vc_column width=&#8221;1\/3&#8243;][vc_column_text]<iframe title=\"Lettore video di YouTube\" src=\"https:\/\/www.youtube.com\/embed\/RYKXTnWo8Mg\" width=\"560\" height=\"315\" frameborder=\"0\" allowfullscreen=\"allowfullscreen\"><\/iframe>[\/vc_column_text][\/vc_column][vc_column width=&#8221;1\/3&#8243;][vc_column_text]<iframe title=\"Lettore video di YouTube\" src=\"https:\/\/www.youtube.com\/embed\/rfweGnQz4Sk\" width=\"560\" height=\"315\" frameborder=\"0\" allowfullscreen=\"allowfullscreen\"><\/iframe>[\/vc_column_text][\/vc_column][\/vc_row][vc_row gap=&#8221;30&#8243;][vc_column width=&#8221;1\/3&#8243;][vc_column_text]<iframe title=\"Lettore video di YouTube\" src=\"https:\/\/www.youtube.com\/embed\/hxQXI9dOZU8\" width=\"560\" height=\"315\" frameborder=\"0\" allowfullscreen=\"allowfullscreen\"><\/iframe>[\/vc_column_text][\/vc_column][vc_column width=&#8221;1\/3&#8243;][vc_column_text]<iframe title=\"Lettore video di YouTube\" src=\"https:\/\/www.youtube.com\/embed\/itmTEnMg410\" width=\"560\" height=\"315\" frameborder=\"0\" allowfullscreen=\"allowfullscreen\"><\/iframe>[\/vc_column_text][\/vc_column][vc_column width=&#8221;1\/3&#8243;][vc_column_text]<iframe title=\"Lettore video di YouTube\" src=\"https:\/\/www.youtube.com\/embed\/scXn6POj92A\" width=\"560\" height=\"315\" frameborder=\"0\" allowfullscreen=\"allowfullscreen\"><\/iframe>[\/vc_column_text][\/vc_column][\/vc_row][vc_row][vc_column][vc_empty_space height=&#8221;30px&#8221;][\/vc_column][\/vc_row][vc_row full_width=&#8221;stretch_row&#8221; css=&#8221;.vc_custom_1686233776102{padding-top: 100px !important;padding-bottom: 100px !important;background-color: #e6e1d6 !important;}&#8221;][vc_column][vc_empty_space height=&#8221;15px&#8221;][vc_column_text]<\/p>\n<h2 style=\"text-align: center;\">Benvenuto al quiz di inglese<br \/>\npre-arrivo della scuola estiva Samiad!<\/h2>\n<p>[\/vc_column_text][vc_empty_space height=&#8221;15px&#8221;][vc_column_text]<\/p>\n<div class=\"TypographyPresentation TypographyPresentation--m RichText3-paragraph--withVSpacingNormal RichText3-paragraph\" style=\"text-align: center;\">Siamo entusiasti di darti il benvenuto alla Samiad Summer School! Per assicurarci che tu venga inserito nella classe giusta per il tuo livello di inglese, ti chiediamo di completare questo quiz online facile e veloce prima del tuo arrivo. Non c&#8217;\u00e8 bisogno di preoccuparsi: questo quiz serve solo ad aiutarci a capire il tuo livello attuale di inglese. Non puoi superarlo o fallirlo, ed \u00e8 importante che tu lo faccia senza alcun aiuto per darci un quadro preciso delle tue capacit\u00e0.   <\/div>\n<div><\/div>\n<div>\n<div class=\"TypographyPresentation TypographyPresentation--m RichText3-paragraph--withVSpacingNormal RichText3-paragraph\" style=\"text-align: center;\">Ecco alcuni punti importanti da tenere a mente:<\/div>\n<\/div>\n<p>[\/vc_column_text][vc_empty_space height=&#8221;15px&#8221;][\/vc_column][\/vc_row][vc_row][vc_column][vc_empty_space height=&#8221;30px&#8221;][\/vc_column][\/vc_row][vc_row][vc_column width=&#8221;1\/4&#8243;][vc_empty_space height=&#8221;15px&#8221;][vc_icon icon_fontawesome=&#8221;fas fa-sign-in-alt&#8221; color=&#8221;custom&#8221; size=&#8221;lg&#8221; align=&#8221;center&#8221; custom_color=&#8221;#652582&#8243;][vc_empty_space height=&#8221;15px&#8221;][vc_column_text]<\/p>\n<h3 style=\"text-align: center;\">Accesso<\/h3>\n<p style=\"text-align: center;\">Per accedere al quiz, dovrai utilizzare il tuo numero di riferimento dalle tue lettere Samiad. Dovrebbe avere questo aspetto: <strong>2024??XXXXX<\/strong>. <\/p>\n<p>[\/vc_column_text][\/vc_column][vc_column width=&#8221;1\/4&#8243;][vc_empty_space height=&#8221;15px&#8221;][vc_icon icon_fontawesome=&#8221;fas fa-laptop&#8221; color=&#8221;custom&#8221; size=&#8221;lg&#8221; align=&#8221;center&#8221; custom_color=&#8221;#652582&#8243;][vc_empty_space height=&#8221;15px&#8221;][vc_column_text]<\/p>\n<h3 style=\"text-align: center;\">Requisiti del dispositivo<\/h3>\n<p style=\"text-align: center;\">Il quiz \u00e8 online, quindi avrai bisogno di un dispositivo che possa connettersi a Internet. Puoi usare un telefono cellulare, un iPad o un computer. Se perdi la connessione o hai bisogno di riavviare, puoi semplicemente ricominciare il quiz.  <\/p>\n<p>[\/vc_column_text][\/vc_column][vc_column width=&#8221;1\/4&#8243;][vc_empty_space height=&#8221;15px&#8221;][vc_icon icon_fontawesome=&#8221;fas fa-key&#8221; color=&#8221;custom&#8221; size=&#8221;lg&#8221; align=&#8221;center&#8221; custom_color=&#8221;#652582&#8243;][vc_empty_space height=&#8221;15px&#8221;][vc_column_text]<\/p>\n<h3 style=\"text-align: center;\">L&#8217;onest\u00e0 \u00e8 fondamentale<\/h3>\n<p style=\"text-align: center;\">\u00c8 importante completare il quiz da solo, senza alcun aiuto. Anche se puoi fare il quiz pi\u00f9 di una volta, cerca di fare del tuo meglio la prima volta per assicurarti che otteniamo una valutazione accurata del tuo livello di inglese. <\/p>\n<p>[\/vc_column_text][\/vc_column][vc_column width=&#8221;1\/4&#8243;][vc_empty_space height=&#8221;15px&#8221;][vc_icon icon_fontawesome=&#8221;fas fa-poll-h&#8221; color=&#8221;custom&#8221; size=&#8221;lg&#8221; align=&#8221;center&#8221; custom_color=&#8221;#652582&#8243;][vc_empty_space height=&#8221;15px&#8221;][vc_column_text]<\/p>\n<h3 style=\"text-align: center;\">Risultati<\/h3>\n<p style=\"text-align: center;\">Non mostriamo i tuoi risultati alla fine del quiz. Il punteggio \u00e8 solo per uso interno per assicurarci che tu venga inserito in una classe con studenti di et\u00e0 e capacit\u00e0 simili. <\/p>\n<p>[\/vc_column_text][\/vc_column][\/vc_row][vc_row][vc_column][vc_empty_space height=&#8221;30px&#8221;][\/vc_column][\/vc_row][vc_row css=&#8221;.vc_custom_1686213030287{padding-top: 0px !important;padding-bottom: 50px !important;}&#8221;][vc_column][vc_empty_space height=&#8221;30px&#8221;][vc_column_text]<\/p>\n<h2 style=\"text-align: center;\">Fai il quiz!<\/h2>\n<p>[\/vc_column_text][vc_empty_space height=&#8221;15px&#8221;][\/vc_column][\/vc_row][vc_row css=&#8221;.vc_custom_1750427824881{padding-top: 0px !important;padding-bottom: 30px !important;}&#8221;][vc_column][vc_single_image image=&#8221;2041&#8243; img_size=&#8221;full&#8221; alignment=&#8221;center&#8221; style=&#8221;vc_box_shadow_3d&#8221; onclick=&#8221;custom_link&#8221; img_link_target=&#8221;_blank&#8221; link=&#8221;https:\/\/samiad.com\/folder\/directory\/story.html&#8221;][vc_empty_space height=&#8221;15px&#8221;][\/vc_column][\/vc_row][vc_row css=&#8221;.vc_custom_1717590916202{padding-bottom: 30px !important;}&#8221;][vc_column][vc_empty_space height=&#8221;30px&#8221;][vc_column_text]<\/p>\n<h2 style=\"text-align: center;\">Grazie per la collaborazione!<\/h2>\n<p>[\/vc_column_text][vc_column_text]<\/p>\n<div class=\"TypographyPresentation TypographyPresentation--m RichText3-paragraph--withVSpacingNormal RichText3-paragraph\" style=\"text-align: center;\">Non vediamo l&#8217;ora di vederti presto e speriamo che tu ti diverta alla Samiad Summer School!<\/div>\n<p>[\/vc_column_text][vc_empty_space height=&#8221;80px&#8221;][\/vc_column][\/vc_row]<\/p>\n<\/div>","protected":false},"excerpt":{"rendered":"<p>[vc_row][vc_column][\/vc_column][\/vc_row][vc_row][vc_column][vc_empty_space height=&#8221;15px&#8221;][vc_row_inner content_placement=&#8221;middle&#8221; gap=&#8221;35&#8243;][vc_column_inner width=&#8221;1\/2&#8243;][vc_single_image image=&#8221;7794&#8243; img_size=&#8221;full&#8221; alignment=&#8221;center&#8221; onclick=&#8221;custom_link&#8221; img_link_target=&#8221;_blank&#8221; css_animation=&#8221;slideInLeft&#8221; link=&#8221;https:\/\/www.samiad.com\/wp-content\/uploads\/2025\/05\/Samiad-Pre-Arrival-and-Student-Handbook-2025.pdf&#8221;][\/vc_column_inner][vc_column_inner width=&#8221;1\/2&#8243; css=&#8221;.vc_custom_1677239832236{padding-top: 50px !important;}&#8221;][vc_column_text] L&#8217;avventura della scuola estiva Samiad Il tuo viaggio alla scuola estiva Samiad si avvicina di giorno in giorno! Capiamo che probabilmente hai un sacco di domande e sei curioso di sapere cosa ti aspetta. Non preoccuparti, abbiamo creato questa&hellip;&nbsp;<a href=\"https:\/\/www.samiad.com\/it\/prima-dellarrivo\/\" rel=\"bookmark\">Read More &raquo;<span class=\"screen-reader-text\">Prima dell&#8217;arrivo<\/span><\/a><\/p>\n","protected":false},"author":4,"featured_media":0,"parent":0,"menu_order":0,"comment_status":"closed","ping_status":"closed","template":"","meta":{"_acf_changed":false,"neve_meta_sidebar":"","neve_meta_container":"","neve_meta_enable_content_width":"off","neve_meta_content_width":100,"neve_meta_title_alignment":"","neve_meta_author_avatar":"","neve_post_elements_order":"","neve_meta_disable_header":"","neve_meta_disable_footer":"","neve_meta_disable_title":"","neve_meta_reading_time":"","footnotes":""},"class_list":["post-8836","page","type-page","status-publish","hentry"],"acf":[],"_links":{"self":[{"href":"https:\/\/www.samiad.com\/it\/wp-json\/wp\/v2\/pages\/8836","targetHints":{"allow":["GET"]}}],"collection":[{"href":"https:\/\/www.samiad.com\/it\/wp-json\/wp\/v2\/pages"}],"about":[{"href":"https:\/\/www.samiad.com\/it\/wp-json\/wp\/v2\/types\/page"}],"author":[{"embeddable":true,"href":"https:\/\/www.samiad.com\/it\/wp-json\/wp\/v2\/users\/4"}],"replies":[{"embeddable":true,"href":"https:\/\/www.samiad.com\/it\/wp-json\/wp\/v2\/comments?post=8836"}],"version-history":[{"count":0,"href":"https:\/\/www.samiad.com\/it\/wp-json\/wp\/v2\/pages\/8836\/revisions"}],"wp:attachment":[{"href":"https:\/\/www.samiad.com\/it\/wp-json\/wp\/v2\/media?parent=8836"}],"curies":[{"name":"wp","href":"https:\/\/api.w.org\/{rel}","templated":true}]}}