{"id":8840,"date":"2025-03-12T15:13:13","date_gmt":"2025-03-12T15:13:13","guid":{"rendered":"https:\/\/www.samiad.com\/programmes\/samiad-signature-programme\/"},"modified":"2026-01-09T12:19:05","modified_gmt":"2026-01-09T12:19:05","slug":"samiad-signature-programme","status":"publish","type":"page","link":"https:\/\/www.samiad.com\/it\/programmi\/samiad-signature-programme\/","title":{"rendered":"Programma esclusivo Samiad"},"content":{"rendered":"<div class=\"wpb-content-wrapper\"><p>[vc_row][vc_column]\t\t\t<rs-module-wrap id=\"rev_slider_error_1_wrapper\">\n\t\t\t\t<rs-module id=\"rev_slider_error_1\">\n\t\t\t\t\t<div class=\"rs_error_message_box\">\n\t\t\t\t\t\t<div class=\"rs_error_message_oops\">There is nothing to show here!<\/div>\n\t\t\t\t\t\t<div class=\"rs_error_message_content\">Slider with alias signature-programme-it not found.<\/div>\n\t\t\t\t\t<\/div>\n\t\t\t\t<\/rs-module>\n\t\t\t<\/rs-module-wrap>\n\t\t\t<script>\n\t\t\t\tvar rs_eslider = document.getElementById(\"rev_slider_error_1\");\n\t\t\t\trs_eslider.style.display = \"none\";\n\t\t\t\tconsole.log(\"Slider with alias signature-programme-it not found.\");\n\t\t\t<\/script>\n[\/vc_column][\/vc_row][vc_row gap=&#8221;35&#8243; css=&#8221;.vc_custom_1677503075899{padding-top: 50px !important;}&#8221; el_id=&#8221;multi-attivit\u00e0&#8221;][vc_column width=&#8221;1\/2&#8243;][vc_column_text]<\/p>\n<h2>Sede<\/h2>\n<ul>\n<li>Eton College<\/li>\n<\/ul>\n<h2>Date<\/h2>\n<ul>\n<li>1 \u2013 15 luglio 2025<\/li>\n<\/ul>\n<h2>Et\u00e0<\/h2>\n<ul>\n<li>12 \u2013 17 anni<\/li>\n<\/ul>\n<p>[\/vc_column_text][\/vc_column][vc_column width=&#8221;1\/2&#8243;][vc_column_text]<\/p>\n<h2 class=\"secondary-h1\">Programma esclusivo Samiad<\/h2>\n<h2>Panoramica<\/h2>\n<p>Ti presentiamo il nostro nuovissimo ed esclusivo programma Samiad Signature, ospitato presso il prestigioso Eton College.<\/p>\n<p>Progettato per giovani studenti ambiziosi, il programma Samiad Signature combina attivit\u00e0 d&#8217;\u00e9lite, escursioni stimolanti e un apprendimento coinvolgente della lingua inglese. Gli studenti svilupperanno sicurezza, leadership e capacit\u00e0 di lavoro di squadra attraverso un programma attentamente curato che include sport, arti creative, sfide all&#8217;aperto ed esperienze culturali. <\/p>\n<p>Include visite agli Harry Potter Studios e a uno spettacolo del West End, oltre alle classiche esperienze britanniche, con visite alla citt\u00e0 di Oxford e al Castello di Windsor.<\/p>\n<p>Con un focus sull&#8217;eccellenza, questo programma unico garantisce un&#8217;esperienza estiva irripetibile, in cui gli studenti stringono amicizie durature, sbloccano il loro pieno potenziale e creano ricordi indimenticabili nella scuola con il collegio pi\u00f9 ambito d&#8217;Europa.<\/p>\n<h2>Punti salienti<\/h2>\n<p>[\/vc_column_text][vc_row_inner][vc_column_inner width=&#8221;1\/2&#8243;][vc_column_text]<\/p>\n<ul>\n<li>Alloggio residenziale<\/li>\n<li>Pensione completa<\/li>\n<li>15 ore di lezione di inglese a settimana<\/li>\n<li>Programma completo di attivit\u00e0<\/li>\n<\/ul>\n<p>[\/vc_column_text][\/vc_column_inner][vc_column_inner width=&#8221;1\/2&#8243;][vc_column_text]<\/p>\n<ul>\n<li>Supervisione 24 ore su 24<\/li>\n<li>3 escursioni a settimana<\/li>\n<li>Rapporto staff\/studenti di 1:6<\/li>\n<li>Dimensione media della classe di 15 studenti<\/li>\n<\/ul>\n<p>[\/vc_column_text][\/vc_column_inner][\/vc_row_inner][\/vc_column][\/vc_row][vc_row css=&#8221;.vc_custom_1677508408073{padding-top: 50px !important;padding-bottom: 50px !important;}&#8221;][vc_column][vc_btn title=&#8221;Richiedi ora&#8221; style=&#8221;custom&#8221; custom_background=&#8221;#ad986e&#8221; custom_text=&#8221;#ffffff&#8221; shape=&#8221;square&#8221; align=&#8221;center&#8221; el_id=&#8221;button-main&#8221; link=&#8221;url:https%3A%2F%2Fwww.samiad.com%2Fit%2Fenquire-now%2F|title:Richiedi%20ora|&#8221;][\/vc_column][\/vc_row][vc_row gap=&#8221;35&#8243; css=&#8221;.vc_custom_1677503087496{border-bottom-width: 50px !important;padding-top: 50px !important;}&#8221; el_id=&#8221;area-blocco&#8221;][vc_column width=&#8221;1\/2&#8243;][vc_column_text css=&#8221;.vc_custom_1743166865141{padding-top: 30px !important;padding-right: 30px !important;padding-bottom: 30px !important;padding-left: 30px !important;background-color: #ffffff !important;}&#8221; el_class=&#8221;white-box&#8221;]<\/p>\n<h2>Un equilibrio perfetto!<\/h2>\n<p>Tra l&#8217;aula, i campi sportivi e gli spazi sociali, i nostri studenti troveranno nuovi amici provenienti da tutto il mondo. Gli studenti sono inseriti, in base alla loro et\u00e0 e al loro livello di capacit\u00e0 e a un mix attentamente curato di nazionalit\u00e0, gli studenti costruiranno amicizie durature in un ambiente internazionale stimolante. <\/p>\n<p>Il programma offre la possibilit\u00e0 di seguire le orme di molti membri della famiglia reale, vincitori del premio Nobel e primi ministri, che hanno studiato nelle venerabili sale dell&#8217;Eton College.[\/vc_column_text][vc_single_image image=&#8221;3763&#8243; img_size=&#8221;full&#8221; el_id=&#8221;white-box-image&#8221;][\/vc_column][vc_column width=&#8221;1\/2&#8243;][vc_single_image image=&#8221;3764&#8243; img_size=&#8221;full&#8221; alignment=&#8221;right&#8221; el_id=&#8221;white-box-image-right&#8221;][vc_column_text css=&#8221;.vc_custom_1741790093252{padding-top: 30px !important;padding-right: 30px !important;padding-bottom: 30px !important;padding-left: 30px !important;background-color: #ffffff !important;}&#8221; el_class=&#8221;white-box-right&#8221;]<\/p>\n<h2>Lezioni di inglese<\/h2>\n<p><span style=\"font-weight: 400;\">Insegnata da esperti madrelingua inglesi, ogni lezione \u00e8 progettata per accelerare la fluidit\u00e0 attraverso progetti interattivi.<\/span><\/p>\n<h2>Per tutte le et\u00e0<\/h2>\n<p><span style=\"font-weight: 400;\">Progettato per studenti di et\u00e0 compresa tra i 12 e i 17 anni, il programma riunisce un mix di et\u00e0, incoraggiando l&#8217;apprendimento tra pari, lo scambio culturale e le esperienze condivise che creeranno incredibili ricordi per tutta la vita.<\/span>[\/vc_column_text][\/vc_column][\/vc_row][vc_row full_width=&#8221;stretch_row&#8221; css=&#8221;.vc_custom_1677509492784{padding-top: 100px !important;padding-bottom: 100px !important;background-color: #e6e1d6 !important;}&#8221;][vc_column][vc_row_inner content_placement=&#8221;middle&#8221; gap=&#8221;35&#8243;][vc_column_inner width=&#8221;1\/2&#8243;][vc_single_image image=&#8221;3767&#8243; img_size=&#8221;full&#8221; alignment=&#8221;center&#8221; css_animation=&#8221;slideInLeft&#8221;][\/vc_column_inner][vc_column_inner width=&#8221;1\/2&#8243;][vc_column_text]<\/p>\n<h2>VISITA LE ATTRAZIONI<\/h2>\n<p><span style=\"font-weight: 400;\">Samiad \u00e8 nota soprattutto per le esclusive escursioni che offriamo come parte dei nostri programmi. Abbiamo scelto con cura le escursioni per offrire un mix di storia, cultura e intrattenimento.  Fai un giro in barca a Oxford, esplora i monumenti pi\u00f9 famosi di Londra e goditi la magia assoluta di Harry Potter World.<\/span><\/p>\n<p><span style=\"font-weight: 400;\">Ci sono solo 80 posti per questo programma, quindi contattaci oggi stesso e parlaci di come assicurarti il tuo posto!<\/span>[\/vc_column_text][\/vc_column_inner][\/vc_row_inner][\/vc_column][\/vc_row][vc_row full_width=&#8221;stretch_row&#8221; gap=&#8221;35&#8243; css=&#8221;.vc_custom_1678269198217{padding-top: 50px !important;padding-bottom: 50px !important;background-color: #ebebeb !important;}&#8221;][vc_column el_id=&#8221;no-padding&#8221;][vc_column_text css=&#8221;.vc_custom_1678269135934{padding-top: 30px !important;padding-bottom: 30px !important;}&#8221;]<\/p>\n<h2 style=\"text-align: center;\">Sedi<\/h2>\n<p>[\/vc_column_text][vc_row_inner gap=&#8221;35&#8243;][vc_column_inner width=&#8221;1\/4&#8243; css=&#8221;.vc_custom_1727698382721{background-color: #ebebeb !important;}&#8221;][\/vc_column_inner][vc_column_inner width=&#8221;1\/2&#8243; css=&#8221;.vc_custom_1727698436307{background-color: #ffffff !important;}&#8221;][vc_single_image image=&#8221;3761&#8243; img_size=&#8221;900&#215;600&#8243; alignment=&#8221;center&#8221;][vc_column_text css=&#8221;.vc_custom_1742906130553{padding-top: 20px !important;padding-right: 20px !important;padding-bottom: 20px !important;padding-left: 20px !important;}&#8221;]<\/p>\n<p style=\"text-align: center;\">WINDSOR<\/p>\n<h2 style=\"text-align: center;\">ETON COLLEGE<\/h2>\n<p style=\"text-align: center;\">Marted\u00ec 1 luglio \u2013 Marted\u00ec 15 luglio<\/p>\n<p style=\"text-align: center;\"><strong>4.600 \u00a3 per 14 notti<\/strong><\/p>\n<p style=\"text-align: center;\"><a href=\"https:\/\/samiad.com\/enquire-now\/\" target=\"_blank\" rel=\"noopener\">Richiedi ora<\/a><\/p>\n<p style=\"text-align: center;\"><a href=\"https:\/\/samiad.com\/eton-college\/\" target=\"_blank\" rel=\"noopener\">Scopri di pi\u00f9<\/a><\/p>\n<p>[\/vc_column_text][\/vc_column_inner][vc_column_inner width=&#8221;1\/4&#8243; css=&#8221;.vc_custom_1727698397976{background-color: #ebebeb !important;}&#8221;][\/vc_column_inner][\/vc_row_inner][\/vc_column][\/vc_row]<\/p>\n<\/div>","protected":false},"excerpt":{"rendered":"<p>Con un focus sull&#8217;eccellenza, questo programma unico garantisce un&#8217;esperienza estiva irripetibile nella scuola con il collegio pi\u00f9 ambito d&#8217;Europa.<\/p>\n","protected":false},"author":4,"featured_media":7088,"parent":8636,"menu_order":0,"comment_status":"closed","ping_status":"closed","template":"","meta":{"_acf_changed":false,"neve_meta_sidebar":"","neve_meta_container":"","neve_meta_enable_content_width":"off","neve_meta_content_width":100,"neve_meta_title_alignment":"","neve_meta_author_avatar":"","neve_post_elements_order":"","neve_meta_disable_header":"","neve_meta_disable_footer":"","neve_meta_disable_title":"","neve_meta_reading_time":"","footnotes":""},"class_list":["post-8840","page","type-page","status-publish","has-post-thumbnail","hentry"],"acf":[],"_links":{"self":[{"href":"https:\/\/www.samiad.com\/it\/wp-json\/wp\/v2\/pages\/8840","targetHints":{"allow":["GET"]}}],"collection":[{"href":"https:\/\/www.samiad.com\/it\/wp-json\/wp\/v2\/pages"}],"about":[{"href":"https:\/\/www.samiad.com\/it\/wp-json\/wp\/v2\/types\/page"}],"author":[{"embeddable":true,"href":"https:\/\/www.samiad.com\/it\/wp-json\/wp\/v2\/users\/4"}],"replies":[{"embeddable":true,"href":"https:\/\/www.samiad.com\/it\/wp-json\/wp\/v2\/comments?post=8840"}],"version-history":[{"count":0,"href":"https:\/\/www.samiad.com\/it\/wp-json\/wp\/v2\/pages\/8840\/revisions"}],"up":[{"embeddable":true,"href":"https:\/\/www.samiad.com\/it\/wp-json\/wp\/v2\/pages\/8636"}],"wp:featuredmedia":[{"embeddable":true,"href":"https:\/\/www.samiad.com\/it\/wp-json\/wp\/v2\/media\/7088"}],"wp:attachment":[{"href":"https:\/\/www.samiad.com\/it\/wp-json\/wp\/v2\/media?parent=8840"}],"curies":[{"name":"wp","href":"https:\/\/api.w.org\/{rel}","templated":true}]}}