{"id":9263,"date":"2023-03-28T12:31:25","date_gmt":"2023-03-28T12:31:25","guid":{"rendered":"https:\/\/www.samiad.com\/online-payments\/"},"modified":"2026-01-09T10:26:19","modified_gmt":"2026-01-09T10:26:19","slug":"cevrimici-odemeler","status":"publish","type":"page","link":"https:\/\/www.samiad.com\/tr\/cevrimici-odemeler\/","title":{"rendered":"\u00c7EVR\u0130M\u0130\u00c7\u0130 \u00d6DEMELER"},"content":{"rendered":"<div class=\"wpb-content-wrapper\"><p>[vc_row][vc_column][vc_column_text css=&#8221;.vc_custom_1680006682791{padding-top: 30px !important;padding-bottom: 30px !important;}&#8221;]<\/p>\n<h1 style=\"text-align: center;\">\u00c7evrimi\u00e7i \u00f6demeler<\/h1>\n<p>[\/vc_column_text][vc_column_text]<!-- Include the flywire.js script --><br \/>\n<script src=\"https:\/\/payment.flywire.com\/assets\/js\/flywire.js\"><\/script><\/p>\n<p><!-- Set up a container --><\/p>\n<div id=\"flywire-payex\"><\/div>\n<p><script>\n\/\/ Render the payment form into #flywire-payex\nwindow. flywire.Payment.render ({\n\/\/ Set your environment\n\/\/ demo, production\nenv : \"production\" ,\n\/\/ Set your preferred locale\n\/\/ en, es-ES, zh-CN, ko, fr-FR, ja, pt-PT, ar, id\nlocale : \"en\" ,\n\/\/ Set your institution unique Code\ndestination : \"IAD\" ,\ntheme : {\nbrandColor : \"#7D2A8F\", \/\/ Any CSS color\nchat : true, \/\/ true, false\nfooter : false \/\/ true, false\n}\n}, \"#flywire-payex\" );\n<\/script>[\/vc_column_text][\/vc_column][\/vc_row]<\/p>\n<\/div>","protected":false},"excerpt":{"rendered":"<p>[vc_row][vc_column][vc_column_text css=&#8221;.vc_custom_1680006682791{padding-top: 30px !important;padding-bottom: 30px !important;}&#8221;] \u00c7evrimi\u00e7i \u00f6demeler [\/vc_column_text][vc_column_text] [\/vc_column_text][\/vc_column][\/vc_row]<\/p>\n","protected":false},"author":1,"featured_media":0,"parent":0,"menu_order":0,"comment_status":"closed","ping_status":"closed","template":"","meta":{"_acf_changed":false,"neve_meta_sidebar":"","neve_meta_container":"","neve_meta_enable_content_width":"off","neve_meta_content_width":100,"neve_meta_title_alignment":"","neve_meta_author_avatar":"","neve_post_elements_order":"","neve_meta_disable_header":"","neve_meta_disable_footer":"","neve_meta_disable_title":"","neve_meta_reading_time":"","footnotes":""},"class_list":["post-9263","page","type-page","status-publish","hentry"],"acf":[],"_links":{"self":[{"href":"https:\/\/www.samiad.com\/tr\/wp-json\/wp\/v2\/pages\/9263","targetHints":{"allow":["GET"]}}],"collection":[{"href":"https:\/\/www.samiad.com\/tr\/wp-json\/wp\/v2\/pages"}],"about":[{"href":"https:\/\/www.samiad.com\/tr\/wp-json\/wp\/v2\/types\/page"}],"author":[{"embeddable":true,"href":"https:\/\/www.samiad.com\/tr\/wp-json\/wp\/v2\/users\/1"}],"replies":[{"embeddable":true,"href":"https:\/\/www.samiad.com\/tr\/wp-json\/wp\/v2\/comments?post=9263"}],"version-history":[{"count":0,"href":"https:\/\/www.samiad.com\/tr\/wp-json\/wp\/v2\/pages\/9263\/revisions"}],"wp:attachment":[{"href":"https:\/\/www.samiad.com\/tr\/wp-json\/wp\/v2\/media?parent=9263"}],"curies":[{"name":"wp","href":"https:\/\/api.w.org\/{rel}","templated":true}]}}