{"id":9291,"date":"2023-10-03T16:01:12","date_gmt":"2023-10-03T16:01:12","guid":{"rendered":"https:\/\/www.samiad.com\/booking-confirmation\/transaction-failed\/"},"modified":"2026-01-08T15:08:39","modified_gmt":"2026-01-08T15:08:39","slug":"islem-basarisiz","status":"publish","type":"page","link":"https:\/\/www.samiad.com\/tr\/rezervasyon-onayi\/islem-basarisiz\/","title":{"rendered":"\u0130\u015flem ba\u015far\u0131s\u0131z"},"content":{"rendered":"<p>Maalesef, i\u015flemin \u015fu anda tamamlanam\u0131yor. L\u00fctfen tekrar dene veya bizimle ileti\u015fime ge\u00e7. <\/p>\n","protected":false},"excerpt":{"rendered":"<p>Maalesef, i\u015flemin \u015fu anda tamamlanam\u0131yor. L\u00fctfen tekrar dene veya bizimle ileti\u015fime ge\u00e7.<\/p>\n","protected":false},"author":1,"featured_media":0,"parent":9273,"menu_order":0,"comment_status":"closed","ping_status":"closed","template":"","meta":{"_acf_changed":false,"neve_meta_sidebar":"","neve_meta_container":"","neve_meta_enable_content_width":"","neve_meta_content_width":0,"neve_meta_title_alignment":"","neve_meta_author_avatar":"","neve_post_elements_order":"","neve_meta_disable_header":"","neve_meta_disable_footer":"","neve_meta_disable_title":"","neve_meta_reading_time":"","footnotes":""},"class_list":["post-9291","page","type-page","status-publish","hentry"],"acf":[],"_links":{"self":[{"href":"https:\/\/www.samiad.com\/tr\/wp-json\/wp\/v2\/pages\/9291","targetHints":{"allow":["GET"]}}],"collection":[{"href":"https:\/\/www.samiad.com\/tr\/wp-json\/wp\/v2\/pages"}],"about":[{"href":"https:\/\/www.samiad.com\/tr\/wp-json\/wp\/v2\/types\/page"}],"author":[{"embeddable":true,"href":"https:\/\/www.samiad.com\/tr\/wp-json\/wp\/v2\/users\/1"}],"replies":[{"embeddable":true,"href":"https:\/\/www.samiad.com\/tr\/wp-json\/wp\/v2\/comments?post=9291"}],"version-history":[{"count":0,"href":"https:\/\/www.samiad.com\/tr\/wp-json\/wp\/v2\/pages\/9291\/revisions"}],"up":[{"embeddable":true,"href":"https:\/\/www.samiad.com\/tr\/wp-json\/wp\/v2\/pages\/9273"}],"wp:attachment":[{"href":"https:\/\/www.samiad.com\/tr\/wp-json\/wp\/v2\/media?parent=9291"}],"curies":[{"name":"wp","href":"https:\/\/api.w.org\/{rel}","templated":true}]}}