{"id":9301,"date":"2024-06-07T12:09:10","date_gmt":"2024-06-07T12:09:10","guid":{"rendered":"https:\/\/www.samiad.com\/year-round-experiences\/"},"modified":"2026-01-09T12:58:15","modified_gmt":"2026-01-09T12:58:15","slug":"yil-boyu-deneyimler","status":"publish","type":"page","link":"https:\/\/www.samiad.com\/tr\/yil-boyu-deneyimler\/","title":{"rendered":"Y\u0131l boyu deneyimler"},"content":{"rendered":"<div class=\"wpb-content-wrapper\"><p>[vc_row][vc_column]\n\t\t\t<!-- START Year Round Experiencestr REVOLUTION SLIDER 6.6.18 --><p class=\"rs-p-wp-fix\"><\/p>\n\t\t\t<rs-module-wrap id=\"rev_slider_308_1_wrapper\" data-source=\"gallery\" style=\"visibility:hidden;background:transparent;padding:0;margin:0px auto;margin-top:0;margin-bottom:0;\">\n\t\t\t\t<rs-module id=\"rev_slider_308_1\" style=\"\" data-version=\"6.6.18\">\n\t\t\t\t\t<rs-slides style=\"overflow: hidden; position: absolute;\">\n\t\t\t\t\t\t<rs-slide style=\"position: absolute;\" data-key=\"rs-838\" data-title=\"Slide\" data-anim=\"e:slidingoverlay;ms:2000;\" data-in=\"o:1;x:-100%;\" data-out=\"a:false;\">\n\t\t\t\t\t\t\t<img decoding=\"async\" src=\"\/\/www.samiad.com\/wp-content\/plugins\/revslider\/public\/assets\/assets\/dummy.png\" alt=\"\" title=\"SAMIAD BY THE SEA 1\" width=\"1748\" height=\"1240\" class=\"rev-slidebg tp-rs-img rs-lazyload\" data-lazyload=\"\/\/samiad.com\/wp-content\/uploads\/2024\/06\/SAMIAD-BY-THE-SEA-1.png\" data-no-retina>\n<!--\n\t\t\t\t\t\t\t--><rs-layer\n\t\t\t\t\t\t\t\tid=\"slider-308-slide-838-layer-0\" \n\t\t\t\t\t\t\t\tdata-type=\"text\"\n\t\t\t\t\t\t\t\tdata-rsp_ch=\"on\"\n\t\t\t\t\t\t\t\tdata-xy=\"x:c;xo:-244px,-244px,-244px,0;y:m;yo:104px,104px,104px,171px;\"\n\t\t\t\t\t\t\t\tdata-text=\"w:normal;s:51,51,51,39;l:70,70,70,41;a:left,left,left,center;\"\n\t\t\t\t\t\t\t\tdata-dim=\"w:830px,830px,830px,417px;h:235px,235px,235px,auto;\"\n\t\t\t\t\t\t\t\tdata-frame_0=\"x:0,0,0,0px;y:0,0,0,0px;o:1;\"\n\t\t\t\t\t\t\t\tdata-frame_0_chars=\"d:5;x:0,0,0,0px;y:0,0,0,0px;o:0;rX:-90deg;oZ:-50;\"\n\t\t\t\t\t\t\t\tdata-frame_1=\"x:1px,1px,1px,0px;y:-1px,-1px,-1px,0px;e:default;sp:1750;\"\n\t\t\t\t\t\t\t\tdata-frame_1_chars=\"e:power4.inOut;d:10;x:0,0,0,0px;y:0,0,0,0px;oZ:-50;\"\n\t\t\t\t\t\t\t\tdata-frame_999=\"x:-50,-50,-50,-10px;o:0;st:9800;sp:2500;sR:4750;\"\n\t\t\t\t\t\t\t\tdata-tloop=\"t:frame_1;\"\n\t\t\t\t\t\t\t\tstyle=\"z-index:7;font-family:'Playfair Display';text-transform:uppercase;\"\n\t\t\t\t\t\t\t>\u00d6NC\u00dc YAZ OKULU ARTIK YIL BOYUNCA DENEY\u0130M SUNUYOR \n\t\t\t\t\t\t\t<\/rs-layer><!--\n\n\t\t\t\t\t\t\t--><a id=\"slider-308-slide-838-layer-1\" class=\"rs-layer rev-btn\" href=\"https:\/\/samiad.com\/wp-content\/uploads\/2024\/06\/Samiad-A4-Pre-arrival-and-Student-Handbook-2024.pdf\" target=\"_blank\" rel=\"noopener\" data-type=\"button\" data-rsp_ch=\"on\" data-xy=\"x:l,l,l,c;xo:305px,305px,305px,0;yo:648px,648px,648px,612px;\" data-text=\"w:normal;s:17,17,17,13;l:40,40,40,29;fw:500;\" data-dim=\"minh:0px,0px,0px,none;\" data-padding=\"r:25,25,25,20;l:25,25,25,20;\" data-border=\"bos:solid;boc:#ffffff;bow:1px,1px,1px,1px;\" data-frame_0=\"y:50,50,50,11;\" data-frame_1=\"st:990;sp:1000;sR:990;\" data-frame_999=\"o:0;st:w;sR:8010;\" data-frame_hover=\"bgc:rgba(0,0,0,0);boc:rgba(255,255,255,0.75);bor:0px,0px,0px,0px;bos:solid;bow:1px,1px,1px,1px;e:power1.inOut;\" style=\"z-index:9;background-color:rgba(0,0,0,0);font-family:&#039;Roboto&#039;;\">\u00d6\u011eRENC\u0130 EL K\u0130TABINI \u0130ND\u0130R\u0130N \n\t\t\t\t\t\t\t<\/a><!--\n\n\t\t\t\t\t\t\t--><rs-layer\n\t\t\t\t\t\t\t\tid=\"slider-308-slide-838-layer-3\" \n\t\t\t\t\t\t\t\tdata-type=\"shape\"\n\t\t\t\t\t\t\t\tdata-rsp_ch=\"on\"\n\t\t\t\t\t\t\t\tdata-xy=\"xo:274px,274px,274px,-72px;yo:387px,387px,387px,89px;\"\n\t\t\t\t\t\t\t\tdata-text=\"w:normal;s:20,20,20,4;l:0,0,0,6;\"\n\t\t\t\t\t\t\t\tdata-dim=\"w:1px;h:306px,306px,306px,75px;\"\n\t\t\t\t\t\t\t\tdata-frame_0=\"y:-50,-50,-50,-11;\"\n\t\t\t\t\t\t\t\tdata-frame_1=\"sp:1000;\"\n\t\t\t\t\t\t\t\tdata-frame_999=\"o:0;st:w;sR:9000;\"\n\t\t\t\t\t\t\t\tstyle=\"z-index:8;background-color:#ffffff;\"\n\t\t\t\t\t\t\t> \n\t\t\t\t\t\t\t<\/rs-layer><!--\n\n\t\t\t\t\t\t\t--><rs-layer\n\t\t\t\t\t\t\t\tid=\"slider-308-slide-838-layer-4\" \n\t\t\t\t\t\t\t\tdata-type=\"shape\"\n\t\t\t\t\t\t\t\tdata-rsp_ch=\"on\"\n\t\t\t\t\t\t\t\tdata-xy=\"x:c;xo:38px,38px,38px,9px;y:m;yo:-160px,-160px,-160px,-39px;\"\n\t\t\t\t\t\t\t\tdata-text=\"w:normal;s:20,20,20,4;l:0,0,0,6;\"\n\t\t\t\t\t\t\t\tdata-dim=\"w:2880px,2880px,2880px,936px;h:1200px,1200px,1200px,905px;\"\n\t\t\t\t\t\t\t\tdata-vbility=\"f,f,f,f\"\n\t\t\t\t\t\t\t\tdata-frame_0=\"y:50,50,50,11;\"\n\t\t\t\t\t\t\t\tdata-frame_1=\"sp:1000;\"\n\t\t\t\t\t\t\t\tdata-frame_999=\"o:0;st:w;sR:9000;\"\n\t\t\t\t\t\t\t\tstyle=\"z-index:6;background-color:rgba(0,0,0,0.5);\"\n\t\t\t\t\t\t\t> \n\t\t\t\t\t\t\t<\/rs-layer><!--\n-->\t\t\t\t\t\t<\/rs-slide>\n\t\t\t\t\t<\/rs-slides>\n\t\t\t\t<\/rs-module>\n\t\t\t\t<script>\n\t\t\t\t\tsetREVStartSize({c: 'rev_slider_308_1',rl:[1240,1240,1240,480],el:[800,800,800,720],gw:[1920,1920,1920,480],gh:[800,800,800,720],type:'standard',justify:'',layout:'fullwidth',mh:\"0\"});if (window.RS_MODULES!==undefined && window.RS_MODULES.modules!==undefined && window.RS_MODULES.modules[\"revslider3081\"]!==undefined) {window.RS_MODULES.modules[\"revslider3081\"].once = false;window.revapi308 = undefined;if (window.RS_MODULES.checkMinimal!==undefined) window.RS_MODULES.checkMinimal()}\n\t\t\t\t<\/script>\n\t\t\t<\/rs-module-wrap>\n\t\t\t<!-- END REVOLUTION SLIDER -->\n[\/vc_column][\/vc_row][vc_row full_width=&#8221;stretch_row&#8221; css=&#8221;.vc_custom_1717756854588{padding-top: 100px !important;padding-bottom: 60px !important;background-color: #e6e1d6 !important;}&#8221;][vc_column][vc_empty_space height=&#8221;15px&#8221;][vc_column_text]<\/p>\n<h2 style=\"text-align: center;\"><strong>Denizde Samiad!<\/strong><\/h2>\n<p>[\/vc_column_text][vc_empty_space height=&#8221;15px&#8221;][vc_column_text]<\/p>\n<div class=\"TypographyPresentation TypographyPresentation--m RichText3-paragraph--withVSpacingNormal RichText3-paragraph\" style=\"text-align: center;\">Samiad&#8217;\u0131n benzersiz programlar\u0131n\u0131 t\u00fcm y\u0131l boyunca deneyimle! Art\u0131k okul gruplar\u0131 i\u00e7in mevcut olan \u00f6zel programlar\u0131m\u0131z \u015funlar\u0131 i\u00e7eriyor: <\/div>\n<p>[\/vc_column_text][\/vc_column][\/vc_row][vc_row full_width=&#8221;stretch_row&#8221; css=&#8221;.vc_custom_1717756909124{padding-bottom: 90px !important;background-color: #e6e1d6 !important;}&#8221;][vc_column width=&#8221;1\/4&#8243;][vc_empty_space height=&#8221;15px&#8221;][vc_icon icon_fontawesome=&#8221;fas fa-hotel&#8221; color=&#8221;custom&#8221; size=&#8221;lg&#8221; align=&#8221;center&#8221; custom_color=&#8221;#652582&#8243;][vc_empty_space height=&#8221;15px&#8221;][vc_column_text]<\/p>\n<h3 style=\"text-align: center;\">Konaklama<\/h3>\n<p style=\"text-align: center;\">Prestijli Wellesley Haddon Dean Okulu&#8217;nda tam pansiyon konaklama.<\/p>\n<p>[\/vc_column_text][\/vc_column][vc_column width=&#8221;1\/4&#8243;][vc_empty_space height=&#8221;15px&#8221;][vc_icon icon_fontawesome=&#8221;fas fa-water&#8221; color=&#8221;custom&#8221; size=&#8221;lg&#8221; align=&#8221;center&#8221; custom_color=&#8221;#652582&#8243;][vc_empty_space height=&#8221;15px&#8221;][vc_column_text]<\/p>\n<h3 style=\"text-align: center;\">Tesisler<\/h3>\n<p style=\"text-align: center;\">Birinci s\u0131n\u0131f tesislere ve Canterbury, Londra ve sahil \u015feridinin g\u00fczel tarihi kentlerine eri\u015fim.<\/p>\n<p>[\/vc_column_text][\/vc_column][vc_column width=&#8221;1\/4&#8243;][vc_empty_space height=&#8221;15px&#8221;][vc_icon icon_fontawesome=&#8221;fas fa-hiking&#8221; color=&#8221;custom&#8221; size=&#8221;lg&#8221; align=&#8221;center&#8221; custom_color=&#8221;#652582&#8243;][vc_empty_space height=&#8221;15px&#8221;][vc_column_text]<\/p>\n<h3 style=\"text-align: center;\">Aktiviteler<\/h3>\n<p style=\"text-align: center;\">E\u011fitim Kurslar\u0131, K\u00fclt\u00fcrel Geziler, \u00dcniversite Ziyaretleri ve D\u00fcnya Standartlar\u0131nda Aktivitelerin kar\u0131\u015f\u0131m\u0131.<\/p>\n<p>[\/vc_column_text][\/vc_column][vc_column width=&#8221;1\/4&#8243;][vc_empty_space height=&#8221;15px&#8221;][vc_icon icon_fontawesome=&#8221;fas fa-user-graduate&#8221; color=&#8221;custom&#8221; size=&#8221;lg&#8221; align=&#8221;center&#8221; custom_color=&#8221;#652582&#8243;][vc_empty_space height=&#8221;15px&#8221;][vc_column_text]<\/p>\n<h3 style=\"text-align: center;\">Deneyimler<\/h3>\n<p style=\"text-align: center;\">\u00d6\u011frencilerinin e\u011fitimini zenginle\u015ftirmek ya da unutulmaz k\u00fclt\u00fcrel deneyimler sunmak istiyor olun, Denizde Samiad \u00f6\u011frenme ve maceran\u0131n m\u00fckemmel kar\u0131\u015f\u0131m\u0131n\u0131 sunuyor.<\/p>\n<p>[\/vc_column_text][\/vc_column][\/vc_row][vc_row][vc_column][vc_empty_space height=&#8221;30px&#8221;][vc_row_inner content_placement=&#8221;middle&#8221; gap=&#8221;35&#8243;][vc_column_inner width=&#8221;1\/2&#8243;][vc_column_text]<\/p>\n<h2><strong>\u0130ngiltere yat\u0131l\u0131 okullar\u0131nda immersiyonlar<\/strong><\/h2>\n<p>\u00d6\u011frencilerine en iyi \u0130ngiltere yat\u0131l\u0131 okul deneyimini ya\u015fat! Shropshire ve Kent&#8217;teki lokasyonlar\u0131m\u0131zla, immersiyonlu programlar\u0131m\u0131z \u00f6\u011frencilere \u015fu imkanlar\u0131 sunuyor: <\/p>\n<ul>\n<li>\u0130ngiliz okul \u00f6\u011frencileriyle birlikte e\u011fitim g\u00f6rme ve okul program\u0131na istedi\u011fin kadar kat\u0131lma.<\/li>\n<li>E\u015fsiz esneklik ve destekle birinci s\u0131n\u0131f yat\u0131l\u0131 okullarda ya\u015fam deneyimi.<\/li>\n<li>Akademik ve sosyal becerilerini zenginle\u015ftirmek i\u00e7in tasarlanm\u0131\u015f ger\u00e7ek bir \u0130ngiliz e\u011fitim ortam\u0131n\u0131n keyfini \u00e7\u0131karma.<\/li>\n<\/ul>\n<p>[\/vc_column_text][\/vc_column_inner][vc_column_inner width=&#8221;1\/2&#8243; css=&#8221;.vc_custom_1677239832236{padding-top: 50px !important;}&#8221;][vc_single_image image=&#8221;2791&#8243; img_size=&#8221;full&#8221; alignment=&#8221;center&#8221; onclick=&#8221;custom_link&#8221; img_link_target=&#8221;_blank&#8221; css_animation=&#8221;slideInRight&#8221;][\/vc_column_inner][\/vc_row_inner][vc_empty_space height=&#8221;30px&#8221;][vc_row_inner content_placement=&#8221;middle&#8221; gap=&#8221;35&#8243;][vc_column_inner width=&#8221;1\/2&#8243;][vc_single_image image=&#8221;2796&#8243; img_size=&#8221;full&#8221; alignment=&#8221;center&#8221; onclick=&#8221;link_image&#8221; css_animation=&#8221;slideInLeft&#8221;][\/vc_column_inner][vc_column_inner width=&#8221;1\/2&#8243; css=&#8221;.vc_custom_1677239832236{padding-top: 50px !important;}&#8221;][vc_column_text]<\/p>\n<h2><b>Neden Samiad&#8217;\u0131 se\u00e7melisin?<\/b><\/h2>\n<p>Benzersiz Deneyim: \u00d6nde gelen yaz okullar\u0131ndan biri olarak Samiad, \u00e7ocuklar ve gen\u00e7ler i\u00e7in e\u015fsiz ve zenginle\u015ftirici deneyimler sunar.<\/p>\n<p>En \u0130yi Lokasyonlar: Ba\u015fl\u0131ca k\u00fclt\u00fcrel mekanlara eri\u015fimle tarihi ve pitoresk ortamlarda e\u011fitimin keyfini \u00e7\u0131kar.<\/p>\n<p>\u00d6zelle\u015ftirilmi\u015f Programlar: Maksimum fayda ve keyif i\u00e7in okul grubunun ihtiya\u00e7lar\u0131na g\u00f6re uyarlanm\u0131\u015f deneyim.[\/vc_column_text][\/vc_column_inner][\/vc_row_inner][vc_empty_space height=&#8221;30px&#8221;][\/vc_column][\/vc_row][vc_row][vc_column][vc_empty_space height=&#8221;30px&#8221;][vc_row_inner content_placement=&#8221;middle&#8221; gap=&#8221;35&#8243; css=&#8221;.vc_custom_1717758796290{padding-bottom: 120px !important;}&#8221;][vc_column_inner css=&#8221;.vc_custom_1677239832236{padding-top: 50px !important;}&#8221;][vc_column_text]<\/p>\n<h2 style=\"text-align: center;\"><b>Bug\u00fcn bize ula\u015f!<\/b><\/h2>\n<p style=\"text-align: center;\">Bu heyecan verici yeni programlar ve \u00f6\u011frencilerin i\u00e7in unutulmaz bir deneyim nas\u0131l yaratabilece\u011fimiz hakk\u0131nda daha fazlas\u0131n\u0131 ke\u015ffet.<\/p>\n<p style=\"text-align: center;\">Web sitemizi ziyaret et veya bizi +44 (0)121 250 5738 numaral\u0131 telefondan ara<\/p>\n<p>[\/vc_column_text][vc_empty_space height=&#8221;30px&#8221;][vc_btn title=&#8221;\u015eimdi bilgi al&#8221; style=&#8221;custom&#8221; custom_background=&#8221;#ad986e&#8221; custom_text=&#8221;#ffffff&#8221; shape=&#8221;square&#8221; align=&#8221;center&#8221; link=&#8221;url:https%3A%2F%2Fsamiad.zostro.com%2Fenquire-now%2F|title:%C5%9Eimdi%20bilgi%20al|&#8221;][\/vc_column_inner][\/vc_row_inner][\/vc_column][\/vc_row]<\/p>\n<\/div>","protected":false},"excerpt":{"rendered":"<p>[vc_row][vc_column][\/vc_column][\/vc_row][vc_row full_width=&#8221;stretch_row&#8221; css=&#8221;.vc_custom_1717756854588{padding-top: 100px !important;padding-bottom: 60px !important;background-color: #e6e1d6 !important;}&#8221;][vc_column][vc_empty_space height=&#8221;15px&#8221;][vc_column_text] Denizde Samiad! [\/vc_column_text][vc_empty_space height=&#8221;15px&#8221;][vc_column_text] Samiad&#8217;\u0131n benzersiz programlar\u0131n\u0131 t\u00fcm y\u0131l boyunca deneyimle! Art\u0131k okul gruplar\u0131 i\u00e7in mevcut olan \u00f6zel programlar\u0131m\u0131z \u015funlar\u0131 i\u00e7eriyor: [\/vc_column_text][\/vc_column][\/vc_row][vc_row full_width=&#8221;stretch_row&#8221; css=&#8221;.vc_custom_1717756909124{padding-bottom: 90px !important;background-color: #e6e1d6 !important;}&#8221;][vc_column width=&#8221;1\/4&#8243;][vc_empty_space height=&#8221;15px&#8221;][vc_icon icon_fontawesome=&#8221;fas fa-hotel&#8221; color=&#8221;custom&#8221; size=&#8221;lg&#8221; align=&#8221;center&#8221; custom_color=&#8221;#652582&#8243;][vc_empty_space height=&#8221;15px&#8221;][vc_column_text] Konaklama Prestijli Wellesley Haddon Dean Okulu&#8217;nda tam pansiyon&hellip;&nbsp;<a href=\"https:\/\/www.samiad.com\/tr\/yil-boyu-deneyimler\/\" rel=\"bookmark\">Read More &raquo;<span class=\"screen-reader-text\">Y\u0131l boyu deneyimler<\/span><\/a><\/p>\n","protected":false},"author":4,"featured_media":0,"parent":0,"menu_order":0,"comment_status":"closed","ping_status":"closed","template":"","meta":{"_acf_changed":false,"neve_meta_sidebar":"","neve_meta_container":"","neve_meta_enable_content_width":"off","neve_meta_content_width":100,"neve_meta_title_alignment":"","neve_meta_author_avatar":"","neve_post_elements_order":"","neve_meta_disable_header":"","neve_meta_disable_footer":"","neve_meta_disable_title":"","neve_meta_reading_time":"","footnotes":""},"class_list":["post-9301","page","type-page","status-publish","hentry"],"acf":[],"_links":{"self":[{"href":"https:\/\/www.samiad.com\/tr\/wp-json\/wp\/v2\/pages\/9301","targetHints":{"allow":["GET"]}}],"collection":[{"href":"https:\/\/www.samiad.com\/tr\/wp-json\/wp\/v2\/pages"}],"about":[{"href":"https:\/\/www.samiad.com\/tr\/wp-json\/wp\/v2\/types\/page"}],"author":[{"embeddable":true,"href":"https:\/\/www.samiad.com\/tr\/wp-json\/wp\/v2\/users\/4"}],"replies":[{"embeddable":true,"href":"https:\/\/www.samiad.com\/tr\/wp-json\/wp\/v2\/comments?post=9301"}],"version-history":[{"count":0,"href":"https:\/\/www.samiad.com\/tr\/wp-json\/wp\/v2\/pages\/9301\/revisions"}],"wp:attachment":[{"href":"https:\/\/www.samiad.com\/tr\/wp-json\/wp\/v2\/media?parent=9301"}],"curies":[{"name":"wp","href":"https:\/\/api.w.org\/{rel}","templated":true}]}}