{"id":9316,"date":"2024-06-12T12:00:15","date_gmt":"2024-06-12T12:00:15","guid":{"rendered":"https:\/\/www.samiad.com\/training\/"},"modified":"2025-09-17T14:03:55","modified_gmt":"2025-09-17T14:03:55","slug":"training","status":"publish","type":"page","link":"https:\/\/www.samiad.com\/tr\/training\/","title":{"rendered":"E\u011fitim"},"content":{"rendered":"<div class=\"wpb-content-wrapper\"><p>[vc_row][vc_column]\n\t\t\t<!-- START eLearning REVOLUTION SLIDER 6.6.18 --><p class=\"rs-p-wp-fix\"><\/p>\n\t\t\t<rs-module-wrap id=\"rev_slider_70_1_wrapper\" data-source=\"gallery\" style=\"visibility:hidden;background:transparent;padding:0;margin:0px auto;margin-top:0;margin-bottom:0;\">\n\t\t\t\t<rs-module id=\"rev_slider_70_1\" style=\"\" data-version=\"6.6.18\">\n\t\t\t\t\t<rs-slides style=\"overflow: hidden; position: absolute;\">\n\t\t\t\t\t\t<rs-slide style=\"position: absolute;\" data-key=\"rs-201\" data-title=\"Slide\" data-anim=\"e:slidingoverlay;ms:2000;\" data-in=\"o:1;x:-100%;\" data-out=\"a:false;\">\n\t\t\t\t\t\t\t<img decoding=\"async\" src=\"\/\/www.samiad.com\/wp-content\/plugins\/revslider\/public\/assets\/assets\/dummy.png\" alt=\"\" title=\"SAFEGUARDING\" width=\"1748\" height=\"1240\" class=\"rev-slidebg tp-rs-img rs-lazyload\" data-lazyload=\"\/\/samiad.com\/wp-content\/uploads\/2024\/06\/SAFEGUARDING.png\" data-no-retina>\n<!--\n\t\t\t\t\t\t\t--><rs-layer\n\t\t\t\t\t\t\t\tid=\"slider-70-slide-201-layer-0\" \n\t\t\t\t\t\t\t\tdata-type=\"text\"\n\t\t\t\t\t\t\t\tdata-rsp_ch=\"on\"\n\t\t\t\t\t\t\t\tdata-xy=\"x:c;xo:-244px,-244px,-244px,0;y:m;yo:175px,175px,175px,110px;\"\n\t\t\t\t\t\t\t\tdata-text=\"w:normal;s:51,51,51,39;l:70,70,70,41;a:left,left,left,center;\"\n\t\t\t\t\t\t\t\tdata-dim=\"w:830px,830px,830px,343px;h:228px,228px,228px,265px;\"\n\t\t\t\t\t\t\t\tdata-frame_0=\"x:0,0,0,0px;y:0,0,0,0px;o:1;\"\n\t\t\t\t\t\t\t\tdata-frame_0_chars=\"d:5;x:0,0,0,0px;y:0,0,0,0px;o:0;rX:-90deg;oZ:-50;\"\n\t\t\t\t\t\t\t\tdata-frame_1=\"x:1px,1px,1px,0px;y:-1px,-1px,-1px,0px;e:default;sp:1750;\"\n\t\t\t\t\t\t\t\tdata-frame_1_chars=\"e:power4.inOut;d:10;x:0,0,0,0px;y:0,0,0,0px;oZ:-50;\"\n\t\t\t\t\t\t\t\tdata-frame_999=\"x:-50,-50,-50,-10px;o:0;st:9800;sp:2500;sR:4750;\"\n\t\t\t\t\t\t\t\tdata-tloop=\"t:frame_1;\"\n\t\t\t\t\t\t\t\tstyle=\"z-index:7;font-family:'Playfair Display';text-transform:uppercase;\"\n\t\t\t\t\t\t\t>Samiad Summer School Staff Safeguarding & Pre Summer Training \n\t\t\t\t\t\t\t<\/rs-layer><!--\n\n\t\t\t\t\t\t\t--><rs-layer\n\t\t\t\t\t\t\t\tid=\"slider-70-slide-201-layer-3\" \n\t\t\t\t\t\t\t\tdata-type=\"shape\"\n\t\t\t\t\t\t\t\tdata-rsp_ch=\"on\"\n\t\t\t\t\t\t\t\tdata-xy=\"xo:274px,274px,274px,-72px;yo:443px,443px,443px,89px;\"\n\t\t\t\t\t\t\t\tdata-text=\"w:normal;s:20,20,20,4;l:0,0,0,6;\"\n\t\t\t\t\t\t\t\tdata-dim=\"w:1px;h:252px,252px,252px,62px;\"\n\t\t\t\t\t\t\t\tdata-frame_0=\"y:-50,-50,-50,-11;\"\n\t\t\t\t\t\t\t\tdata-frame_1=\"sp:1000;\"\n\t\t\t\t\t\t\t\tdata-frame_999=\"o:0;st:w;sR:9000;\"\n\t\t\t\t\t\t\t\tstyle=\"z-index:8;background-color:#ffffff;\"\n\t\t\t\t\t\t\t> \n\t\t\t\t\t\t\t<\/rs-layer><!--\n\n\t\t\t\t\t\t\t--><rs-layer\n\t\t\t\t\t\t\t\tid=\"slider-70-slide-201-layer-4\" \n\t\t\t\t\t\t\t\tdata-type=\"shape\"\n\t\t\t\t\t\t\t\tdata-rsp_ch=\"on\"\n\t\t\t\t\t\t\t\tdata-xy=\"x:c;xo:-95px,-95px,-95px,-22px;y:m;yo:-120px,-120px,-120px,-29px;\"\n\t\t\t\t\t\t\t\tdata-text=\"w:normal;s:20,20,20,4;l:0,0,0,6;\"\n\t\t\t\t\t\t\t\tdata-dim=\"w:2880px,2880px,2880px,936px;h:1200px,1200px,1200px,905px;\"\n\t\t\t\t\t\t\t\tdata-vbility=\"f,f,f,f\"\n\t\t\t\t\t\t\t\tdata-frame_0=\"y:50,50,50,11;\"\n\t\t\t\t\t\t\t\tdata-frame_1=\"sp:1000;\"\n\t\t\t\t\t\t\t\tdata-frame_999=\"o:0;st:w;sR:9000;\"\n\t\t\t\t\t\t\t\tstyle=\"z-index:6;background-color:rgba(0,0,0,0.5);\"\n\t\t\t\t\t\t\t> \n\t\t\t\t\t\t\t<\/rs-layer><!--\n-->\t\t\t\t\t\t<\/rs-slide>\n\t\t\t\t\t<\/rs-slides>\n\t\t\t\t<\/rs-module>\n\t\t\t\t<script>\n\t\t\t\t\tsetREVStartSize({c: 'rev_slider_70_1',rl:[1240,1240,1240,480],el:[800,800,800,720],gw:[1920,1920,1920,480],gh:[800,800,800,720],type:'standard',justify:'',layout:'fullwidth',mh:\"0\"});if (window.RS_MODULES!==undefined && window.RS_MODULES.modules!==undefined && window.RS_MODULES.modules[\"revslider701\"]!==undefined) {window.RS_MODULES.modules[\"revslider701\"].once = false;window.revapi70 = undefined;if (window.RS_MODULES.checkMinimal!==undefined) window.RS_MODULES.checkMinimal()}\n\t\t\t\t<\/script>\n\t\t\t<\/rs-module-wrap>\n\t\t\t<!-- END REVOLUTION SLIDER -->\n[\/vc_column][\/vc_row][vc_row css=&#8221;.vc_custom_1718123694687{padding-top: 60px !important;padding-bottom: 60px !important;}&#8221;][vc_column][vc_column_text css=&#8221;.vc_custom_1717584549251{padding-top: 25px !important;padding-bottom: 25px !important;}&#8221;]<\/p>\n<h2 style=\"text-align: center;\">Ekibe ho\u015f geldin!<\/h2>\n<p>[\/vc_column_text][vc_column_text css=&#8221;.vc_custom_1745419707883{padding-top: 25px !important;padding-bottom: 25px !important;}&#8221;]<\/p>\n<p style=\"text-align: center;\">Samiad Yaz Okulu ekibine kabul edildi\u011fin i\u00e7in tebrikler! Aram\u0131za kat\u0131ld\u0131\u011f\u0131n i\u00e7in \u00e7ok mutluyuz. \u00d6zveriyle \u00e7al\u0131\u015fan ekibimizin bir \u00fcyesi olarak, \u00f6\u011frencilerimiz i\u00e7in g\u00fcvenli, destekleyici ve ilham verici bir ortam sa\u011flamadaki rol\u00fcn \u00e7ok \u00f6nemli. Bu sayfada, \u00f6n\u00fcm\u00fczdeki yaz i\u00e7in seni haz\u0131rlayacak <em>G\u00fcvenlik Testi<\/em> ve <em>\u0130lk Genel Bak\u0131\u015f E\u011fitimi<\/em> dahil olmak \u00fczere temel kaynaklar\u0131 bulacaks\u0131n. G\u00fcvenlik, yapt\u0131\u011f\u0131m\u0131z her \u015feyin temelini olu\u015fturuyor ve senin anlay\u0131\u015f\u0131n ve ba\u011fl\u0131l\u0131\u011f\u0131n hem \u00f6\u011frencilerin hem de personelin refah\u0131n\u0131 sa\u011flamada kilit \u00f6neme sahip.    <\/p>\n<p style=\"text-align: center;\">Bize kat\u0131ld\u0131\u011f\u0131n ve Samiad&#8217;\u0131 g\u00fcvenlik, \u00f6zen ve maceran\u0131n bulu\u015ftu\u011fu bir yer haline getirmemize yard\u0131mc\u0131 oldu\u011fun i\u00e7in te\u015fekk\u00fcr ederiz!<\/p>\n<p>[\/vc_column_text][\/vc_column][\/vc_row][vc_row css=&#8221;.vc_custom_1718122863377{padding-top: 75px !important;}&#8221;][vc_column][vc_empty_space height=&#8221;30px&#8221;][vc_column_text]<\/p>\n<h2 style=\"text-align: center;\">G\u00dcVENL\u0130K TEST\u0130<\/h2>\n<p>[\/vc_column_text][vc_empty_space height=&#8221;45px&#8221;][\/vc_column][\/vc_row][vc_row gap=&#8221;30&#8243; css=&#8221;.vc_custom_1718122831558{padding-bottom: 90px !important;}&#8221;][vc_column width=&#8221;1\/4&#8243;][vc_icon icon_fontawesome=&#8221;fas fa-sign-in-alt&#8221; color=&#8221;custom&#8221; size=&#8221;lg&#8221; align=&#8221;center&#8221; custom_color=&#8221;#652582&#8243;][vc_empty_space height=&#8221;15px&#8221;][vc_column_text]<\/p>\n<h3 style=\"text-align: center;\">Kay\u0131t<\/h3>\n<p style=\"text-align: center;\">Kay\u0131t olmak i\u00e7in a\u015fa\u011f\u0131daki ekrana t\u0131kla, senden ad\u0131n\u0131 ve e-posta adresini girmen istenecek.<\/p>\n<p>[\/vc_column_text][\/vc_column][vc_column width=&#8221;1\/4&#8243;][vc_icon icon_fontawesome=&#8221;fas fa-laptop&#8221; color=&#8221;custom&#8221; size=&#8221;lg&#8221; align=&#8221;center&#8221; custom_color=&#8221;#652582&#8243;][vc_empty_space height=&#8221;15px&#8221;][vc_column_text]<\/p>\n<h3 style=\"text-align: center;\">Cihaz gereksinimleri<\/h3>\n<p style=\"text-align: center;\" data-pm-slice=\"1 1 []\">Test, internete eri\u015fimi olan herhangi bir cihazda yap\u0131labilir ancak diz\u00fcst\u00fc bilgisayar veya iPad kullanmak daha kolay olacakt\u0131r.<\/p>\n<p>[\/vc_column_text][\/vc_column][vc_column width=&#8221;1\/4&#8243;][vc_icon icon_fontawesome=&#8221;fas fa-clock&#8221; color=&#8221;custom&#8221; size=&#8221;lg&#8221; align=&#8221;center&#8221; custom_color=&#8221;#652582&#8243;][vc_empty_space height=&#8221;15px&#8221;][vc_column_text]<\/p>\n<h3 style=\"text-align: center;\">Testin s\u00fcresi<\/h3>\n<p style=\"text-align: center;\">Testin kendisi yakla\u015f\u0131k 30 dakika s\u00fcrecek, l\u00fctfen acele etme, \u00e7\u00fcnk\u00fc sorular sana cevaplar\u0131 ve bunlar\u0131n belirli durumlarla nas\u0131l ili\u015fkili oldu\u011funu anlamanda yard\u0131mc\u0131 olmak i\u00e7in var. Teknik sorunlar ya\u015farsan veya teste ara vermen gerekirse, sorun de\u011fil, kald\u0131\u011f\u0131n yerden devam edebilir ve testi istedi\u011fin kadar yeniden ba\u015flatabilirsin. <\/p>\n<p>[\/vc_column_text][\/vc_column][vc_column width=&#8221;1\/4&#8243;][vc_icon icon_fontawesome=&#8221;fas fa-poll-h&#8221; color=&#8221;custom&#8221; size=&#8221;lg&#8221; align=&#8221;center&#8221; custom_color=&#8221;#652582&#8243;][vc_empty_space height=&#8221;15px&#8221;][vc_column_text]<\/p>\n<h3 style=\"text-align: center;\">Sonu\u00e7lar\u0131n<\/h3>\n<p style=\"text-align: center;\" data-pm-slice=\"1 1 []\">Devam edebilmek i\u00e7in her personelin g\u00fcvenlik testinden en az %70 puan almas\u0131 gerekiyor. Bu puan\u0131n alt\u0131nda al\u0131rsan endi\u015felenme, testi istedi\u011fin kadar tekrar edebilirsin. <\/p>\n<p>[\/vc_column_text][\/vc_column][vc_column][vc_btn title=&#8221;TEST\u0130 BA\u015eLAT!&#8221; style=&#8221;custom&#8221; custom_background=&#8221;#652487&#8243; custom_text=&#8221;#ffffff&#8221; shape=&#8221;square&#8221; align=&#8221;center&#8221; link=&#8221;url:https%3A%2F%2Facc-69061.ispring.com%2Fapp%2Fpreview%2F8d8f1b82-3bb3-11f0-be4d-f6a34c7dd83a|title:TEST%C4%B0%20BA%C5%9ELAT%21|target:_blank|&#8221; css=&#8221;.vc_custom_1748446867107{padding-top: 30px !important;}&#8221;][\/vc_column][\/vc_row][vc_row css=&#8221;.vc_custom_1718122863377{padding-top: 75px !important;}&#8221;][vc_column][vc_column_text]<\/p>\n<h2 style=\"text-align: center;\">SAMIAD&#8217;DAK\u0130 E\u011e\u0130T\u0130M YOLCULU\u011eUN<\/h2>\n<p>G\u00f6revinde tam anlam\u0131yla haz\u0131r ve kendinden emin olman\u0131 sa\u011flamak i\u00e7in, t\u00fcm personel Samiad Yaz Okulu&#8217;nda g\u00f6reve ba\u015flamadan \u00f6nce \u00fc\u00e7 a\u015famal\u0131 bir e\u011fitim s\u00fcrecini tamamlayacak. Bu e\u011fitim, ba\u015far\u0131l\u0131 olman ve bilinen g\u00fcvenli, zenginle\u015ftirici deneyimi sunmam\u0131za yard\u0131mc\u0131 olman i\u00e7in ihtiyac\u0131n olan bilgi, ara\u00e7 ve deste\u011fi sa\u011flamak \u00fczere tasarland\u0131.[\/vc_column_text][vc_empty_space height=&#8221;45px&#8221;][\/vc_column][\/vc_row][vc_row gap=&#8221;30&#8243; css=&#8221;.vc_custom_1718122831558{padding-bottom: 90px !important;}&#8221;][vc_column][vc_empty_space height=&#8221;15px&#8221;][vc_column_text]<\/p>\n<h3 style=\"text-align: center;\"><strong>1. Ad\u0131m: \u00e7evrimi\u00e7i e\u011fitim<\/strong><\/h3>\n<p style=\"text-align: center;\">Temel \u00e7evrimi\u00e7i e\u011fitim mod\u00fcl\u00fcm\u00fcz\u00fc (a\u015fa\u011f\u0131daki ba\u011flant\u0131) tamamlayarak ba\u015fla. Bu kendi h\u0131z\u0131nda ilerleyebilece\u011fin kurs, Samiad, politikalar\u0131m\u0131z ve bizimle ge\u00e7irece\u011fin s\u00fcre boyunca neler bekleyebilece\u011fin hakk\u0131nda genel bir bak\u0131\u015f sunuyor. E\u011fitim, anlay\u0131\u015f\u0131n\u0131 peki\u015ftirmeye yard\u0131mc\u0131 olmak i\u00e7in i\u00e7inde quiz sorular\u0131 i\u00e7eriyor.  <\/p>\n<p>[\/vc_column_text][vc_btn title=&#8221;TEST\u0130 BA\u015eLAT!&#8221; style=&#8221;custom&#8221; custom_background=&#8221;#652487&#8243; custom_text=&#8221;#ffffff&#8221; shape=&#8221;square&#8221; align=&#8221;center&#8221; link=&#8221;url:https%3A%2F%2Facc-69061.ispring.com%2Fapp%2Fpreview%2F6a7d2ef4-21b9-11f0-909c-1a4b24d144d3|title:TEST%C4%B0%20BA%C5%9ELAT%21|target:_blank|&#8221; css=&#8221;.vc_custom_1745580482764{padding-top: 30px !important;}&#8221;][vc_empty_space height=&#8221;15px&#8221;][vc_column_text]<\/p>\n<h3 style=\"text-align: center;\"><strong><br \/>2. Ad\u0131m: canl\u0131 \u00e7evrimi\u00e7i e\u011fitim oturumu<\/strong><\/h3>\n<p style=\"text-align: center;\" data-pm-slice=\"1 1 []\">Sonras\u0131nda, \u00fcst d\u00fczey ekip \u00fcyelerimizden biri taraf\u0131ndan y\u00f6netilen canl\u0131, interaktif bir \u00e7evrimi\u00e7i oturuma kat\u0131lacaks\u0131n. Bu e\u011fitim, \u00f6zel rol\u00fcne daha derinlemesine odaklan\u0131yor ve sana soru sorma ve di\u011fer yeni ekip \u00fcyeleriyle etkile\u015fim kurma f\u0131rsat\u0131 veriyor. Oturumunun tarih ve saati hakk\u0131nda detaylar\u0131 i\u00e7eren bir e-posta daveti alacaks\u0131n.  <\/p>\n<p>[\/vc_column_text][vc_empty_space height=&#8221;15px&#8221;][vc_column_text]<\/p>\n<h3 style=\"text-align: center;\"><strong><br \/>3. Ad\u0131m: yerinde e\u011fitim<\/strong><\/h3>\n<p style=\"text-align: center;\">Sahaya vard\u0131\u011f\u0131nda, kararla\u015ft\u0131r\u0131lan g\u00f6revinin ba\u015flang\u0131c\u0131nda y\u00fcz y\u00fcze e\u011fitimle ba\u015flayacaks\u0131n. Bu e\u011fitim, i\u015fe tam olarak haz\u0131r olman\u0131 sa\u011flamak i\u00e7in t\u00fcm personel oturumlar\u0131, bilgilendirmeler ve hedefe y\u00f6nelik role \u00f6zel haz\u0131rl\u0131klar\u0131n bir kar\u0131\u015f\u0131m\u0131n\u0131 i\u00e7eriyor. <\/p>\n<p>[\/vc_column_text][\/vc_column][\/vc_row][vc_row full_width=&#8221;stretch_row&#8221; css=&#8221;.vc_custom_1718123721774{padding-top: 60px !important;padding-bottom: 60px !important;background-color: #e6e1d6 !important;}&#8221;][vc_column][vc_row_inner css=&#8221;.vc_custom_1718121670789{padding-left: 30px !important;}&#8221;][vc_column_inner][vc_column_text]<\/p>\n<h2 style=\"text-align: center;\">KAMP\u00dcSE VARMADAN \u00d6NCE<\/h2>\n<p>[\/vc_column_text][vc_empty_space height=&#8221;15px&#8221;][vc_column_text]<\/p>\n<p style=\"text-align: center;\">\u00c7evrimi\u00e7i g\u00fcvenlik e\u011fitimimizi tamamlaman\u0131n yan\u0131 s\u0131ra, l\u00fctfen a\u015fa\u011f\u0131daki belgeleri okumak i\u00e7in zaman ay\u0131r, bunlar yaz okulu personeli ve politikalar\u0131m\u0131z hakk\u0131nda faydal\u0131 bilgiler i\u00e7eriyor.<\/p>\n<p>[\/vc_column_text][\/vc_column_inner][\/vc_row_inner][vc_empty_space height=&#8221;30px&#8221;][vc_row_inner][vc_column_inner width=&#8221;1\/3&#8243;][vc_single_image image=&#8221;7149&#8243; img_size=&#8221;medium&#8221; alignment=&#8221;center&#8221; onclick=&#8221;custom_link&#8221; img_link_target=&#8221;_blank&#8221; css_animation=&#8221;slideInLeft&#8221; link=&#8221;https:\/\/samiad.com\/wp-content\/uploads\/2025\/04\/Policies-2.pdf&#8221;][\/vc_column_inner][vc_column_inner width=&#8221;1\/3&#8243;][vc_single_image image=&#8221;7150&#8243; img_size=&#8221;medium&#8221; alignment=&#8221;center&#8221; onclick=&#8221;custom_link&#8221; img_link_target=&#8221;_blank&#8221; css_animation=&#8221;slideInLeft&#8221; link=&#8221;https:\/\/samiad.com\/wp-content\/uploads\/2025\/04\/Samiad-Safe-Guarding.pdf&#8221;][\/vc_column_inner][vc_column_inner width=&#8221;1\/3&#8243;][vc_single_image image=&#8221;7148&#8243; img_size=&#8221;medium&#8221; alignment=&#8221;center&#8221; onclick=&#8221;custom_link&#8221; img_link_target=&#8221;_blank&#8221; css_animation=&#8221;slideInLeft&#8221; link=&#8221;https:\/\/samiad.com\/wp-content\/uploads\/2025\/04\/Useful-information-1.pdf&#8221;][\/vc_column_inner][\/vc_row_inner][\/vc_column][\/vc_row][vc_row full_width=&#8221;stretch_row_content_no_spaces&#8221; css=&#8221;.vc_custom_1717586842639{background-color: #251e1e !important;}&#8221;][vc_column][vc_empty_space height=&#8221;160px&#8221; css=&#8221;.vc_custom_1718278947459{background-color: #251e1e !important;background-position: center !important;background-repeat: no-repeat !important;background-size: cover !important;}&#8221;][\/vc_column][\/vc_row]<\/p>\n<\/div>","protected":false},"excerpt":{"rendered":"<p>[vc_row][vc_column][\/vc_column][\/vc_row][vc_row css=&#8221;.vc_custom_1718123694687{padding-top: 60px !important;padding-bottom: 60px !important;}&#8221;][vc_column][vc_column_text css=&#8221;.vc_custom_1717584549251{padding-top: 25px !important;padding-bottom: 25px !important;}&#8221;] Ekibe ho\u015f geldin! [\/vc_column_text][vc_column_text css=&#8221;.vc_custom_1745419707883{padding-top: 25px !important;padding-bottom: 25px !important;}&#8221;] Samiad Yaz Okulu ekibine kabul edildi\u011fin i\u00e7in tebrikler! Aram\u0131za kat\u0131ld\u0131\u011f\u0131n i\u00e7in \u00e7ok mutluyuz. \u00d6zveriyle \u00e7al\u0131\u015fan ekibimizin bir \u00fcyesi olarak, \u00f6\u011frencilerimiz i\u00e7in g\u00fcvenli, destekleyici ve ilham verici bir ortam sa\u011flamadaki rol\u00fcn \u00e7ok \u00f6nemli. Bu sayfada, \u00f6n\u00fcm\u00fczdeki&hellip;&nbsp;<a href=\"https:\/\/www.samiad.com\/tr\/training\/\" rel=\"bookmark\">Read More &raquo;<span class=\"screen-reader-text\">E\u011fitim<\/span><\/a><\/p>\n","protected":false},"author":4,"featured_media":0,"parent":0,"menu_order":0,"comment_status":"closed","ping_status":"closed","template":"","meta":{"_acf_changed":false,"neve_meta_sidebar":"","neve_meta_container":"","neve_meta_enable_content_width":"off","neve_meta_content_width":100,"neve_meta_title_alignment":"","neve_meta_author_avatar":"","neve_post_elements_order":"","neve_meta_disable_header":"","neve_meta_disable_footer":"","neve_meta_disable_title":"","neve_meta_reading_time":"","footnotes":""},"class_list":["post-9316","page","type-page","status-publish","hentry"],"acf":[],"_links":{"self":[{"href":"https:\/\/www.samiad.com\/tr\/wp-json\/wp\/v2\/pages\/9316","targetHints":{"allow":["GET"]}}],"collection":[{"href":"https:\/\/www.samiad.com\/tr\/wp-json\/wp\/v2\/pages"}],"about":[{"href":"https:\/\/www.samiad.com\/tr\/wp-json\/wp\/v2\/types\/page"}],"author":[{"embeddable":true,"href":"https:\/\/www.samiad.com\/tr\/wp-json\/wp\/v2\/users\/4"}],"replies":[{"embeddable":true,"href":"https:\/\/www.samiad.com\/tr\/wp-json\/wp\/v2\/comments?post=9316"}],"version-history":[{"count":0,"href":"https:\/\/www.samiad.com\/tr\/wp-json\/wp\/v2\/pages\/9316\/revisions"}],"wp:attachment":[{"href":"https:\/\/www.samiad.com\/tr\/wp-json\/wp\/v2\/media?parent=9316"}],"curies":[{"name":"wp","href":"https:\/\/api.w.org\/{rel}","templated":true}]}}