{"id":9331,"date":"2024-11-20T08:24:46","date_gmt":"2024-11-20T08:24:46","guid":{"rendered":"https:\/\/www.samiad.com\/programmes\/london-explorer\/"},"modified":"2026-01-09T11:50:56","modified_gmt":"2026-01-09T11:50:56","slug":"londra-kasifi","status":"publish","type":"page","link":"https:\/\/www.samiad.com\/tr\/programlar\/londra-kasifi\/","title":{"rendered":"Londra ka\u015fifi"},"content":{"rendered":"<div class=\"wpb-content-wrapper\"><p>[vc_row][vc_column]\n\t\t\t<!-- START LONDON EXPLORER REVOLUTION SLIDER 6.6.18 --><p class=\"rs-p-wp-fix\"><\/p>\n\t\t\t<rs-module-wrap id=\"rev_slider_61_1_wrapper\" data-source=\"gallery\" style=\"visibility:hidden;background:transparent;padding:0;margin:0px auto;margin-top:0;margin-bottom:0;\">\n\t\t\t\t<rs-module id=\"rev_slider_61_1\" style=\"\" data-version=\"6.6.18\">\n\t\t\t\t\t<rs-slides style=\"overflow: hidden; position: absolute;\">\n\t\t\t\t\t\t<rs-slide style=\"position: absolute;\" data-key=\"rs-173\" data-title=\"Slide\" data-in=\"o:0;\" data-out=\"a:false;\">\n\t\t\t\t\t\t\t<img decoding=\"async\" src=\"\/\/www.samiad.com\/wp-content\/plugins\/revslider\/public\/assets\/assets\/dummy.png\" alt=\"\" title=\"london\" width=\"1920\" height=\"1000\" class=\"rev-slidebg tp-rs-img rs-lazyload\" data-lazyload=\"\/\/samiad.com\/wp-content\/uploads\/2023\/03\/london.jpg\" data-no-retina>\n<!--\n\t\t\t\t\t\t\t--><h1\n\t\t\t\t\t\t\t\tid=\"slider-61-slide-173-layer-0\" \n\t\t\t\t\t\t\t\tclass=\"rs-layer\"\n\t\t\t\t\t\t\t\tdata-type=\"text\"\n\t\t\t\t\t\t\t\tdata-rsp_ch=\"on\"\n\t\t\t\t\t\t\t\tdata-xy=\"x:c;xo:-189px,-189px,-189px,88px;y:m;yo:310px,310px,310px,183px;\"\n\t\t\t\t\t\t\t\tdata-text=\"w:normal;s:70,70,70,65;l:70,70,70,65;\"\n\t\t\t\t\t\t\t\tdata-dim=\"w:941px,941px,941px,519px;\"\n\t\t\t\t\t\t\t\tdata-frame_0=\"x:0,0,0,0px;y:0,0,0,0px;o:1;\"\n\t\t\t\t\t\t\t\tdata-frame_0_chars=\"d:5;x:0,0,0,0px;y:0,0,0,0px;o:0;rX:-90deg;oZ:-50;\"\n\t\t\t\t\t\t\t\tdata-frame_1=\"x:0,0,0,0px;y:0,0,0,0px;sp:1750;\"\n\t\t\t\t\t\t\t\tdata-frame_1_chars=\"e:power4.inOut;d:10;x:0,0,0,0px;y:0,0,0,0px;oZ:-50;\"\n\t\t\t\t\t\t\t\tdata-frame_999=\"o:0;st:w;sR:150;\"\n\t\t\t\t\t\t\t\tstyle=\"z-index:7;font-family:'Playfair Display';\"\n\t\t\t\t\t\t\t>Explore London at our Summer School \n\t\t\t\t\t\t\t<\/h1><!--\n\n\t\t\t\t\t\t\t--><rs-layer\n\t\t\t\t\t\t\t\tid=\"slider-61-slide-173-layer-1\" \n\t\t\t\t\t\t\t\tdata-type=\"shape\"\n\t\t\t\t\t\t\t\tdata-rsp_ch=\"on\"\n\t\t\t\t\t\t\t\tdata-xy=\"x:c;y:m;\"\n\t\t\t\t\t\t\t\tdata-text=\"w:normal;s:20,20,20,4;l:0,0,0,6;\"\n\t\t\t\t\t\t\t\tdata-dim=\"w:2880px,2880px,2880px,720px;h:1500px,1500px,1500px,727px;\"\n\t\t\t\t\t\t\t\tdata-frame_999=\"o:0;st:w;\"\n\t\t\t\t\t\t\t\tstyle=\"z-index:6;background-color:rgba(0,0,0,0.36);\"\n\t\t\t\t\t\t\t> \n\t\t\t\t\t\t\t<\/rs-layer><!--\n\n\t\t\t\t\t\t\t--><rs-layer\n\t\t\t\t\t\t\t\tid=\"slider-61-slide-173-layer-2\" \n\t\t\t\t\t\t\t\tdata-type=\"text\"\n\t\t\t\t\t\t\t\tdata-rsp_ch=\"on\"\n\t\t\t\t\t\t\t\tdata-xy=\"xo:306px,306px,306px,75px;yo:863px,863px,863px,215px;\"\n\t\t\t\t\t\t\t\tdata-text=\"w:normal;s:20,20,20,4;l:25,25,25,6;fw:300;\"\n\t\t\t\t\t\t\t\tdata-frame_999=\"o:0;st:w;\"\n\t\t\t\t\t\t\t\tstyle=\"z-index:9;font-family:'Poppins';font-style:italic;\"\n\t\t\t\t\t\t\t> \n\t\t\t\t\t\t\t<\/rs-layer><!--\n\n\t\t\t\t\t\t\t--><rs-layer\n\t\t\t\t\t\t\t\tid=\"slider-61-slide-173-layer-3\" \n\t\t\t\t\t\t\t\tdata-type=\"shape\"\n\t\t\t\t\t\t\t\tdata-rsp_ch=\"on\"\n\t\t\t\t\t\t\t\tdata-xy=\"xo:251px,251px,251px,38px;yo:677px,677px,677px,480px;\"\n\t\t\t\t\t\t\t\tdata-text=\"w:normal;s:20,20,20,4;l:0,0,0,6;\"\n\t\t\t\t\t\t\t\tdata-dim=\"w:1px;h:245px,245px,245px,133px;\"\n\t\t\t\t\t\t\t\tdata-frame_0=\"y:-50,-50,-50,-11;\"\n\t\t\t\t\t\t\t\tdata-frame_1=\"sp:1000;\"\n\t\t\t\t\t\t\t\tdata-frame_999=\"o:0;st:w;sR:4000;\"\n\t\t\t\t\t\t\t\tstyle=\"z-index:8;background-color:#ffffff;\"\n\t\t\t\t\t\t\t> \n\t\t\t\t\t\t\t<\/rs-layer><!--\n-->\t\t\t\t\t\t<\/rs-slide>\n\t\t\t\t\t<\/rs-slides>\n\t\t\t\t<\/rs-module>\n\t\t\t\t<script>\n\t\t\t\t\tsetREVStartSize({c: 'rev_slider_61_1',rl:[1240,1240,1240,480],el:[1000,1000,1000,720],gw:[1920,1920,1920,480],gh:[1000,1000,1000,720],type:'standard',justify:'',layout:'fullwidth',mh:\"0\"});if (window.RS_MODULES!==undefined && window.RS_MODULES.modules!==undefined && window.RS_MODULES.modules[\"revslider611\"]!==undefined) {window.RS_MODULES.modules[\"revslider611\"].once = false;window.revapi61 = undefined;if (window.RS_MODULES.checkMinimal!==undefined) window.RS_MODULES.checkMinimal()}\n\t\t\t\t<\/script>\n\t\t\t<\/rs-module-wrap>\n\t\t\t<!-- END REVOLUTION SLIDER -->\n[\/vc_column][\/vc_row][vc_row gap=&#8221;35&#8243; css=&#8221;.vc_custom_1677503075899{padding-top: 50px !important;}&#8221; el_id=&#8221;\u00e7ok aktiviteli&#8221;][vc_column width=&#8221;1\/2&#8243;][vc_column_text]<\/p>\n<h2>Tarihler<\/h2>\n<p>6 Temmuz Pazartesi 2026 \u2013 10 A\u011fustos Pazartesi 2026<\/p>\n<h2>Ya\u015flar<\/h2>\n<p>11 &#8211; 16 ya\u015f[\/vc_column_text][\/vc_column][vc_column width=&#8221;1\/2&#8243;][vc_column_text]<\/p>\n<h2 class=\"secondary-h1\">Samiad Londra ka\u015fifi program\u0131 (\u0130ngilizce dahil)<\/h2>\n<h2>Genel Bak\u0131\u015f<\/h2>\n<p>Londra Ka\u015fifi Gen\u00e7 Yaz Program\u0131m\u0131z, unutulmaz bir yaz maceras\u0131 arayan gen\u00e7 \u00f6\u011frenciler i\u00e7in ola\u011fan\u00fcst\u00fc bir f\u0131rsat. Bu kapsaml\u0131 deneyim, ilgi \u00e7ekici \u0130ngilizce derslerini Londra&#8217;n\u0131n en ikonik cazibe merkezlerinin heyecan verici ke\u015ffiyle birle\u015ftiriyor. Kat\u0131l\u0131mc\u0131lar Globe Tiyatrosu&#8217;nda Shakespeare&#8217;in eserlerine dalacak, West End&#8217;de d\u00fcnya \u00e7ap\u0131nda tiyatro g\u00f6sterilerini deneyimleyecek, Londra Kulesi&#8217;nde tarihin s\u0131rlar\u0131n\u0131 ke\u015ffedecek ve London Dungeon&#8217;\u0131n t\u00fcyler \u00fcrpertici hikayelerine meydan okuyacak. Program\u0131m\u0131z\u0131 \u00f6zel k\u0131lan, \u00f6\u011frencilerin \u00e7e\u015fitli heyecan verici aktivitelerin keyfini \u00e7\u0131karabilecekleri, modern spor tesislerine sahip prestijli bir yat\u0131l\u0131 okulda ger\u00e7ekle\u015fmesi ve d\u00fcnyan\u0131n en canl\u0131 \u015fehirlerinden birinde zengin bir yaz deneyimi sunmas\u0131. E\u011fitim, k\u00fclt\u00fcr ve e\u011flencenin bu benzersiz kar\u0131\u015f\u0131m\u0131, gen\u00e7 ka\u015fifler i\u00e7in kal\u0131c\u0131 an\u0131lar yaratmak ve ki\u015fisel geli\u015fimi desteklemek i\u00e7in tasarland\u0131.[\/vc_column_text][vc_row_inner][vc_column_inner width=&#8221;1\/2&#8243;][vc_column_text]<\/p>\n<ul>\n<li>Yat\u0131l\u0131 konaklama<\/li>\n<li>Tam pansiyon<\/li>\n<li>Haftada 15 saat \u0130ngilizce dersi<\/li>\n<\/ul>\n<p>[\/vc_column_text][\/vc_column_inner][vc_column_inner width=&#8221;1\/2&#8243;][vc_column_text]<\/p>\n<ul>\n<li>24 Saat g\u00f6zetim<\/li>\n<li>Haftada 4 gezi<\/li>\n<li>1:6 Personel \u00f6\u011frenci oran\u0131<\/li>\n<li>Son teknoloji tesisler<u><\/u><u><\/u><\/li>\n<\/ul>\n<p>[\/vc_column_text][\/vc_column_inner][\/vc_row_inner][\/vc_column][\/vc_row][vc_row css=&#8221;.vc_custom_1677508408073{padding-top: 50px !important;padding-bottom: 50px !important;}&#8221;][vc_column][vc_btn title=&#8221;\u015eimdi bilgi al&#8221; style=&#8221;custom&#8221; custom_background=&#8221;#ad986e&#8221; custom_text=&#8221;#ffffff&#8221; shape=&#8221;square&#8221; align=&#8221;center&#8221; el_id=&#8221;button-main&#8221; link=&#8221;url:https%3A%2F%2Fwww.samiad.com%2Ftr%2Fsimdi-bilgi-al%2F|title:%C5%9Eimdi%20bilgi%20al|&#8221;][\/vc_column][\/vc_row][vc_row gap=&#8221;35&#8243; css=&#8221;.vc_custom_1677503087496{border-bottom-width: 50px !important;padding-top: 50px !important;}&#8221; el_id=&#8221;blok-alan&#8221;][vc_column width=&#8221;1\/2&#8243;][vc_column_text css=&#8221;.vc_custom_1728483803786{padding-top: 30px !important;padding-right: 30px !important;padding-bottom: 30px !important;padding-left: 30px !important;background-color: #ffffff !important;}&#8221; el_class=&#8221;white-box&#8221;]<\/p>\n<h2>Kapsay\u0131c\u0131 konaklama<\/h2>\n<p><span style=\"font-weight: 400\">On be\u015f saatlik s\u0131n\u0131f i\u00e7i \u0130ngilizce e\u011fitimi, bu benzersiz kapsay\u0131c\u0131 \u00f6\u011frenme program\u0131nda haftada 4 tam g\u00fcn gezi ile tamamlan\u0131yor!<\/span><\/p>\n<p>&nbsp;<\/p>\n<p><a href=\"https:\/\/samiad.com\/english-lessons\/\" target=\"_blank\" rel=\"noopener\">Daha fazlas\u0131n\u0131 ke\u015ffet<\/a>[\/vc_column_text][vc_single_image image=&#8221;2257&#8243; img_size=&#8221;full&#8221; el_id=&#8221;white-box-image&#8221;][\/vc_column][vc_column width=&#8221;1\/2&#8243;][vc_single_image image=&#8221;2271&#8243; img_size=&#8221;full&#8221; alignment=&#8221;right&#8221; el_id=&#8221;white-box-image-right&#8221;][vc_column_text css=&#8221;.vc_custom_1700150860212{padding-top: 30px !important;padding-right: 30px !important;padding-bottom: 30px !important;padding-left: 30px !important;background-color: #ffffff !important;}&#8221; el_class=&#8221;white-box-right&#8221;]<\/p>\n<h2>M\u00fckemmel Londra gen\u00e7 deneyimi<\/h2>\n<p style=\"font-weight: 400\">2023 y\u0131l\u0131n\u0131n ba\u011f\u0131ms\u0131z okulunun konforunda kal\u0131rken e\u015fsiz bir Londra cazibe merkezleri ve aktiviteleri program\u0131.<\/p>\n<p><a href=\"https:\/\/samiad.com\/wp-content\/uploads\/2023\/11\/London-Explorer-3-4.pdf\" target=\"_blank\" rel=\"noopener\">Program\u0131 g\u00f6r\u00fcnt\u00fcle<\/a>[\/vc_column_text][\/vc_column][\/vc_row][vc_row full_width=&#8221;stretch_row&#8221; css=&#8221;.vc_custom_1677509492784{padding-top: 100px !important;padding-bottom: 100px !important;background-color: #e6e1d6 !important;}&#8221;][vc_column][vc_row_inner content_placement=&#8221;middle&#8221; gap=&#8221;35&#8243;][vc_column_inner width=&#8221;1\/2&#8243;][vc_single_image image=&#8221;889&#8243; img_size=&#8221;full&#8221; alignment=&#8221;center&#8221; css_animation=&#8221;slideInLeft&#8221;][\/vc_column_inner][vc_column_inner width=&#8221;1\/2&#8243;][vc_column_text]<\/p>\n<h2>G\u00d6R\u00dcLMES\u0130 GEREKEN YERLER\u0130 G\u00d6R<\/h2>\n<p>Samiad, programlar\u0131m\u0131z\u0131n bir par\u00e7as\u0131 olarak sundu\u011fumuz \u00f6zel gezilerle en \u00e7ok tan\u0131n\u0131r. Gezileri tarih, k\u00fclt\u00fcr ve e\u011flencenin bir kar\u0131\u015f\u0131m\u0131n\u0131 sunacak \u015fekilde \u00f6zenle se\u00e7tik. <\/p>\n<p>Anlatmak i\u00e7in sab\u0131rs\u0131zlanaca\u011f\u0131n an\u0131larla eve d\u00f6n.[\/vc_column_text][\/vc_column_inner][\/vc_row_inner][\/vc_column][\/vc_row][vc_row full_width=&#8221;stretch_row&#8221; gap=&#8221;35&#8243; disable_element=&#8221;yes&#8221; css=&#8221;.vc_custom_1767603420774{padding-top: 50px !important;padding-bottom: 50px !important;background-color: #ebebeb !important;}&#8221;][vc_column el_id=&#8221;no-padding&#8221;][vc_column_text css=&#8221;.vc_custom_1678269135934{padding-top: 30px !important;padding-bottom: 30px !important;}&#8221;]<\/p>\n<h2 style=\"text-align: center\">Konumlar<\/h2>\n<p>[\/vc_column_text][vc_row_inner gap=&#8221;35&#8243; disable_element=&#8221;yes&#8221;][vc_column_inner width=&#8221;1\/4&#8243; css=&#8221;.vc_custom_1727698650186{background-color: #ebebeb !important;}&#8221;][\/vc_column_inner][vc_column_inner width=&#8221;1\/2&#8243; css=&#8221;.vc_custom_1727698697737{background-color: #ffffff !important;}&#8221;][vc_single_image image=&#8221;2429&#8243; img_size=&#8221;full&#8221; alignment=&#8221;center&#8221;][vc_column_text css=&#8221;.vc_custom_1760522277764{padding-top: 20px !important;padding-right: 20px !important;padding-bottom: 20px !important;padding-left: 20px !important;}&#8221;]<\/p>\n<p style=\"text-align: center\">BIRMINGHAM<\/p>\n<h2 style=\"text-align: center\">BROMSGROVE OKULU<\/h2>\n<p style=\"text-align: center\">30 Haziran &#8211; 28 Temmuz<\/p>\n<p style=\"text-align: center\"><strong>14 gece i\u00e7in 4.750\u00a3<\/strong><\/p>\n<p style=\"text-align: center\"><a href=\"https:\/\/samiad.com\/enquire-now\/\" target=\"_blank\" rel=\"noopener\">\u015eimdi bilgi al<\/a><\/p>\n<p style=\"text-align: center\"><a href=\"https:\/\/samiad.com\/bromsgrove-school\/\" target=\"_blank\" rel=\"noopener\">Daha fazlas\u0131n\u0131 ke\u015ffet<\/a><\/p>\n<p>[\/vc_column_text][\/vc_column_inner][vc_column_inner width=&#8221;1\/4&#8243; css=&#8221;.vc_custom_1727698662859{background-color: #ebebeb !important;}&#8221;][\/vc_column_inner][\/vc_row_inner][\/vc_column][\/vc_row]<\/p>\n<\/div>","protected":false},"excerpt":{"rendered":"<p>Londra&#8217;n\u0131n en iyi ve en pop\u00fcler cazibe merkezlerine haftada 4 tam g\u00fcn gezi ile Merkez Londra&#8217;n\u0131n k\u00fclt\u00fcr\u00fcne kendini b\u0131rak.<\/p>\n","protected":false},"author":4,"featured_media":5985,"parent":9242,"menu_order":0,"comment_status":"closed","ping_status":"closed","template":"","meta":{"_acf_changed":false,"neve_meta_sidebar":"","neve_meta_container":"","neve_meta_enable_content_width":"off","neve_meta_content_width":100,"neve_meta_title_alignment":"","neve_meta_author_avatar":"","neve_post_elements_order":"","neve_meta_disable_header":"","neve_meta_disable_footer":"","neve_meta_disable_title":"","neve_meta_reading_time":"","footnotes":""},"class_list":["post-9331","page","type-page","status-publish","has-post-thumbnail","hentry"],"acf":[],"_links":{"self":[{"href":"https:\/\/www.samiad.com\/tr\/wp-json\/wp\/v2\/pages\/9331","targetHints":{"allow":["GET"]}}],"collection":[{"href":"https:\/\/www.samiad.com\/tr\/wp-json\/wp\/v2\/pages"}],"about":[{"href":"https:\/\/www.samiad.com\/tr\/wp-json\/wp\/v2\/types\/page"}],"author":[{"embeddable":true,"href":"https:\/\/www.samiad.com\/tr\/wp-json\/wp\/v2\/users\/4"}],"replies":[{"embeddable":true,"href":"https:\/\/www.samiad.com\/tr\/wp-json\/wp\/v2\/comments?post=9331"}],"version-history":[{"count":0,"href":"https:\/\/www.samiad.com\/tr\/wp-json\/wp\/v2\/pages\/9331\/revisions"}],"up":[{"embeddable":true,"href":"https:\/\/www.samiad.com\/tr\/wp-json\/wp\/v2\/pages\/9242"}],"wp:featuredmedia":[{"embeddable":true,"href":"https:\/\/www.samiad.com\/tr\/wp-json\/wp\/v2\/media\/5985"}],"wp:attachment":[{"href":"https:\/\/www.samiad.com\/tr\/wp-json\/wp\/v2\/media?parent=9331"}],"curies":[{"name":"wp","href":"https:\/\/api.w.org\/{rel}","templated":true}]}}