{"id":9350,"date":"2024-11-20T09:00:20","date_gmt":"2024-11-20T09:00:20","guid":{"rendered":"https:\/\/www.samiad.com\/programmes\/tennis\/"},"modified":"2026-04-14T15:38:14","modified_gmt":"2026-04-14T15:38:14","slug":"tenis","status":"publish","type":"page","link":"https:\/\/www.samiad.com\/tr\/programlar\/tenis\/","title":{"rendered":"Tenis"},"content":{"rendered":"<div class=\"wpb-content-wrapper\"><p>[vc_row][vc_column]\t\t\t<rs-module-wrap id=\"rev_slider_error_1_wrapper\">\n\t\t\t\t<rs-module id=\"rev_slider_error_1\">\n\t\t\t\t\t<div class=\"rs_error_message_box\">\n\t\t\t\t\t\t<div class=\"rs_error_message_oops\">There is nothing to show here!<\/div>\n\t\t\t\t\t\t<div class=\"rs_error_message_content\">Slider with alias tenis not found.<\/div>\n\t\t\t\t\t<\/div>\n\t\t\t\t<\/rs-module>\n\t\t\t<\/rs-module-wrap>\n\t\t\t<script>\n\t\t\t\tvar rs_eslider = document.getElementById(\"rev_slider_error_1\");\n\t\t\t\trs_eslider.style.display = \"none\";\n\t\t\t\tconsole.log(\"Slider with alias tenis not found.\");\n\t\t\t<\/script>\n[\/vc_column][\/vc_row][vc_row gap=&#8221;35&#8243; css=&#8221;.vc_custom_1677503075899{padding-top: 50px !important;}&#8221; el_id=&#8221;\u00e7ok aktiviteli&#8221;][vc_column width=&#8221;1\/2&#8243;][vc_column_text]<\/p>\n<h2>Konum<\/h2>\n<p>&#8211;  <a href=\"https:\/\/www.samiad.com\/tr\/the-oratory-okulu\/\">Oratory School<\/a><br \/>\n&#8211;  <a href=\"https:\/\/www.samiad.com\/tr\/trent-koleji\/\">Trent Koleji<\/a><\/p>\n<h2>Tarihler<\/h2>\n<p>Pazar 5 Temmuz 2026 \u2013 Pazar 23 A\u011fustos 2026<\/p>\n<h2>Ya\u015flar<\/h2>\n<p>6 \u2013 17 ya\u015f[\/vc_column_text][\/vc_column][vc_column width=&#8221;1\/2&#8243;][vc_column_text]<\/p>\n<h2 class=\"secondary-h1\"><span data-sheets-root=\"1\">Samiad tenis program\u0131 (\u0130ngilizce dahil)<\/span><\/h2>\n<h2>Genel Bak\u0131\u015f<\/h2>\n<p>Novak Djokovic veya Carlos Alcaraz&#8217;dan m\u0131 ilham al\u0131yorsun? Tenis program\u0131m\u0131z tam sana g\u00f6re. LTA onayl\u0131 antren\u00f6rlerimiz e\u015fli\u011finde \u00e7e\u015fitli beceriler, y\u00f6ntemler ve taktikler \u00f6\u011freneceksin. Pozisyon oyunundan tekni\u011fe, ayak \u00e7al\u0131\u015fmas\u0131n\u0131 m\u00fckemmelle\u015ftirmekten \u00f6ld\u00fcr\u00fcc\u00fc vuru\u015fa kadar! Antren\u00f6rlerimiz her seviyeden oyuncuyla \u00e7al\u0131\u015f\u0131r ve dersleri her seviyeye g\u00f6re \u00f6zelle\u015ftirir.    <\/p>\n<h2>\u00d6ne \u00c7\u0131kanlar<\/h2>\n<p>[\/vc_column_text][vc_row_inner][vc_column_inner width=&#8221;1\/2&#8243;][vc_column_text]<\/p>\n<ul>\n<li>Yat\u0131l\u0131 konaklama<\/li>\n<li>Tam pansiyon<\/li>\n<li>Haftada 15 saat \u0130ngilizce dersi<\/li>\n<li>12 saat profesyonel tenis ko\u00e7lu\u011fu<\/li>\n<\/ul>\n<p>[\/vc_column_text][\/vc_column_inner][vc_column_inner width=&#8221;1\/2&#8243;][vc_column_text]<\/p>\n<ul>\n<li>24 Saat g\u00f6zetim<\/li>\n<li>Haftada iki gezi<\/li>\n<li>Bir gece konaklamal\u0131 gezi!<\/li>\n<li>1:6 Personel \u00f6\u011frenci oran\u0131<\/li>\n<\/ul>\n<p>[\/vc_column_text][\/vc_column_inner][\/vc_row_inner][\/vc_column][\/vc_row][vc_row css=&#8221;.vc_custom_1677508408073{padding-top: 50px !important;padding-bottom: 50px !important;}&#8221;][vc_column][vc_btn title=&#8221;Enquire Now&#8221; style=&#8221;custom&#8221; custom_background=&#8221;#ad986e&#8221; custom_text=&#8221;#ffffff&#8221; shape=&#8221;square&#8221; align=&#8221;center&#8221; el_id=&#8221;button-main&#8221; link=&#8221;url:https%3A%2F%2Fwww.samiad.com%2Ftr%2Fsimdi-bilgi-al%2F|title:Enquire%20Now|&#8221;][\/vc_column][\/vc_row][vc_row full_width=&#8221;stretch_row&#8221; css=&#8221;.vc_custom_1679928878363{padding-top: 50px !important;padding-bottom: 50px !important;background-color: #eae3ee !important;}&#8221; el_id=&#8221;renk-blok&#8221;][vc_column][vc_row_inner content_placement=&#8221;middle&#8221; gap=&#8221;35&#8243;][vc_column_inner width=&#8221;1\/4&#8243;][vc_single_image image=&#8221;4815&#8243; img_size=&#8221;full&#8221; alignment=&#8221;center&#8221; css_animation=&#8221;slideInUp&#8221;][\/vc_column_inner][vc_column_inner width=&#8221;1\/4&#8243; css=&#8221;.vc_custom_1677239832236{padding-top: 50px !important;}&#8221;][vc_single_image image=&#8221;4830&#8243; img_size=&#8221;full&#8221; alignment=&#8221;center&#8221; css_animation=&#8221;slideInDown&#8221; css=&#8221;.vc_custom_1678709292217{padding-top: 30px !important;}&#8221;][\/vc_column_inner][vc_column_inner width=&#8221;1\/2&#8243;][vc_column_text css_animation=&#8221;slideInRight&#8221; css=&#8221;.vc_custom_1680080743301{padding-top: 100px !important;}&#8221;]<\/p>\n<h2>Muhte\u015fem bir yaz seni bekliyor!<\/h2>\n<p>Gelecek vadeden bir profesyonel oyuncu gibi yo\u011fun bir antrenman program\u0131na dal. Trent College&#8217;\u0131n son teknoloji tenis tesislerini kullanan antren\u00f6rlerimiz, bizimle ge\u00e7irece\u011fin s\u00fcre boyunca geli\u015fmen i\u00e7in sana \u00f6zel bir plan haz\u0131rlayacak.[\/vc_column_text][\/vc_column_inner][\/vc_row_inner][\/vc_column][\/vc_row][vc_row gap=&#8221;35&#8243; css=&#8221;.vc_custom_1677503087496{border-bottom-width: 50px !important;padding-top: 50px !important;}&#8221; el_id=&#8221;blok-alan&#8221;][vc_column width=&#8221;1\/2&#8243;][vc_column_text css=&#8221;.vc_custom_1763471597029{padding-top: 30px !important;padding-right: 30px !important;padding-bottom: 30px !important;padding-left: 30px !important;background-color: #ffffff !important;}&#8221; el_class=&#8221;white-box&#8221;]<\/p>\n<h2>\u0130ngilizce dersleri<\/h2>\n<p>Deneyimli ve hevesli TEFL sertifikal\u0131 \u0130ngilizce \u00f6\u011fretmenlerinden olu\u015fan bir ekip taraf\u0131ndan verilen derslere kendini kapt\u0131r.<\/p>\n<p>&nbsp;<\/p>\n<p><a href=\"https:\/\/samiad.com\/english-lessons\/\" target=\"_blank\" rel=\"noopener\">Daha fazlas\u0131n\u0131 ke\u015ffet<\/a>[\/vc_column_text][vc_single_image image=&#8221;4835&#8243; img_size=&#8221;full&#8221; el_id=&#8221;white-box-image&#8221;][\/vc_column][vc_column width=&#8221;1\/2&#8243;][vc_single_image image=&#8221;6580&#8243; img_size=&#8221;full&#8221; alignment=&#8221;right&#8221; el_id=&#8221;white-box-image-right&#8221;][vc_column_text css=&#8221;.vc_custom_1700151295910{padding-top: 30px !important;padding-right: 30px !important;padding-bottom: 30px !important;padding-left: 30px !important;background-color: #ffffff !important;}&#8221; el_class=&#8221;white-box-right&#8221;]<\/p>\n<h2>T\u00fcm ya\u015flar i\u00e7in<\/h2>\n<p>Kortlarda zorlu bir \u00f6\u011fleden sonran\u0131n ard\u0131ndan ak\u015fam e\u011flencelerimiz ve aktivitelerimizle di\u011fer \u00f6\u011frencilerle birlikte rahatlayabilirsin. Diskoda dans et, y\u00fczme havuzumuzda serinle veya yeni arkada\u015flar\u0131nla dinlen. <\/p>\n<p><a href=\"https:\/\/samiad.com\/wp-content\/uploads\/2023\/11\/Tennis-Schedule-2024-3-4.pdf\" target=\"_blank\" rel=\"noopener\">Program\u0131 g\u00f6r\u00fcnt\u00fcle<\/a>[\/vc_column_text][\/vc_column][\/vc_row][vc_row full_width=&#8221;stretch_row&#8221; css=&#8221;.vc_custom_1677509492784{padding-top: 100px !important;padding-bottom: 100px !important;background-color: #e6e1d6 !important;}&#8221;][vc_column][vc_row_inner content_placement=&#8221;middle&#8221; gap=&#8221;35&#8243;][vc_column_inner width=&#8221;1\/2&#8243;][vc_single_image image=&#8221;4520&#8243; img_size=&#8221;full&#8221; alignment=&#8221;center&#8221; css_animation=&#8221;slideInLeft&#8221;][\/vc_column_inner][vc_column_inner width=&#8221;1\/2&#8243; css=&#8221;.vc_custom_1677239832236{padding-top: 50px !important;}&#8221;][vc_column_text]<\/p>\n<h2>G\u00d6R\u00dcLMES\u0130 GEREKEN YERLER\u0130 G\u00d6R<\/h2>\n<p><a href=\"https:\/\/www.samiad.com\/tr\/\">Samiad uluslararas\u0131 yaz okulu \u0130ngiltere<\/a> programlar\u0131m\u0131z\u0131n bir par\u00e7as\u0131 olarak sundu\u011fumuz \u00f6zel gezilerle en \u00e7ok tan\u0131n\u0131r. Tarih, k\u00fclt\u00fcr ve e\u011flencenin bir kar\u0131\u015f\u0131m\u0131n\u0131 sunmak i\u00e7in gezileri \u00f6zenle se\u00e7tik. <\/p>\n<p>Cambridge&#8217;de tekne turu yap, Londra&#8217;n\u0131n en \u00fcnl\u00fc simgelerini ke\u015ffet ve Orta\u00e7a\u011f Kalesi&#8217;ndeki muhte\u015fem konaklamadan yararlan.<\/p>\n<p>Anlatmak i\u00e7in sab\u0131rs\u0131zlanaca\u011f\u0131n an\u0131larla eve d\u00f6n.[\/vc_column_text][\/vc_column_inner][\/vc_row_inner][\/vc_column][\/vc_row][vc_row full_width=&#8221;stretch_row&#8221; gap=&#8221;35&#8243; css=&#8221;.vc_custom_1678269198217{padding-top: 50px !important;padding-bottom: 50px !important;background-color: #ebebeb !important;}&#8221;][vc_column el_id=&#8221;no-padding&#8221;][vc_column_text css=&#8221;.vc_custom_1678269135934{padding-top: 30px !important;padding-bottom: 30px !important;}&#8221;]<\/p>\n<h2 style=\"text-align: center;\">Konumlar<\/h2>\n<p>[\/vc_column_text][vc_row_inner gap=&#8221;35&#8243;][vc_column_inner width=&#8221;1\/2&#8243; css=&#8221;.vc_custom_1678269183727{background-color: #ffffff !important;}&#8221;][vc_single_image image=&#8221;5130&#8243; img_size=&#8221;full&#8221; alignment=&#8221;center&#8221;][vc_column_text css=&#8221;.vc_custom_1760522036913{padding-top: 20px !important;padding-right: 20px !important;padding-bottom: 20px !important;padding-left: 20px !important;}&#8221;]<\/p>\n<p style=\"text-align: center;\">OXFORDSHIRE<\/p>\n<h2 style=\"text-align: center;\">ORATORY OKULU<\/h2>\n<p style=\"text-align: center;\">5 Temmuz Pazar 2026 &#8211; 9 A\u011fustos Pazar 2026<\/p>\n<p style=\"text-align: center;\"><strong>14 gece i\u00e7in 4.200\u00a3<\/strong><\/p>\n<p style=\"text-align: center;\"><a href=\"https:\/\/samiad.com\/enquire-now\/\" target=\"_blank\" rel=\"noopener\">\u015eimdi bilgi al<\/a><\/p>\n<p style=\"text-align: center;\"><a href=\"https:\/\/samiad.com\/the-oratory-school\/\" target=\"_blank\" rel=\"noopener\">Daha fazlas\u0131n\u0131 ke\u015ffet<\/a><\/p>\n<p>[\/vc_column_text][\/vc_column_inner][vc_column_inner width=&#8221;1\/2&#8243;][vc_single_image image=&#8221;6145&#8243; img_size=&#8221;900&#215;600&#8243; alignment=&#8221;center&#8221;][vc_column_text css=&#8221;.vc_custom_1770973696637{padding-top: 20px !important;padding-right: 20px !important;padding-bottom: 20px !important;padding-left: 20px !important;background-color: #ffffff !important;}&#8221;]<\/p>\n<p style=\"text-align: center;\">NOTTINGHAM<\/p>\n<h2 style=\"text-align: center;\">TRENT KOLEJ\u0130<\/h2>\n<p style=\"text-align: center;\">Pazar 5 Temmuz 2026 \u2013 Pazar 23 A\u011fustos 2026<\/p>\n<p style=\"text-align: center;\"><strong>14 gece i\u00e7in \u00a34.050<\/strong><\/p>\n<p style=\"text-align: center;\"><a href=\"https:\/\/samiad.com\/enquire-now\/\" target=\"_blank\" rel=\"noopener\">\u015eimdi bilgi al<\/a><\/p>\n<p style=\"text-align: center;\"><a href=\"https:\/\/samiad.com\/trent-college\/\" target=\"_blank\" rel=\"noopener\">Daha fazlas\u0131n\u0131 ke\u015ffet<\/a><\/p>\n<p>[\/vc_column_text][\/vc_column_inner][\/vc_row_inner][\/vc_column][\/vc_row][vc_row][vc_column]\t\t\t<rs-module-wrap id=\"rev_slider_error_2_wrapper\">\n\t\t\t\t<rs-module id=\"rev_slider_error_2\">\n\t\t\t\t\t<div class=\"rs_error_message_box\">\n\t\t\t\t\t\t<div class=\"rs_error_message_oops\">There is nothing to show here!<\/div>\n\t\t\t\t\t\t<div class=\"rs_error_message_content\">Slider with alias tennis-bottom not found.<\/div>\n\t\t\t\t\t<\/div>\n\t\t\t\t<\/rs-module>\n\t\t\t<\/rs-module-wrap>\n\t\t\t<script>\n\t\t\t\tvar rs_eslider = document.getElementById(\"rev_slider_error_2\");\n\t\t\t\trs_eslider.style.display = \"none\";\n\t\t\t\tconsole.log(\"Slider with alias tennis-bottom not found.\");\n\t\t\t<\/script>\n[\/vc_column][\/vc_row]<\/p>\n<\/div>","protected":false},"excerpt":{"rendered":"<p>Samiad&#8217;\u0131n tenis uzmanl\u0131\u011f\u0131, gelecek vadeden gen\u00e7 tenis oyuncular\u0131 i\u00e7in harika bir se\u00e7im! LTA sertifikal\u0131 antren\u00f6rler taraf\u0131ndan verilen tenis dersleri her \u00f6\u011fleden sonra ger\u00e7ekle\u015fir ve kat\u0131l\u0131mc\u0131lar\u0131n oyunun t\u00fcm y\u00f6nlerindeki becerilerini geli\u015ftirmek i\u00e7in tasarlanm\u0131\u015ft\u0131r. <\/p>\n","protected":false},"author":4,"featured_media":5425,"parent":9242,"menu_order":0,"comment_status":"closed","ping_status":"closed","template":"","meta":{"_acf_changed":false,"neve_meta_sidebar":"","neve_meta_container":"","neve_meta_enable_content_width":"off","neve_meta_content_width":100,"neve_meta_title_alignment":"","neve_meta_author_avatar":"","neve_post_elements_order":"","neve_meta_disable_header":"","neve_meta_disable_footer":"","neve_meta_disable_title":"","neve_meta_reading_time":"","footnotes":""},"class_list":["post-9350","page","type-page","status-publish","has-post-thumbnail","hentry"],"acf":[],"_links":{"self":[{"href":"https:\/\/www.samiad.com\/tr\/wp-json\/wp\/v2\/pages\/9350","targetHints":{"allow":["GET"]}}],"collection":[{"href":"https:\/\/www.samiad.com\/tr\/wp-json\/wp\/v2\/pages"}],"about":[{"href":"https:\/\/www.samiad.com\/tr\/wp-json\/wp\/v2\/types\/page"}],"author":[{"embeddable":true,"href":"https:\/\/www.samiad.com\/tr\/wp-json\/wp\/v2\/users\/4"}],"replies":[{"embeddable":true,"href":"https:\/\/www.samiad.com\/tr\/wp-json\/wp\/v2\/comments?post=9350"}],"version-history":[{"count":13,"href":"https:\/\/www.samiad.com\/tr\/wp-json\/wp\/v2\/pages\/9350\/revisions"}],"predecessor-version":[{"id":17332,"href":"https:\/\/www.samiad.com\/tr\/wp-json\/wp\/v2\/pages\/9350\/revisions\/17332"}],"up":[{"embeddable":true,"href":"https:\/\/www.samiad.com\/tr\/wp-json\/wp\/v2\/pages\/9242"}],"wp:featuredmedia":[{"embeddable":true,"href":"https:\/\/www.samiad.com\/tr\/wp-json\/wp\/v2\/media\/5425"}],"wp:attachment":[{"href":"https:\/\/www.samiad.com\/tr\/wp-json\/wp\/v2\/media?parent=9350"}],"curies":[{"name":"wp","href":"https:\/\/api.w.org\/{rel}","templated":true}]}}