{"id":9364,"date":"2023-03-15T12:28:20","date_gmt":"2023-03-15T12:28:20","guid":{"rendered":"https:\/\/www.samiad.com\/privacy-policy-2\/"},"modified":"2026-01-09T10:38:54","modified_gmt":"2026-01-09T10:38:54","slug":"gizlilik-politikasi","status":"publish","type":"page","link":"https:\/\/www.samiad.com\/tr\/gizlilik-politikasi\/","title":{"rendered":"Gizlilik Politikas\u0131"},"content":{"rendered":"<div class=\"wpb-content-wrapper\"><p>[vc_row][vc_column][vc_column_text]<\/p>\n<h1>Gizlilik Politikas\u0131<\/h1>\n<p>www.samiad.com, Samiad limited taraf\u0131ndan i\u015fletilen bir web sitesidir. \u0130ngiltere&#8217;de 08718466 \u015firket numaras\u0131 ile kay\u0131tl\u0131y\u0131z. Ticari adresimiz: Samiad Ltd, 403\/4b, JQ Modern, 120 Vyse St, Hockley, Birmingham B18 6NF  <\/p>\n<p>Bu gizlilik politikas\u0131, Samiad Ltd web sitesini ve kullan\u0131c\u0131lardan bilgi toplama \u015feklimizi kapsar ve GDPR (Genel Veri Koruma Y\u00f6netmeli\u011fi), DPA (Veri Koruma Yasas\u0131) ve PECR (Gizlilik ve Elektronik \u0130leti\u015fim Y\u00f6netmelikleri) ile nas\u0131l uyum sa\u011flayaca\u011f\u0131m\u0131z\u0131 a\u00e7\u0131klar.<\/p>\n<p>Bize sa\u011flad\u0131\u011f\u0131n bilgiler, web sitesinde al\u0131nan sorgular\u0131 yan\u0131tlamak i\u00e7in kullan\u0131lacakt\u0131r. Gizlili\u011fini \u00e7ok ciddiye al\u0131yoruz ve web sitemizi ziyaretin s\u0131ras\u0131nda bize bilgi sa\u011flarsan, senin onay\u0131n olmadan ki\u015fisel bilgilerini (isim, e-posta adresi, posta adresi vb.) pazarlama amac\u0131yla kullanmalar\u0131 i\u00e7in \u00fc\u00e7\u00fcnc\u00fc taraflara satmayacak, de\u011fi\u015ftirmeyecek veya vermeyece\u011fiz. <\/p>\n<p>Art\u0131k ki\u015fisel bilgilerinin veritaban\u0131m\u0131zda bulunmas\u0131n\u0131 istemiyorsan, a\u015fa\u011f\u0131da g\u00f6sterilen adresten bize ula\u015farak bu bilgilerin kald\u0131r\u0131lmas\u0131n\u0131 talep etme hakk\u0131na sahipsin.<\/p>\n<p>Web sitemizi kullanma<br \/>\nWeb sitemizde sunulan indirilebilir dosyalar ve di\u011fer medyalar kendi sorumlulu\u011funda kullan\u0131l\u0131r. Bu dosyalar\u0131n g\u00fcvenli ve vir\u00fcslerden ar\u0131nd\u0131r\u0131lm\u0131\u015f olmas\u0131n\u0131 sa\u011flamak i\u00e7in her t\u00fcrl\u00fc \u00e7abay\u0131 g\u00f6sterece\u011fiz; ancak anti-vir\u00fcs yaz\u0131l\u0131m\u0131 kullanarak kendi \u00f6nlemlerini almak senin sorumlulu\u011fundad\u0131r. <\/p>\n<p>Web sayfalar\u0131m\u0131zda bazen harici web sitelerine ba\u011flant\u0131lar yer almaktad\u0131r. Bu ba\u011flant\u0131lar\u0131 g\u00fcvenli olduklar\u0131ndan emin olmak i\u00e7in kontrol ediyoruz, ancak kullan\u0131c\u0131lar\u0131n harici ba\u011flant\u0131lara t\u0131klarken dikkatli olmalar\u0131 \u00f6nerilir. <\/p>\n<p>Bu web sitesinde yer alan bilgileri kullan\u0131rken veya bu bilgilere g\u00f6re hareket ederken ya\u015fayabilece\u011fin herhangi bir kay\u0131p veya zarardan sorumluluk kabul etmiyoruz.<\/p>\n<p>Bu web sitesinin herhangi bir y\u00f6n\u00fcn\u00fc veya sunulan hizmetleri de\u011fi\u015ftirme hakk\u0131n\u0131 sakl\u0131 tutuyoruz.<\/p>\n<p>Hangi bilgileri topluyoruz?<br \/>\n1.Sorgulama formu<br \/>\nWeb sitemizdeki sorgulama formlar\u0131nda toplanan bilgiler, sorgunuzu yan\u0131tlamak ve talebini kar\u015f\u0131lamak ve takip etmek i\u00e7in gereken ek bilgileri sa\u011flamak i\u00e7in kullan\u0131lacakt\u0131r.<\/p>\n<p>Bizden bir ileti\u015fim ald\u0131\u011f\u0131n her seferde gelecekteki e-postalar\u0131 almay\u0131 reddetme f\u0131rsat\u0131n olacak ve a\u015fa\u011f\u0131daki adrese e-posta g\u00f6ndererek bilgilerinin b\u00fclten veritaban\u0131m\u0131zdan kald\u0131r\u0131lmas\u0131n\u0131 isteyebilirsin.<\/p>\n<p>2. Samiad ltd m\u00fc\u015fterileri<br \/>\n\u0130leti\u015fim bilgilerini bir sat\u0131\u015f s\u0131ras\u0131nda veya sat\u0131\u015f g\u00f6r\u00fc\u015fmesi s\u0131ras\u0131nda ald\u0131\u011f\u0131m\u0131zda, daha \u00f6nce sa\u011flanan hizmetlere benzer hizmetleri kapsayan d\u00fczenli haber ve g\u00fcncellemeleri almak \u00fczere veritaban\u0131m\u0131za dahil edileceksin.<\/p>\n<p>G\u00f6nderdi\u011fimiz her e-posta b\u00fclteninde, e-postan\u0131n alt\u0131ndaki abonelikten \u00e7\u0131k d\u00fc\u011fmesine t\u0131klayarak gelecekteki e-posta b\u00fcltenlerini almay\u0131 reddedebilirsin.<\/p>\n<p>A\u015fa\u011f\u0131daki adrese e-posta g\u00f6ndererek bilgilerinin kald\u0131r\u0131lmas\u0131n\u0131 veya eksik ya da hatal\u0131ysa d\u00fczeltilmesini isteyebilirsin.<\/p>\n<p>3. Ba\u015fvuru s\u0131ras\u0131nda gerekli belgeler<br \/>\nBir e\u011fitim sa\u011flay\u0131c\u0131s\u0131 olarak her \u00f6\u011frencinin pasaport bilgilerini kontrol etmemiz ve her pasaportun bir fotokopisini saklamam\u0131z gerekmektedir. T\u00fcm ki\u015fisel bilgiler ve fotokopiler yaln\u0131zca tam zamanl\u0131 Samiad personelinin eri\u015febildi\u011fi \u015firket veritaban\u0131m\u0131zda saklan\u0131r. T\u00fcm pasaport bilgileri ve fotokopiler kurs biti\u015f tarihinden itibaren iki ay i\u00e7inde bu veritaban\u0131ndan kald\u0131r\u0131l\u0131r.  <\/p>\n<p>\u00c7erezler ve bunlar\u0131 nas\u0131l kullan\u0131yoruz<br \/>\nWeb sitemizde \u00e7erez kullanm\u0131yoruz ve web sitemize eri\u015fti\u011finde bilgisayar\u0131na \u00e7erez yerle\u015ftirmeyece\u011fiz.<br \/>\nAncak, e-ticaret gibi \u00e7evrimi\u00e7i hizmet sa\u011flamak i\u00e7in \u00e7erezlerin gerekli oldu\u011fu durumlar istisnad\u0131r; daha fazla bilgiyi https:\/\/ico.org.uk\/for-organisations\/guide-to-pecr\/cookies-and-similar-technologies\/ adresinde bulabilirsin.<\/p>\n<p>Web sitemizi geli\u015ftirmemize yard\u0131mc\u0131 olmak i\u00e7in kullan\u0131c\u0131 etkinli\u011fini analiz etmek ve i\u00e7g\u00f6r\u00fcler elde etmek i\u00e7in Google Analytics&#8217;i kullan\u0131yoruz. Google&#8217;\u0131n verileri nas\u0131l kulland\u0131\u011f\u0131 hakk\u0131nda daha fazla bilgiyi www.google.com\/policies\/privacy\/partners\/ adresini veya Google&#8217;\u0131n zaman zaman sa\u011flayabilece\u011fi di\u011fer URL&#8217;leri ziyaret ederek \u00f6\u011frenebilirsin. <\/p>\n<p>Web taray\u0131c\u0131ndaki g\u00fcvenlik ayarlar\u0131n\u0131 kullanarak \u00e7erezleri engelleme ad\u0131mlar\u0131n\u0131 atabilirsin.<\/p>\n<p>Veri g\u00fcvenli\u011fi<br \/>\nKi\u015fisel verilerinin y\u00f6netimi, i\u015flenmesi ve g\u00fcvenli\u011fi konusunda GDPR gerekliliklerine uyuyoruz. Sunucular\u0131m\u0131zda tutulan t\u00fcm ki\u015fisel verilerin ve bunlar\u0131 m\u00fc\u015fterilerimiz ad\u0131na nas\u0131l i\u015fledi\u011fimizin denetimini ger\u00e7ekle\u015ftirdik. <\/p>\n<p>Sen talep etmedik\u00e7e verileri \u00fc\u00e7\u00fcnc\u00fc taraflara aktarmayaca\u011f\u0131z.<\/p>\n<p>Bize sa\u011flad\u0131\u011f\u0131n bilgiler kendi g\u00fcvenli sunucular\u0131m\u0131zda veya \u00fc\u00e7\u00fcnc\u00fc taraf taraf\u0131ndan i\u015fletilen sunucularda saklan\u0131r (a\u015fa\u011f\u0131daki Tedarik\u00e7iler taraf\u0131ndan veri i\u015fleme b\u00f6l\u00fcm\u00fcne bak).<\/p>\n<p>Sunucu raf\u0131m\u0131z, sitenin 7\/24 kullan\u0131labilir olmas\u0131n\u0131 sa\u011flamak i\u00e7in gerekli fiziksel ortam\u0131 sa\u011flayan \u00f6zel bir tesiste bulunmaktad\u0131r. Tesis, s\u00fcreklili\u011fi sa\u011flamak i\u00e7in \u00f6zel yang\u0131n s\u00f6nd\u00fcrme sistemleri, g\u00fcvenlik \u00f6nlemleri ve yedek g\u00fc\u00e7 kayna\u011f\u0131 sa\u011flar. G\u00fcvenlik, kurumsal d\u00fczeyde \u015feffaf bir g\u00fcvenlik duvar\u0131 taraf\u0131ndan sa\u011flan\u0131r.  <\/p>\n<p>Bizim taraf\u0131m\u0131zdan saklanan veriler, kay\u0131p veya h\u0131rs\u0131zl\u0131k riskini en aza indirecek \u015fekilde y\u00f6netilir.<\/p>\n<p>Tedarik\u00e7iler taraf\u0131ndan veri i\u015fleme<br \/>\n\u0130\u015fletmenin y\u00fcr\u00fct\u00fclmesi ve m\u00fc\u015fterilere hizmet sa\u011flanmas\u0131 i\u00e7in ek destek sa\u011flayan \u00e7e\u015fitli tedarik\u00e7iler kullan\u0131yoruz. E-posta sistemleri, muhasebe ve varl\u0131k depolama, kulland\u0131\u011f\u0131m\u0131z 3. taraf destek platformlar\u0131ndan baz\u0131lar\u0131d\u0131r. Bu tedarik\u00e7ilerin ve gelecekteki tedarik\u00e7ilerin GDPR&#8217;ye uymas\u0131n\u0131 sa\u011flayaca\u011f\u0131z. Veri i\u015flememiz hakk\u0131nda sorular\u0131n\u0131z varsa, daha fazla bilgi i\u00e7in l\u00fctfen bizimle ileti\u015fime ge\u00e7in.  <\/p>\n<p>Telif Hakk\u0131<br \/>\nBu web sitesinde yer alan bilgiler Samiad ltd&#8217;ye aittir ve bu i\u00e7eri\u011fi kendi ticari kullan\u0131m\u0131n i\u00e7in kullanamazs\u0131n.[\/vc_column_text][\/vc_column][\/vc_row]<\/p>\n<\/div>","protected":false},"excerpt":{"rendered":"<p>[vc_row][vc_column][vc_column_text] Gizlilik Politikas\u0131 www.samiad.com, Samiad limited taraf\u0131ndan i\u015fletilen bir web sitesidir. \u0130ngiltere&#8217;de 08718466 \u015firket numaras\u0131 ile kay\u0131tl\u0131y\u0131z. Ticari adresimiz: Samiad Ltd, 403\/4b, JQ Modern, 120 Vyse St, Hockley, Birmingham B18 6NF Bu gizlilik politikas\u0131, Samiad Ltd web sitesini ve kullan\u0131c\u0131lardan bilgi toplama \u015feklimizi kapsar ve GDPR (Genel Veri Koruma Y\u00f6netmeli\u011fi), DPA (Veri Koruma Yasas\u0131) ve&hellip;&nbsp;<a href=\"https:\/\/www.samiad.com\/tr\/gizlilik-politikasi\/\" rel=\"bookmark\">Read More &raquo;<span class=\"screen-reader-text\">Gizlilik Politikas\u0131<\/span><\/a><\/p>\n","protected":false},"author":1,"featured_media":0,"parent":0,"menu_order":0,"comment_status":"closed","ping_status":"closed","template":"","meta":{"_acf_changed":false,"neve_meta_sidebar":"","neve_meta_container":"","neve_meta_enable_content_width":"off","neve_meta_content_width":100,"neve_meta_title_alignment":"","neve_meta_author_avatar":"","neve_post_elements_order":"","neve_meta_disable_header":"","neve_meta_disable_footer":"","neve_meta_disable_title":"","neve_meta_reading_time":"","footnotes":""},"class_list":["post-9364","page","type-page","status-publish","hentry"],"acf":[],"_links":{"self":[{"href":"https:\/\/www.samiad.com\/tr\/wp-json\/wp\/v2\/pages\/9364","targetHints":{"allow":["GET"]}}],"collection":[{"href":"https:\/\/www.samiad.com\/tr\/wp-json\/wp\/v2\/pages"}],"about":[{"href":"https:\/\/www.samiad.com\/tr\/wp-json\/wp\/v2\/types\/page"}],"author":[{"embeddable":true,"href":"https:\/\/www.samiad.com\/tr\/wp-json\/wp\/v2\/users\/1"}],"replies":[{"embeddable":true,"href":"https:\/\/www.samiad.com\/tr\/wp-json\/wp\/v2\/comments?post=9364"}],"version-history":[{"count":0,"href":"https:\/\/www.samiad.com\/tr\/wp-json\/wp\/v2\/pages\/9364\/revisions"}],"wp:attachment":[{"href":"https:\/\/www.samiad.com\/tr\/wp-json\/wp\/v2\/media?parent=9364"}],"curies":[{"name":"wp","href":"https:\/\/api.w.org\/{rel}","templated":true}]}}