{"id":9375,"date":"2025-03-12T15:13:13","date_gmt":"2025-03-12T15:13:13","guid":{"rendered":"https:\/\/www.samiad.com\/programmes\/samiad-signature-programme\/"},"modified":"2026-01-09T12:18:34","modified_gmt":"2026-01-09T12:18:34","slug":"samiad-signature-programme","status":"publish","type":"page","link":"https:\/\/www.samiad.com\/tr\/programlar\/samiad-signature-programme\/","title":{"rendered":"Samiad \u00f6zel program\u0131"},"content":{"rendered":"<div class=\"wpb-content-wrapper\"><p>[vc_row][vc_column]\n\t\t\t<!-- START Signature Programme (hero) REVOLUTION SLIDER 6.6.18 --><p class=\"rs-p-wp-fix\"><\/p>\n\t\t\t<rs-module-wrap id=\"rev_slider_88_1_wrapper\" data-source=\"gallery\" style=\"visibility:hidden;background:transparent;padding:0;margin:0px auto;margin-top:0;margin-bottom:0;\">\n\t\t\t\t<rs-module id=\"rev_slider_88_1\" style=\"\" data-version=\"6.6.18\">\n\t\t\t\t\t<rs-slides style=\"overflow: hidden; position: absolute;\">\n\t\t\t\t\t\t<rs-slide style=\"position: absolute;\" data-key=\"rs-266\" data-title=\"Slide\" data-in=\"o:0;\" data-out=\"a:false;\">\n\t\t\t\t\t\t\t<img decoding=\"async\" src=\"\/\/www.samiad.com\/wp-content\/plugins\/revslider\/public\/assets\/assets\/dummy.png\" alt=\"\" title=\"Eton 8\" width=\"2560\" height=\"1703\" class=\"rev-slidebg tp-rs-img rs-lazyload\" data-lazyload=\"\/\/samiad.com\/wp-content\/uploads\/2025\/03\/Eton-8-scaled.jpg\" data-no-retina>\n<!--\n\t\t\t\t\t\t\t--><h1\n\t\t\t\t\t\t\t\tid=\"slider-88-slide-266-layer-0\" \n\t\t\t\t\t\t\t\tclass=\"rs-layer\"\n\t\t\t\t\t\t\t\tdata-type=\"text\"\n\t\t\t\t\t\t\t\tdata-rsp_ch=\"on\"\n\t\t\t\t\t\t\t\tdata-xy=\"x:c;xo:-443px,-443px,-443px,88px;y:m;yo:301px,301px,301px,183px;\"\n\t\t\t\t\t\t\t\tdata-text=\"w:normal;s:70,70,70,65;l:70,70,70,65;\"\n\t\t\t\t\t\t\t\tdata-dim=\"w:440px,440px,440px,519px;\"\n\t\t\t\t\t\t\t\tdata-frame_0=\"x:0,0,0,0px;y:0,0,0,0px;o:1;\"\n\t\t\t\t\t\t\t\tdata-frame_0_chars=\"d:5;x:0,0,0,0px;y:0,0,0,0px;o:0;rX:-90deg;oZ:-50;\"\n\t\t\t\t\t\t\t\tdata-frame_1=\"x:0,0,0,0px;y:0,0,0,0px;sp:1750;\"\n\t\t\t\t\t\t\t\tdata-frame_1_chars=\"e:power4.inOut;d:10;x:0,0,0,0px;y:0,0,0,0px;oZ:-50;\"\n\t\t\t\t\t\t\t\tdata-frame_999=\"o:0;st:w;sR:150;\"\n\t\t\t\t\t\t\t\tstyle=\"z-index:7;font-family:'Playfair Display';\"\n\t\t\t\t\t\t\t>Samiad<br \/>\nSignature<br \/>\nProgramme \n\t\t\t\t\t\t\t<\/h1><!--\n\n\t\t\t\t\t\t\t--><rs-layer\n\t\t\t\t\t\t\t\tid=\"slider-88-slide-266-layer-1\" \n\t\t\t\t\t\t\t\tdata-type=\"shape\"\n\t\t\t\t\t\t\t\tdata-rsp_ch=\"on\"\n\t\t\t\t\t\t\t\tdata-xy=\"x:c;y:m;\"\n\t\t\t\t\t\t\t\tdata-text=\"w:normal;s:20,20,20,4;l:0,0,0,6;\"\n\t\t\t\t\t\t\t\tdata-dim=\"w:2880px,2880px,2880px,720px;h:1500px,1500px,1500px,727px;\"\n\t\t\t\t\t\t\t\tdata-frame_999=\"o:0;st:w;\"\n\t\t\t\t\t\t\t\tstyle=\"z-index:6;background-color:rgba(0,0,0,0.36);\"\n\t\t\t\t\t\t\t> \n\t\t\t\t\t\t\t<\/rs-layer><!--\n\n\t\t\t\t\t\t\t--><rs-layer\n\t\t\t\t\t\t\t\tid=\"slider-88-slide-266-layer-2\" \n\t\t\t\t\t\t\t\tdata-type=\"text\"\n\t\t\t\t\t\t\t\tdata-rsp_ch=\"on\"\n\t\t\t\t\t\t\t\tdata-xy=\"xo:306px,306px,306px,75px;yo:863px,863px,863px,215px;\"\n\t\t\t\t\t\t\t\tdata-text=\"w:normal;s:20,20,20,4;l:25,25,25,6;fw:300;\"\n\t\t\t\t\t\t\t\tdata-frame_999=\"o:0;st:w;\"\n\t\t\t\t\t\t\t\tstyle=\"z-index:9;font-family:'Poppins';font-style:italic;\"\n\t\t\t\t\t\t\t> \n\t\t\t\t\t\t\t<\/rs-layer><!--\n\n\t\t\t\t\t\t\t--><rs-layer\n\t\t\t\t\t\t\t\tid=\"slider-88-slide-266-layer-3\" \n\t\t\t\t\t\t\t\tdata-type=\"shape\"\n\t\t\t\t\t\t\t\tdata-rsp_ch=\"on\"\n\t\t\t\t\t\t\t\tdata-xy=\"xo:251px,251px,251px,38px;yo:677px,677px,677px,480px;\"\n\t\t\t\t\t\t\t\tdata-text=\"w:normal;s:20,20,20,4;l:0,0,0,6;\"\n\t\t\t\t\t\t\t\tdata-dim=\"w:1px;h:245px,245px,245px,133px;\"\n\t\t\t\t\t\t\t\tdata-frame_0=\"y:-50,-50,-50,-11;\"\n\t\t\t\t\t\t\t\tdata-frame_1=\"sp:1000;\"\n\t\t\t\t\t\t\t\tdata-frame_999=\"o:0;st:w;sR:4000;\"\n\t\t\t\t\t\t\t\tstyle=\"z-index:8;background-color:#ffffff;\"\n\t\t\t\t\t\t\t> \n\t\t\t\t\t\t\t<\/rs-layer><!--\n-->\t\t\t\t\t\t<\/rs-slide>\n\t\t\t\t\t<\/rs-slides>\n\t\t\t\t<\/rs-module>\n\t\t\t\t<script>\n\t\t\t\t\tsetREVStartSize({c: 'rev_slider_88_1',rl:[1240,1240,1240,480],el:[1000,1000,1000,720],gw:[1920,1920,1920,480],gh:[1000,1000,1000,720],type:'standard',justify:'',layout:'fullwidth',mh:\"0\"});if (window.RS_MODULES!==undefined && window.RS_MODULES.modules!==undefined && window.RS_MODULES.modules[\"revslider881\"]!==undefined) {window.RS_MODULES.modules[\"revslider881\"].once = false;window.revapi88 = undefined;if (window.RS_MODULES.checkMinimal!==undefined) window.RS_MODULES.checkMinimal()}\n\t\t\t\t<\/script>\n\t\t\t<\/rs-module-wrap>\n\t\t\t<!-- END REVOLUTION SLIDER -->\n[\/vc_column][\/vc_row][vc_row gap=&#8221;35&#8243; css=&#8221;.vc_custom_1677503075899{padding-top: 50px !important;}&#8221; el_id=&#8221;\u00e7ok aktiviteli&#8221;][vc_column width=&#8221;1\/2&#8243;][vc_column_text]<\/p>\n<h2>Konum<\/h2>\n<ul>\n<li>Eton Koleji<\/li>\n<\/ul>\n<h2>Tarihler<\/h2>\n<ul>\n<li>1 &#8211; 15 Temmuz 2025<\/li>\n<\/ul>\n<h2>Ya\u015flar<\/h2>\n<ul>\n<li>12 &#8211; 17 ya\u015f<\/li>\n<\/ul>\n<p>[\/vc_column_text][\/vc_column][vc_column width=&#8221;1\/2&#8243;][vc_column_text]<\/p>\n<h2 class=\"secondary-h1\">Samiad \u00f6zel program\u0131<\/h2>\n<h2>Genel Bak\u0131\u015f<\/h2>\n<p>Prestijli Eton College&#8217;da d\u00fczenlenen yepyeni ve \u00f6zel Samiad \u00d6zel Program\u0131m\u0131z\u0131 sunuyoruz.<\/p>\n<p>H\u0131rsl\u0131 gen\u00e7 \u00f6\u011frenciler i\u00e7in tasarlanan Samiad \u00d6zel program\u0131, se\u00e7kin aktiviteleri, ilham verici gezileri ve \u0130ngilizce dil \u00f6\u011frenimini bir araya getiriyor. \u00d6\u011frenciler, spor, yarat\u0131c\u0131 sanatlar, a\u00e7\u0131k hava aktiviteleri ve k\u00fclt\u00fcrel deneyimleri i\u00e7eren \u00f6zenle haz\u0131rlanm\u0131\u015f bir program sayesinde \u00f6zg\u00fcven, liderlik ve tak\u0131m \u00e7al\u0131\u015fmas\u0131 becerilerini geli\u015ftirecekler. <\/p>\n<p>Harry Potter St\u00fcdyolar\u0131 ve West End G\u00f6sterisi ziyaretlerinin yan\u0131 s\u0131ra Oxford \u015fehri ve Windsor Kalesi&#8217;ni ziyaret ederek klasik \u0130ngiliz deneyimlerini i\u00e7erir.<\/p>\n<p>M\u00fckemmelli\u011fe odaklanan bu benzersiz program, \u00f6\u011frencilerin \u00f6m\u00fcr boyu s\u00fcrecek arkada\u015fl\u0131klar kurdu\u011fu, potansiyellerini ortaya \u00e7\u0131kard\u0131\u011f\u0131 ve Avrupa&#8217;n\u0131n en \u00e7ok tercih edilen yat\u0131l\u0131 okul konumunda unutulmaz an\u0131lar yaratt\u0131\u011f\u0131, hayatta bir kez ya\u015fanacak bir yaz deneyimi sunuyor.<\/p>\n<h2>\u00d6ne \u00c7\u0131kanlar<\/h2>\n<p>[\/vc_column_text][vc_row_inner][vc_column_inner width=&#8221;1\/2&#8243;][vc_column_text]<\/p>\n<ul>\n<li>Yat\u0131l\u0131 konaklama<\/li>\n<li>Tam pansiyon<\/li>\n<li>Haftada 15 saat \u0130ngilizce dersi<\/li>\n<li>Tam aktivite program\u0131<\/li>\n<\/ul>\n<p>[\/vc_column_text][\/vc_column_inner][vc_column_inner width=&#8221;1\/2&#8243;][vc_column_text]<\/p>\n<ul>\n<li>24 Saat g\u00f6zetim<\/li>\n<li>Haftada 3 gezi<\/li>\n<li>1:6 Personel \u00f6\u011frenci oran\u0131<\/li>\n<li>Ortalama 15 ki\u015filik s\u0131n\u0131f mevcudu<\/li>\n<\/ul>\n<p>[\/vc_column_text][\/vc_column_inner][\/vc_row_inner][\/vc_column][\/vc_row][vc_row css=&#8221;.vc_custom_1677508408073{padding-top: 50px !important;padding-bottom: 50px !important;}&#8221;][vc_column][vc_btn title=&#8221;\u015eimdi bilgi al&#8221; style=&#8221;custom&#8221; custom_background=&#8221;#ad986e&#8221; custom_text=&#8221;#ffffff&#8221; shape=&#8221;square&#8221; align=&#8221;center&#8221; el_id=&#8221;button-main&#8221; link=&#8221;url:https%3A%2F%2Fwww.samiad.com%2Ftr%2Fsimdi-bilgi-al%2F|title:%C5%9Eimdi%20bilgi%20al|&#8221;][\/vc_column][\/vc_row][vc_row gap=&#8221;35&#8243; css=&#8221;.vc_custom_1677503087496{border-bottom-width: 50px !important;padding-top: 50px !important;}&#8221; el_id=&#8221;blok-alan&#8221;][vc_column width=&#8221;1\/2&#8243;][vc_column_text css=&#8221;.vc_custom_1743166865141{padding-top: 30px !important;padding-right: 30px !important;padding-bottom: 30px !important;padding-left: 30px !important;background-color: #ffffff !important;}&#8221; el_class=&#8221;white-box&#8221;]<\/p>\n<h2>M\u00fckemmel bir denge!<\/h2>\n<p>\u00d6\u011frencilerimiz s\u0131n\u0131f, spor sahalar\u0131 ve sosyal alanlarda d\u00fcnyan\u0131n d\u00f6rt bir yan\u0131ndan yeni arkada\u015flar edinecekler. \u00d6\u011frenciler, ya\u015f ve seviyelerine g\u00f6re yerle\u015ftirilir ve \u00f6zenle se\u00e7ilmi\u015f uluslararas\u0131 \u00f6\u011frenci kar\u0131\u015f\u0131m\u0131yla, ilham verici bir ortamda \u00f6m\u00fcr boyu s\u00fcrecek arkada\u015fl\u0131klar kuracaklar. <\/p>\n<p>Program, Kraliyet Ailesi&#8217;nin bir\u00e7ok \u00fcyesi, Nobel \u00f6d\u00fcll\u00fc bilim insanlar\u0131 ve Ba\u015fbakanlar gibi Eton College&#8217;\u0131n sayg\u0131n koridorlar\u0131nda e\u011fitim g\u00f6rm\u00fc\u015f ki\u015filerin izinden gitme f\u0131rsat\u0131 sunuyor.[\/vc_column_text][vc_single_image image=&#8221;3763&#8243; img_size=&#8221;full&#8221; el_id=&#8221;white-box-image&#8221;][\/vc_column][vc_column width=&#8221;1\/2&#8243;][vc_single_image image=&#8221;3764&#8243; img_size=&#8221;full&#8221; alignment=&#8221;right&#8221; el_id=&#8221;white-box-image-right&#8221;][vc_column_text css=&#8221;.vc_custom_1741790093252{padding-top: 30px !important;padding-right: 30px !important;padding-bottom: 30px !important;padding-left: 30px !important;background-color: #ffffff !important;}&#8221; el_class=&#8221;white-box-right&#8221;]<\/p>\n<h2>\u0130ngilizce dersleri<\/h2>\n<p><span style=\"font-weight: 400;\">Anadili \u0130ngilizce olan uzman e\u011fitmenler taraf\u0131ndan verilen her ders, interaktif projeler arac\u0131l\u0131\u011f\u0131yla ak\u0131c\u0131l\u0131\u011f\u0131 art\u0131rmak \u00fczere tasarlanm\u0131\u015ft\u0131r.<\/span><\/p>\n<h2>T\u00fcm ya\u015flar i\u00e7in<\/h2>\n<p><span style=\"font-weight: 400;\">12-17 ya\u015f aras\u0131 \u00f6\u011frenciler i\u00e7in tasarlanan program, akran \u00f6\u011frenimini, k\u00fclt\u00fcrel al\u0131\u015fveri\u015fi ve inan\u0131lmaz \u00f6m\u00fcr boyu an\u0131lar yaratacak payla\u015f\u0131lan deneyimleri te\u015fvik eden farkl\u0131 ya\u015f gruplar\u0131n\u0131 bir araya getiriyor.<\/span>[\/vc_column_text][\/vc_column][\/vc_row][vc_row full_width=&#8221;stretch_row&#8221; css=&#8221;.vc_custom_1677509492784{padding-top: 100px !important;padding-bottom: 100px !important;background-color: #e6e1d6 !important;}&#8221;][vc_column][vc_row_inner content_placement=&#8221;middle&#8221; gap=&#8221;35&#8243;][vc_column_inner width=&#8221;1\/2&#8243;][vc_single_image image=&#8221;3767&#8243; img_size=&#8221;full&#8221; alignment=&#8221;center&#8221; css_animation=&#8221;slideInLeft&#8221;][\/vc_column_inner][vc_column_inner width=&#8221;1\/2&#8243;][vc_column_text]<\/p>\n<h2>G\u00d6R\u00dcLMES\u0130 GEREKEN YERLER\u0130 G\u00d6R<\/h2>\n<p><span style=\"font-weight: 400;\">Samiad, programlar\u0131m\u0131z\u0131n bir par\u00e7as\u0131 olarak sundu\u011fumuz \u00f6zel gezilerle en \u00e7ok tan\u0131n\u0131r. Gezileri tarih, k\u00fclt\u00fcr ve e\u011flencenin bir kar\u0131\u015f\u0131m\u0131n\u0131 sunacak \u015fekilde \u00f6zenle se\u00e7tik.  Oxford&#8217;da tekne turuna \u00e7\u0131k, Londra&#8217;n\u0131n en \u00fcnl\u00fc simgelerini ke\u015ffet ve Harry Potter World&#8217;\u00fcn b\u00fcy\u00fcleyici atmosferinin tad\u0131n\u0131 \u00e7\u0131kar.<\/span><\/p>\n<p><span style=\"font-weight: 400;\">Bu program i\u00e7in sadece 80 kontenjan var, bu y\u00fczden hemen bizimle ileti\u015fime ge\u00e7 ve yerini ay\u0131rt!<\/span>[\/vc_column_text][\/vc_column_inner][\/vc_row_inner][\/vc_column][\/vc_row][vc_row full_width=&#8221;stretch_row&#8221; gap=&#8221;35&#8243; css=&#8221;.vc_custom_1678269198217{padding-top: 50px !important;padding-bottom: 50px !important;background-color: #ebebeb !important;}&#8221;][vc_column el_id=&#8221;no-padding&#8221;][vc_column_text css=&#8221;.vc_custom_1678269135934{padding-top: 30px !important;padding-bottom: 30px !important;}&#8221;]<\/p>\n<h2 style=\"text-align: center;\">Konumlar<\/h2>\n<p>[\/vc_column_text][vc_row_inner gap=&#8221;35&#8243;][vc_column_inner width=&#8221;1\/4&#8243; css=&#8221;.vc_custom_1727698382721{background-color: #ebebeb !important;}&#8221;][\/vc_column_inner][vc_column_inner width=&#8221;1\/2&#8243; css=&#8221;.vc_custom_1727698436307{background-color: #ffffff !important;}&#8221;][vc_single_image image=&#8221;3761&#8243; img_size=&#8221;900&#215;600&#8243; alignment=&#8221;center&#8221;][vc_column_text css=&#8221;.vc_custom_1742906130553{padding-top: 20px !important;padding-right: 20px !important;padding-bottom: 20px !important;padding-left: 20px !important;}&#8221;]<\/p>\n<p style=\"text-align: center;\">WINDSOR<\/p>\n<h2 style=\"text-align: center;\">ETON COLLEGE<\/h2>\n<p style=\"text-align: center;\">1 Temmuz Sal\u0131 &#8211; 15 Temmuz Sal\u0131<\/p>\n<p style=\"text-align: center;\"><strong>14 gece i\u00e7in 4.600\u00a3<\/strong><\/p>\n<p style=\"text-align: center;\"><a href=\"https:\/\/samiad.com\/enquire-now\/\" target=\"_blank\" rel=\"noopener\">\u015eimdi bilgi al<\/a><\/p>\n<p style=\"text-align: center;\"><a href=\"https:\/\/samiad.com\/eton-college\/\" target=\"_blank\" rel=\"noopener\">Daha fazlas\u0131n\u0131 ke\u015ffet<\/a><\/p>\n<p>[\/vc_column_text][\/vc_column_inner][vc_column_inner width=&#8221;1\/4&#8243; css=&#8221;.vc_custom_1727698397976{background-color: #ebebeb !important;}&#8221;][\/vc_column_inner][\/vc_row_inner][\/vc_column][\/vc_row]<\/p>\n<\/div>","protected":false},"excerpt":{"rendered":"<p>M\u00fckemmelli\u011fe odaklanan bu benzersiz program, Avrupa&#8217;n\u0131n en \u00e7ok tercih edilen yat\u0131l\u0131 okul konumunda hayatta bir kez ya\u015fanacak bir yaz deneyimi sunuyor.<\/p>\n","protected":false},"author":4,"featured_media":7090,"parent":9242,"menu_order":0,"comment_status":"closed","ping_status":"closed","template":"","meta":{"_acf_changed":false,"neve_meta_sidebar":"","neve_meta_container":"","neve_meta_enable_content_width":"off","neve_meta_content_width":100,"neve_meta_title_alignment":"","neve_meta_author_avatar":"","neve_post_elements_order":"","neve_meta_disable_header":"","neve_meta_disable_footer":"","neve_meta_disable_title":"","neve_meta_reading_time":"","footnotes":""},"class_list":["post-9375","page","type-page","status-publish","has-post-thumbnail","hentry"],"acf":[],"_links":{"self":[{"href":"https:\/\/www.samiad.com\/tr\/wp-json\/wp\/v2\/pages\/9375","targetHints":{"allow":["GET"]}}],"collection":[{"href":"https:\/\/www.samiad.com\/tr\/wp-json\/wp\/v2\/pages"}],"about":[{"href":"https:\/\/www.samiad.com\/tr\/wp-json\/wp\/v2\/types\/page"}],"author":[{"embeddable":true,"href":"https:\/\/www.samiad.com\/tr\/wp-json\/wp\/v2\/users\/4"}],"replies":[{"embeddable":true,"href":"https:\/\/www.samiad.com\/tr\/wp-json\/wp\/v2\/comments?post=9375"}],"version-history":[{"count":0,"href":"https:\/\/www.samiad.com\/tr\/wp-json\/wp\/v2\/pages\/9375\/revisions"}],"up":[{"embeddable":true,"href":"https:\/\/www.samiad.com\/tr\/wp-json\/wp\/v2\/pages\/9242"}],"wp:featuredmedia":[{"embeddable":true,"href":"https:\/\/www.samiad.com\/tr\/wp-json\/wp\/v2\/media\/7090"}],"wp:attachment":[{"href":"https:\/\/www.samiad.com\/tr\/wp-json\/wp\/v2\/media?parent=9375"}],"curies":[{"name":"wp","href":"https:\/\/api.w.org\/{rel}","templated":true}]}}